{"id":6238,"date":"2025-06-21T13:56:01","date_gmt":"2025-06-21T10:56:01","guid":{"rendered":"https:\/\/klasikdusunceokulu.com\/?page_id=6238"},"modified":"2025-06-21T13:56:41","modified_gmt":"2025-06-21T10:56:41","slug":"mehmet-akif-kayapinar-ibn-haldun-mukaddime-14-seminer-ozeti","status":"publish","type":"page","link":"https:\/\/klasikdusunceokulu.com\/index.php\/mehmet-akif-kayapinar-ibn-haldun-mukaddime-14-seminer-ozeti\/","title":{"rendered":"MEHMET AK\u0130F KAYAPINAR: \u0130BN HALDUN, MUKADD\u0130ME 14. SEM\u0130NER \u00d6ZET\u0130"},"content":{"rendered":"<p><span style=\"color: #000000;\"><strong>MEHMET AK\u0130F KAYAPINAR: \u0130BN HALDUN, MUKADD\u0130ME 14. SEM\u0130NER \u00d6ZET\u0130<\/strong><\/span><\/p>\n<p><strong>Dersin Amac\u0131 ve \u0130\u00e7eri\u011fi<\/strong><\/p>\n<p>Bu seminer, \u0130bn Haldun\u2019un toplumsal-siyasal teorisinin merkezini olu\u015fturan ikinci kitab\u0131n devam\u0131na odaklan\u0131r. Mehmet Akif Kayap\u0131nar, bedavet, hadaret ve \u00f6zellikle asabiyet kavramlar\u0131n\u0131n nas\u0131l yeniden tan\u0131mland\u0131\u011f\u0131n\u0131, i\u015flevsel olarak nas\u0131l d\u00f6n\u00fc\u015ft\u00fc\u011f\u00fcn\u00fc ve \u0130bn Haldun\u2019un bu kavramlar \u00fczerinden nas\u0131l bir sosyolojik model kurdu\u011funu analiz eder. Kavramsal geni\u015fleme ve \u00e7ok katmanl\u0131 tan\u0131m y\u00f6ntemi merkeze al\u0131n\u0131r.<\/p>\n<p><strong>Ana Temalar<\/strong><\/p>\n<ol>\n<li><strong>Bedavet ve Hadaretin \u0130\u015flevsel Yeniden Tan\u0131m\u0131<\/strong><\/li>\n<\/ol>\n<p>\u0130bn Haldun, bedavet ve hadareti ba\u015flang\u0131\u00e7ta yerle\u015fiklik ve g\u00f6\u00e7ebelik temelinde tan\u0131mlar. Ancak ilerleyen sayfalarda bu kavramlar, siyasi merkezle kurulan ili\u015fki ve devlet gelirine eri\u015fim gibi politik-ekonomik \u00f6l\u00e7\u00fctlerle yeniden \u015fekillendirilir. B\u00f6ylece bedavet co\u011frafi de\u011fil, yap\u0131sal bir durum h\u00e2line gelir.<\/p>\n<ol start=\"2\">\n<li><strong>\u0130bn Haldun\u2019un Kavramsalla\u015ft\u0131rma Y\u00f6ntemi<\/strong><\/li>\n<\/ol>\n<p>\u0130bn Haldun kavramlar\u0131 \u00f6nce klasik anlamlar\u0131yla tan\u0131mlar, ard\u0131ndan onlar\u0131 sistemin ihtiya\u00e7lar\u0131na g\u00f6re geni\u015fletir. Umran, asabiyet, bedavet ve hadaret gibi terimler bu \u00e7ok katmanl\u0131 kullan\u0131mlar\u0131 sayesinde hem esnek hem de g\u00fc\u00e7l\u00fc bir modelin par\u00e7as\u0131 h\u00e2line gelir.<\/p>\n<ol start=\"3\">\n<li><strong>Bedev\u00eelerin Psikolojik ve Ahlaki \u00d6zellikleri<\/strong><\/li>\n<\/ol>\n<p>Bedev\u00eelerin zorlu ya\u015fam ko\u015fullar\u0131, onlara cesaret, dayan\u0131kl\u0131l\u0131k ve sadelik kazand\u0131r\u0131r. Merkezi otoriteden uzak ya\u015fad\u0131klar\u0131 i\u00e7in ba\u011f\u0131ms\u0131zl\u0131klar\u0131n\u0131 korurlar. Bu y\u00f6nleriyle ahlaki a\u00e7\u0131dan daha sa\u011flam, toplumsal sorumluluk a\u00e7\u0131s\u0131ndan daha bilin\u00e7li bireyler yeti\u015ftirirler.<\/p>\n<ol start=\"4\">\n<li><strong>Toplumsal Karakter ve Do\u011fa-E\u011fitim \u0130li\u015fkisi<\/strong><\/li>\n<\/ol>\n<p>\u0130bn Haldun\u2019a g\u00f6re insan\u0131n do\u011fas\u0131 iki katmanl\u0131d\u0131r: f\u0131trat (yarat\u0131l\u0131\u015f) ve ikinci tabiat (al\u0131\u015fkanl\u0131klarla \u015fekillenen karakter). Bireylerin ahlaki ve psikolojik nitelikleri i\u00e7inde ya\u015fad\u0131klar\u0131 toplumun al\u0131\u015fkanl\u0131klar\u0131na g\u00f6re \u015fekillenir. E\u011fitim ve y\u00f6netim bi\u00e7imi bu d\u00f6n\u00fc\u015f\u00fcmde belirleyici olur.<\/p>\n<ol start=\"5\">\n<li><strong>\u00d6zg\u00fcrl\u00fck ve Disiplin Aras\u0131ndaki Denge<\/strong><\/li>\n<\/ol>\n<p>Bedev\u00eeler siyasi denetimden uzak ya\u015fad\u0131klar\u0131 i\u00e7in daha \u00f6zg\u00fcr ve cesur bireylerdir. Hadar\u00eeler ise bask\u0131 alt\u0131nda ya\u015fad\u0131klar\u0131 i\u00e7in edilgen, zay\u0131f ve itaate meyilli bir karakter geli\u015ftirirler. Bu, toplumun siyasal yap\u0131s\u0131 ile birey psikolojisi aras\u0131ndaki ili\u015fkiyi g\u00f6zler \u00f6n\u00fcne serer.<\/p>\n<ol start=\"6\">\n<li><strong>Din\u00ee Disiplin ve \u0130\u00e7sel Ahlak<\/strong><\/li>\n<\/ol>\n<p>\u0130lk M\u00fcsl\u00fcmanlar (ashab), yasaya de\u011fil imana dayal\u0131 olarak ahlaki disiplin geli\u015ftirmi\u015ftir. Siyasi y\u00f6netim yerine dinin i\u00e7selle\u015ftirilmi\u015f kurallar\u0131 bireyleri e\u011fitir. Ancak ilerleyen d\u00f6nemlerde bu i\u00e7 disiplin kaybolmu\u015f ve d\u0131\u015f bask\u0131 (siyas\u00ee-hukuk\u00ee) \u00f6n plana \u00e7\u0131km\u0131\u015ft\u0131r.<\/p>\n<ol start=\"7\">\n<li><strong>Asabiyetin Tan\u0131m\u0131 ve Toplumsal \u0130\u015flevi<\/strong><\/li>\n<\/ol>\n<p>Seminerin sonunda asabiyet kavram\u0131 tan\u0131t\u0131l\u0131r. Asabiyet, sadece kan ba\u011f\u0131na de\u011fil; h\u0131lf (ittifak), vel\u00e2 (k\u00f6le azatl\u0131l\u0131\u011f\u0131) gibi ba\u011fl\u0131l\u0131k bi\u00e7imlerine de dayanabilir. As\u0131l olan, ortak bir aidiyet duygusu ve dayan\u0131\u015fma zemininin olu\u015fmas\u0131d\u0131r. Bu yap\u0131 devletin kurulmas\u0131nda, savunulmas\u0131nda ve s\u00fcreklili\u011finde temel unsurdur.<\/p>\n<p><strong>Sonu\u00e7<\/strong><\/p>\n<p>Bu seminer, \u0130bn Haldun\u2019un asabiyet kavram\u0131n\u0131 merkeze alarak toplumun siyasal ve ahlaki yap\u0131s\u0131n\u0131 nas\u0131l kurdu\u011funu ortaya koyar. Kavramlar\u0131n zamanla d\u00f6n\u00fc\u015fen tan\u0131mlar\u0131 \u00fczerinden in\u015fa edilen bu model, hem tarihsel hem de kuramsal a\u00e7\u0131dan evrensel bir analiz g\u00fcc\u00fcne sahiptir. Bedavet\u2013hadaret ikili\u011fi ve asabiyet ekseninde kurulan yap\u0131, toplumsal y\u00fckseli\u015f ve \u00e7\u00f6k\u00fc\u015f\u00fcn anahtar\u0131 olarak de\u011ferlendirilir.<\/p>\n<p>&nbsp;<\/p>\n<p>&nbsp;<\/p>\n<p><strong>Purpose and Content of the Seminar<\/strong><\/p>\n<p>This seminar delves into the core of Ibn Khald\u016bn\u2019s sociopolitical theory by continuing the reading of the second book of the Muqaddima. Mehmet Akif Kayap\u0131nar explains how Ibn Khald\u016bn refines and functionally redefines the key concepts of bad\u0101wah (Bedouinism), \u1e25a\u1e0d\u0101rah (urbanism), and most significantly, \u02bfa\u1e63abiyya (group solidarity). The seminar explores Ibn Khald\u016bn\u2019s methodology of conceptual expansion and the dynamic sociological structure upon which his model is built.<\/p>\n<p><strong>Key Themes<\/strong><\/p>\n<ol>\n<li><strong>Functional Redefinition of Bedouinism and Urbanism<\/strong><\/li>\n<\/ol>\n<p>Ibn Khald\u016bn initially defines Bedouins and urban dwellers by settlement status. Later, he redefines these terms based on proximity to the political center and access to state resources. Thus, Bedouinism becomes a political-economic condition rather than purely geographic or tribal.<\/p>\n<ol start=\"2\">\n<li><strong>The Conceptual Method of Ibn Khald\u016bn<\/strong><\/li>\n<\/ol>\n<p>Kayap\u0131nar emphasizes that Ibn Khald\u016bn begins with conventional meanings but expands concepts pragmatically to serve his systemic model. This leads to multilayered definitions for terms like \u02bfumr\u0101n, bad\u0101wah, \u1e25a\u1e0d\u0101rah, and \u02bfa\u1e63abiyya, making interpretation more complex but also adaptable and robust.<\/p>\n<ol start=\"3\">\n<li><strong>Psychological and Ethical Traits of Bedouins<\/strong><\/li>\n<\/ol>\n<p>Ibn Khald\u016bn argues that Bedouins are closer to goodness and bravery due to their harsh living conditions. Their lifestyle demands self-reliance and vigilance, fostering psychological resilience and moral strength in contrast to urbanites, whose dependency on centralized governance weakens their fortitude.<\/p>\n<ol start=\"4\">\n<li><strong>Social Conditioning and Human Nature<\/strong><\/li>\n<\/ol>\n<p>The seminar discusses Ibn Khald\u016bn\u2019s dual notion of human nature: fi\u1e6drah (innate disposition) and acquired character shaped by social conditions. While all humans are born with moral tendencies, the second nature\u2014formed through habits and environment\u2014ultimately dominates behavior.<\/p>\n<ol start=\"5\">\n<li><strong>Freedom vs. Regulation in Character Formation<\/strong><\/li>\n<\/ol>\n<p>Bedouins, living without oppressive governance, develop courage and autonomy. In contrast, urban dwellers are subdued by law and social pressure, leading to diminished resilience and a tendency toward dependency. Educational and political systems can enforce this, especially under authoritarian control.<\/p>\n<ol start=\"6\">\n<li><strong>The Role of Religion and Internal Discipline<\/strong><\/li>\n<\/ol>\n<p>The seminar contrasts the coercive nature of political law with the internalized discipline of religious law. Early Muslims (the \u1e63a\u1e25\u0101ba) obeyed divine commands out of belief, not fear, preserving their inner strength\u2014unlike later generations subjected to external legal imposition.<\/p>\n<ol start=\"7\">\n<li><strong>Definition and Sociological Role of <\/strong><strong>\u02bf<\/strong><strong>A\u1e63abiyya<\/strong><\/li>\n<\/ol>\n<p>Finally, the seminar introduces \u02bfa\u1e63abiyya as the linchpin of collective action, essential for defense, state formation, and social cohesion. While rooted in kinship (nasab), Ibn Khald\u016bn extends the concept to include loyalty arising from alliances (\u1e25ilf) and manumission ties (wal\u0101\u02be), focusing on unity and solidarity rather than mere blood relations.<\/p>\n<p><strong>Conclusion<\/strong><\/p>\n<p>This seminar presents \u02bfa\u1e63abiyya as the foundational sociopolitical concept in Ibn Khald\u016bn\u2019s theory of civilization. By redefining key terms and highlighting the psychological, ethical, and structural consequences of social organization, Ibn Khald\u016bn constructs a dynamic and universal model of historical development. His nuanced approach to human nature and collective identity anticipates many modern sociological theories.<\/p>\n<p>&nbsp;<\/p>\n","protected":false},"excerpt":{"rendered":"<p>MEHMET AK\u0130F KAYAPINAR: \u0130BN HALDUN, MUKADD\u0130ME 14. SEM\u0130NER \u00d6ZET\u0130 Dersin [&hellip;]<\/p>\n","protected":false},"author":1,"featured_media":0,"parent":0,"menu_order":0,"comment_status":"closed","ping_status":"closed","template":"","meta":{"footnotes":""},"class_list":["post-6238","page","type-page","status-publish","hentry"],"jetpack_sharing_enabled":true,"_links":{"self":[{"href":"https:\/\/klasikdusunceokulu.com\/index.php\/wp-json\/wp\/v2\/pages\/6238","targetHints":{"allow":["GET"]}}],"collection":[{"href":"https:\/\/klasikdusunceokulu.com\/index.php\/wp-json\/wp\/v2\/pages"}],"about":[{"href":"https:\/\/klasikdusunceokulu.com\/index.php\/wp-json\/wp\/v2\/types\/page"}],"author":[{"embeddable":true,"href":"https:\/\/klasikdusunceokulu.com\/index.php\/wp-json\/wp\/v2\/users\/1"}],"replies":[{"embeddable":true,"href":"https:\/\/klasikdusunceokulu.com\/index.php\/wp-json\/wp\/v2\/comments?post=6238"}],"version-history":[{"count":1,"href":"https:\/\/klasikdusunceokulu.com\/index.php\/wp-json\/wp\/v2\/pages\/6238\/revisions"}],"predecessor-version":[{"id":6239,"href":"https:\/\/klasikdusunceokulu.com\/index.php\/wp-json\/wp\/v2\/pages\/6238\/revisions\/6239"}],"wp:attachment":[{"href":"https:\/\/klasikdusunceokulu.com\/index.php\/wp-json\/wp\/v2\/media?parent=6238"}],"curies":[{"name":"wp","href":"https:\/\/api.w.org\/{rel}","templated":true}]}}