{"id":6254,"date":"2025-06-21T14:11:51","date_gmt":"2025-06-21T11:11:51","guid":{"rendered":"https:\/\/klasikdusunceokulu.com\/?page_id=6254"},"modified":"2025-06-21T14:11:51","modified_gmt":"2025-06-21T11:11:51","slug":"mehmet-akif-kayapinar-ibn-haldun-mukaddime-22-seminer-ozeti","status":"publish","type":"page","link":"https:\/\/klasikdusunceokulu.com\/index.php\/mehmet-akif-kayapinar-ibn-haldun-mukaddime-22-seminer-ozeti\/","title":{"rendered":"MEHMET AK\u0130F KAYAPINAR: \u0130BN HALDUN, MUKADD\u0130ME 22. SEM\u0130NER \u00d6ZET\u0130"},"content":{"rendered":"<p><span style=\"color: #000000;\"><strong>MEHMET AK\u0130F KAYAPINAR: \u0130BN HALDUN, MUKADD\u0130ME 22. SEM\u0130NER \u00d6ZET\u0130<\/strong><\/span><\/p>\n<p><span style=\"color: #000000;\"><strong>Dersin Amac\u0131 ve \u0130\u00e7eri\u011fi<\/strong><\/span><\/p>\n<p><span style=\"color: #000000;\">Bu seminer, \u0130bn Haldun\u2019un devletin tabii d\u00f6n\u00fc\u015f\u00fcm s\u00fcreci \u00fczerine geli\u015ftirdi\u011fi \u201ctav\u0131rlar nazariyesi\u201dni detayland\u0131rarak devletlerin i\u00e7sel evrimi, ahlaki de\u011fi\u015fimi ve sosyal d\u00f6n\u00fc\u015f\u00fcm\u00fc \u00fczerine \u00f6zg\u00fcn bir analiz sunar. Kayap\u0131nar, bedev\u00eelikten hadarili\u011fe ge\u00e7i\u015f, refah\u0131n sanat\u0131 ve ahl\u00e2k\u0131 d\u00f6n\u00fc\u015ft\u00fcr\u00fcc\u00fc etkisi ile devletin kurulu\u015f, zirve ve \u00e7\u00f6k\u00fc\u015f a\u015famalar\u0131n\u0131 \u00f6rneklerle tart\u0131\u015f\u0131r. \u0130bn Haldun\u2019un siyaset d\u00fc\u015f\u00fcncesi, Thomas Hobbes\u2019un mekanik devlet anlay\u0131\u015f\u0131yla kar\u015f\u0131la\u015ft\u0131r\u0131larak, tarihsel s\u00fcreklilik ve be\u015f tav\u0131rl\u0131 model ba\u011flam\u0131nda de\u011ferlendirilir.<\/span><\/p>\n<p><span style=\"color: #000000;\"><strong>Ana Temalar<\/strong><\/span><\/p>\n<ol>\n<li><span style=\"color: #000000;\"><strong>Teell\u00fch: G\u00fcc\u00fcn \u0130lahla\u015ft\u0131r\u0131lmas\u0131<\/strong><\/span><\/li>\n<\/ol>\n<p><span style=\"color: #000000;\">\u0130bn Haldun, iktidar\u0131n merkezile\u015fmesiyle ortaya \u00e7\u0131kan \u201cteell\u00fch\u201d\u00fc, insan tabiat\u0131n\u0131n evrensel bir y\u00f6nelimi olarak a\u00e7\u0131klar. Bu durum, bireyin kendini ilah\u00ee iradenin yerine koymas\u0131, yani iktidar sarho\u015flu\u011fuyla s\u0131n\u0131r tan\u0131mamas\u0131 anlam\u0131na gelir. Kavram, siyasi yozla\u015fman\u0131n psikolojik k\u00f6kenine i\u015faret eder.<\/span><\/p>\n<ol start=\"2\">\n<li><span style=\"color: #000000;\"><strong>Devletin Tabii \u00d6mr\u00fc: \u00dc\u00e7 Nesil \u2013 Be\u015f Tav\u0131r<\/strong><\/span><\/li>\n<\/ol>\n<p><span style=\"color: #000000;\">\u0130bn Haldun\u2019a g\u00f6re devletin \u00f6mr\u00fc \u00fc\u00e7 nesildir (yakla\u015f\u0131k 120 y\u0131l) ve bu \u00f6m\u00fcr be\u015f a\u015famada (tav\u0131rda) a\u00e7\u0131\u011fa \u00e7\u0131kar: (1) Asabiyetle kurulan zafer d\u00f6nemi, (2) iktidar\u0131n tek elde toplanmas\u0131 (istibdat), (3) refah ve rahatl\u0131k d\u00f6nemi, (4) muhafazak\u00e2r taklit\u00e7ilik ve (5) israf, zay\u0131flama ve \u00e7\u00f6k\u00fc\u015f. Bu model, devletin i\u00e7sel bir organizma gibi evrildi\u011fini ileri s\u00fcrer.<\/span><\/p>\n<ol start=\"3\">\n<li><span style=\"color: #000000;\"><strong>Bedev\u00eelikten Hadar\u00eeli\u011fe Ge\u00e7i\u015f ve Refah\u0131n Etkisi<\/strong><\/span><\/li>\n<\/ol>\n<p><span style=\"color: #000000;\">Devletin ilk evresi sade, dayan\u0131\u015fmac\u0131 ve g\u00fc\u00e7l\u00fc ahlaki temellere dayan\u0131rken; hadar\u00eele\u015fme s\u00fcreciyle birlikte sanat, zerafet ve refah artar. Ancak bu s\u00fcre\u00e7, ayn\u0131 zamanda iktidar\u0131n yozla\u015fmas\u0131na, ahlaki \u00e7\u00f6k\u00fc\u015fe ve asabiyetin kayb\u0131na yol a\u00e7ar.<\/span><\/p>\n<ol start=\"4\">\n<li><span style=\"color: #000000;\"><strong>Refah\u0131n Devletin \u00c7\u00f6z\u00fclmesindeki Rol\u00fc<\/strong><\/span><\/li>\n<\/ol>\n<p><span style=\"color: #000000;\">Refah ba\u015flang\u0131\u00e7ta n\u00fcfusu ve g\u00fcc\u00fc art\u0131r\u0131r. Fakat sonraki nesillerin refah i\u00e7inde yeti\u015fmesi, kurucu ruhun zay\u0131flamas\u0131na ve yarat\u0131c\u0131 asabiyetin yerini edilgen dev\u015firme s\u0131n\u0131flar\u0131n almas\u0131na neden olur. Bu de\u011fi\u015fim, devletin sonunu haz\u0131rlar.<\/span><\/p>\n<ol start=\"5\">\n<li><span style=\"color: #000000;\"><strong>Devlet Eserleri, Refah ve Asabiyet Aras\u0131ndaki \u0130li\u015fki<\/strong><\/span><\/li>\n<\/ol>\n<p><span style=\"color: #000000;\">Devletin fizik\u00ee ve k\u00fclt\u00fcrel eserleri, ilk kurulu\u015ftaki asabiyetin g\u00fcc\u00fcyle orant\u0131l\u0131d\u0131r. Mimari yap\u0131lar, sanatlar ve ihsanlar, devletin asli kuvvetini yans\u0131t\u0131r. Kayap\u0131nar, bu ba\u011flamda eser \u00fcretimini devletin i\u00e7 enerjisiyle ili\u015fkilendirir.<\/span><\/p>\n<p><span style=\"color: #000000;\"><strong>Sonu\u00e7<\/strong><\/span><\/p>\n<p><span style=\"color: #000000;\">Bu seminer, \u0130bn Haldun\u2019un devlet kuram\u0131n\u0131n sadece siyasal de\u011fil, antropolojik, psikolojik ve k\u00fclt\u00fcrel bir d\u00f6n\u00fc\u015f\u00fcm s\u00fcreci olarak kavrand\u0131\u011f\u0131n\u0131 ortaya koyar. Kayap\u0131nar, \u0130bn Haldun\u2019un modeliyle modern devlet teorileri aras\u0131nda derin kar\u015f\u0131tl\u0131klar kurarak, devletin i\u00e7sel ahlaki dinamiklerinin tarihsel s\u00fcreklilik \u00fczerindeki etkisini vurgular.<\/span><\/p>\n<p>&nbsp;<\/p>\n<p><span style=\"color: #000000;\"><strong>Purpose and Content of the Seminar<\/strong><\/span><\/p>\n<p><span style=\"color: #000000;\">This seminar focuses on Ibn Khald\u016bn\u2019s theory of state transformation through his five-stage model known as \u201cthe theory of states\u2019 phases\u201d (taw\u0101r\u0101t). Kayap\u0131nar presents Ibn Khald\u016bn\u2019s understanding of state formation, rise, and decline as an organic and moral process rather than a purely mechanical or institutional one. Key topics include the shift from Bedouin simplicity to urban luxury (\u1e25a\u1e0dar\u012b culture), the corrupting effects of power (te\u02bealluh), and the internal decay caused by moral and social transformations over generations. The seminar also contrasts Ibn Khald\u016bn\u2019s model with the mechanistic view of Thomas Hobbes.<\/span><\/p>\n<p><span style=\"color: #000000;\"><strong>Main Themes<\/strong><\/span><\/p>\n<ol>\n<li><span style=\"color: #000000;\"><strong>Te<\/strong><strong>\u02be<\/strong><strong>alluh: The Deification of Power<\/strong><\/span><\/li>\n<\/ol>\n<p><span style=\"color: #000000;\">Ibn Khald\u016bn describes te\u02bealluh as the human tendency toward self-deification when exposed to prolonged, unchecked power. Unlike its mystical usage in Sufism, Ibn Khald\u016bn treats it negatively, akin to the Greek notion of hubris, signifying transgression of divine limits. He asserts this impulse is universal but becomes active under centralized authority and long-term rule.<\/span><\/p>\n<ol start=\"2\">\n<li><span style=\"color: #000000;\"><strong>Three Generations \u2013 Five Phases of Political Life<\/strong><\/span><\/li>\n<\/ol>\n<p><span style=\"color: #000000;\">The life of a state spans three generations (roughly 120 years), unfolding through five phases: (1) victory through solidarity, (2) concentration of power (despotism), (3) prosperity and artistic flourishing, (4) conservative stagnation through imitation, and (5) corruption, waste, and collapse. Each phase marks a shift in the moral and social structure of the ruling class.<\/span><\/p>\n<ol start=\"3\">\n<li><span style=\"color: #000000;\"><strong>From Bedouin Simplicity to Urban Refinement<\/strong><\/span><\/li>\n<\/ol>\n<p><span style=\"color: #000000;\">Ibn Khald\u016bn presents a detailed account of how Bedouin tribes, after seizing power, gradually adopt urban lifestyles, luxury, and refined tastes. This transition is not merely geographic but socio-political, as proximity to power defines \u1e25a\u1e0dar\u012b status. Artistic sophistication, architecture, and court culture emerge alongside moral decline.<\/span><\/p>\n<ol start=\"4\">\n<li><span style=\"color: #000000;\"><strong>The Paradox of Prosperity<\/strong><\/span><\/li>\n<\/ol>\n<p><span style=\"color: #000000;\">While prosperity initially strengthens the state by increasing population and cohesion, it eventually weakens the founding \u02bfa\u1e63abiyyah (group solidarity). Later generations raised in comfort lack the founding vigor and depend on servants and outsiders, leading to administrative decay and loss of cohesion.<\/span><\/p>\n<ol start=\"5\">\n<li><span style=\"color: #000000;\"><strong>Cultural and Material Legacy as Reflections of Power<\/strong><\/span><\/li>\n<\/ol>\n<p><span style=\"color: #000000;\">The grandeur of a state\u2019s monuments, generosity, and cultural achievements reflects its foundational strength. Kayap\u0131nar explores how Ibn Khald\u016bn links physical infrastructure (palaces, mosques, roads) and artistic refinement to the vigor of the original ruling group. Even the state&#8217;s charitable acts and administrative institutions are seen as markers of inner vitality.<\/span><\/p>\n<p><span style=\"color: #000000;\"><strong>Conclusion<\/strong><\/span><\/p>\n<p><span style=\"color: #000000;\">This seminar illustrates Ibn Khald\u016bn\u2019s vision of political life as deeply embedded in human psychology, morality, and social evolution. Rather than seeing states as static institutions, he views them as living entities shaped by human character and generational shifts. Kayap\u0131nar emphasizes that Ibn Khald\u016bn\u2019s model stands in contrast to mechanistic theories, offering a nuanced and dynamic understanding of historical and political change.<\/span><\/p>\n","protected":false},"excerpt":{"rendered":"<p>MEHMET AK\u0130F KAYAPINAR: \u0130BN HALDUN, MUKADD\u0130ME 22. SEM\u0130NER \u00d6ZET\u0130 Dersin [&hellip;]<\/p>\n","protected":false},"author":1,"featured_media":0,"parent":0,"menu_order":0,"comment_status":"closed","ping_status":"closed","template":"","meta":{"footnotes":""},"class_list":["post-6254","page","type-page","status-publish","hentry"],"jetpack_sharing_enabled":true,"_links":{"self":[{"href":"https:\/\/klasikdusunceokulu.com\/index.php\/wp-json\/wp\/v2\/pages\/6254","targetHints":{"allow":["GET"]}}],"collection":[{"href":"https:\/\/klasikdusunceokulu.com\/index.php\/wp-json\/wp\/v2\/pages"}],"about":[{"href":"https:\/\/klasikdusunceokulu.com\/index.php\/wp-json\/wp\/v2\/types\/page"}],"author":[{"embeddable":true,"href":"https:\/\/klasikdusunceokulu.com\/index.php\/wp-json\/wp\/v2\/users\/1"}],"replies":[{"embeddable":true,"href":"https:\/\/klasikdusunceokulu.com\/index.php\/wp-json\/wp\/v2\/comments?post=6254"}],"version-history":[{"count":1,"href":"https:\/\/klasikdusunceokulu.com\/index.php\/wp-json\/wp\/v2\/pages\/6254\/revisions"}],"predecessor-version":[{"id":6255,"href":"https:\/\/klasikdusunceokulu.com\/index.php\/wp-json\/wp\/v2\/pages\/6254\/revisions\/6255"}],"wp:attachment":[{"href":"https:\/\/klasikdusunceokulu.com\/index.php\/wp-json\/wp\/v2\/media?parent=6254"}],"curies":[{"name":"wp","href":"https:\/\/api.w.org\/{rel}","templated":true}]}}