{"id":6256,"date":"2025-06-21T14:12:45","date_gmt":"2025-06-21T11:12:45","guid":{"rendered":"https:\/\/klasikdusunceokulu.com\/?page_id=6256"},"modified":"2025-06-21T14:12:45","modified_gmt":"2025-06-21T11:12:45","slug":"mehmet-akif-kayapinar-ibn-haldun-mukaddime-23-seminer-ozeti","status":"publish","type":"page","link":"https:\/\/klasikdusunceokulu.com\/index.php\/mehmet-akif-kayapinar-ibn-haldun-mukaddime-23-seminer-ozeti\/","title":{"rendered":"MEHMET AK\u0130F KAYAPINAR: \u0130BN HALDUN, MUKADD\u0130ME 23. SEM\u0130NER \u00d6ZET\u0130"},"content":{"rendered":"<p><span style=\"color: #000000;\"><strong>MEHMET AK\u0130F KAYAPINAR: \u0130BN HALDUN, MUKADD\u0130ME 23. SEM\u0130NER \u00d6ZET\u0130<\/strong><\/span><\/p>\n<p><strong>Dersin Amac\u0131 ve \u0130\u00e7eri\u011fi<\/strong><\/p>\n<p>Bu seminer, \u0130bn Haldun\u2019un Mukaddime\u2019sinin \u00fc\u00e7\u00fcnc\u00fc kitab\u0131nda yer alan \u201cm\u00fclk\u201d (egemenlik\/devlet otoritesi) konusunu derinlemesine inceler. Mehmet Akif Kayap\u0131nar, \u0130bn Haldun\u2019un devletin kurulu\u015f, geli\u015fme ve \u00e7\u00f6k\u00fc\u015f s\u00fcrecini a\u00e7\u0131klayan be\u015f tav\u0131r modelini detayland\u0131rarak m\u00fclk\u00fcn asabiyetle ili\u015fkisini, mevali ve dev\u015firmelerle y\u00f6netimin d\u00f6n\u00fc\u015f\u00fcm\u00fcn\u00fc ve nihayetinde devletin \u00e7\u00f6z\u00fcl\u00fc\u015f s\u00fcrecini teorik ve tarihsel ba\u011flamda a\u00e7\u0131klar.<\/p>\n<p><strong>Ana Temalar<\/strong><\/p>\n<ol>\n<li><strong>Devletin Be\u015f Tav\u0131r Modeli<\/strong><\/li>\n<\/ol>\n<p>\u0130bn Haldun, devletin geli\u015fimini \u00fc\u00e7 nesil (yakla\u015f\u0131k 120 y\u0131l) s\u00fcrece yay\u0131lan be\u015f tav\u0131rla a\u00e7\u0131klar: (1) Bedavetin s\u00fcrd\u00fc\u011f\u00fc ba\u015flang\u0131\u00e7 d\u00f6nemi, (2) iktidar\u0131n tekelle\u015fti\u011fi ve asabiyet mensuplar\u0131n\u0131n d\u0131\u015fland\u0131\u011f\u0131 d\u00f6nem, (3) iktisadi ve k\u00fclt\u00fcrel zirve d\u00f6nemi, (4) kurumsal dura\u011fanl\u0131k ve muhafazak\u00e2rl\u0131k, (5) israf, l\u00fcks ve \u00e7\u00f6k\u00fc\u015f. Bu yap\u0131, devletin ka\u00e7\u0131n\u0131lmaz olarak \u00e7\u00f6z\u00fclmeye do\u011fru evrildi\u011fini g\u00f6sterir.<\/p>\n<ol start=\"2\">\n<li><strong>Asabiyetin Zay\u0131flamas\u0131 ve D\u0131\u015f Unsurlar\u0131n Devlete Dahli<\/strong><\/li>\n<\/ol>\n<p>\u0130ktidar merkezile\u015ftik\u00e7e asabiyet mensuplar\u0131 y\u00f6netimden d\u0131\u015flan\u0131r, yerlerine mevali (azatl\u0131lar) ve dev\u015firmeler getirilir. Ancak bu yeni unsurlar m\u00fclk\u00fcn ger\u00e7ek hissedar\u0131 olmad\u0131klar\u0131 i\u00e7in sadakatleri sultan\u0131n l\u00fctfuna ba\u011fl\u0131d\u0131r. Bu durum hem y\u00f6neticinin \u00e7evresindeki samimi ele\u015ftirileri ortadan kald\u0131r\u0131r hem de toplumsal aidiyet duygusunu zay\u0131flat\u0131r.<\/p>\n<ol start=\"3\">\n<li><strong>Kayna\u015fma (\u0130ltiham) Kavram\u0131 ve Asabiyetin Kayna\u011f\u0131<\/strong><\/li>\n<\/ol>\n<p>\u0130bn Haldun, asabiyetin esas kayna\u011f\u0131n\u0131 nesep de\u011fil, birlikte ya\u015fama, kader birli\u011fi ve sosyal temas olarak tan\u0131mlar. Nesep birli\u011fi bu kayna\u015fmay\u0131 en yo\u011fun ya\u015fayan grup oldu\u011fundan dolay\u0131 g\u00fc\u00e7l\u00fc asabiyet do\u011furur. Ancak kayna\u015fman\u0131n eksik oldu\u011fu durumlarda ortaya \u00e7\u0131kan asabiyetler zay\u0131f olur ve devletin \u00e7\u00f6z\u00fclmesine zemin haz\u0131rlar.<\/p>\n<ol start=\"4\">\n<li><strong>Devletin Son Evresinde Vesayet ve \u0130stibdat<\/strong><\/li>\n<\/ol>\n<p>Y\u00f6neticinin g\u00fc\u00e7s\u00fczle\u015fti\u011fi veya \u00e7ocuk ya\u015fta tahta ge\u00e7ti\u011fi d\u00f6nemlerde vezirler ya da yard\u0131mc\u0131 unsurlar devleti perde arkas\u0131ndan y\u00f6netmeye ba\u015flar. Bu durum a\u00e7\u0131k\u00e7a olmasa da \u00f6rt\u00fcl\u00fc bir iktidar de\u011fi\u015fimine, yani sultan\u0131n vesayet alt\u0131na al\u0131nmas\u0131na neden olur. Bu yap\u0131, modern siyaset biliminde \u201cb\u00fcrokratik vesayet\u201d olarak tan\u0131mlanan durumlarla \u00f6rt\u00fc\u015f\u00fcr.<\/p>\n<ol start=\"5\">\n<li><strong>M\u00fclk\u2019\u00fcn Tabi\u00eeli\u011fi ve Me\u015fruiyet Kayna\u011f\u0131<\/strong><\/li>\n<\/ol>\n<p>\u0130bn Haldun\u2019a g\u00f6re m\u00fclk (devlet otoritesi) be\u015fer\u00ee toplumun do\u011fas\u0131nda vard\u0131r. Hobbes\u2019un toplumsal s\u00f6zle\u015fmesine kar\u015f\u0131l\u0131k \u0130bn Haldun, iktidar\u0131n zorunlulu\u011funu sosyal zaruretler ve asabiyet \u00fczerinden temellendirir. M\u00fclk, yaln\u0131zca rayiyeyi denetlemek de\u011fil; mal toplamak, s\u0131n\u0131rlar\u0131 korumak ve i\u00e7 d\u00fczeni sa\u011flamakla da ilgilidir.<\/p>\n<ol start=\"6\">\n<li><strong>Tam ve Eksik M\u00fclk Ayr\u0131m\u0131<\/strong><\/li>\n<\/ol>\n<p>\u0130bn Haldun, m\u00fclk\u00fc tam (m\u00fclk-i t\u00e2m) ve eksik (m\u00fclk-i n\u0101k\u0131s) olarak ikiye ay\u0131r\u0131r. Tam m\u00fclk, merkez\u00ee otoritenin askeri, mali ve siyasi kontrol\u00fc sa\u011flad\u0131\u011f\u0131 bir yap\u0131 iken; eksik m\u00fclk, merkeze tabi olan ancak \u00f6zerklik e\u011filimi ta\u015f\u0131yan ta\u015fra y\u00f6netimlerini ifade eder. Bu ayr\u0131m, g\u00fcn\u00fcm\u00fcz siyaset bilimindeki \u201cba\u015far\u0131s\u0131z devlet\u201d tart\u0131\u015fmalar\u0131yla da ili\u015fkilendirilebilir.<\/p>\n<p><strong>Sonu\u00e7<\/strong><\/p>\n<p>Bu seminer, \u0130bn Haldun\u2019un m\u00fclk anlay\u0131\u015f\u0131n\u0131 merkeze alarak, devletin y\u00fckseli\u015f ve \u00e7\u00f6k\u00fc\u015f s\u00fcrecini hem kavramsal hem tarihsel d\u00fczeyde analiz eder. Kayap\u0131nar\u2019\u0131n sundu\u011fu \u00e7\u00f6z\u00fcmleme, \u0130bn Haldun\u2019un modern siyaset kuramlar\u0131ndan nas\u0131l ayr\u0131\u015ft\u0131\u011f\u0131n\u0131 ve alternatif bir siyasal teori sundu\u011funu g\u00f6sterir. Devletin s\u00fcrd\u00fcr\u00fclebilirli\u011fini asabiyetin s\u00fcreklili\u011fiyle ili\u015fkilendiren bu yakla\u015f\u0131m, \u00e7a\u011fda\u015f siyaset d\u00fc\u015f\u00fcncesi i\u00e7in h\u00e2l\u00e2 g\u00fc\u00e7l\u00fc bir teorik zemin sunmaktad\u0131r.<\/p>\n<p>&nbsp;<\/p>\n<p><strong>Purpose and Content of the Seminar<\/strong><\/p>\n<p>This seminar focuses on the third book of Ibn Khald\u016bn\u2019s Muqaddima, where he systematically analyzes mulk (sovereignty\/state authority). Mehmet Akif Kayap\u0131nar presents Ibn Khald\u016bn\u2019s five-phase model of state development and decline, exploring how \u02bfa\u1e63abiyya evolves, how freed slaves (maw\u0101l\u012b) and outsiders (devshirmes) alter the structure of power, and how this dynamic eventually leads to political decay. The seminar also discusses Ibn Khald\u016bn\u2019s contributions to a sociologically grounded theory of political legitimacy.<\/p>\n<p><strong>Key Themes<\/strong><\/p>\n<ol>\n<li><strong>The Five Phases of the State<\/strong><\/li>\n<\/ol>\n<p>Ibn Khald\u016bn describes state development as progressing through five distinct phases across approximately three generations (roughly 120 years): (1) the Bedouin phase; (2) consolidation of power with marginalization of kin-based \u02bfa\u1e63abiyya; (3) peak of wealth and culture; (4) stagnation and rigid institutionalization; (5) extravagance, luxury, and collapse. This model highlights the inevitability of cyclical political decline.<\/p>\n<ol start=\"2\">\n<li><strong>Weakening of <\/strong><strong>\u02bf<\/strong><strong>A\u1e63abiyya and Rise of Outsiders<\/strong><\/li>\n<\/ol>\n<p>As political power centralizes, the original kin-based \u02bfa\u1e63abiyya is excluded from governance. Instead, rulers recruit maw\u0101l\u012b (freed slaves) and devshirmes (non-kin elites). These actors lack intrinsic loyalty and are tied to the ruler only through patronage, eroding mutual accountability and weakening the regime\u2019s social base.<\/p>\n<ol start=\"3\">\n<li><strong>Integration and the Foundation of <\/strong><strong>\u02bf<\/strong><strong>A\u1e63abiyya<\/strong><\/li>\n<\/ol>\n<p>Ibn Khald\u016bn defines \u02bfa\u1e63abiyya not merely as lineage but as solidarity forged through shared living, risk, and struggle. While kinship offers the strongest basis, it is the sense of unity and collective experience (iltih\u0101m) that sustains effective \u02bfa\u1e63abiyya. Its absence leads to internal fragmentation and decline.<\/p>\n<ol start=\"4\">\n<li><strong>Political Guardianship and Tyranny in the Final Stage<\/strong><\/li>\n<\/ol>\n<p>In the final stage, rulers may be young or incapable, leading to real power being held by viziers or military elites. Although not formalized, this amounts to indirect rule or guardianship (was\u0101ya), akin to bureaucratic domination in modern terms. It signals the erosion of direct sovereign control.<\/p>\n<ol start=\"5\">\n<li><strong>Mulk as a Natural Social Necessity<\/strong><\/li>\n<\/ol>\n<p>Unlike modern contractual theories of state (e.g., Hobbes\u2019 social contract), Ibn Khald\u016bn sees mulk as a natural outcome of human society\u2019s need for order. It arises from the necessity to regulate property, ensure justice, and defend borders. Its legitimacy is functional, grounded in the preservation of social structure through force and cohesion.<\/p>\n<ol start=\"6\">\n<li><strong>Complete vs. Incomplete Sovereignty<\/strong><\/li>\n<\/ol>\n<p>Ibn Khald\u016bn distinguishes between complete (mulk t\u0101mm) and incomplete (mulk n\u0101qi\u1e63) sovereignty. Complete sovereignty involves full control over taxation, military, and administration, while incomplete sovereignty applies to semi-autonomous provinces or vassal entities. This distinction anticipates modern debates on weak or failed states.<\/p>\n<p><strong>Conclusion<\/strong><\/p>\n<p>This seminar demonstrates how Ibn Khald\u016bn offers a comprehensive model of political rise and decline grounded in sociological and historical realities. His understanding of mulk as tied to \u02bfa\u1e63abiyya and not merely institutional structures provides a dynamic alternative to modern political theory. Through this lens, Ibn Khald\u016bn\u2019s Muqaddima remains a vital source for understanding the mechanics of power, loyalty, and the life cycle of states.<\/p>\n","protected":false},"excerpt":{"rendered":"<p>MEHMET AK\u0130F KAYAPINAR: \u0130BN HALDUN, MUKADD\u0130ME 23. SEM\u0130NER \u00d6ZET\u0130 Dersin [&hellip;]<\/p>\n","protected":false},"author":1,"featured_media":0,"parent":0,"menu_order":0,"comment_status":"closed","ping_status":"closed","template":"","meta":{"footnotes":""},"class_list":["post-6256","page","type-page","status-publish","hentry"],"jetpack_sharing_enabled":true,"_links":{"self":[{"href":"https:\/\/klasikdusunceokulu.com\/index.php\/wp-json\/wp\/v2\/pages\/6256","targetHints":{"allow":["GET"]}}],"collection":[{"href":"https:\/\/klasikdusunceokulu.com\/index.php\/wp-json\/wp\/v2\/pages"}],"about":[{"href":"https:\/\/klasikdusunceokulu.com\/index.php\/wp-json\/wp\/v2\/types\/page"}],"author":[{"embeddable":true,"href":"https:\/\/klasikdusunceokulu.com\/index.php\/wp-json\/wp\/v2\/users\/1"}],"replies":[{"embeddable":true,"href":"https:\/\/klasikdusunceokulu.com\/index.php\/wp-json\/wp\/v2\/comments?post=6256"}],"version-history":[{"count":1,"href":"https:\/\/klasikdusunceokulu.com\/index.php\/wp-json\/wp\/v2\/pages\/6256\/revisions"}],"predecessor-version":[{"id":6257,"href":"https:\/\/klasikdusunceokulu.com\/index.php\/wp-json\/wp\/v2\/pages\/6256\/revisions\/6257"}],"wp:attachment":[{"href":"https:\/\/klasikdusunceokulu.com\/index.php\/wp-json\/wp\/v2\/media?parent=6256"}],"curies":[{"name":"wp","href":"https:\/\/api.w.org\/{rel}","templated":true}]}}