{"id":6258,"date":"2025-06-21T14:13:28","date_gmt":"2025-06-21T11:13:28","guid":{"rendered":"https:\/\/klasikdusunceokulu.com\/?page_id=6258"},"modified":"2025-06-21T14:13:28","modified_gmt":"2025-06-21T11:13:28","slug":"mehmet-akif-kayapinar-ibn-haldun-mukaddime-24-seminer-ozeti","status":"publish","type":"page","link":"https:\/\/klasikdusunceokulu.com\/index.php\/mehmet-akif-kayapinar-ibn-haldun-mukaddime-24-seminer-ozeti\/","title":{"rendered":"MEHMET AK\u0130F KAYAPINAR: \u0130BN HALDUN, MUKADD\u0130ME 24. SEM\u0130NER \u00d6ZET\u0130"},"content":{"rendered":"<p><span style=\"color: #000000;\"><strong>MEHMET AK\u0130F KAYAPINAR: \u0130BN HALDUN, MUKADD\u0130ME 24. SEM\u0130NER \u00d6ZET\u0130<\/strong><\/span><\/p>\n<p><span style=\"color: #000000;\"><strong>Dersin Amac\u0131 ve \u0130\u00e7eri\u011fi<\/strong><\/span><\/p>\n<p><span style=\"color: #000000;\">Bu seminer, \u0130bn Haldun\u2019un Mukaddime\u2019sinin \u00fc\u00e7\u00fcnc\u00fc kitab\u0131nda yer alan hil\u00e2fet teorisine giri\u015f niteli\u011findedir. Mehmet Akif Kayap\u0131nar, \u0130bn Haldun\u2019un m\u00fclk (siyasal egemenlik) anlay\u0131\u015f\u0131n\u0131 \u00fc\u00e7e ay\u0131rarak; tabii m\u00fclk, siyas\u00ee m\u00fclk ve din\u00ee m\u00fclk (hil\u00e2fet) kavramlar\u0131n\u0131 detayl\u0131 bi\u00e7imde a\u00e7\u0131klar. Seminer, hil\u00e2fetin tan\u0131m\u0131n\u0131, s\u0131n\u0131rlar\u0131n\u0131 ve di\u011fer y\u00f6netim bi\u00e7imlerinden fark\u0131n\u0131 felsef\u00ee, kel\u00e2m\u00ee ve tarihsel ba\u011flamlarda tart\u0131\u015f\u0131r.<\/span><\/p>\n<p><span style=\"color: #000000;\"><strong>Ana Temalar<\/strong><\/span><\/p>\n<ol>\n<li><span style=\"color: #000000;\"><strong>\u00dc\u00e7 T\u00fcr M\u00fclk: Tabii, Siyas\u00ee ve Din\u00ee<\/strong><\/span><\/li>\n<\/ol>\n<p><span style=\"color: #000000;\">\u0130bn Haldun\u2019a g\u00f6re y\u00f6netim \u00fc\u00e7 \u015fekilde tezah\u00fcr eder: (1) Tabii m\u00fclk, zorbal\u0131k ve arzu temellidir; (2) siyas\u00ee m\u00fclk, akl\u00ee \u00e7\u0131karlar\u0131n d\u00fczenlenmesine dayan\u0131r; (3) hil\u00e2fet ise dini koruma ve d\u00fcnyay\u0131 \u015feriata uygun bi\u00e7imde y\u00f6netme g\u00f6revini \u00fcstlenir. Bu ayr\u0131m, hil\u00e2feti yaln\u0131zca bir m\u00fclk t\u00fcr\u00fc de\u011fil, niteliksel olarak daha \u00fcst\u00fcn bir y\u00f6netim bi\u00e7imi olarak konumland\u0131r\u0131r.<\/span><\/p>\n<ol start=\"2\">\n<li><span style=\"color: #000000;\"><strong>Hil\u00e2fet: \u015e\u00e2ri\u2019in Niy\u00e2beti Olarak Tan\u0131m<\/strong><\/span><\/li>\n<\/ol>\n<p><span style=\"color: #000000;\">Hil\u00e2fet, \u015f\u00e2ri\u2019den (yasama yetkisi olan peygamber) niyabet anlam\u0131na gelir. Halife, yeni bir yasa koymaz; \u015feriat\u0131 uygular ve korur. Bu \u00e7er\u00e7evede hil\u00e2fet, modern egemenlik teorilerindeki gibi kanun koyucu bir iktidar de\u011fil, var olan ilah\u00ee hukukun y\u00fcr\u00fct\u00fcc\u00fcs\u00fcd\u00fcr.<\/span><\/p>\n<ol start=\"3\">\n<li><span style=\"color: #000000;\"><strong>Siyasi Otoritenin S\u0131n\u0131rlar\u0131<\/strong><\/span><\/li>\n<\/ol>\n<p><span style=\"color: #000000;\">\u0130bn Haldun, ger\u00e7ek otoritenin \u015feriata ait oldu\u011funu vurgular. Y\u00f6netici, Allah\u2019\u0131n h\u00fck\u00fcmlerini uygulamakla y\u00fck\u00fcml\u00fcd\u00fcr. Bu durum, siyasi iktidar\u0131n s\u0131n\u0131rl\u0131 oldu\u011funu ve sadece ilah\u00ee s\u0131n\u0131rlar i\u00e7inde me\u015fruiyet kazanabilece\u011fini ortaya koyar.<\/span><\/p>\n<ol start=\"4\">\n<li><span style=\"color: #000000;\"><strong>\u0130mamet Tart\u0131\u015fmas\u0131 ve Me\u015fruiyet Meselesi<\/strong><\/span><\/li>\n<\/ol>\n<p><span style=\"color: #000000;\">Seminerde imam tayin etmenin akl\u00ee mi yoksa \u015fer\u2019\u00ee bir zorunluluk mu oldu\u011fu tart\u0131\u015fmas\u0131 ele al\u0131n\u0131r. \u0130bn Haldun, \u00e7o\u011funlu\u011fun g\u00f6r\u00fc\u015f\u00fcn\u00fc benimseyerek, imamet g\u00f6revinin \u015fer\u2019\u00ee bir vacip oldu\u011funu savunur. \u015eer\u00ee s\u0131n\u0131rlar d\u0131\u015f\u0131nda kalan y\u00f6netimler ise adaleti sa\u011flayamaz ve me\u015fruiyetten yoksundur.<\/span><\/p>\n<ol start=\"5\">\n<li><span style=\"color: #000000;\"><strong>Sek\u00fcler Okumalara Ele\u015ftiri<\/strong><\/span><\/li>\n<\/ol>\n<p><span style=\"color: #000000;\">\u0130bn Haldun\u2019un realist ve sosyolojik y\u00f6ntemi, onu sek\u00fcler bir d\u00fc\u015f\u00fcn\u00fcr gibi sunan modern yakla\u015f\u0131mlar ele\u015ftirilir. Kayap\u0131nar\u2019a g\u00f6re \u0130bn Haldun\u2019un y\u00f6ntemi ak\u0131lc\u0131 ve yap\u0131sald\u0131r, ancak temeli vahiy ve dini de\u011ferler \u00fczerindedir. Hil\u00e2fet anlay\u0131\u015f\u0131, onun sek\u00fcler de\u011fil d\u00een\u00ee-siyas\u00ee bir teoriye sahip oldu\u011funu g\u00f6sterir.<\/span><\/p>\n<ol start=\"6\">\n<li><span style=\"color: #000000;\"><strong>Platon\u2019la Kar\u015f\u0131la\u015ft\u0131rmal\u0131 Analiz<\/strong><\/span><\/li>\n<\/ol>\n<p><span style=\"color: #000000;\">\u0130bn Haldun\u2019un \u00fc\u00e7l\u00fc m\u00fclk ayr\u0131m\u0131, Platon\u2019un rejim tipolojisiyle kar\u015f\u0131la\u015ft\u0131r\u0131l\u0131r: tabii m\u00fclk \u2013 \u015fehvetin h\u00e2kim oldu\u011fu tiranl\u0131k; siyas\u00ee m\u00fclk \u2013 akla dayal\u0131 y\u00f6netim; din\u00ee m\u00fclk \u2013 filozof kral. Ancak \u0130bn Haldun\u2019un teorisi \u0130slam metafizi\u011fine dayand\u0131\u011f\u0131 i\u00e7in Platon\u2019dan ayr\u0131l\u0131r ve kendi i\u00e7 b\u00fct\u00fcnl\u00fc\u011f\u00fcn\u00fc korur.<\/span><\/p>\n<p><span style=\"color: #000000;\"><strong>Sonu\u00e7<\/strong><\/span><\/p>\n<p><span style=\"color: #000000;\">Bu seminer, \u0130bn Haldun\u2019un hil\u00e2fet teorisini, hem normatif hem sosyolojik boyutlar\u0131yla ele al\u0131r. Hil\u00e2fet, sadece siyasi de\u011fil, ayn\u0131 zamanda dini bir g\u00f6rev olarak tan\u0131mlan\u0131r. Egemenli\u011fin insana de\u011fil, Allah\u2019a ait oldu\u011fu ve y\u00f6neticinin bu \u00e7er\u00e7evede s\u0131n\u0131rl\u0131 bir y\u00fcr\u00fct\u00fcc\u00fc oldu\u011fu vurgulan\u0131r. B\u00f6ylece \u0130bn Haldun, \u00e7a\u011fda\u015f egemenlik teorilerinden ayr\u0131larak, vahye dayal\u0131 bir siyaset felsefesi in\u015fa eder.<\/span><\/p>\n<p>&nbsp;<\/p>\n<p>&nbsp;<\/p>\n<p><span style=\"color: #000000;\"><strong>Purpose and Content of the Seminar<\/strong><\/span><\/p>\n<p><span style=\"color: #000000;\">This seminar marks the beginning of Ibn Khald\u016bn\u2019s discussion on khil\u0101fa (caliphate) as either an alternative or a specific manifestation of mulk (sovereignty). Mehmet Akif Kayap\u0131nar explores how Ibn Khald\u016bn differentiates between three types of rule\u2014natural sovereignty, political sovereignty, and caliphate\u2014and examines their philosophical and theological underpinnings. The session also introduces major debates on the nature of authority, the necessity of appointing an imam (leader), and the legitimacy of religious versus rational governance.<\/span><\/p>\n<p><span style=\"color: #000000;\"><strong>Key Themes<\/strong><\/span><\/p>\n<ol>\n<li><span style=\"color: #000000;\"><strong>Three Types of Rule: Natural, Political, and Religious<\/strong><\/span><\/li>\n<\/ol>\n<p><span style=\"color: #000000;\">Ibn Khald\u016bn categorizes governance into three forms: (1) natural sovereignty driven by domination and desire, (2) political sovereignty based on rationally ordered worldly interests, and (3) the caliphate, which integrates religious and worldly concerns under divine law. While earlier sessions treated caliphate as a special form of mulk, here it is presented as its superior counterpart.<\/span><\/p>\n<ol start=\"2\">\n<li><span style=\"color: #000000;\"><strong>The Caliphate as Delegation from the Lawgiver<\/strong><\/span><\/li>\n<\/ol>\n<p><span style=\"color: #000000;\">Caliphate is defined as a representation (niy\u0101ba) of the divine lawgiver (i.e., the Prophet) to protect religion and govern the world through religious norms. It does not involve creating law but applying preexisting divine legislation. This understanding clearly separates caliphal authority from modern notions of sovereignty, which imply legislative power.<\/span><\/p>\n<ol start=\"3\">\n<li><span style=\"color: #000000;\"><strong>Ibn Khald\u016bn\u2019s View on the Limits of Authority<\/strong><\/span><\/li>\n<\/ol>\n<p><span style=\"color: #000000;\">Unlike modern political theories that center sovereignty in human institutions, Ibn Khald\u016bn insists that true authority belongs to divine law. Rulers are not sovereign but trustees of sacred law. Thus, while rulers may govern, they must do so within strict limits set by revelation.<\/span><\/p>\n<ol start=\"4\">\n<li><span style=\"color: #000000;\"><strong>The Debate on Legitimacy and Governance<\/strong><\/span><\/li>\n<\/ol>\n<p><span style=\"color: #000000;\">The seminar reviews the historical debate over whether the appointment of an imam is a rational or scriptural obligation. Ibn Khald\u016bn sides with the majority view that it is scripturally mandated (shar\u2018an w\u0101jib), emphasizing that governance without divine law lacks legitimacy and leads to injustice.<\/span><\/p>\n<ol start=\"5\">\n<li><span style=\"color: #000000;\"><strong>Critique of Secular Readings of Ibn Khald\u016bn<\/strong><\/span><\/li>\n<\/ol>\n<p><span style=\"color: #000000;\">Though Ibn Khald\u016bn employs realist and sociological methods, Kayap\u0131nar rejects modern secular interpretations of his thought. Ibn Khald\u016bn is rational, empirical, and structural\u2014but not secular. His endorsement of d\u012bn\u012b siy\u0101sa (religious politics) and his critique of human-centered governance affirm a theologically grounded political theory.<\/span><\/p>\n<ol start=\"6\">\n<li><span style=\"color: #000000;\"><strong>Comparison with Western Political Thought<\/strong><\/span><\/li>\n<\/ol>\n<p><span style=\"color: #000000;\">Drawing parallels with Plato, the seminar maps Ibn Khald\u016bn\u2019s threefold division of rule onto Plato\u2019s typology of regimes. Tabi\u2018\u012b mulk corresponds to tyranny driven by desire, siy\u0101s\u012b mulk aligns with rational regimes, and khil\u0101fa mirrors the philosopher-king ideal. However, Ibn Khald\u016bn\u2019s framework is deeply embedded in Islamic metaphysics.<\/span><\/p>\n<p><span style=\"color: #000000;\"><strong>Conclusion<\/strong><\/span><\/p>\n<p><span style=\"color: #000000;\">This seminar presents Ibn Khald\u016bn\u2019s caliphate theory as a normative model of political order that integrates divine purpose with societal governance. It critiques the shortcomings of both authoritarian and purely rational models, proposing khil\u0101fa as a divinely anchored alternative. Far from being a secular theorist, Ibn Khald\u016bn roots his political vision in revelation, ethics, and social cohesion, providing a unique Islamic contribution to the philosophy of rule.<\/span><\/p>\n","protected":false},"excerpt":{"rendered":"<p>MEHMET AK\u0130F KAYAPINAR: \u0130BN HALDUN, MUKADD\u0130ME 24. SEM\u0130NER \u00d6ZET\u0130 Dersin [&hellip;]<\/p>\n","protected":false},"author":1,"featured_media":0,"parent":0,"menu_order":0,"comment_status":"closed","ping_status":"closed","template":"","meta":{"footnotes":""},"class_list":["post-6258","page","type-page","status-publish","hentry"],"jetpack_sharing_enabled":true,"_links":{"self":[{"href":"https:\/\/klasikdusunceokulu.com\/index.php\/wp-json\/wp\/v2\/pages\/6258","targetHints":{"allow":["GET"]}}],"collection":[{"href":"https:\/\/klasikdusunceokulu.com\/index.php\/wp-json\/wp\/v2\/pages"}],"about":[{"href":"https:\/\/klasikdusunceokulu.com\/index.php\/wp-json\/wp\/v2\/types\/page"}],"author":[{"embeddable":true,"href":"https:\/\/klasikdusunceokulu.com\/index.php\/wp-json\/wp\/v2\/users\/1"}],"replies":[{"embeddable":true,"href":"https:\/\/klasikdusunceokulu.com\/index.php\/wp-json\/wp\/v2\/comments?post=6258"}],"version-history":[{"count":1,"href":"https:\/\/klasikdusunceokulu.com\/index.php\/wp-json\/wp\/v2\/pages\/6258\/revisions"}],"predecessor-version":[{"id":6259,"href":"https:\/\/klasikdusunceokulu.com\/index.php\/wp-json\/wp\/v2\/pages\/6258\/revisions\/6259"}],"wp:attachment":[{"href":"https:\/\/klasikdusunceokulu.com\/index.php\/wp-json\/wp\/v2\/media?parent=6258"}],"curies":[{"name":"wp","href":"https:\/\/api.w.org\/{rel}","templated":true}]}}