{"id":6260,"date":"2025-06-21T14:14:43","date_gmt":"2025-06-21T11:14:43","guid":{"rendered":"https:\/\/klasikdusunceokulu.com\/?page_id=6260"},"modified":"2025-06-21T14:14:43","modified_gmt":"2025-06-21T11:14:43","slug":"mehmet-akif-kayapinar-ibn-haldun-mukaddime-25-seminer-ozeti","status":"publish","type":"page","link":"https:\/\/klasikdusunceokulu.com\/index.php\/mehmet-akif-kayapinar-ibn-haldun-mukaddime-25-seminer-ozeti\/","title":{"rendered":"MEHMET AK\u0130F KAYAPINAR: \u0130BN HALDUN, MUKADD\u0130ME 25. SEM\u0130NER \u00d6ZET\u0130"},"content":{"rendered":"<p><span style=\"color: #000000;\"><strong>MEHMET AK\u0130F KAYAPINAR: \u0130BN HALDUN, MUKADD\u0130ME 25. SEM\u0130NER \u00d6ZET\u0130<\/strong><\/span><\/p>\n<p><span style=\"color: #000000;\"><strong>Dersin Amac\u0131 ve \u0130\u00e7eri\u011fi<\/strong><\/span><\/p>\n<p><span style=\"color: #000000;\">Bu 25. seminer oturumu, Mehmet Akif Kayap\u0131nar\u2019\u0131n Mukaddime okumalar\u0131 \u00e7er\u00e7evesinde \u0130bn Haldun\u2019un eserinin \u00fc\u00e7\u00fcnc\u00fc kitab\u0131na, yani m\u00fclk, devlet ve hilafet konular\u0131na odaklanan b\u00f6l\u00fcm\u00fcne d\u00f6n\u00fc\u015f yapar. Seminer, \u0130bn Haldun\u2019un \u201cm\u00fclk\u201d kavram\u0131n\u0131 iki farkl\u0131 anlamda kullanmas\u0131 \u00fczerine metodolojik bir hat\u0131rlatma ile ba\u015flar: biri insan tabiat\u0131n\u0131n bir gere\u011fi olan ve me\u015fru siyasal d\u00fczeni ifade eden geni\u015f anlam; di\u011feri ise zul\u00fcm, \u015fatafat ve keyfili\u011fe dayanan dar anlamd\u0131r. Ard\u0131ndan \u0130slam ile Hristiyanl\u0131k siyaset anlay\u0131\u015flar\u0131 kar\u015f\u0131la\u015ft\u0131r\u0131l\u0131r; \u0130slam\u2019\u0131n siyaseti ba\u015f\u0131ndan itibaren dinin ayr\u0131lmaz bir par\u00e7as\u0131 olarak g\u00f6rd\u00fc\u011f\u00fc, buna kar\u015f\u0131l\u0131k erken Hristiyanl\u0131kta siyasetin d\u0131\u015fland\u0131\u011f\u0131 vurgulan\u0131r.<\/span><\/p>\n<p><span style=\"color: #000000;\"><strong>Ana Temalar ve Ba\u015fl\u0131klar<\/strong><\/span><\/p>\n<ol>\n<li><span style=\"color: #000000;\"><strong>M\u00fclk\u00fcn \u0130ki Anlam\u0131<\/strong><\/span><\/li>\n<\/ol>\n<p><span style=\"color: #000000;\">\u0130bn Haldun, m\u00fclk\u00fc bir yandan siyasal d\u00fczeni sa\u011flayan zorunlu bir yap\u0131 olarak olumlar, di\u011fer yandan ise ahlaki yozla\u015fma ve keyfi iktidarla \u00f6zde\u015fle\u015fti\u011finde ele\u015ftirir. Bu \u00e7ift anlam, hilafetin m\u00fclke d\u00f6n\u00fc\u015f\u00fcm\u00fcn\u00fc anlamada temel te\u015fkil eder.<\/span><\/p>\n<ol start=\"2\">\n<li><span style=\"color: #000000;\"><strong>M\u00fclk Tipolojisi<\/strong><\/span><\/li>\n<\/ol>\n<p><span style=\"color: #000000;\">\u0130bn Haldun \u00fc\u00e7 t\u00fcr m\u00fclkten bahseder: nefsan\u00ee g\u00fcd\u00fclerle y\u00f6neten zorba iktidarlar (tabi\u00ee m\u00fclk), ak\u0131l ilkelerine dayal\u0131 sek\u00fcler y\u00f6netimler (siyas\u00ee m\u00fclk) ve d\u00fcnya\u2013ahiret b\u00fct\u00fcnl\u00fc\u011f\u00fcn\u00fc sa\u011flayan \u015fer\u2019\u00ee y\u00f6netim bi\u00e7imi olarak hilafet. En ideal y\u00f6netim bi\u00e7imi olarak hilafet \u00f6ne \u00e7\u0131kar.<\/span><\/p>\n<ol start=\"3\">\n<li><span style=\"color: #000000;\"><strong>Hilafet ve \u0130mam\u0131n Niteli\u011fi<\/strong><\/span><\/li>\n<\/ol>\n<p><span style=\"color: #000000;\">Hilafet, dinin muhafazas\u0131 ve d\u00fcnya i\u015flerinin \u015feriatla y\u00f6netimi olarak tan\u0131mlan\u0131r. Bir imamda bulunmas\u0131 gereken temel nitelikler; i\u00e7tihat derecesinde ilim, adalet, yeterlilik (kifayet), sa\u011fl\u0131kl\u0131 duyu organlar\u0131 ve ba\u011f\u0131ms\u0131z karar alma g\u00fcc\u00fcd\u00fcr.<\/span><\/p>\n<ol start=\"4\">\n<li><span style=\"color: #000000;\"><strong>Kurey\u015f \u015eart\u0131n\u0131n Tart\u0131\u015f\u0131lmas\u0131<\/strong><\/span><\/li>\n<\/ol>\n<p><span style=\"color: #000000;\">\u0130bn Haldun, imam\u0131n Kurey\u015f kabilesinden olmas\u0131 gerekti\u011fine dair geleneksel \u015fart\u0131, tarihsel ba\u011flamda asabiyet kavram\u0131yla a\u00e7\u0131klar. Ancak zamanla bu asabiyetin ortadan kalkmas\u0131yla birlikte, bu \u015fart\u0131n i\u015flevsiz h\u00e2le geldi\u011fini ve esasen kifayet \u015fart\u0131na indirgenmesi gerekti\u011fini savunur.<\/span><\/p>\n<ol start=\"5\">\n<li><span style=\"color: #000000;\"><strong>\u015ei\u00ee ve S\u00fcnn\u00ee \u0130mamet Anlay\u0131\u015flar\u0131<\/strong><\/span><\/li>\n<\/ol>\n<p><span style=\"color: #000000;\">Seminer, \u015ei\u00eeli\u011fin imameti dinin esas r\u00fckn\u00fc sayarak Allah ve Peygamber taraf\u0131ndan belirlenmi\u015f bir kurum olarak g\u00f6rd\u00fc\u011f\u00fcn\u00fc a\u00e7\u0131klar. \u0130bn Haldun bu g\u00f6r\u00fc\u015f\u00fc nakledip, dayanak g\u00f6sterilen rivayetleri s\u0131hhat a\u00e7\u0131s\u0131ndan tart\u0131\u015f\u0131r ve S\u00fcnn\u00ee gelene\u011fin imameti ak\u0131l ve maslahat temelli g\u00f6rd\u00fc\u011f\u00fcn\u00fc belirtir.<\/span><\/p>\n<p><span style=\"color: #000000;\"><strong>Sonu\u00e7<\/strong><\/span><\/p>\n<p><span style=\"color: #000000;\">Bu seminer, \u0130bn Haldun\u2019un siyaset teorisini sadece tarihsel bir modelleme de\u011fil, ayn\u0131 zamanda ahlaki, toplumsal ve fikr\u00ee bir de\u011ferlendirme olarak ortaya koyar. M\u00fclk\u2013hilafet\u2013asabiyet ili\u015fkisi \u00fczerinden siyasal me\u015fruiyetin sadece g\u00fcce de\u011fil, ayn\u0131 zamanda hikmete ve erdeme dayal\u0131 oldu\u011funu savunur. Kurey\u015f meselesi ve imametin niteli\u011fi \u00fczerine yap\u0131lan tart\u0131\u015fmalar ise \u0130slam siyaset d\u00fc\u015f\u00fcncesinin tarihsel geli\u015fimindeki temel k\u0131r\u0131lma noktalar\u0131n\u0131 g\u00f6sterir.<\/span><\/p>\n<p>&nbsp;<\/p>\n<p><span style=\"color: #000000;\"><strong>Purpose and Content of the Seminar<\/strong><\/span><\/p>\n<p><span style=\"color: #000000;\">This 25th session of Mehmet Akif Kayap\u0131nar\u2019s Mukaddime readings resumes the discussion on the third book of Ibn Khald\u016bn\u2019s Muqaddimah, which focuses primarily on mulk (sovereignty), the state, and the caliphate. The seminar begins with a methodological reminder about Ibn Khald\u016bn&#8217;s unique distinction between different types and understandings of mulk. Kayap\u0131nar highlights how Ibn Khald\u016bn treats sovereignty both as a natural human necessity and as an institution not inherently condemned by Islam. The lecture then analyzes Islamic and Christian political thought in historical context, emphasizing the integration of religion and politics in Islam in contrast to early Christianity\u2019s retreat from political power.<\/span><\/p>\n<p><span style=\"color: #000000;\"><strong>Main Themes<\/strong><\/span><\/p>\n<ol>\n<li><span style=\"color: #000000;\"><strong>Dual Meaning of Mulk<\/strong><\/span><\/li>\n<\/ol>\n<p><span style=\"color: #000000;\">Ibn Khald\u016bn distinguishes between a general, positive concept of mulk aligned with social order and a narrower, often condemned version associated with tyranny and luxury. This dual usage explains the shift from ideal caliphate to worldly kingship in Islamic history.<\/span><\/p>\n<ol start=\"2\">\n<li><span style=\"color: #000000;\"><strong>Typology of Sovereignty<\/strong><\/span><\/li>\n<\/ol>\n<p><span style=\"color: #000000;\">Three kinds of mulk are introduced: natural kingship (tabi\u2018\u012b), rational-political governance (siy\u0101s\u012b), and religious governance (khil\u0101fa). The caliphate is presented as a higher, comprehensive form that integrates worldly and spiritual responsibilities.<\/span><\/p>\n<ol start=\"3\">\n<li><span style=\"color: #000000;\"><strong>Khil\u0101fa and State Formation<\/strong><\/span><\/li>\n<\/ol>\n<p><span style=\"color: #000000;\">A theological and political analysis of the caliphate reveals its grounding in the defense of religion and the governance of worldly affairs through Shar\u012b\u2018a. Ibn Khald\u016bn underscores the importance of legitimacy, competence (kif\u0101ya), justice, and physical soundness in an imam.<\/span><\/p>\n<ol start=\"4\">\n<li><span style=\"color: #000000;\"><strong>The Quraysh Condition<\/strong><\/span><\/li>\n<\/ol>\n<p><span style=\"color: #000000;\">The debated requirement for the caliph to be from the Quraysh tribe is discussed at length. Ibn Khald\u016bn rationalizes the condition historically through the concept of \u02bfasabiyya (group solidarity), concluding that the original rationale no longer applies in the post-Quraysh political world.<\/span><\/p>\n<ol start=\"5\">\n<li><span style=\"color: #000000;\"><strong>Sectarian Perspectives on Imamate<\/strong><\/span><\/li>\n<\/ol>\n<p><span style=\"color: #000000;\">The lecture compares Sunni and Shiite doctrines, especially the Shiite claim that imamate is divinely ordained and integral to religion. Shiite reliance on specific narrations and interpretations is countered by a critical Sunni appraisal, maintaining that such claims lack universal acceptance or validity.<\/span><\/p>\n<p><span style=\"color: #000000;\"><strong>Conclusion<\/strong><\/span><\/p>\n<p><span style=\"color: #000000;\">This seminar presents a nuanced, multi-dimensional analysis of sovereignty and leadership in Islamic political thought. Ibn Khald\u016bn\u2019s theoretical framework is shown to offer not only historical explanation but also critical insight into political legitimacy and the transformation of religious leadership. The session ultimately situates the caliphate debate within broader philosophical, theological, and historical contexts.<\/span><\/p>\n","protected":false},"excerpt":{"rendered":"<p>MEHMET AK\u0130F KAYAPINAR: \u0130BN HALDUN, MUKADD\u0130ME 25. SEM\u0130NER \u00d6ZET\u0130 Dersin [&hellip;]<\/p>\n","protected":false},"author":1,"featured_media":0,"parent":0,"menu_order":0,"comment_status":"closed","ping_status":"closed","template":"","meta":{"footnotes":""},"class_list":["post-6260","page","type-page","status-publish","hentry"],"jetpack_sharing_enabled":true,"_links":{"self":[{"href":"https:\/\/klasikdusunceokulu.com\/index.php\/wp-json\/wp\/v2\/pages\/6260","targetHints":{"allow":["GET"]}}],"collection":[{"href":"https:\/\/klasikdusunceokulu.com\/index.php\/wp-json\/wp\/v2\/pages"}],"about":[{"href":"https:\/\/klasikdusunceokulu.com\/index.php\/wp-json\/wp\/v2\/types\/page"}],"author":[{"embeddable":true,"href":"https:\/\/klasikdusunceokulu.com\/index.php\/wp-json\/wp\/v2\/users\/1"}],"replies":[{"embeddable":true,"href":"https:\/\/klasikdusunceokulu.com\/index.php\/wp-json\/wp\/v2\/comments?post=6260"}],"version-history":[{"count":1,"href":"https:\/\/klasikdusunceokulu.com\/index.php\/wp-json\/wp\/v2\/pages\/6260\/revisions"}],"predecessor-version":[{"id":6261,"href":"https:\/\/klasikdusunceokulu.com\/index.php\/wp-json\/wp\/v2\/pages\/6260\/revisions\/6261"}],"wp:attachment":[{"href":"https:\/\/klasikdusunceokulu.com\/index.php\/wp-json\/wp\/v2\/media?parent=6260"}],"curies":[{"name":"wp","href":"https:\/\/api.w.org\/{rel}","templated":true}]}}