{"id":6379,"date":"2025-06-23T13:37:53","date_gmt":"2025-06-23T10:37:53","guid":{"rendered":"https:\/\/klasikdusunceokulu.com\/?page_id=6379"},"modified":"2025-06-23T13:38:11","modified_gmt":"2025-06-23T10:38:11","slug":"haci-bayram-baser-hakim-et-tirmizi-beyanul-fark","status":"publish","type":"page","link":"https:\/\/klasikdusunceokulu.com\/index.php\/haci-bayram-baser-hakim-et-tirmizi-beyanul-fark\/","title":{"rendered":"Hac\u0131 Bayram Ba\u015fer: H\u00e2kim et-Tirmizi, Beyan\u00fc&#8217;l-fark"},"content":{"rendered":"<p><a href=\"https:\/\/klasikdusunceokulu.com\/index.php\/haci-bayram-baser-hakim-et-tirmizi-beyanul-fark-1-seminer-ozeti\/\"><span style=\"color: #3b5163;\"><strong>HACI BAYRAM BA\u015eER: H\u00c2K\u0130M et-T\u0130RM\u0130Z\u0130, BEYAN\u00dc&#8217;L-FARK 1.SEM\u0130NER \u00d6ZET\u0130<\/strong><\/span><\/a><\/p>\n<p><a href=\"https:\/\/klasikdusunceokulu.com\/index.php\/haci-bayram-baser-hakim-et-tirmizi-beyanul-fark-2-seminer-ozeti\/\"><span style=\"color: #3b5163;\"><strong>HACI BAYRAM BA\u015eER: H\u00c2K\u0130M et-T\u0130RM\u0130Z\u0130, BEYAN\u00dc&#8217;L-FARK 2.SEM\u0130NER \u00d6ZET\u0130<\/strong><\/span><\/a><\/p>\n","protected":false},"excerpt":{"rendered":"<p>HACI BAYRAM BA\u015eER: H\u00c2K\u0130M et-T\u0130RM\u0130Z\u0130, BEYAN\u00dc&#8217;L-FARK 1.SEM\u0130NER \u00d6ZET\u0130 HACI BAYRAM [&hellip;]<\/p>\n","protected":false},"author":1,"featured_media":0,"parent":0,"menu_order":0,"comment_status":"closed","ping_status":"closed","template":"","meta":{"footnotes":""},"class_list":["post-6379","page","type-page","status-publish","hentry"],"jetpack_sharing_enabled":true,"_links":{"self":[{"href":"https:\/\/klasikdusunceokulu.com\/index.php\/wp-json\/wp\/v2\/pages\/6379","targetHints":{"allow":["GET"]}}],"collection":[{"href":"https:\/\/klasikdusunceokulu.com\/index.php\/wp-json\/wp\/v2\/pages"}],"about":[{"href":"https:\/\/klasikdusunceokulu.com\/index.php\/wp-json\/wp\/v2\/types\/page"}],"author":[{"embeddable":true,"href":"https:\/\/klasikdusunceokulu.com\/index.php\/wp-json\/wp\/v2\/users\/1"}],"replies":[{"embeddable":true,"href":"https:\/\/klasikdusunceokulu.com\/index.php\/wp-json\/wp\/v2\/comments?post=6379"}],"version-history":[{"count":2,"href":"https:\/\/klasikdusunceokulu.com\/index.php\/wp-json\/wp\/v2\/pages\/6379\/revisions"}],"predecessor-version":[{"id":6385,"href":"https:\/\/klasikdusunceokulu.com\/index.php\/wp-json\/wp\/v2\/pages\/6379\/revisions\/6385"}],"wp:attachment":[{"href":"https:\/\/klasikdusunceokulu.com\/index.php\/wp-json\/wp\/v2\/media?parent=6379"}],"curies":[{"name":"wp","href":"https:\/\/api.w.org\/{rel}","templated":true}]}}