{"id":6386,"date":"2025-06-23T13:40:21","date_gmt":"2025-06-23T10:40:21","guid":{"rendered":"https:\/\/klasikdusunceokulu.com\/?page_id=6386"},"modified":"2025-06-23T13:40:21","modified_gmt":"2025-06-23T10:40:21","slug":"ercan-alkan-hakim-et-tirmizi-beyanul-fark","status":"publish","type":"page","link":"https:\/\/klasikdusunceokulu.com\/index.php\/ercan-alkan-hakim-et-tirmizi-beyanul-fark\/","title":{"rendered":"ERCAN ALKAN: H\u00c2K\u0130M et-T\u0130RM\u0130Z\u0130, BEYAN\u00dc&#8217;L-FARK"},"content":{"rendered":"<p><a href=\"https:\/\/klasikdusunceokulu.com\/index.php\/ercan-alkan-hakim-et-tirmizi-beyanul-fark-1-seminer-ozeti\/\"><span style=\"color: #3b5163;\"><strong>ERCAN ALKAN: H\u00c2K\u0130M et-T\u0130RM\u0130Z\u0130, BEYAN\u00dc&#8217;L-FARK 1.SEM\u0130NER \u00d6ZET\u0130<\/strong><\/span><\/a><\/p>\n<p><a href=\"https:\/\/klasikdusunceokulu.com\/index.php\/ercan-alkan-hakim-et-tirmizi-beyanul-fark-2-seminer-ozeti\/\"><span style=\"color: #3b5163;\"><strong>ERCAN ALKAN: H\u00c2K\u0130M et-T\u0130RM\u0130Z\u0130, BEYAN\u00dc&#8217;L-FARK 2.SEM\u0130NER \u00d6ZET\u0130<\/strong><\/span><\/a><\/p>\n","protected":false},"excerpt":{"rendered":"<p>ERCAN ALKAN: H\u00c2K\u0130M et-T\u0130RM\u0130Z\u0130, BEYAN\u00dc&#8217;L-FARK 1.SEM\u0130NER \u00d6ZET\u0130 ERCAN ALKAN: H\u00c2K\u0130M [&hellip;]<\/p>\n","protected":false},"author":1,"featured_media":0,"parent":0,"menu_order":0,"comment_status":"closed","ping_status":"closed","template":"","meta":{"footnotes":""},"class_list":["post-6386","page","type-page","status-publish","hentry"],"jetpack_sharing_enabled":true,"_links":{"self":[{"href":"https:\/\/klasikdusunceokulu.com\/index.php\/wp-json\/wp\/v2\/pages\/6386","targetHints":{"allow":["GET"]}}],"collection":[{"href":"https:\/\/klasikdusunceokulu.com\/index.php\/wp-json\/wp\/v2\/pages"}],"about":[{"href":"https:\/\/klasikdusunceokulu.com\/index.php\/wp-json\/wp\/v2\/types\/page"}],"author":[{"embeddable":true,"href":"https:\/\/klasikdusunceokulu.com\/index.php\/wp-json\/wp\/v2\/users\/1"}],"replies":[{"embeddable":true,"href":"https:\/\/klasikdusunceokulu.com\/index.php\/wp-json\/wp\/v2\/comments?post=6386"}],"version-history":[{"count":1,"href":"https:\/\/klasikdusunceokulu.com\/index.php\/wp-json\/wp\/v2\/pages\/6386\/revisions"}],"predecessor-version":[{"id":6391,"href":"https:\/\/klasikdusunceokulu.com\/index.php\/wp-json\/wp\/v2\/pages\/6386\/revisions\/6391"}],"wp:attachment":[{"href":"https:\/\/klasikdusunceokulu.com\/index.php\/wp-json\/wp\/v2\/media?parent=6386"}],"curies":[{"name":"wp","href":"https:\/\/api.w.org\/{rel}","templated":true}]}}