{"id":6398,"date":"2025-06-23T14:16:23","date_gmt":"2025-06-23T11:16:23","guid":{"rendered":"https:\/\/klasikdusunceokulu.com\/?page_id=6398"},"modified":"2025-06-23T14:17:07","modified_gmt":"2025-06-23T11:17:07","slug":"halit-ozkan-muvatta-okumalari","status":"publish","type":"page","link":"https:\/\/klasikdusunceokulu.com\/index.php\/halit-ozkan-muvatta-okumalari\/","title":{"rendered":"Halit \u00d6zkan: Muvatta Okumalar\u0131"},"content":{"rendered":"<p><a href=\"https:\/\/klasikdusunceokulu.com\/index.php\/halit-ozkan-muvatta-okumalari-1-seminer-ozeti\/\"><span style=\"color: #3b5163;\"><strong>HAL\u0130T \u00d6ZKAN: MUVATTA OKUMALARI 1.SEM\u0130NER \u00d6ZET\u0130<\/strong><\/span><\/a><\/p>\n<p><a href=\"https:\/\/klasikdusunceokulu.com\/index.php\/halit-ozkan-muvatta-okumalari-2-seminer-ozeti\/\"><span style=\"color: #3b5163;\"><strong>HAL\u0130T \u00d6ZKAN: MUVATTA OKUMALARI 2.SEM\u0130NER \u00d6ZET\u0130<\/strong><\/span><\/a><\/p>\n<p><a href=\"https:\/\/klasikdusunceokulu.com\/index.php\/halit-ozkan-muvatta-okumalari-3-seminer-ozeti\/\"><span style=\"color: #3b5163;\"><strong>HAL\u0130T \u00d6ZKAN: MUVATTA OKUMALARI 3.SEM\u0130NER \u00d6ZET\u0130<\/strong><\/span><\/a><\/p>\n<p><a href=\"https:\/\/klasikdusunceokulu.com\/index.php\/halit-ozkan-muvatta-okumalari-4-seminer-ozeti\/\"><span style=\"color: #3b5163;\"><strong>HAL\u0130T \u00d6ZKAN: MUVATTA OKUMALARI 4.SEM\u0130NER \u00d6ZET\u0130<\/strong><\/span><\/a><\/p>\n<p><a href=\"https:\/\/klasikdusunceokulu.com\/index.php\/halit-ozkan-muvatta-okumalari-5-seminer-ozeti\/\"><span style=\"color: #3b5163;\"><strong>HAL\u0130T \u00d6ZKAN: MUVATTA OKUMALARI 5.SEM\u0130NER \u00d6ZET\u0130<\/strong><\/span><\/a><\/p>\n<p><a href=\"https:\/\/klasikdusunceokulu.com\/index.php\/halit-ozkan-muvatta-okumalari-6-seminer-ozeti\/\"><span style=\"color: #3b5163;\"><strong>HAL\u0130T \u00d6ZKAN: MUVATTA OKUMALARI 6.SEM\u0130NER \u00d6ZET\u0130<\/strong><\/span><\/a><\/p>\n<p><a href=\"https:\/\/klasikdusunceokulu.com\/index.php\/halit-ozkan-muvatta-okumalari-7-seminer-ozeti\/\"><span style=\"color: #3b5163;\"><strong>HAL\u0130T \u00d6ZKAN: MUVATTA OKUMALARI 7.SEM\u0130NER \u00d6ZET\u0130<\/strong><\/span><\/a><\/p>\n<p><a href=\"https:\/\/klasikdusunceokulu.com\/index.php\/halit-ozkan-muvatta-okumalari-8-seminer-ozeti\/\"><span style=\"color: #3b5163;\"><strong>HAL\u0130T \u00d6ZKAN: MUVATTA OKUMALARI 8.SEM\u0130NER \u00d6ZET\u0130<\/strong><\/span><\/a><\/p>\n<p><a href=\"https:\/\/klasikdusunceokulu.com\/index.php\/halit-ozkan-muvatta-okumalari-9-seminer-ozeti\/\"><span style=\"color: #3b5163;\"><strong>HAL\u0130T \u00d6ZKAN: MUVATTA OKUMALARI 9.SEM\u0130NER \u00d6ZET\u0130<\/strong><\/span><\/a><\/p>\n<p><a href=\"https:\/\/klasikdusunceokulu.com\/index.php\/halit-ozkan-muvatta-okumalari-10-seminer-ozeti\/\"><span style=\"color: #3b5163;\"><strong>HAL\u0130T \u00d6ZKAN: MUVATTA OKUMALARI 10.SEM\u0130NER \u00d6ZET\u0130<\/strong><\/span><\/a><\/p>\n<p><a href=\"https:\/\/klasikdusunceokulu.com\/index.php\/halit-ozkan-muvatta-okumalari-11-seminer-ozeti\/\"><span style=\"color: #3b5163;\"><strong>HAL\u0130T \u00d6ZKAN: MUVATTA OKUMALARI 11.SEM\u0130NER \u00d6ZET\u0130<\/strong><\/span><\/a><\/p>\n<p><a href=\"https:\/\/klasikdusunceokulu.com\/index.php\/halit-ozkan-muvatta-okumalari-12-seminer-ozeti\/\"><span style=\"color: #3b5163;\"><strong>HAL\u0130T \u00d6ZKAN: MUVATTA OKUMALARI 12.SEM\u0130NER \u00d6ZET\u0130<\/strong><\/span><\/a><\/p>\n<p><a href=\"https:\/\/klasikdusunceokulu.com\/index.php\/halit-ozkan-muvatta-okumalari-13-seminer-ozeti\/\"><span style=\"color: #3b5163;\"><strong>HAL\u0130T \u00d6ZKAN: MUVATTA OKUMALARI 13.SEM\u0130NER \u00d6ZET\u0130<\/strong><\/span><\/a><\/p>\n<p><a href=\"https:\/\/klasikdusunceokulu.com\/index.php\/halit-ozkan-muvatta-okumalari-14-seminer-ozeti\/\"><span style=\"color: #3b5163;\"><strong>HAL\u0130T \u00d6ZKAN: MUVATTA OKUMALARI 14.SEM\u0130NER \u00d6ZET\u0130<\/strong><\/span><\/a><\/p>\n<p><a href=\"https:\/\/klasikdusunceokulu.com\/index.php\/halit-ozkan-muvatta-okumalari-15-seminer-ozeti\/\"><span style=\"color: #3b5163;\"><strong>HAL\u0130T \u00d6ZKAN: MUVATTA OKUMALARI 15.SEM\u0130NER \u00d6ZET\u0130<\/strong><\/span><\/a><\/p>\n<p><a href=\"https:\/\/klasikdusunceokulu.com\/index.php\/halit-ozkan-muvatta-okumalari-16-seminer-ozeti\/\"><span style=\"color: #3b5163;\"><strong>HAL\u0130T \u00d6ZKAN: MUVATTA OKUMALARI 16.SEM\u0130NER \u00d6ZET\u0130<\/strong><\/span><\/a><\/p>\n<p><a href=\"https:\/\/klasikdusunceokulu.com\/index.php\/halit-ozkan-muvatta-okumalari-17-seminer-ozeti\/\"><span style=\"color: #3b5163;\"><strong>HAL\u0130T \u00d6ZKAN: MUVATTA OKUMALARI 17.SEM\u0130NER \u00d6ZET\u0130<\/strong><\/span><\/a><\/p>\n<p><a href=\"https:\/\/klasikdusunceokulu.com\/index.php\/halit-ozkan-muvatta-okumalari-18-seminer-ozeti\/\"><span style=\"color: #3b5163;\"><strong>HAL\u0130T \u00d6ZKAN: MUVATTA OKUMALARI 18.SEM\u0130NER \u00d6ZET\u0130<\/strong><\/span><\/a><\/p>\n<p><a href=\"https:\/\/klasikdusunceokulu.com\/index.php\/halit-ozkan-muvatta-okumalari-19-seminer-ozeti\/\"><span style=\"color: #3b5163;\"><strong>HAL\u0130T \u00d6ZKAN: MUVATTA OKUMALARI 19.SEM\u0130NER \u00d6ZET\u0130<\/strong><\/span><\/a><\/p>\n<p><a href=\"https:\/\/klasikdusunceokulu.com\/index.php\/halit-ozkan-muvatta-okumalari-20-seminer-ozeti\/\"><span style=\"color: #3b5163;\"><strong>HAL\u0130T \u00d6ZKAN: MUVATTA OKUMALARI 20.SEM\u0130NER \u00d6ZET\u0130<\/strong><\/span><\/a><\/p>\n<p><a href=\"https:\/\/klasikdusunceokulu.com\/index.php\/halit-ozkan-muvatta-okumalari-21-seminer-ozeti\/\"><span style=\"color: #3b5163;\"><strong>HAL\u0130T \u00d6ZKAN: MUVATTA OKUMALARI 21.SEM\u0130NER \u00d6ZET\u0130<\/strong><\/span><\/a><\/p>\n<p><a href=\"https:\/\/klasikdusunceokulu.com\/index.php\/halit-ozkan-muvatta-okumalari-22-seminer-ozeti\/\"><span style=\"color: #3b5163;\"><strong>HAL\u0130T \u00d6ZKAN: MUVATTA OKUMALARI 22.SEM\u0130NER \u00d6ZET\u0130<\/strong><\/span><\/a><\/p>\n<p><a href=\"https:\/\/klasikdusunceokulu.com\/index.php\/halit-ozkan-muvatta-okumalari-23-seminer-ozeti\/\"><span style=\"color: #3b5163;\"><strong>HAL\u0130T \u00d6ZKAN: MUVATTA OKUMALARI 23.SEM\u0130NER \u00d6ZET\u0130<\/strong><\/span><\/a><\/p>\n<p><a href=\"https:\/\/klasikdusunceokulu.com\/index.php\/halit-ozkan-muvatta-okumalari-24-seminer-ozeti\/\"><span style=\"color: #3b5163;\"><strong>HAL\u0130T \u00d6ZKAN: MUVATTA OKUMALARI 24.SEM\u0130NER \u00d6ZET\u0130<\/strong><\/span><\/a><\/p>\n<p><span style=\"color: #3b5163;\"><strong>HAL\u0130T \u00d6ZKAN: MUVATTA OKUMALARI 25.SEM\u0130NER \u00d6ZET\u0130<\/strong><\/span><\/p>\n<p><a href=\"https:\/\/klasikdusunceokulu.com\/index.php\/halit-ozkan-muvatta-okumalari-26-seminer-ozeti\/\"><span style=\"color: #3b5163;\"><strong>HAL\u0130T \u00d6ZKAN: MUVATTA OKUMALARI 26.SEM\u0130NER \u00d6ZET\u0130<\/strong><\/span><\/a><\/p>\n<p><a href=\"https:\/\/klasikdusunceokulu.com\/index.php\/halit-ozkan-muvatta-okumalari-27-seminer-ozeti\/\"><span style=\"color: #3b5163;\"><strong>HAL\u0130T \u00d6ZKAN: MUVATTA OKUMALARI 27.SEM\u0130NER \u00d6ZET\u0130<\/strong><\/span><\/a><\/p>\n<p><a href=\"https:\/\/klasikdusunceokulu.com\/index.php\/halit-ozkan-muvatta-okumalari-28-seminer-ozeti\/\"><span style=\"color: #3b5163;\"><strong>HAL\u0130T \u00d6ZKAN: MUVATTA OKUMALARI 28.SEM\u0130NER \u00d6ZET\u0130<\/strong><\/span><\/a><\/p>\n<p><span style=\"color: #3b5163;\"><strong>HAL\u0130T \u00d6ZKAN: MUVATTA OKUMALARI 29.SEM\u0130NER \u00d6ZET\u0130<\/strong><\/span><\/p>\n<p><a href=\"https:\/\/klasikdusunceokulu.com\/index.php\/halit-ozkan-muvatta-okumalari-30-seminer-ozeti\/\"><span style=\"color: #3b5163;\"><strong>HAL\u0130T \u00d6ZKAN: MUVATTA OKUMALARI 30.SEM\u0130NER \u00d6ZET\u0130<\/strong><\/span><\/a><\/p>\n<p><a href=\"https:\/\/klasikdusunceokulu.com\/index.php\/halit-ozkan-muvatta-okumalari-31-seminer-ozeti\/\"><span style=\"color: #3b5163;\"><strong>HAL\u0130T \u00d6ZKAN: MUVATTA OKUMALARI 31.SEM\u0130NER \u00d6ZET\u0130<\/strong><\/span><\/a><\/p>\n<p><a href=\"https:\/\/klasikdusunceokulu.com\/index.php\/halit-ozkan-muvatta-okumalari-32-seminer-ozeti\/\"><span style=\"color: #3b5163;\"><strong>HAL\u0130T \u00d6ZKAN: MUVATTA OKUMALARI 32.SEM\u0130NER \u00d6ZET\u0130<\/strong><\/span><\/a><\/p>\n","protected":false},"excerpt":{"rendered":"<p>HAL\u0130T \u00d6ZKAN: MUVATTA OKUMALARI 1.SEM\u0130NER \u00d6ZET\u0130 HAL\u0130T \u00d6ZKAN: MUVATTA OKUMALARI [&hellip;]<\/p>\n","protected":false},"author":1,"featured_media":0,"parent":0,"menu_order":0,"comment_status":"closed","ping_status":"closed","template":"","meta":{"footnotes":""},"class_list":["post-6398","page","type-page","status-publish","hentry"],"jetpack_sharing_enabled":true,"_links":{"self":[{"href":"https:\/\/klasikdusunceokulu.com\/index.php\/wp-json\/wp\/v2\/pages\/6398","targetHints":{"allow":["GET"]}}],"collection":[{"href":"https:\/\/klasikdusunceokulu.com\/index.php\/wp-json\/wp\/v2\/pages"}],"about":[{"href":"https:\/\/klasikdusunceokulu.com\/index.php\/wp-json\/wp\/v2\/types\/page"}],"author":[{"embeddable":true,"href":"https:\/\/klasikdusunceokulu.com\/index.php\/wp-json\/wp\/v2\/users\/1"}],"replies":[{"embeddable":true,"href":"https:\/\/klasikdusunceokulu.com\/index.php\/wp-json\/wp\/v2\/comments?post=6398"}],"version-history":[{"count":1,"href":"https:\/\/klasikdusunceokulu.com\/index.php\/wp-json\/wp\/v2\/pages\/6398\/revisions"}],"predecessor-version":[{"id":6465,"href":"https:\/\/klasikdusunceokulu.com\/index.php\/wp-json\/wp\/v2\/pages\/6398\/revisions\/6465"}],"wp:attachment":[{"href":"https:\/\/klasikdusunceokulu.com\/index.php\/wp-json\/wp\/v2\/media?parent=6398"}],"curies":[{"name":"wp","href":"https:\/\/api.w.org\/{rel}","templated":true}]}}