{"id":6496,"date":"2025-07-16T12:08:59","date_gmt":"2025-07-16T09:08:59","guid":{"rendered":"https:\/\/klasikdusunceokulu.com\/?page_id=6496"},"modified":"2025-07-16T12:13:22","modified_gmt":"2025-07-16T09:13:22","slug":"hayrettin-nebi-gudekli-el-esari-istihsanul-havz","status":"publish","type":"page","link":"https:\/\/klasikdusunceokulu.com\/index.php\/hayrettin-nebi-gudekli-el-esari-istihsanul-havz\/","title":{"rendered":"Hayrettin Nebi G\u00fcdekli: el-E\u015f&#8217;ar\u00ee, \u0130stihs\u00e2n\u00fc&#8217;l-Havz"},"content":{"rendered":"<p><a href=\"https:\/\/klasikdusunceokulu.com\/index.php\/hayrettin-nebi-gudekli-el-esari-istihsanul-havz-1-seminer-ozeti\/\"><span style=\"color: #3b5163;\"><strong>HAYRETT\u0130N NEB\u0130 G\u00dcDEKL\u0130: el-E\u015e&#8217;AR\u00ce, \u0130ST\u0130HS\u00c2N\u00dc&#8217;L-HAVZ 1. SEM\u0130NER \u00d6ZET\u0130<\/strong><\/span><\/a><\/p>\n<p><a href=\"https:\/\/klasikdusunceokulu.com\/index.php\/hayrettin-nebi-gudekli-el-esari-istihsanul-havz-2-seminer-ozeti\/\"><span style=\"color: #3b5163;\"><strong>HAYRETT\u0130N NEB\u0130 G\u00dcDEKL\u0130: el-E\u015e&#8217;AR\u00ce, \u0130ST\u0130HS\u00c2N\u00dc&#8217;L-HAVZ 2. SEM\u0130NER \u00d6ZET\u0130<\/strong><\/span><\/a><\/p>\n<p><a href=\"https:\/\/klasikdusunceokulu.com\/index.php\/hayrettin-nebi-gudekli-el-esari-istihsanul-havz-3-seminer-ozeti\/\"><span style=\"color: #3b5163;\"><strong>HAYRETT\u0130N NEB\u0130 G\u00dcDEKL\u0130: el-E\u015e&#8217;AR\u00ce, \u0130ST\u0130HS\u00c2N\u00dc&#8217;L-HAVZ 3. SEM\u0130NER \u00d6ZET\u0130<\/strong><\/span><\/a><\/p>\n<p><a href=\"https:\/\/klasikdusunceokulu.com\/index.php\/hayrettin-nebi-gudekli-el-esari-istihsanul-havz-4-seminer-ozeti\/\"><span style=\"color: #3b5163;\"><strong>HAYRETT\u0130N NEB\u0130 G\u00dcDEKL\u0130: el-E\u015e&#8217;AR\u00ce, \u0130ST\u0130HS\u00c2N\u00dc&#8217;L-HAVZ 4. SEM\u0130NER \u00d6ZET\u0130<\/strong><\/span><\/a><\/p>\n","protected":false},"excerpt":{"rendered":"<p>HAYRETT\u0130N NEB\u0130 G\u00dcDEKL\u0130: el-E\u015e&#8217;AR\u00ce, \u0130ST\u0130HS\u00c2N\u00dc&#8217;L-HAVZ 1. SEM\u0130NER \u00d6ZET\u0130 HAYRETT\u0130N NEB\u0130 [&hellip;]<\/p>\n","protected":false},"author":1,"featured_media":0,"parent":0,"menu_order":0,"comment_status":"closed","ping_status":"closed","template":"","meta":{"footnotes":""},"class_list":["post-6496","page","type-page","status-publish","hentry"],"jetpack_sharing_enabled":true,"_links":{"self":[{"href":"https:\/\/klasikdusunceokulu.com\/index.php\/wp-json\/wp\/v2\/pages\/6496","targetHints":{"allow":["GET"]}}],"collection":[{"href":"https:\/\/klasikdusunceokulu.com\/index.php\/wp-json\/wp\/v2\/pages"}],"about":[{"href":"https:\/\/klasikdusunceokulu.com\/index.php\/wp-json\/wp\/v2\/types\/page"}],"author":[{"embeddable":true,"href":"https:\/\/klasikdusunceokulu.com\/index.php\/wp-json\/wp\/v2\/users\/1"}],"replies":[{"embeddable":true,"href":"https:\/\/klasikdusunceokulu.com\/index.php\/wp-json\/wp\/v2\/comments?post=6496"}],"version-history":[{"count":3,"href":"https:\/\/klasikdusunceokulu.com\/index.php\/wp-json\/wp\/v2\/pages\/6496\/revisions"}],"predecessor-version":[{"id":6509,"href":"https:\/\/klasikdusunceokulu.com\/index.php\/wp-json\/wp\/v2\/pages\/6496\/revisions\/6509"}],"wp:attachment":[{"href":"https:\/\/klasikdusunceokulu.com\/index.php\/wp-json\/wp\/v2\/media?parent=6496"}],"curies":[{"name":"wp","href":"https:\/\/api.w.org\/{rel}","templated":true}]}}