{"id":6507,"date":"2025-07-16T12:12:34","date_gmt":"2025-07-16T09:12:34","guid":{"rendered":"https:\/\/klasikdusunceokulu.com\/?page_id=6507"},"modified":"2025-07-16T12:12:34","modified_gmt":"2025-07-16T09:12:34","slug":"hayrettin-nebi-gudekli-el-esari-istihsanul-havz-4-seminer-ozeti","status":"publish","type":"page","link":"https:\/\/klasikdusunceokulu.com\/index.php\/hayrettin-nebi-gudekli-el-esari-istihsanul-havz-4-seminer-ozeti\/","title":{"rendered":"HAYRETT\u0130N NEB\u0130 G\u00dcDEKL\u0130: el-E\u015e&#8217;AR\u00ce, \u0130ST\u0130HS\u00c2N\u00dc&#8217;L-HAVZ 4. SEM\u0130NER \u00d6ZET\u0130"},"content":{"rendered":"<p><span style=\"color: #333333;\"><strong>HAYRETT\u0130N NEB\u0130 G\u00dcDEKL\u0130: el-E\u015e&#8217;AR\u00ce, \u0130ST\u0130HS\u00c2N\u00dc&#8217;L-HAVZ 4. SEM\u0130NER \u00d6ZET\u0130<\/strong><\/span><\/p>\n<p><span style=\"color: #333333;\"><strong>Ana Temalar<\/strong><\/span><\/p>\n<ol>\n<li><span style=\"color: #333333;\"><strong>Allah\u2019\u0131n Kel\u00e2m S\u0131fat\u0131<\/strong><\/span><br \/>\n<span style=\"color: #333333;\">el-E\u015f\u2018ar\u00ee, Allah\u2019\u0131n <em>kel\u00e2m<\/em> s\u0131fat\u0131n\u0131 ezel\u00ee ve z\u00e2t\u00ee bir \u00f6zellik olarak de\u011ferlendirir. Bu s\u0131fat, Allah\u2019\u0131n konu\u015fan bir varl\u0131k oldu\u011funa de\u011fil, konu\u015fma fiilinin O\u2019na \u00f6zg\u00fc ve yarat\u0131lmam\u0131\u015f oldu\u011funa i\u015faret eder.<\/span><\/li>\n<li><span style=\"color: #333333;\"><strong>Kur\u2019\u00e2n\u2019\u0131n Mahiyeti ve Yarat\u0131lmam\u0131\u015fl\u0131\u011f\u0131<\/strong><\/span><br \/>\n<span style=\"color: #333333;\">Kel\u00e2m s\u0131fat\u0131n\u0131n en \u00f6nemli yans\u0131malar\u0131ndan biri Kur\u2019\u00e2n\u2019\u0131n yarat\u0131lmam\u0131\u015f oldu\u011fudur. el-E\u015f\u2018ar\u00ee, Kur\u2019\u00e2n\u2019\u0131n laf\u0131z y\u00f6n\u00fcyle de\u011fil, mana ve z\u00e2t\u00ee niteli\u011fiyle ezel\u00ee oldu\u011funu savunur.<\/span><\/li>\n<li><span style=\"color: #333333;\"><strong>Kel\u00e2m-\u0131 Nefs\u00ee ve Lafz\u00ee Ayr\u0131m\u0131<\/strong><\/span><br \/>\n<span style=\"color: #333333;\">el-E\u015f\u2018ar\u00ee\u2019ye g\u00f6re Allah\u2019\u0131n ger\u00e7ek kel\u00e2m\u0131 (<em>kel\u00e2m-\u0131 nefs\u00ee<\/em>), zihn\u00ee ve lafz\u00ee ifadenin \u00f6tesindedir. Duyulan ve okunan Kur\u2019\u00e2n (<em>kel\u00e2m-\u0131 lafz\u00ee<\/em>) bu i\u00e7sel kel\u00e2m\u0131n temsili bir bi\u00e7imidir.<\/span><\/li>\n<li><span style=\"color: #333333;\"><strong>Mutezile ile Tart\u0131\u015fma Zeminleri<\/strong><\/span><br \/>\n<span style=\"color: #333333;\">el-E\u015f\u2018ar\u00ee, \u00f6zellikle Kur\u2019\u00e2n\u2019\u0131n mahl\u00fbk olup olmad\u0131\u011f\u0131 meselesinde Mutezile\u2019ye kar\u015f\u0131 \u00e7\u0131kar. Ona g\u00f6re bu iddia, Allah\u2019\u0131n s\u0131fatlar\u0131n\u0131 yarat\u0131lm\u0131\u015f varl\u0131klarla s\u0131n\u0131rlamak anlam\u0131na gelir ve tenzih ilkesine ayk\u0131r\u0131d\u0131r.<\/span><\/li>\n<li><span style=\"color: #333333;\"><strong>Vahiy ve \u0130leti\u015fim Arac\u0131l\u0131\u011f\u0131<\/strong><\/span><br \/>\n<span style=\"color: #333333;\">Allah\u2019\u0131n kel\u00e2m s\u0131fat\u0131, vahiy yoluyla peygamberlere ula\u015ft\u0131r\u0131l\u0131r. Bu, Allah\u2019\u0131n kel\u00e2m\u0131n\u0131 mahl\u00fbkata ula\u015ft\u0131rmas\u0131n\u0131n bir arac\u0131d\u0131r, kendisi ise ezel\u00ee ve be\u015fer\u00ee s\u0131n\u0131rlardan m\u00fcnezzehtir.<\/span><\/li>\n<\/ol>\n<p><span style=\"color: #333333;\"><strong>Sonu\u00e7<\/strong><\/span><\/p>\n<p><span style=\"color: #333333;\">Bu seminerde Hayrettin Nebi G\u00fcdekli, el-E\u015f\u2018ar\u00ee\u2019nin kel\u00e2m s\u0131fat\u0131na yakla\u015f\u0131m\u0131n\u0131 sistematik bir bi\u00e7imde analiz eder. Kur\u2019\u00e2n\u2019\u0131n yarat\u0131lmam\u0131\u015fl\u0131\u011f\u0131 ve kel\u00e2m-\u0131 nefs\u00ee kavramlar\u0131, Ehl-i S\u00fcnnet kel\u00e2m\u0131n\u0131n temel yap\u0131 ta\u015flar\u0131n\u0131 olu\u015fturur.<\/span><\/p>\n<p>&nbsp;<\/p>\n<p><span style=\"color: #333333;\"><strong>Ana Temalar<\/strong><\/span><\/p>\n<ol>\n<li><span style=\"color: #333333;\"><strong>Allah\u2019\u0131n Kel\u00e2m S\u0131fat\u0131<\/strong><\/span><br \/>\n<span style=\"color: #333333;\">el-E\u015f\u2018ar\u00ee, Allah\u2019\u0131n <em>kel\u00e2m<\/em> s\u0131fat\u0131n\u0131 ezel\u00ee ve z\u00e2t\u00ee bir \u00f6zellik olarak de\u011ferlendirir. Bu s\u0131fat, Allah\u2019\u0131n konu\u015fan bir varl\u0131k oldu\u011funa de\u011fil, konu\u015fma fiilinin O\u2019na \u00f6zg\u00fc ve yarat\u0131lmam\u0131\u015f oldu\u011funa i\u015faret eder.<\/span><\/li>\n<li><span style=\"color: #333333;\"><strong>Kur\u2019\u00e2n\u2019\u0131n Mahiyeti ve Yarat\u0131lmam\u0131\u015fl\u0131\u011f\u0131<\/strong><\/span><br \/>\n<span style=\"color: #333333;\">Kel\u00e2m s\u0131fat\u0131n\u0131n en \u00f6nemli yans\u0131malar\u0131ndan biri Kur\u2019\u00e2n\u2019\u0131n yarat\u0131lmam\u0131\u015f oldu\u011fudur. el-E\u015f\u2018ar\u00ee, Kur\u2019\u00e2n\u2019\u0131n laf\u0131z y\u00f6n\u00fcyle de\u011fil, mana ve z\u00e2t\u00ee niteli\u011fiyle ezel\u00ee oldu\u011funu savunur.<\/span><\/li>\n<li><span style=\"color: #333333;\"><strong>Kel\u00e2m-\u0131 Nefs\u00ee ve Lafz\u00ee Ayr\u0131m\u0131<\/strong><\/span><br \/>\n<span style=\"color: #333333;\">el-E\u015f\u2018ar\u00ee\u2019ye g\u00f6re Allah\u2019\u0131n ger\u00e7ek kel\u00e2m\u0131 (<em>kel\u00e2m-\u0131 nefs\u00ee<\/em>), zihn\u00ee ve lafz\u00ee ifadenin \u00f6tesindedir. Duyulan ve okunan Kur\u2019\u00e2n (<em>kel\u00e2m-\u0131 lafz\u00ee<\/em>) bu i\u00e7sel kel\u00e2m\u0131n temsili bir bi\u00e7imidir.<\/span><\/li>\n<li><span style=\"color: #333333;\"><strong>Mutezile ile Tart\u0131\u015fma Zeminleri<\/strong><\/span><br \/>\n<span style=\"color: #333333;\">el-E\u015f\u2018ar\u00ee, \u00f6zellikle Kur\u2019\u00e2n\u2019\u0131n mahl\u00fbk olup olmad\u0131\u011f\u0131 meselesinde Mutezile\u2019ye kar\u015f\u0131 \u00e7\u0131kar. Ona g\u00f6re bu iddia, Allah\u2019\u0131n s\u0131fatlar\u0131n\u0131 yarat\u0131lm\u0131\u015f varl\u0131klarla s\u0131n\u0131rlamak anlam\u0131na gelir ve tenzih ilkesine ayk\u0131r\u0131d\u0131r.<\/span><\/li>\n<li><span style=\"color: #333333;\"><strong>Vahiy ve \u0130leti\u015fim Arac\u0131l\u0131\u011f\u0131<\/strong><\/span><br \/>\n<span style=\"color: #333333;\">Allah\u2019\u0131n kel\u00e2m s\u0131fat\u0131, vahiy yoluyla peygamberlere ula\u015ft\u0131r\u0131l\u0131r. Bu, Allah\u2019\u0131n kel\u00e2m\u0131n\u0131 mahl\u00fbkata ula\u015ft\u0131rmas\u0131n\u0131n bir arac\u0131d\u0131r, kendisi ise ezel\u00ee ve be\u015fer\u00ee s\u0131n\u0131rlardan m\u00fcnezzehtir.<\/span><\/li>\n<\/ol>\n<p><span style=\"color: #333333;\"><strong>Sonu\u00e7<\/strong><\/span><\/p>\n<p><span style=\"color: #333333;\">Bu seminerde Hayrettin Nebi G\u00fcdekli, el-E\u015f\u2018ar\u00ee\u2019nin kel\u00e2m s\u0131fat\u0131na yakla\u015f\u0131m\u0131n\u0131 sistematik bir bi\u00e7imde analiz eder. Kur\u2019\u00e2n\u2019\u0131n yarat\u0131lmam\u0131\u015fl\u0131\u011f\u0131 ve kel\u00e2m-\u0131 nefs\u00ee kavramlar\u0131, Ehl-i S\u00fcnnet kel\u00e2m\u0131n\u0131n temel yap\u0131 ta\u015flar\u0131n\u0131 olu\u015fturur.<\/span><\/p>\n<p>&nbsp;<\/p>\n","protected":false},"excerpt":{"rendered":"<p>HAYRETT\u0130N NEB\u0130 G\u00dcDEKL\u0130: el-E\u015e&#8217;AR\u00ce, \u0130ST\u0130HS\u00c2N\u00dc&#8217;L-HAVZ 4. SEM\u0130NER \u00d6ZET\u0130 Ana Temalar [&hellip;]<\/p>\n","protected":false},"author":1,"featured_media":0,"parent":0,"menu_order":0,"comment_status":"closed","ping_status":"closed","template":"","meta":{"footnotes":""},"class_list":["post-6507","page","type-page","status-publish","hentry"],"jetpack_sharing_enabled":true,"_links":{"self":[{"href":"https:\/\/klasikdusunceokulu.com\/index.php\/wp-json\/wp\/v2\/pages\/6507","targetHints":{"allow":["GET"]}}],"collection":[{"href":"https:\/\/klasikdusunceokulu.com\/index.php\/wp-json\/wp\/v2\/pages"}],"about":[{"href":"https:\/\/klasikdusunceokulu.com\/index.php\/wp-json\/wp\/v2\/types\/page"}],"author":[{"embeddable":true,"href":"https:\/\/klasikdusunceokulu.com\/index.php\/wp-json\/wp\/v2\/users\/1"}],"replies":[{"embeddable":true,"href":"https:\/\/klasikdusunceokulu.com\/index.php\/wp-json\/wp\/v2\/comments?post=6507"}],"version-history":[{"count":1,"href":"https:\/\/klasikdusunceokulu.com\/index.php\/wp-json\/wp\/v2\/pages\/6507\/revisions"}],"predecessor-version":[{"id":6508,"href":"https:\/\/klasikdusunceokulu.com\/index.php\/wp-json\/wp\/v2\/pages\/6507\/revisions\/6508"}],"wp:attachment":[{"href":"https:\/\/klasikdusunceokulu.com\/index.php\/wp-json\/wp\/v2\/media?parent=6507"}],"curies":[{"name":"wp","href":"https:\/\/api.w.org\/{rel}","templated":true}]}}