{"id":6511,"date":"2025-07-16T13:24:58","date_gmt":"2025-07-16T10:24:58","guid":{"rendered":"https:\/\/klasikdusunceokulu.com\/?page_id=6511"},"modified":"2025-07-16T13:24:58","modified_gmt":"2025-07-16T10:24:58","slug":"hayrettin-nebi-gudekli-sabuni-el-bidaye-okumalari","status":"publish","type":"page","link":"https:\/\/klasikdusunceokulu.com\/index.php\/hayrettin-nebi-gudekli-sabuni-el-bidaye-okumalari\/","title":{"rendered":"Hayrettin Nebi G\u00fcdekli, S\u00e2b\u00fbn\u00ee, el-Bid\u00e2ye Okumalar\u0131"},"content":{"rendered":"<p><a href=\"https:\/\/klasikdusunceokulu.com\/index.php\/hayrettin-nebi-gudeklisabuni-el-bidaye-okumalari-1-seminer-ozeti\/\"><span style=\"color: #3b5163;\"><strong>HAYRETT\u0130N NEB\u0130 G\u00dcDEKL\u0130,S\u00c2B\u00dbN\u00ce, el-B\u0130D\u00c2YE OKUMALARI 1. SEM\u0130NER \u00d6ZET\u0130<\/strong><\/span><\/a><\/p>\n<p><a href=\"https:\/\/klasikdusunceokulu.com\/index.php\/hayrettin-nebi-gudeklisabuni-el-bidaye-okumalari-2-seminer-ozeti\/\"><span style=\"color: #3b5163;\"><strong>HAYRETT\u0130N NEB\u0130 G\u00dcDEKL\u0130,S\u00c2B\u00dbN\u00ce, el-B\u0130D\u00c2YE OKUMALARI 2. SEM\u0130NER \u00d6ZET\u0130<\/strong><\/span><\/a><\/p>\n<p><a href=\"https:\/\/klasikdusunceokulu.com\/index.php\/hayrettin-nebi-gudeklisabuni-el-bidaye-okumalari-3-seminer-ozeti\/\"><span style=\"color: #3b5163;\"><strong>HAYRETT\u0130N NEB\u0130 G\u00dcDEKL\u0130,S\u00c2B\u00dbN\u00ce, el-B\u0130D\u00c2YE OKUMALARI 3. SEM\u0130NER \u00d6ZET\u0130<\/strong><\/span><\/a><\/p>\n<p><a href=\"https:\/\/klasikdusunceokulu.com\/index.php\/hayrettin-nebi-gudeklisabuni-el-bidaye-okumalari-4-seminer-ozeti\/\"><span style=\"color: #3b5163;\"><strong>HAYRETT\u0130N NEB\u0130 G\u00dcDEKL\u0130,S\u00c2B\u00dbN\u00ce, el-B\u0130D\u00c2YE OKUMALARI 4. SEM\u0130NER \u00d6ZET\u0130<\/strong><\/span><\/a><\/p>\n<p><a href=\"https:\/\/klasikdusunceokulu.com\/index.php\/hayrettin-nebi-gudeklisabuni-el-bidaye-okumalari-5-seminer-ozeti\/\"><span style=\"color: #3b5163;\"><strong>HAYRETT\u0130N NEB\u0130 G\u00dcDEKL\u0130,S\u00c2B\u00dbN\u00ce, el-B\u0130D\u00c2YE OKUMALARI 5. SEM\u0130NER \u00d6ZET\u0130<\/strong><\/span><\/a><\/p>\n","protected":false},"excerpt":{"rendered":"<p>HAYRETT\u0130N NEB\u0130 G\u00dcDEKL\u0130,S\u00c2B\u00dbN\u00ce, el-B\u0130D\u00c2YE OKUMALARI 1. SEM\u0130NER \u00d6ZET\u0130 HAYRETT\u0130N NEB\u0130 [&hellip;]<\/p>\n","protected":false},"author":1,"featured_media":0,"parent":0,"menu_order":0,"comment_status":"closed","ping_status":"closed","template":"","meta":{"footnotes":""},"class_list":["post-6511","page","type-page","status-publish","hentry"],"jetpack_sharing_enabled":true,"_links":{"self":[{"href":"https:\/\/klasikdusunceokulu.com\/index.php\/wp-json\/wp\/v2\/pages\/6511","targetHints":{"allow":["GET"]}}],"collection":[{"href":"https:\/\/klasikdusunceokulu.com\/index.php\/wp-json\/wp\/v2\/pages"}],"about":[{"href":"https:\/\/klasikdusunceokulu.com\/index.php\/wp-json\/wp\/v2\/types\/page"}],"author":[{"embeddable":true,"href":"https:\/\/klasikdusunceokulu.com\/index.php\/wp-json\/wp\/v2\/users\/1"}],"replies":[{"embeddable":true,"href":"https:\/\/klasikdusunceokulu.com\/index.php\/wp-json\/wp\/v2\/comments?post=6511"}],"version-history":[{"count":1,"href":"https:\/\/klasikdusunceokulu.com\/index.php\/wp-json\/wp\/v2\/pages\/6511\/revisions"}],"predecessor-version":[{"id":6522,"href":"https:\/\/klasikdusunceokulu.com\/index.php\/wp-json\/wp\/v2\/pages\/6511\/revisions\/6522"}],"wp:attachment":[{"href":"https:\/\/klasikdusunceokulu.com\/index.php\/wp-json\/wp\/v2\/media?parent=6511"}],"curies":[{"name":"wp","href":"https:\/\/api.w.org\/{rel}","templated":true}]}}