{"id":6525,"date":"2025-07-16T13:47:04","date_gmt":"2025-07-16T10:47:04","guid":{"rendered":"https:\/\/klasikdusunceokulu.com\/?page_id=6525"},"modified":"2025-07-16T13:50:32","modified_gmt":"2025-07-16T10:50:32","slug":"hayrettin-nebi-gudekli-el-maturidi-kitabut-tevhid-okumalari","status":"publish","type":"page","link":"https:\/\/klasikdusunceokulu.com\/index.php\/hayrettin-nebi-gudekli-el-maturidi-kitabut-tevhid-okumalari\/","title":{"rendered":"Hayrettin Nebi G\u00fcdekli, el-M\u00e2t\u00fcr\u00eed\u00ee, Kitab\u00fc&#8217;t-Tevhid Okumalar\u0131"},"content":{"rendered":"<p><a href=\"https:\/\/klasikdusunceokulu.com\/index.php\/hayrettin-nebi-gudekli-el-maturidi-kitabut-tevhid-okumalari-1-seminer-ozeti\/\"><span style=\"color: #3b5163;\"><strong>HAYRETT\u0130N NEB\u0130 G\u00dcDEKL\u0130: el-M\u00c2T\u00dcR\u00ceD\u00ce, K\u0130TAB\u00dc&#8217;T-TEVH\u0130D OKUMALARI 1. SEM\u0130NER \u00d6ZET\u0130<\/strong><\/span><\/a><\/p>\n<p><a href=\"https:\/\/klasikdusunceokulu.com\/index.php\/hayrettin-nebi-gudekli-el-maturidi-kitabut-tevhid-okumalari-2-seminer-ozeti\/\"><span style=\"color: #3b5163;\"><strong>HAYRETT\u0130N NEB\u0130 G\u00dcDEKL\u0130: el-M\u00c2T\u00dcR\u00ceD\u00ce, K\u0130TAB\u00dc&#8217;T-TEVH\u0130D OKUMALARI 2. SEM\u0130NER \u00d6ZET\u0130<\/strong><\/span><\/a><\/p>\n<p><a href=\"https:\/\/klasikdusunceokulu.com\/index.php\/hayrettin-nebi-gudekli-el-maturidi-kitabut-tevhid-okumalari-3-seminer-ozeti\/\"><span style=\"color: #3b5163;\"><strong>HAYRETT\u0130N NEB\u0130 G\u00dcDEKL\u0130: el-M\u00c2T\u00dcR\u00ceD\u00ce, K\u0130TAB\u00dc&#8217;T-TEVH\u0130D OKUMALARI 3. SEM\u0130NER \u00d6ZET\u0130<\/strong><\/span><\/a><\/p>\n<p><a href=\"https:\/\/klasikdusunceokulu.com\/index.php\/hayrettin-nebi-gudekli-el-maturidi-kitabut-tevhid-okumalari-4-seminer-ozeti\/\"><span style=\"color: #3b5163;\"><strong>HAYRETT\u0130N NEB\u0130 G\u00dcDEKL\u0130: el-M\u00c2T\u00dcR\u00ceD\u00ce, K\u0130TAB\u00dc&#8217;T-TEVH\u0130D OKUMALARI 4. SEM\u0130NER \u00d6ZET\u0130<\/strong><\/span><\/a><\/p>\n<p>&nbsp;<\/p>\n<p>&nbsp;<\/p>\n","protected":false},"excerpt":{"rendered":"<p>HAYRETT\u0130N NEB\u0130 G\u00dcDEKL\u0130: el-M\u00c2T\u00dcR\u00ceD\u00ce, K\u0130TAB\u00dc&#8217;T-TEVH\u0130D OKUMALARI 1. SEM\u0130NER \u00d6ZET\u0130 HAYRETT\u0130N [&hellip;]<\/p>\n","protected":false},"author":1,"featured_media":0,"parent":0,"menu_order":0,"comment_status":"closed","ping_status":"closed","template":"","meta":{"footnotes":""},"class_list":["post-6525","page","type-page","status-publish","hentry"],"jetpack_sharing_enabled":true,"_links":{"self":[{"href":"https:\/\/klasikdusunceokulu.com\/index.php\/wp-json\/wp\/v2\/pages\/6525","targetHints":{"allow":["GET"]}}],"collection":[{"href":"https:\/\/klasikdusunceokulu.com\/index.php\/wp-json\/wp\/v2\/pages"}],"about":[{"href":"https:\/\/klasikdusunceokulu.com\/index.php\/wp-json\/wp\/v2\/types\/page"}],"author":[{"embeddable":true,"href":"https:\/\/klasikdusunceokulu.com\/index.php\/wp-json\/wp\/v2\/users\/1"}],"replies":[{"embeddable":true,"href":"https:\/\/klasikdusunceokulu.com\/index.php\/wp-json\/wp\/v2\/comments?post=6525"}],"version-history":[{"count":3,"href":"https:\/\/klasikdusunceokulu.com\/index.php\/wp-json\/wp\/v2\/pages\/6525\/revisions"}],"predecessor-version":[{"id":6536,"href":"https:\/\/klasikdusunceokulu.com\/index.php\/wp-json\/wp\/v2\/pages\/6525\/revisions\/6536"}],"wp:attachment":[{"href":"https:\/\/klasikdusunceokulu.com\/index.php\/wp-json\/wp\/v2\/media?parent=6525"}],"curies":[{"name":"wp","href":"https:\/\/api.w.org\/{rel}","templated":true}]}}