{"id":6538,"date":"2025-07-16T13:55:11","date_gmt":"2025-07-16T10:55:11","guid":{"rendered":"https:\/\/klasikdusunceokulu.com\/?page_id=6538"},"modified":"2025-07-16T13:55:11","modified_gmt":"2025-07-16T10:55:11","slug":"osman-demir-maturidi-kitabut-tevhid-okumalari","status":"publish","type":"page","link":"https:\/\/klasikdusunceokulu.com\/index.php\/osman-demir-maturidi-kitabut-tevhid-okumalari\/","title":{"rendered":"Osman Demir, M\u00e2t\u00fcr\u00eed\u00ee, Kit\u00e2b\u00fc\u2019t Tevh\u00eed Okumalar\u0131"},"content":{"rendered":"<p><strong>OSMAN DEM\u0130R: el-M\u00c2T\u00dcR\u00ceD\u00ce, K\u0130TAB\u00dc&#8217;T-TEVH\u0130D OKUMALARI 1. SEM\u0130NER \u00d6ZET\u0130<\/strong><\/p>\n<p><strong>OSMAN DEM\u0130R: el-M\u00c2T\u00dcR\u00ceD\u00ce, K\u0130TAB\u00dc&#8217;T-TEVH\u0130D OKUMALARI 2. SEM\u0130NER \u00d6ZET\u0130<\/strong><\/p>\n<p><strong>OSMAN DEM\u0130R: el-M\u00c2T\u00dcR\u00ceD\u00ce, K\u0130TAB\u00dc&#8217;T-TEVH\u0130D OKUMALARI 3. SEM\u0130NER \u00d6ZET\u0130<\/strong><\/p>\n<p><strong>OSMAN DEM\u0130R: el-M\u00c2T\u00dcR\u00ceD\u00ce, K\u0130TAB\u00dc&#8217;T-TEVH\u0130D OKUMALARI 4. SEM\u0130NER \u00d6ZET\u0130<\/strong><\/p>\n<p><strong>OSMAN DEM\u0130R: el-M\u00c2T\u00dcR\u00ceD\u00ce, K\u0130TAB\u00dc&#8217;T-TEVH\u0130D OKUMALARI 5. SEM\u0130NER \u00d6ZET\u0130<\/strong><\/p>\n<p><strong>OSMAN DEM\u0130R: el-M\u00c2T\u00dcR\u00ceD\u00ce, K\u0130TAB\u00dc&#8217;T-TEVH\u0130D OKUMALARI 6. SEM\u0130NER \u00d6ZET\u0130<\/strong><\/p>\n<p><strong>OSMAN DEM\u0130R: el-M\u00c2T\u00dcR\u00ceD\u00ce, K\u0130TAB\u00dc&#8217;T-TEVH\u0130D OKUMALARI 7. SEM\u0130NER \u00d6ZET\u0130<\/strong><\/p>\n","protected":false},"excerpt":{"rendered":"<p>OSMAN DEM\u0130R: el-M\u00c2T\u00dcR\u00ceD\u00ce, K\u0130TAB\u00dc&#8217;T-TEVH\u0130D OKUMALARI 1. SEM\u0130NER \u00d6ZET\u0130 OSMAN DEM\u0130R: [&hellip;]<\/p>\n","protected":false},"author":1,"featured_media":0,"parent":0,"menu_order":0,"comment_status":"closed","ping_status":"closed","template":"","meta":{"footnotes":""},"class_list":["post-6538","page","type-page","status-publish","hentry"],"jetpack_sharing_enabled":true,"_links":{"self":[{"href":"https:\/\/klasikdusunceokulu.com\/index.php\/wp-json\/wp\/v2\/pages\/6538","targetHints":{"allow":["GET"]}}],"collection":[{"href":"https:\/\/klasikdusunceokulu.com\/index.php\/wp-json\/wp\/v2\/pages"}],"about":[{"href":"https:\/\/klasikdusunceokulu.com\/index.php\/wp-json\/wp\/v2\/types\/page"}],"author":[{"embeddable":true,"href":"https:\/\/klasikdusunceokulu.com\/index.php\/wp-json\/wp\/v2\/users\/1"}],"replies":[{"embeddable":true,"href":"https:\/\/klasikdusunceokulu.com\/index.php\/wp-json\/wp\/v2\/comments?post=6538"}],"version-history":[{"count":1,"href":"https:\/\/klasikdusunceokulu.com\/index.php\/wp-json\/wp\/v2\/pages\/6538\/revisions"}],"predecessor-version":[{"id":6541,"href":"https:\/\/klasikdusunceokulu.com\/index.php\/wp-json\/wp\/v2\/pages\/6538\/revisions\/6541"}],"wp:attachment":[{"href":"https:\/\/klasikdusunceokulu.com\/index.php\/wp-json\/wp\/v2\/media?parent=6538"}],"curies":[{"name":"wp","href":"https:\/\/api.w.org\/{rel}","templated":true}]}}