{"id":6542,"date":"2025-07-16T14:04:43","date_gmt":"2025-07-16T11:04:43","guid":{"rendered":"https:\/\/klasikdusunceokulu.com\/?page_id=6542"},"modified":"2025-07-16T14:04:43","modified_gmt":"2025-07-16T11:04:43","slug":"ihsan-fazlioglu-ibnul-heysem-okumalari","status":"publish","type":"page","link":"https:\/\/klasikdusunceokulu.com\/index.php\/ihsan-fazlioglu-ibnul-heysem-okumalari\/","title":{"rendered":"\u0130hsan Fazl\u0131o\u011flu, \u0130bn\u00fc\u2019l-Heysem Okumalar\u0131"},"content":{"rendered":"<p><a href=\"https:\/\/klasikdusunceokulu.com\/index.php\/ihsan-fazlioglu-ibnul-heysem-okumalari-1-seminer-ozeti\/\"><span style=\"color: #3b5163;\"><strong>\u0130HSAN FAZLIO\u011eLU: \u0130BN\u00dc&#8217;L- HEYSEM OKUMALARI 1.SEM\u0130NER \u00d6ZET\u0130<\/strong><\/span><\/a><\/p>\n<p><a href=\"https:\/\/klasikdusunceokulu.com\/index.php\/ihsan-fazlioglu-ibnul-heysem-okumalari-2-seminer-ozeti\/\"><span style=\"color: #3b5163;\"><strong>\u0130HSAN FAZLIO\u011eLU: \u0130BN\u00dc&#8217;L- HEYSEM OKUMALARI 2.SEM\u0130NER \u00d6ZET\u0130<\/strong><\/span><\/a><\/p>\n<p><a href=\"https:\/\/klasikdusunceokulu.com\/index.php\/ihsan-fazlioglu-ibnul-heysem-okumalari-3-seminer-ozeti\/\"><span style=\"color: #3b5163;\"><strong>\u0130HSAN FAZLIO\u011eLU: \u0130BN\u00dc&#8217;L- HEYSEM OKUMALARI 3.SEM\u0130NER \u00d6ZET\u0130<\/strong><\/span><\/a><\/p>\n<p><a href=\"https:\/\/klasikdusunceokulu.com\/index.php\/ihsan-fazlioglu-ibnul-heysem-okumalari-4-seminer-ozeti\/\"><span style=\"color: #3b5163;\"><strong>\u0130HSAN FAZLIO\u011eLU: \u0130BN\u00dc&#8217;L- HEYSEM OKUMALARI 4.SEM\u0130NER \u00d6ZET\u0130<\/strong><\/span><\/a><\/p>\n","protected":false},"excerpt":{"rendered":"<p>\u0130HSAN FAZLIO\u011eLU: \u0130BN\u00dc&#8217;L- HEYSEM OKUMALARI 1.SEM\u0130NER \u00d6ZET\u0130 \u0130HSAN FAZLIO\u011eLU: \u0130BN\u00dc&#8217;L- [&hellip;]<\/p>\n","protected":false},"author":1,"featured_media":0,"parent":0,"menu_order":0,"comment_status":"closed","ping_status":"closed","template":"","meta":{"footnotes":""},"class_list":["post-6542","page","type-page","status-publish","hentry"],"jetpack_sharing_enabled":true,"_links":{"self":[{"href":"https:\/\/klasikdusunceokulu.com\/index.php\/wp-json\/wp\/v2\/pages\/6542","targetHints":{"allow":["GET"]}}],"collection":[{"href":"https:\/\/klasikdusunceokulu.com\/index.php\/wp-json\/wp\/v2\/pages"}],"about":[{"href":"https:\/\/klasikdusunceokulu.com\/index.php\/wp-json\/wp\/v2\/types\/page"}],"author":[{"embeddable":true,"href":"https:\/\/klasikdusunceokulu.com\/index.php\/wp-json\/wp\/v2\/users\/1"}],"replies":[{"embeddable":true,"href":"https:\/\/klasikdusunceokulu.com\/index.php\/wp-json\/wp\/v2\/comments?post=6542"}],"version-history":[{"count":1,"href":"https:\/\/klasikdusunceokulu.com\/index.php\/wp-json\/wp\/v2\/pages\/6542\/revisions"}],"predecessor-version":[{"id":6551,"href":"https:\/\/klasikdusunceokulu.com\/index.php\/wp-json\/wp\/v2\/pages\/6542\/revisions\/6551"}],"wp:attachment":[{"href":"https:\/\/klasikdusunceokulu.com\/index.php\/wp-json\/wp\/v2\/media?parent=6542"}],"curies":[{"name":"wp","href":"https:\/\/api.w.org\/{rel}","templated":true}]}}