{"id":6553,"date":"2025-07-16T15:11:59","date_gmt":"2025-07-16T12:11:59","guid":{"rendered":"https:\/\/klasikdusunceokulu.com\/?page_id=6553"},"modified":"2025-07-16T15:11:59","modified_gmt":"2025-07-16T12:11:59","slug":"ihsan-fazlioglu-kinalizade-ahlak-i-alai-okumalari","status":"publish","type":"page","link":"https:\/\/klasikdusunceokulu.com\/index.php\/ihsan-fazlioglu-kinalizade-ahlak-i-alai-okumalari\/","title":{"rendered":"\u0130hsan Fazl\u0131o\u011flu, K\u0131nal\u0131z\u00e2de, Ahl\u00e2k-\u0131 Al\u00e2&#8217;\u00ee Okumalar\u0131"},"content":{"rendered":"<p><a href=\"https:\/\/klasikdusunceokulu.com\/index.php\/ihsan-fazlioglu-kinalizade-ahlak-i-alai-okumalari-1-seminer-ozeti\/\"><span style=\"color: #3b5163;\"><strong>\u0130HSAN FAZLIO\u011eLU: KINALIZ\u00c2DE, AHL\u00c2K-I AL\u00c2&#8217;\u00ce OKUMALARI 1. SEM\u0130NER \u00d6ZET\u0130<\/strong><\/span><\/a><\/p>\n<p><a href=\"https:\/\/klasikdusunceokulu.com\/index.php\/ihsan-fazlioglu-kinalizade-ahlak-i-alai-okumalari-2-seminer-ozeti\/\"><span style=\"color: #3b5163;\"><strong>\u0130HSAN FAZLIO\u011eLU: KINALIZ\u00c2DE, AHL\u00c2K-I AL\u00c2&#8217;\u00ce OKUMALARI 2. SEM\u0130NER \u00d6ZET\u0130<\/strong><\/span><\/a><\/p>\n<p><a href=\"https:\/\/klasikdusunceokulu.com\/index.php\/ihsan-fazlioglu-kinalizade-ahlak-i-alai-okumalari-3-seminer-ozeti\/\"><span style=\"color: #3b5163;\"><strong>\u0130HSAN FAZLIO\u011eLU: KINALIZ\u00c2DE, AHL\u00c2K-I AL\u00c2&#8217;\u00ce OKUMALARI 3. SEM\u0130NER \u00d6ZET\u0130<\/strong><\/span><\/a><\/p>\n<p><a href=\"https:\/\/klasikdusunceokulu.com\/index.php\/ihsan-fazlioglu-kinalizade-ahlak-i-alai-okumalari-4-seminer-ozeti\/\"><span style=\"color: #3b5163;\"><strong>\u0130HSAN FAZLIO\u011eLU: KINALIZ\u00c2DE, AHL\u00c2K-I AL\u00c2&#8217;\u00ce OKUMALARI 4. SEM\u0130NER \u00d6ZET\u0130<\/strong><\/span><\/a><\/p>\n<p><a href=\"https:\/\/klasikdusunceokulu.com\/index.php\/ihsan-fazlioglu-kinalizade-ahlak-i-alai-okumalari-5-seminer-ozeti\/\"><span style=\"color: #3b5163;\"><strong>\u0130HSAN FAZLIO\u011eLU: KINALIZ\u00c2DE, AHL\u00c2K-I AL\u00c2&#8217;\u00ce OKUMALARI 5. SEM\u0130NER \u00d6ZET\u0130<\/strong><\/span><\/a><\/p>\n<p><a href=\"https:\/\/klasikdusunceokulu.com\/index.php\/ihsan-fazlioglu-kinalizade-ahlak-i-alai-okumalari-6-seminer-ozeti\/\"><span style=\"color: #3b5163;\"><strong>\u0130HSAN FAZLIO\u011eLU: KINALIZ\u00c2DE, AHL\u00c2K-I AL\u00c2&#8217;\u00ce OKUMALARI 6. SEM\u0130NER \u00d6ZET\u0130<\/strong><\/span><\/a><\/p>\n","protected":false},"excerpt":{"rendered":"<p>\u0130HSAN FAZLIO\u011eLU: KINALIZ\u00c2DE, AHL\u00c2K-I AL\u00c2&#8217;\u00ce OKUMALARI 1. SEM\u0130NER \u00d6ZET\u0130 \u0130HSAN [&hellip;]<\/p>\n","protected":false},"author":1,"featured_media":0,"parent":0,"menu_order":0,"comment_status":"closed","ping_status":"closed","template":"","meta":{"footnotes":""},"class_list":["post-6553","page","type-page","status-publish","hentry"],"jetpack_sharing_enabled":true,"_links":{"self":[{"href":"https:\/\/klasikdusunceokulu.com\/index.php\/wp-json\/wp\/v2\/pages\/6553","targetHints":{"allow":["GET"]}}],"collection":[{"href":"https:\/\/klasikdusunceokulu.com\/index.php\/wp-json\/wp\/v2\/pages"}],"about":[{"href":"https:\/\/klasikdusunceokulu.com\/index.php\/wp-json\/wp\/v2\/types\/page"}],"author":[{"embeddable":true,"href":"https:\/\/klasikdusunceokulu.com\/index.php\/wp-json\/wp\/v2\/users\/1"}],"replies":[{"embeddable":true,"href":"https:\/\/klasikdusunceokulu.com\/index.php\/wp-json\/wp\/v2\/comments?post=6553"}],"version-history":[{"count":1,"href":"https:\/\/klasikdusunceokulu.com\/index.php\/wp-json\/wp\/v2\/pages\/6553\/revisions"}],"predecessor-version":[{"id":6567,"href":"https:\/\/klasikdusunceokulu.com\/index.php\/wp-json\/wp\/v2\/pages\/6553\/revisions\/6567"}],"wp:attachment":[{"href":"https:\/\/klasikdusunceokulu.com\/index.php\/wp-json\/wp\/v2\/media?parent=6553"}],"curies":[{"name":"wp","href":"https:\/\/api.w.org\/{rel}","templated":true}]}}