{"id":6635,"date":"2025-07-16T18:50:56","date_gmt":"2025-07-16T15:50:56","guid":{"rendered":"https:\/\/klasikdusunceokulu.com\/?page_id=6635"},"modified":"2025-07-16T18:51:50","modified_gmt":"2025-07-16T15:51:50","slug":"kubra-senel-farabi-okumalari","status":"publish","type":"page","link":"https:\/\/klasikdusunceokulu.com\/index.php\/kubra-senel-farabi-okumalari\/","title":{"rendered":"K\u00fcbra \u015eenel, F\u00e2r\u00e2b\u00ee Okumalar\u0131"},"content":{"rendered":"<p><a href=\"https:\/\/klasikdusunceokulu.com\/index.php\/kubra-senel-farabi-okumalari-1-seminer-ozeti\/\"><span style=\"color: #3b5163;\"><strong>K\u00dcBRA \u015eENEL: F\u00c2R\u00c2B\u0130 OKUMALARI 1. SEM\u0130NER \u00d6ZET\u0130<\/strong><\/span><\/a><\/p>\n<p><a href=\"https:\/\/klasikdusunceokulu.com\/index.php\/kubra-senel-farabi-okumalari-2-seminer-ozeti\/\"><span style=\"color: #3b5163;\"><strong>K\u00dcBRA \u015eENEL: F\u00c2R\u00c2B\u0130 OKUMALARI 2. SEM\u0130NER \u00d6ZET\u0130<\/strong><\/span><\/a><\/p>\n<p><span style=\"color: #3b5163;\"><strong>K\u00dcBRA \u015eENEL: F\u00c2R\u00c2B\u0130 OKUMALARI 3. SEM\u0130NER \u00d6ZET\u0130<\/strong><\/span><\/p>\n<p><a href=\"https:\/\/klasikdusunceokulu.com\/index.php\/kubra-senel-farabi-okumalari-4-seminer-ozeti\/\"><span style=\"color: #3b5163;\"><strong>K\u00dcBRA \u015eENEL: F\u00c2R\u00c2B\u0130 OKUMALARI 4. SEM\u0130NER \u00d6ZET\u0130<\/strong><\/span><\/a><\/p>\n<p><span style=\"color: #3b5163;\"><strong>K\u00dcBRA \u015eENEL: F\u00c2R\u00c2B\u0130 OKUMALARI 5. SEM\u0130NER \u00d6ZET\u0130<\/strong><\/span><\/p>\n","protected":false},"excerpt":{"rendered":"<p>K\u00dcBRA \u015eENEL: F\u00c2R\u00c2B\u0130 OKUMALARI 1. SEM\u0130NER \u00d6ZET\u0130 K\u00dcBRA \u015eENEL: F\u00c2R\u00c2B\u0130 [&hellip;]<\/p>\n","protected":false},"author":1,"featured_media":0,"parent":0,"menu_order":0,"comment_status":"closed","ping_status":"closed","template":"","meta":{"footnotes":""},"class_list":["post-6635","page","type-page","status-publish","hentry"],"jetpack_sharing_enabled":true,"_links":{"self":[{"href":"https:\/\/klasikdusunceokulu.com\/index.php\/wp-json\/wp\/v2\/pages\/6635","targetHints":{"allow":["GET"]}}],"collection":[{"href":"https:\/\/klasikdusunceokulu.com\/index.php\/wp-json\/wp\/v2\/pages"}],"about":[{"href":"https:\/\/klasikdusunceokulu.com\/index.php\/wp-json\/wp\/v2\/types\/page"}],"author":[{"embeddable":true,"href":"https:\/\/klasikdusunceokulu.com\/index.php\/wp-json\/wp\/v2\/users\/1"}],"replies":[{"embeddable":true,"href":"https:\/\/klasikdusunceokulu.com\/index.php\/wp-json\/wp\/v2\/comments?post=6635"}],"version-history":[{"count":2,"href":"https:\/\/klasikdusunceokulu.com\/index.php\/wp-json\/wp\/v2\/pages\/6635\/revisions"}],"predecessor-version":[{"id":6648,"href":"https:\/\/klasikdusunceokulu.com\/index.php\/wp-json\/wp\/v2\/pages\/6635\/revisions\/6648"}],"wp:attachment":[{"href":"https:\/\/klasikdusunceokulu.com\/index.php\/wp-json\/wp\/v2\/media?parent=6635"}],"curies":[{"name":"wp","href":"https:\/\/api.w.org\/{rel}","templated":true}]}}