{"id":6660,"date":"2025-07-19T14:46:10","date_gmt":"2025-07-19T11:46:10","guid":{"rendered":"https:\/\/klasikdusunceokulu.com\/?page_id=6660"},"modified":"2025-07-19T14:46:10","modified_gmt":"2025-07-19T11:46:10","slug":"mehmet-boynukalin-sahih-i-buhari-okumalari-4-seminer-ozeti","status":"publish","type":"page","link":"https:\/\/klasikdusunceokulu.com\/index.php\/mehmet-boynukalin-sahih-i-buhari-okumalari-4-seminer-ozeti\/","title":{"rendered":"MEHMET BOYNUKALIN, SAH\u00ceH-\u0130 BUH\u00c2R\u00ce OKUMALARI 4. SEM\u0130NER \u00d6ZET\u0130"},"content":{"rendered":"<p><span style=\"color: #333333;\"><strong>MEHMET BOYNUKALIN, SAH\u00ceH-\u0130 BUH\u00c2R\u00ce OKUMALARI 4. SEM\u0130NER \u00d6ZET\u0130<\/strong><\/span><\/p>\n<p><span style=\"color: #333333;\"><strong>Ana Temalar<\/strong><\/span><\/p>\n<ol>\n<li><span style=\"color: #333333;\"><strong>Buh\u00e2r\u00ee\u2019nin Delil Sunma Y\u00f6nteminde Kategorik Ayr\u0131m<\/strong><\/span><br \/>\n<span style=\"color: #333333;\">Hadislerin konulara g\u00f6re tasnifinde Buh\u00e2r\u00ee, sadece zahir\u00ee anlamlara de\u011fil; hadisin ba\u011flam\u0131na, f\u0131kh\u00ee etkisine ve daha \u00f6nceki i\u00e7tihatlara dayal\u0131 \u00e7ok y\u00f6nl\u00fc bir delillendirme sistemi kurar.<\/span><\/li>\n<li><span style=\"color: #333333;\"><strong>Rivayet ve Dirayet Dengesi<\/strong><\/span><br \/>\n<span style=\"color: #333333;\">Buh\u00e2r\u00ee, rivayet (nakil) ile dirayet (anlama\/yorum) aras\u0131nda denge kurar. Bu sayede hem metnin senedine ba\u011fl\u0131 kal\u0131r hem de anlam \u00fcretimini ihmal etmez. Bu yakla\u015f\u0131m onun yaln\u0131zca bir muhaddis de\u011fil, ayn\u0131 zamanda m\u00fc\u00e7tehit oldu\u011funu g\u00f6sterir.<\/span><\/li>\n<li><span style=\"color: #333333;\"><strong>Bab Ba\u015fl\u0131klar\u0131yla Y\u00f6nlendirme<\/strong><\/span><br \/>\n<span style=\"color: #333333;\">Bab ba\u015fl\u0131klar\u0131nda kullan\u0131lan sorular veya a\u00e7\u0131klamalar, okuyucunun metne nas\u0131l yakla\u015fmas\u0131 gerekti\u011fini belirler. Bu ba\u015fl\u0131klar, bir t\u00fcr y\u00f6nlendirici \u201ci\u00e7tihat beyan\u0131\u201d gibidir.<\/span><\/li>\n<li><span style=\"color: #333333;\"><strong>F\u0131kh\u00ee ve Teolojik Yorumlar\u0131n Aras\u0131ndaki Ge\u00e7i\u015fler<\/strong><\/span><br \/>\n<span style=\"color: #333333;\">Buh\u00e2r\u00ee\u2019nin bab se\u00e7imlerinde f\u0131k\u0131h ve kel\u00e2m konular\u0131 \u00e7o\u011fu zaman i\u00e7 i\u00e7e ge\u00e7irilir. Bu durum, hadislerin \u00e7ok boyutlu de\u011ferlendirilmesini m\u00fcmk\u00fcn k\u0131lar.<\/span><\/li>\n<\/ol>\n<p><span style=\"color: #333333;\"><strong>Sonu\u00e7<\/strong><\/span><\/p>\n<ol>\n<li><span style=\"color: #333333;\">seminerde, Buh\u00e2r\u00ee\u2019nin Sah\u00eeh\u2019inin salt bir hadis mecmuas\u0131 de\u011fil; i\u00e7erdi\u011fi ba\u015fl\u0131klar, s\u0131ralama stratejisi ve hadis se\u00e7imiyle ba\u015fl\u0131 ba\u015f\u0131na bir f\u0131k\u0131h ve kel\u00e2m projesi oldu\u011fu anla\u015f\u0131l\u0131r. Bu yakla\u015f\u0131m, \u0130slam d\u00fc\u015f\u00fcncesinde metinsel in\u015fa ve anlam \u00fcretiminin nas\u0131l i\u015fledi\u011fine dair \u00f6rnek bir model sunar.<\/span><\/li>\n<\/ol>\n<p><span style=\"color: #333333;\"><strong>Main Themes<\/strong><\/span><\/p>\n<ol>\n<li><span style=\"color: #333333;\"><strong>Bukh\u0101r\u012b\u2019s Multi-Layered Evidentiary Strategy<\/strong><\/span><br \/>\n<span style=\"color: #333333;\">In organizing \u1e25ad\u012bths by topic, Bukh\u0101r\u012b doesn\u2019t rely solely on literal meanings. He constructs a complex evidential system that integrates contextual, jurisprudential, and precedent-based reasoning.<\/span><\/li>\n<li><span style=\"color: #333333;\"><strong>Balance of Transmission and Interpretation<\/strong><\/span><br \/>\n<span style=\"color: #333333;\">Bukh\u0101r\u012b masterfully balances raw transmission (<em>riw\u0101yah<\/em>) with interpretation (<em>dir\u0101yah<\/em>). This blend highlights his role not just as a transmitter but as an independent legal thinker (<em>mujtahid<\/em>).<\/span><\/li>\n<li><span style=\"color: #333333;\"><strong>Chapter Headings as Juridical Guides<\/strong><\/span><br \/>\n<span style=\"color: #333333;\">The questions or comments placed in b\u0101b titles serve to guide readers&#8217; interpretations. These headings function as implicit legal statements, shaping the understanding of the \u1e25ad\u012bths that follow.<\/span><\/li>\n<li><span style=\"color: #333333;\"><strong>Fusion of Legal and Theological Layers<\/strong><\/span><br \/>\n<span style=\"color: #333333;\">In many chapters, legal (fiqh) and theological (kal\u0101m) themes overlap, suggesting that Bukh\u0101r\u012b viewed \u1e25ad\u012bths as sources for multi-dimensional reflection\u2014not confined to jurisprudence alone.<\/span><\/li>\n<\/ol>\n<p><span style=\"color: #333333;\"><strong>Conclusion<\/strong><\/span><\/p>\n<p><span style=\"color: #333333;\">The fourth seminar confirms that \u1e62a\u1e25\u012b\u1e25 al-Bukh\u0101r\u012b is not a mere collection of authentic reports but a jurisprudential and theological construction. Through its structure and selections, it reflects a deliberate and insightful method of meaning production within the Islamic tradition.<\/span><\/p>\n<p>&nbsp;<\/p>\n","protected":false},"excerpt":{"rendered":"<p>MEHMET BOYNUKALIN, SAH\u00ceH-\u0130 BUH\u00c2R\u00ce OKUMALARI 4. SEM\u0130NER \u00d6ZET\u0130 Ana Temalar [&hellip;]<\/p>\n","protected":false},"author":1,"featured_media":0,"parent":0,"menu_order":0,"comment_status":"closed","ping_status":"closed","template":"","meta":{"footnotes":""},"class_list":["post-6660","page","type-page","status-publish","hentry"],"jetpack_sharing_enabled":true,"_links":{"self":[{"href":"https:\/\/klasikdusunceokulu.com\/index.php\/wp-json\/wp\/v2\/pages\/6660","targetHints":{"allow":["GET"]}}],"collection":[{"href":"https:\/\/klasikdusunceokulu.com\/index.php\/wp-json\/wp\/v2\/pages"}],"about":[{"href":"https:\/\/klasikdusunceokulu.com\/index.php\/wp-json\/wp\/v2\/types\/page"}],"author":[{"embeddable":true,"href":"https:\/\/klasikdusunceokulu.com\/index.php\/wp-json\/wp\/v2\/users\/1"}],"replies":[{"embeddable":true,"href":"https:\/\/klasikdusunceokulu.com\/index.php\/wp-json\/wp\/v2\/comments?post=6660"}],"version-history":[{"count":1,"href":"https:\/\/klasikdusunceokulu.com\/index.php\/wp-json\/wp\/v2\/pages\/6660\/revisions"}],"predecessor-version":[{"id":6661,"href":"https:\/\/klasikdusunceokulu.com\/index.php\/wp-json\/wp\/v2\/pages\/6660\/revisions\/6661"}],"wp:attachment":[{"href":"https:\/\/klasikdusunceokulu.com\/index.php\/wp-json\/wp\/v2\/media?parent=6660"}],"curies":[{"name":"wp","href":"https:\/\/api.w.org\/{rel}","templated":true}]}}