{"id":6668,"date":"2025-07-19T14:49:15","date_gmt":"2025-07-19T11:49:15","guid":{"rendered":"https:\/\/klasikdusunceokulu.com\/?page_id=6668"},"modified":"2025-07-19T14:49:15","modified_gmt":"2025-07-19T11:49:15","slug":"mehmet-boynukalin-sahih-i-buhari-okumalari-8-seminer-ozeti","status":"publish","type":"page","link":"https:\/\/klasikdusunceokulu.com\/index.php\/mehmet-boynukalin-sahih-i-buhari-okumalari-8-seminer-ozeti\/","title":{"rendered":"MEHMET BOYNUKALIN, SAH\u00ceH-\u0130 BUH\u00c2R\u00ce OKUMALARI 8. SEM\u0130NER \u00d6ZET\u0130"},"content":{"rendered":"<p><span style=\"color: #333333;\"><strong>MEHMET BOYNUKALIN, SAH\u00ceH-\u0130 BUH\u00c2R\u00ce OKUMALARI 8. SEM\u0130NER \u00d6ZET\u0130<\/strong><\/span><\/p>\n<p><span style=\"color: #333333;\"><strong>Ana Temalar<\/strong><\/span><\/p>\n<ol>\n<li><span style=\"color: #333333;\"><strong>Ba\u011flamsal F\u0131kh\u00ee Muhakeme<br \/>\n<\/strong>Buh\u00e2r\u00ee, hadisleri sadece s\u0131hhat derecelerine g\u00f6re de\u011fil, ayn\u0131 zamanda f\u0131kh\u00ee anlam \u00fcretimi amac\u0131yla d\u00fczenler. Bab ba\u015fl\u0131klar\u0131 \u00e7o\u011fu zaman do\u011frudan h\u00fck\u00fcm vermeksizin, yorum y\u00f6n\u00fcn\u00fc ima eden ifadeler i\u00e7erir.<\/span><\/li>\n<li><span style=\"color: #333333;\"><strong>Hadislerin K\u0131smi Kullan\u0131m\u0131<br \/>\n<\/strong>Buh\u00e2r\u00ee, baz\u0131 hadisleri b\u00fct\u00fcn\u00fcyle de\u011fil, se\u00e7ilmi\u015f b\u00f6l\u00fcmlerini (<em>mu\u2018allaq<\/em> veya \u00f6zl\u00fc rivayet) kullanarak belirli f\u0131kh\u00ee veya itikad\u00ee yorumlar\u0131 destekler. Bu yakla\u015f\u0131m, onun metodolojik bilin\u00e7 d\u00fczeyini ortaya koyar.<\/span><\/li>\n<li><span style=\"color: #333333;\"><strong>Tematik Ak\u0131\u015f ve Anlat\u0131 Yap\u0131s\u0131<br \/>\n<\/strong>B\u00f6l\u00fcmler aras\u0131nda fark edilen tematik ge\u00e7i\u015fler, metnin sadece hadis derlemesi de\u011fil, ayn\u0131 zamanda planl\u0131 bir ilm\u00ee anlat\u0131 olarak tasarland\u0131\u011f\u0131n\u0131 g\u00f6sterir.<\/span><\/li>\n<li><span style=\"color: #333333;\"><strong>Mezhep ve G\u00f6r\u00fc\u015flere Y\u00f6nelik Z\u0131mn\u00ee Ele\u015ftiriler<br \/>\n<\/strong>Hadislerin yerle\u015ftirilme bi\u00e7imi, d\u00f6nemin baz\u0131 mezhep g\u00f6r\u00fc\u015flerine do\u011frudan olmasa da ima yoluyla bir cevap niteli\u011findedir. Buh\u00e2r\u00ee, yap\u0131 ve se\u00e7kiyle fikr\u00ee bir duru\u015f sergiler.<\/span><\/li>\n<\/ol>\n<p><span style=\"color: #333333;\"><strong>Sonu\u00e7<\/strong><\/span><\/p>\n<p><span style=\"color: #333333;\">Bu seminerde, <em>Sah\u00eeh-i Buh\u00e2r\u00ee<\/em>\u2019nin sadece g\u00fcvenilir hadisleri i\u00e7eren bir kaynak de\u011fil, ayn\u0131 zamanda yap\u0131sal ve fikirsel d\u00fczeyde kodlanm\u0131\u015f bir ilm\u00ee in\u015fa oldu\u011fu vurgulan\u0131r. Buh\u00e2r\u00ee, hadislerin se\u00e7imi ve d\u00fczenlenmesiyle adeta bir i\u00e7tihat manifestosu ortaya koyar.<\/span><\/p>\n<p><span style=\"color: #333333;\"><strong>\u00a0<\/strong><\/span><\/p>\n<p><span style=\"color: #333333;\"><strong>Main Themes<\/strong><\/span><\/p>\n<ol>\n<li><span style=\"color: #333333;\"><strong>Contextual Juridical Reasoning<\/strong><\/span><br \/>\n<span style=\"color: #333333;\">Bukh\u0101r\u012b organizes \u1e25ad\u012bths not only for authentication purposes but to offer implicit legal reasoning. Chapter headings often hint at specific jurisprudential opinions without explicit declarations.<\/span><\/li>\n<li><span style=\"color: #333333;\"><strong>Use of Partial Narrations<\/strong><\/span><br \/>\n<span style=\"color: #333333;\">The seminar highlights Bukh\u0101r\u012b\u2019s selective use of partial \u1e25ad\u012bth texts (<em>mu\u2018allaq<\/em> or abridged forms) to support a legal point or to frame a discussion\u2014demonstrating his methodological precision.<\/span><\/li>\n<li><span style=\"color: #333333;\"><strong>Narrative Structure and Thematic Flow<\/strong><\/span><br \/>\n<span style=\"color: #333333;\">There is a deliberate thematic progression in the arrangement of chapters. This narrative cohesion allows Bukh\u0101r\u012b to guide the reader through interconnected theological and legal ideas.<\/span><\/li>\n<li><span style=\"color: #333333;\"><strong>Polemic Function of Hadith Arrangement<\/strong><\/span><br \/>\n<span style=\"color: #333333;\">The placement and sequence of some \u1e25ad\u012bths reflect a subtle polemical intent\u2014responding to prevailing legal or theological positions of his time without open confrontation.<\/span><\/li>\n<\/ol>\n<p><span style=\"color: #333333;\"><strong>Conclusion<\/strong><\/span><\/p>\n<p><span style=\"color: #333333;\">In this seminar, Bukh\u0101r\u012b is shown to act not merely as a transmitter of authentic sayings but as a legal architect. The <em>\u1e62a<\/em><em>\u1e25\u012b<\/em><em>\u1e25<\/em> functions as a coded scholarly discourse, using structure and selection to assert juristic insight and doctrinal alignment.<\/span><\/p>\n<p>&nbsp;<\/p>\n","protected":false},"excerpt":{"rendered":"<p>MEHMET BOYNUKALIN, SAH\u00ceH-\u0130 BUH\u00c2R\u00ce OKUMALARI 8. SEM\u0130NER \u00d6ZET\u0130 Ana Temalar [&hellip;]<\/p>\n","protected":false},"author":1,"featured_media":0,"parent":0,"menu_order":0,"comment_status":"closed","ping_status":"closed","template":"","meta":{"footnotes":""},"class_list":["post-6668","page","type-page","status-publish","hentry"],"jetpack_sharing_enabled":true,"_links":{"self":[{"href":"https:\/\/klasikdusunceokulu.com\/index.php\/wp-json\/wp\/v2\/pages\/6668","targetHints":{"allow":["GET"]}}],"collection":[{"href":"https:\/\/klasikdusunceokulu.com\/index.php\/wp-json\/wp\/v2\/pages"}],"about":[{"href":"https:\/\/klasikdusunceokulu.com\/index.php\/wp-json\/wp\/v2\/types\/page"}],"author":[{"embeddable":true,"href":"https:\/\/klasikdusunceokulu.com\/index.php\/wp-json\/wp\/v2\/users\/1"}],"replies":[{"embeddable":true,"href":"https:\/\/klasikdusunceokulu.com\/index.php\/wp-json\/wp\/v2\/comments?post=6668"}],"version-history":[{"count":1,"href":"https:\/\/klasikdusunceokulu.com\/index.php\/wp-json\/wp\/v2\/pages\/6668\/revisions"}],"predecessor-version":[{"id":6669,"href":"https:\/\/klasikdusunceokulu.com\/index.php\/wp-json\/wp\/v2\/pages\/6668\/revisions\/6669"}],"wp:attachment":[{"href":"https:\/\/klasikdusunceokulu.com\/index.php\/wp-json\/wp\/v2\/media?parent=6668"}],"curies":[{"name":"wp","href":"https:\/\/api.w.org\/{rel}","templated":true}]}}