{"id":6676,"date":"2025-07-19T14:52:57","date_gmt":"2025-07-19T11:52:57","guid":{"rendered":"https:\/\/klasikdusunceokulu.com\/?page_id=6676"},"modified":"2025-07-19T14:54:42","modified_gmt":"2025-07-19T11:54:42","slug":"mehmet-boynukalin-sahih-i-buhari-okumalari-12-seminer-ozeti","status":"publish","type":"page","link":"https:\/\/klasikdusunceokulu.com\/index.php\/mehmet-boynukalin-sahih-i-buhari-okumalari-12-seminer-ozeti\/","title":{"rendered":"MEHMET BOYNUKALIN, SAH\u00ceH-\u0130 BUH\u00c2R\u00ce OKUMALARI 12. SEM\u0130NER \u00d6ZET\u0130"},"content":{"rendered":"<p><span style=\"color: #333333;\"><strong>MEHMET BOYNUKALIN, SAH\u00ceH-\u0130 BUH\u00c2R\u00ce OKUMALARI 12. SEM\u0130NER \u00d6ZET\u0130<\/strong><\/span><\/p>\n<p><span style=\"color: #333333;\"><strong>Ana Temalar<\/strong><\/span><\/p>\n<ol>\n<li><span style=\"color: #333333;\"><strong>Hadislerin Kur\u2019\u00e2n ile B\u00fct\u00fcnle\u015ftirilmesi<br \/>\n<\/strong>Buh\u00e2r\u00ee, hadisleri stratejik bi\u00e7imde yerle\u015ftirerek Kur\u2019\u00e2n ayetlerini a\u00e7\u0131klay\u0131c\u0131 veya tamamlay\u0131c\u0131 olarak sunar. Bu, hadisin sadece rivayet de\u011fil, ayn\u0131 zamanda tefsir i\u015flevi g\u00f6rd\u00fc\u011f\u00fcn\u00fc g\u00f6sterir.<\/span><\/li>\n<li><span style=\"color: #333333;\"><strong>Amelin Hukuk\u00ee Normlar \u0130\u00e7indeki Rol\u00fc<br \/>\n<\/strong>Erken d\u00f6nem M\u00fcsl\u00fcman toplumunun uygulamalar\u0131 (\u00f6rne\u011fin \u201cMedine ehlinin ameli\u201d) din\u00ee normlar\u0131n pratik yans\u0131malar\u0131 olarak vurgulan\u0131r. Buh\u00e2r\u00ee, bu t\u00fcr amel\u00ee uygulamalara hadis se\u00e7iminde \u00f6zel \u00f6nem verir.<\/span><\/li>\n<li><span style=\"color: #333333;\"><strong>Bab Ba\u015fl\u0131klar\u0131yla Mezheb\u00ee Farkl\u0131l\u0131klar\u0131n G\u00f6sterimi<br \/>\n<\/strong>B\u00f6l\u00fcm ba\u015fl\u0131klar\u0131, Buh\u00e2r\u00ee\u2019nin f\u0131kh\u00ee tercihini ya da di\u011fer hukuk ekollerine kar\u015f\u0131 dolayl\u0131 bir tutumunu yans\u0131t\u0131r. Ba\u015fl\u0131klar, adeta birer f\u0131kh\u00ee delil gibi i\u015fler.<\/span><\/li>\n<li><span style=\"color: #333333;\"><strong>E\u011fitimsel Ama\u00e7 ve Y\u00f6ntem<br \/>\n<\/strong>Buh\u00e2r\u00ee\u2019nin hadisleri tekrar ederek ve belirli bir d\u00fczende sunarak okuyucuda anlam birikimi olu\u015fturmay\u0131 hedefledi\u011fi vurgulan\u0131r. Metin, sadece bilgi aktarmakla kalmaz, okuyucuyu e\u011fitir.<\/span><\/li>\n<\/ol>\n<p><span style=\"color: #333333;\"><strong>Sonu\u00e7<\/strong><\/span><\/p>\n<p><span style=\"color: #333333;\">Bu seminer, <em>Sah\u00eeh-i Buh\u00e2r\u00ee<\/em>\u2019nin din\u00ee metinlerle hukuk\u00ee yap\u0131lar aras\u0131nda nas\u0131l bir ba\u011f kurdu\u011funu ve metnin \u00f6\u011fretici boyutunu ortaya koyar. Kur\u2019an, hadis ve pratik uygulama aras\u0131nda b\u00fct\u00fcnc\u00fcl bir f\u0131k\u0131h anlay\u0131\u015f\u0131 in\u015fa edilir.<\/span><\/p>\n<p><span style=\"color: #333333;\"><strong>\u00a0<\/strong><\/span><\/p>\n<p><span style=\"color: #333333;\"><strong>Main Themes<\/strong><\/span><\/p>\n<ol>\n<li><span style=\"color: #333333;\"><strong>Integration of Hadith with Qur\u2019anic Framework<\/strong><\/span><br \/>\n<span style=\"color: #333333;\">Bukh\u0101r\u012b strategically positions \u1e25ad\u012bths to interpret or support Qur\u2019anic verses. This shows how \u1e25ad\u012bth functions as both a source of exegesis and legal extension.<\/span><\/li>\n<li><span style=\"color: #333333;\"><strong>The Role of Practice (<\/strong><strong>\u02bfAmal) in Legal Norms<\/strong><\/span><br \/>\n<span style=\"color: #333333;\">Emphasis is placed on the actions of the early Muslim community (<em>\u02bfamal ahl al-Mad\u012bna<\/em>, etc.) as practical indicators of religious norms. Bukh\u0101r\u012b\u2019s selections often prioritize lived religious practices.<\/span><\/li>\n<li><span style=\"color: #333333;\"><strong>Differentiation Through Chapter Titles<\/strong><\/span><br \/>\n<span style=\"color: #333333;\">The chapter headings serve to subtly indicate Bukh\u0101r\u012b\u2019s legal stance or to contrast differing schools of law. These headings function almost like legal arguments in themselves.<\/span><\/li>\n<li><span style=\"color: #333333;\"><strong>Educational Intent and Methodology<\/strong><\/span><br \/>\n<span style=\"color: #333333;\">This session shows Bukh\u0101r\u012b as an educator using careful placement and repetition of narrations to build understanding over time\u2014guiding the reader toward certain theological and legal insights.<\/span><\/li>\n<\/ol>\n<p><span style=\"color: #333333;\"><strong>Conclusion<\/strong><\/span><\/p>\n<p><span style=\"color: #333333;\">The 12th seminar underscores how <em>\u1e62a<\/em><em>\u1e25\u012b<\/em><em>\u1e25 al-Bukh\u0101r\u012b<\/em> is a dynamic legal-educational text. Through its intricate structuring of narrations and headings, it constructs a legal worldview that connects scripture, tradition, and practice in a coherent whole.<\/span><\/p>\n<p>&nbsp;<\/p>\n","protected":false},"excerpt":{"rendered":"<p>MEHMET BOYNUKALIN, SAH\u00ceH-\u0130 BUH\u00c2R\u00ce OKUMALARI 12. SEM\u0130NER \u00d6ZET\u0130 Ana Temalar [&hellip;]<\/p>\n","protected":false},"author":1,"featured_media":0,"parent":0,"menu_order":0,"comment_status":"closed","ping_status":"closed","template":"","meta":{"footnotes":""},"class_list":["post-6676","page","type-page","status-publish","hentry"],"jetpack_sharing_enabled":true,"_links":{"self":[{"href":"https:\/\/klasikdusunceokulu.com\/index.php\/wp-json\/wp\/v2\/pages\/6676","targetHints":{"allow":["GET"]}}],"collection":[{"href":"https:\/\/klasikdusunceokulu.com\/index.php\/wp-json\/wp\/v2\/pages"}],"about":[{"href":"https:\/\/klasikdusunceokulu.com\/index.php\/wp-json\/wp\/v2\/types\/page"}],"author":[{"embeddable":true,"href":"https:\/\/klasikdusunceokulu.com\/index.php\/wp-json\/wp\/v2\/users\/1"}],"replies":[{"embeddable":true,"href":"https:\/\/klasikdusunceokulu.com\/index.php\/wp-json\/wp\/v2\/comments?post=6676"}],"version-history":[{"count":1,"href":"https:\/\/klasikdusunceokulu.com\/index.php\/wp-json\/wp\/v2\/pages\/6676\/revisions"}],"predecessor-version":[{"id":6677,"href":"https:\/\/klasikdusunceokulu.com\/index.php\/wp-json\/wp\/v2\/pages\/6676\/revisions\/6677"}],"wp:attachment":[{"href":"https:\/\/klasikdusunceokulu.com\/index.php\/wp-json\/wp\/v2\/media?parent=6676"}],"curies":[{"name":"wp","href":"https:\/\/api.w.org\/{rel}","templated":true}]}}