{"id":6681,"date":"2025-07-19T14:56:18","date_gmt":"2025-07-19T11:56:18","guid":{"rendered":"https:\/\/klasikdusunceokulu.com\/?page_id=6681"},"modified":"2025-07-19T14:56:18","modified_gmt":"2025-07-19T11:56:18","slug":"mehmet-boynukalin-sahih-i-buhari-okumalari-14-seminer-ozeti","status":"publish","type":"page","link":"https:\/\/klasikdusunceokulu.com\/index.php\/mehmet-boynukalin-sahih-i-buhari-okumalari-14-seminer-ozeti\/","title":{"rendered":"MEHMET BOYNUKALIN, SAH\u00ceH-\u0130 BUH\u00c2R\u00ce OKUMALARI 14. SEM\u0130NER \u00d6ZET\u0130"},"content":{"rendered":"<p><span style=\"color: #333333;\"><strong>MEHMET BOYNUKALIN, SAH\u00ceH-\u0130 BUH\u00c2R\u00ce OKUMALARI 14. SEM\u0130NER \u00d6ZET\u0130<\/strong><\/span><\/p>\n<p><span style=\"color: #333333;\"><strong>Ana Temalar<\/strong><\/span><\/p>\n<ol>\n<li><span style=\"color: #333333;\"><strong>Namaz\u0131n Sosyal ve Rit\u00fcel Hiyerar\u015fiyle \u0130li\u015fkisi<br \/>\n<\/strong>Cemaatle k\u0131l\u0131nan namaz, toplumsal d\u00fczenin k\u00fc\u00e7\u00fck bir yans\u0131mas\u0131d\u0131r. \u0130mam\u0131n konumu, liderlik ve d\u00fczeni temsil ederken, cemaatin uyumu birlik fikrini peki\u015ftirir.<\/span><\/li>\n<li><span style=\"color: #333333;\"><strong>Hadis ve F\u0131k\u0131h Aras\u0131ndaki Etkile\u015fim<br \/>\n<\/strong>Buh\u00e2r\u00ee, zahiren sadece anlat\u0131 i\u00e7eren hadisleri \u00f6zenle se\u00e7ip konumland\u0131rarak f\u0131kh\u00ee sonu\u00e7lar \u00e7\u0131kar\u0131lmas\u0131n\u0131 sa\u011flar. Bu y\u00f6n\u00fcyle <em>Sah\u00eeh<\/em>, bir i\u00e7tihat alan\u0131 sunar.<\/span><\/li>\n<li><span style=\"color: #333333;\"><strong>Bab Ba\u015fl\u0131klar\u0131yla Mezheb\u00ee Y\u00f6nlendirme<br \/>\n<\/strong>Ba\u015fl\u0131klar sadece konu ba\u015fl\u0131klar\u0131 de\u011fil, ayn\u0131 zamanda f\u0131kh\u00ee bir y\u00f6nlendirmenin arac\u0131d\u0131r. Buh\u00e2r\u00ee, bu ba\u015fl\u0131klar vas\u0131tas\u0131yla tercihlerini ima eder.<\/span><\/li>\n<li><span style=\"color: #333333;\"><strong>Sesli ve Sessiz K\u0131raat Tart\u0131\u015fmalar\u0131<br \/>\n<\/strong>Namazdaki sesli-sessiz k\u0131raat farkl\u0131l\u0131klar\u0131 \u00fczerinden hem rit\u00fcel d\u00fczen hem de mezheb\u00ee yorum \u00e7e\u015fitlili\u011fi ele al\u0131n\u0131r.<\/span><\/li>\n<\/ol>\n<p><span style=\"color: #333333;\"><strong>Sonu\u00e7<\/strong><\/span><\/p>\n<p><span style=\"color: #333333;\">Bu seminer, <em>Sah\u00eeh-i Buh\u00e2r\u00ee<\/em>\u2019nin bir hadis derlemesinden \u00e7ok daha fazlas\u0131 oldu\u011funu; onun pedagojik, hukuk\u00ee ve teolojik derinli\u011fini yap\u0131sal bi\u00e7imde yans\u0131tt\u0131\u011f\u0131n\u0131 ortaya koyar. Metnin d\u00fczeni, okuyucuyu dikkatli okumaya ve f\u0131kh\u00ee fark\u0131ndal\u0131k geli\u015ftirmeye y\u00f6nlendirir.<\/span><\/p>\n<p><span style=\"color: #333333;\"><strong>\u00a0<\/strong><\/span><\/p>\n<p><span style=\"color: #333333;\"><strong>Main Themes<\/strong><\/span><\/p>\n<ol>\n<li><span style=\"color: #333333;\"><strong>Prayer as a System of Social and Ritual Hierarchy<\/strong><\/span><br \/>\n<span style=\"color: #333333;\">The seminar discusses how prayer rituals, particularly in congregation, reflect broader structures of authority and harmony within the community. Leadership in prayer (im\u0101ma) becomes a microcosm of social order.<\/span><\/li>\n<li><span style=\"color: #333333;\"><strong>Interplay Between Hadith and Jurisprudential Reasoning<\/strong><\/span><br \/>\n<span style=\"color: #333333;\">Bukh\u0101r\u012b\u2019s method reveals how legal deductions are drawn from seemingly narrative-based hadiths. His placement of hadiths constructs a framework for legal contemplation.<\/span><\/li>\n<li><span style=\"color: #333333;\"><strong>Role of Bab Titles in Legal Orientation<\/strong><\/span><br \/>\n<span style=\"color: #333333;\">The titles function not merely as topical divisions but as legal cues. Bukh\u0101r\u012b uses them to present implied legal conclusions or preferences without engaging in polemic.<\/span><\/li>\n<li><span style=\"color: #333333;\"><strong>Silent vs. Vocal Recitation and Ritual Soundscapes<\/strong><\/span><br \/>\n<span style=\"color: #333333;\">Specific focus is given to the dynamics of silent and loud recitation during prayer, indicating ritual timing and theological nuance in communal settings.<\/span><\/li>\n<\/ol>\n<p><span style=\"color: #333333;\"><strong>Conclusion<\/strong><\/span><\/p>\n<p><span style=\"color: #333333;\">The 14th seminar highlights how <em>\u1e62a<\/em><em>\u1e25\u012b<\/em><em>\u1e25 al-Bukh\u0101r\u012b<\/em> combines theology, law, and pedagogy through the strategic use of narration sequencing and titling. This renders the work an interactive legal-educational text rather than a passive collection of reports.<\/span><\/p>\n<p>&nbsp;<\/p>\n","protected":false},"excerpt":{"rendered":"<p>MEHMET BOYNUKALIN, SAH\u00ceH-\u0130 BUH\u00c2R\u00ce OKUMALARI 14. SEM\u0130NER \u00d6ZET\u0130 Ana Temalar [&hellip;]<\/p>\n","protected":false},"author":1,"featured_media":0,"parent":0,"menu_order":0,"comment_status":"closed","ping_status":"closed","template":"","meta":{"footnotes":""},"class_list":["post-6681","page","type-page","status-publish","hentry"],"jetpack_sharing_enabled":true,"_links":{"self":[{"href":"https:\/\/klasikdusunceokulu.com\/index.php\/wp-json\/wp\/v2\/pages\/6681","targetHints":{"allow":["GET"]}}],"collection":[{"href":"https:\/\/klasikdusunceokulu.com\/index.php\/wp-json\/wp\/v2\/pages"}],"about":[{"href":"https:\/\/klasikdusunceokulu.com\/index.php\/wp-json\/wp\/v2\/types\/page"}],"author":[{"embeddable":true,"href":"https:\/\/klasikdusunceokulu.com\/index.php\/wp-json\/wp\/v2\/users\/1"}],"replies":[{"embeddable":true,"href":"https:\/\/klasikdusunceokulu.com\/index.php\/wp-json\/wp\/v2\/comments?post=6681"}],"version-history":[{"count":1,"href":"https:\/\/klasikdusunceokulu.com\/index.php\/wp-json\/wp\/v2\/pages\/6681\/revisions"}],"predecessor-version":[{"id":6682,"href":"https:\/\/klasikdusunceokulu.com\/index.php\/wp-json\/wp\/v2\/pages\/6681\/revisions\/6682"}],"wp:attachment":[{"href":"https:\/\/klasikdusunceokulu.com\/index.php\/wp-json\/wp\/v2\/media?parent=6681"}],"curies":[{"name":"wp","href":"https:\/\/api.w.org\/{rel}","templated":true}]}}