{"id":6697,"date":"2025-07-21T13:30:07","date_gmt":"2025-07-21T10:30:07","guid":{"rendered":"https:\/\/klasikdusunceokulu.com\/?page_id=6697"},"modified":"2025-08-16T14:45:20","modified_gmt":"2025-08-16T11:45:20","slug":"arapca-ii-seviye-dersleri","status":"publish","type":"page","link":"https:\/\/klasikdusunceokulu.com\/index.php\/arapca-ii-seviye-dersleri\/","title":{"rendered":"ARAP\u00c7A II. SEV\u0130YE DERSLER\u0130"},"content":{"rendered":"<p><a href=\"https:\/\/klasikdusunceokulu.com\/index.php\/arapca-ii-seviye-dersleri-101-seminer-ozeti\/\"><span style=\"color: #3b5163;\"><strong>ARAP\u00c7A II. SEV\u0130YE DERSLER\u0130 101. SEM\u0130NER \u00d6ZET\u0130<\/strong><\/span><\/a><\/p>\n<p><a href=\"https:\/\/klasikdusunceokulu.com\/index.php\/arapca-ii-seviye-dersleri-102-seminer-ozeti\/\"><span style=\"color: #3b5163;\"><strong>ARAP\u00c7A II. SEV\u0130YE DERSLER\u0130 102. SEM\u0130NER \u00d6ZET\u0130<\/strong><\/span><\/a><\/p>\n<p><a href=\"https:\/\/klasikdusunceokulu.com\/index.php\/arapca-ii-seviye-dersleri-103-seminer-ozeti\/\"><span style=\"color: #3b5163;\"><strong>ARAP\u00c7A II. SEV\u0130YE DERSLER\u0130 103. SEM\u0130NER \u00d6ZET\u0130<\/strong><\/span><\/a><\/p>\n<p><a href=\"https:\/\/klasikdusunceokulu.com\/index.php\/arapca-ii-seviye-dersleri-104-seminer-ozeti\/\"><span style=\"color: #3b5163;\"><strong>ARAP\u00c7A II. SEV\u0130YE DERSLER\u0130 104. SEM\u0130NER \u00d6ZET\u0130<\/strong><\/span><\/a><\/p>\n<p><a href=\"https:\/\/klasikdusunceokulu.com\/index.php\/arapca-ii-seviye-dersleri-105-seminer-ozeti\/\"><span style=\"color: #3b5163;\"><strong>ARAP\u00c7A II. SEV\u0130YE DERSLER\u0130 105. SEM\u0130NER \u00d6ZET\u0130<\/strong><\/span><\/a><\/p>\n<p><a href=\"https:\/\/klasikdusunceokulu.com\/index.php\/arapca-ii-seviye-dersleri-106-seminer-ozeti\/\"><span style=\"color: #3b5163;\"><strong>ARAP\u00c7A II. SEV\u0130YE DERSLER\u0130 106. SEM\u0130NER \u00d6ZET\u0130<\/strong><\/span><\/a><\/p>\n<p><a href=\"https:\/\/klasikdusunceokulu.com\/index.php\/arapca-ii-seviye-dersleri-107-seminer-ozeti\/\"><span style=\"color: #3b5163;\"><strong>ARAP\u00c7A II. SEV\u0130YE DERSLER\u0130 107. SEM\u0130NER \u00d6ZET\u0130<\/strong><\/span><\/a><\/p>\n<p><a href=\"https:\/\/klasikdusunceokulu.com\/index.php\/arapca-ii-seviye-dersleri-108-seminer-ozeti\/\"><span style=\"color: #3b5163;\"><strong>ARAP\u00c7A II. SEV\u0130YE DERSLER\u0130 108. SEM\u0130NER \u00d6ZET\u0130<\/strong><\/span><\/a><\/p>\n<p><a href=\"https:\/\/klasikdusunceokulu.com\/index.php\/arapca-ii-seviye-dersleri-109-seminer-ozeti\/\"><span style=\"color: #3b5163;\"><strong>ARAP\u00c7A II. SEV\u0130YE DERSLER\u0130 109. SEM\u0130NER \u00d6ZET\u0130<\/strong><\/span><\/a><\/p>\n<p><a href=\"https:\/\/klasikdusunceokulu.com\/index.php\/arapca-ii-seviye-dersleri-110-seminer-ozeti\/\"><span style=\"color: #3b5163;\"><strong>ARAP\u00c7A II. SEV\u0130YE DERSLER\u0130 110. SEM\u0130NER \u00d6ZET\u0130<\/strong><\/span><\/a><\/p>\n<p><a href=\"https:\/\/klasikdusunceokulu.com\/index.php\/arapca-ii-seviye-dersleri-111-seminer-ozeti\/\"><span style=\"color: #3b5163;\"><strong>ARAP\u00c7A II. SEV\u0130YE DERSLER\u0130 111. SEM\u0130NER \u00d6ZET\u0130<\/strong><\/span><\/a><\/p>\n<p><a href=\"https:\/\/klasikdusunceokulu.com\/index.php\/arapca-ii-seviye-dersleri-112-seminer-ozeti\/\"><span style=\"color: #3b5163;\"><strong>ARAP\u00c7A II. SEV\u0130YE DERSLER\u0130 112. SEM\u0130NER \u00d6ZET\u0130<\/strong><\/span><\/a><\/p>\n<p><a href=\"https:\/\/klasikdusunceokulu.com\/index.php\/arapca-ii-seviye-dersleri-113-seminer-ozeti-2\/\"><span style=\"color: #3b5163;\"><strong>ARAP\u00c7A II. SEV\u0130YE DERSLER\u0130 113. SEM\u0130NER \u00d6ZET\u0130<\/strong><\/span><\/a><\/p>\n<p><a href=\"https:\/\/klasikdusunceokulu.com\/index.php\/arapca-ii-seviye-dersleri-114-seminer-ozeti\/\"><span style=\"color: #3b5163;\"><strong>ARAP\u00c7A II. SEV\u0130YE DERSLER\u0130 114. SEM\u0130NER \u00d6ZET\u0130<\/strong><\/span><\/a><\/p>\n<p><a href=\"https:\/\/klasikdusunceokulu.com\/index.php\/arapca-ii-seviye-dersleri-115-seminer-ozeti\/\"><span style=\"color: #3b5163;\"><strong>ARAP\u00c7A II. SEV\u0130YE DERSLER\u0130 115. SEM\u0130NER \u00d6ZET\u0130<\/strong><\/span><\/a><\/p>\n<p><a href=\"https:\/\/klasikdusunceokulu.com\/index.php\/arapca-ii-seviye-dersleri-116-seminer-ozeti\/\"><span style=\"color: #3b5163;\"><strong>ARAP\u00c7A II. SEV\u0130YE DERSLER\u0130 116. SEM\u0130NER \u00d6ZET\u0130<\/strong><\/span><\/a><\/p>\n<p><a href=\"https:\/\/klasikdusunceokulu.com\/index.php\/arapca-ii-seviye-dersleri-117-seminer-ozeti\/\"><span style=\"color: #3b5163;\"><strong>ARAP\u00c7A II. SEV\u0130YE DERSLER\u0130 117. SEM\u0130NER \u00d6ZET\u0130<\/strong><\/span><\/a><\/p>\n<p><a href=\"https:\/\/klasikdusunceokulu.com\/index.php\/arapca-ii-seviye-dersleri-118-seminer-ozeti\/\"><span style=\"color: #3b5163;\"><strong>ARAP\u00c7A II. SEV\u0130YE DERSLER\u0130 118. SEM\u0130NER \u00d6ZET\u0130<\/strong><\/span><\/a><\/p>\n<p><a href=\"https:\/\/klasikdusunceokulu.com\/index.php\/arapca-ii-seviye-dersleri-119-seminer-ozeti\/\"><span style=\"color: #3b5163;\"><strong>ARAP\u00c7A II. SEV\u0130YE DERSLER\u0130 119. SEM\u0130NER \u00d6ZET\u0130<\/strong><\/span><\/a><\/p>\n<p><a href=\"https:\/\/klasikdusunceokulu.com\/index.php\/arapca-ii-seviye-dersleri-120-seminer-ozeti\/\"><span style=\"color: #3b5163;\"><strong>ARAP\u00c7A II. SEV\u0130YE DERSLER\u0130 120. SEM\u0130NER \u00d6ZET\u0130<\/strong><\/span><\/a><\/p>\n<p><a href=\"https:\/\/klasikdusunceokulu.com\/index.php\/arapca-ii-seviye-dersleri-121-seminer-ozeti\/\"><span style=\"color: #3b5163;\"><strong>ARAP\u00c7A II. SEV\u0130YE DERSLER\u0130 121. SEM\u0130NER \u00d6ZET\u0130<\/strong><\/span><\/a><\/p>\n<p><a href=\"https:\/\/klasikdusunceokulu.com\/index.php\/arapca-ii-seviye-dersleri-122-seminer-ozeti\/\"><span style=\"color: #3b5163;\"><strong>ARAP\u00c7A II. SEV\u0130YE DERSLER\u0130 122. SEM\u0130NER \u00d6ZET\u0130<\/strong><\/span><\/a><\/p>\n<p><a href=\"https:\/\/klasikdusunceokulu.com\/index.php\/arapca-ii-seviye-dersleri-123-seminer-ozeti\/\"><span style=\"color: #3b5163;\"><strong>ARAP\u00c7A II. SEV\u0130YE DERSLER\u0130 123. SEM\u0130NER \u00d6ZET\u0130<\/strong><\/span><\/a><\/p>\n<p><span style=\"color: #3b5163;\"><strong>ARAP\u00c7A II. SEV\u0130YE DERSLER\u0130 124. SEM\u0130NER \u00d6ZET\u0130<\/strong><\/span><\/p>\n<p><a href=\"https:\/\/klasikdusunceokulu.com\/index.php\/arapca-ii-seviye-dersleri-125-seminer-ozeti\/\"><span style=\"color: #3b5163;\"><strong>ARAP\u00c7A II. SEV\u0130YE DERSLER\u0130 125. SEM\u0130NER \u00d6ZET\u0130<\/strong><\/span><\/a><\/p>\n<p><a href=\"https:\/\/klasikdusunceokulu.com\/index.php\/arapca-ii-seviye-dersleri-126-seminer-ozeti\/\"><span style=\"color: #3b5163;\"><strong>ARAP\u00c7A II. SEV\u0130YE DERSLER\u0130 126. SEM\u0130NER \u00d6ZET\u0130<\/strong><\/span><\/a><\/p>\n<p><a href=\"https:\/\/klasikdusunceokulu.com\/index.php\/6733-2\/\"><span style=\"color: #3b5163;\"><strong>ARAP\u00c7A II. SEV\u0130YE DERSLER\u0130 127. SEM\u0130NER \u00d6ZET\u0130<\/strong><\/span><\/a><\/p>\n<p><a href=\"https:\/\/klasikdusunceokulu.com\/index.php\/arapca-ii-seviye-dersleri-128-seminer-ozeti\/\"><span style=\"color: #3b5163;\"><strong>ARAP\u00c7A II. SEV\u0130YE DERSLER\u0130 128. SEM\u0130NER \u00d6ZET\u0130<\/strong><\/span><\/a><\/p>\n<p><a href=\"https:\/\/klasikdusunceokulu.com\/index.php\/arapca-ii-seviye-dersleri-129-seminer-ozeti\/\"><span style=\"color: #3b5163;\"><strong>ARAP\u00c7A II. SEV\u0130YE DERSLER\u0130 129. SEM\u0130NER \u00d6ZET\u0130<\/strong><\/span><\/a><\/p>\n<p><a href=\"https:\/\/klasikdusunceokulu.com\/index.php\/arapca-ii-seviye-dersleri-130-seminer-ozeti\/\"><span style=\"color: #3b5163;\"><strong>ARAP\u00c7A II. SEV\u0130YE DERSLER\u0130 130. SEM\u0130NER \u00d6ZET\u0130<\/strong><\/span><\/a><\/p>\n<p><a href=\"https:\/\/klasikdusunceokulu.com\/index.php\/arapca-ii-seviye-dersleri-131-seminer-ozeti\/\"><span style=\"color: #3b5163;\"><strong>ARAP\u00c7A II. SEV\u0130YE DERSLER\u0130 131. SEM\u0130NER \u00d6ZET\u0130<\/strong><\/span><\/a><\/p>\n<p><a href=\"https:\/\/klasikdusunceokulu.com\/index.php\/arapca-ii-seviye-dersleri-132-seminer-ozeti\/\"><span style=\"color: #3b5163;\"><strong>ARAP\u00c7A II. SEV\u0130YE DERSLER\u0130 132. SEM\u0130NER \u00d6ZET\u0130<\/strong><\/span><\/a><\/p>\n<p><a href=\"https:\/\/klasikdusunceokulu.com\/index.php\/arapca-ii-seviye-dersleri-133-seminer-ozeti\/\"><span style=\"color: #3b5163;\"><strong>ARAP\u00c7A II. SEV\u0130YE DERSLER\u0130 133. SEM\u0130NER \u00d6ZET\u0130<\/strong><\/span><\/a><\/p>\n<p><a href=\"https:\/\/klasikdusunceokulu.com\/index.php\/arapca-ii-seviye-dersleri-134-seminer-ozeti\/\"><span style=\"color: #3b5163;\"><strong>ARAP\u00c7A II. SEV\u0130YE DERSLER\u0130 134. SEM\u0130NER \u00d6ZET\u0130<\/strong><\/span><\/a><\/p>\n<p><a href=\"https:\/\/klasikdusunceokulu.com\/index.php\/arapca-ii-seviye-dersleri-135-seminer-ozeti\/\"><span style=\"color: #3b5163;\"><strong>ARAP\u00c7A II. SEV\u0130YE DERSLER\u0130 135. SEM\u0130NER \u00d6ZET\u0130<\/strong><\/span><\/a><\/p>\n<p><a href=\"https:\/\/klasikdusunceokulu.com\/index.php\/arapca-ii-seviye-dersleri-136-seminer-ozeti\/\"><span style=\"color: #3b5163;\"><strong>ARAP\u00c7A II. SEV\u0130YE DERSLER\u0130 136. SEM\u0130NER \u00d6ZET\u0130<\/strong><\/span><\/a><\/p>\n<p><a href=\"https:\/\/klasikdusunceokulu.com\/index.php\/arapca-ii-seviye-dersleri-137-seminer-ozeti\/\"><span style=\"color: #3b5163;\"><strong>ARAP\u00c7A II. SEV\u0130YE DERSLER\u0130 137. SEM\u0130NER \u00d6ZET\u0130<\/strong><\/span><\/a><\/p>\n<p><a href=\"https:\/\/klasikdusunceokulu.com\/index.php\/arapca-ii-seviye-dersleri-138-seminer-ozeti\/\"><span style=\"color: #3b5163;\"><strong>ARAP\u00c7A II. SEV\u0130YE DERSLER\u0130 138. SEM\u0130NER \u00d6ZET\u0130<\/strong><\/span><\/a><\/p>\n<p><a href=\"https:\/\/klasikdusunceokulu.com\/index.php\/arapca-ii-seviye-dersleri-139-seminer-ozeti\/\"><span style=\"color: #3b5163;\"><strong>ARAP\u00c7A II. SEV\u0130YE DERSLER\u0130 139. SEM\u0130NER \u00d6ZET\u0130<\/strong><\/span><\/a><\/p>\n<p><a href=\"https:\/\/klasikdusunceokulu.com\/index.php\/arapca-ii-seviye-dersleri-140-seminer-ozeti\/\"><span style=\"color: #3b5163;\"><strong>ARAP\u00c7A II. SEV\u0130YE DERSLER\u0130 140. SEM\u0130NER \u00d6ZET\u0130<\/strong><\/span><\/a><\/p>\n<p><a href=\"https:\/\/klasikdusunceokulu.com\/index.php\/arapca-ii-seviye-dersleri-141-seminer-ozeti\/\"><span style=\"color: #3b5163;\"><strong>ARAP\u00c7A II. SEV\u0130YE DERSLER\u0130 141. SEM\u0130NER \u00d6ZET\u0130<\/strong><\/span><\/a><\/p>\n<p><a href=\"https:\/\/klasikdusunceokulu.com\/index.php\/arapca-ii-seviye-dersleri-142-seminer-ozeti\/\"><span style=\"color: #3b5163;\"><strong>ARAP\u00c7A II. SEV\u0130YE DERSLER\u0130 142. SEM\u0130NER \u00d6ZET\u0130<\/strong><\/span><\/a><\/p>\n<p><a href=\"https:\/\/klasikdusunceokulu.com\/index.php\/arapca-ii-seviye-dersleri-143-seminer-ozeti\/\"><span style=\"color: #3b5163;\"><strong>ARAP\u00c7A II. SEV\u0130YE DERSLER\u0130 143. SEM\u0130NER \u00d6ZET\u0130<\/strong><\/span><\/a><\/p>\n<p><a href=\"https:\/\/klasikdusunceokulu.com\/index.php\/arapca-ii-seviye-dersleri-144-seminer-ozeti\/\"><span style=\"color: #3b5163;\"><strong>ARAP\u00c7A II. SEV\u0130YE DERSLER\u0130 144. SEM\u0130NER \u00d6ZET\u0130<\/strong><\/span><\/a><\/p>\n<p><a href=\"https:\/\/klasikdusunceokulu.com\/index.php\/arapca-ii-seviye-dersleri-145-seminer-ozeti\/\"><span style=\"color: #3b5163;\"><strong>ARAP\u00c7A II. SEV\u0130YE DERSLER\u0130 145. SEM\u0130NER \u00d6ZET\u0130<\/strong><\/span><\/a><\/p>\n<p><a href=\"https:\/\/klasikdusunceokulu.com\/index.php\/arapca-ii-seviye-dersleri-146-seminer-ozeti\/\"><span style=\"color: #3b5163;\"><strong>ARAP\u00c7A II. SEV\u0130YE DERSLER\u0130 146. SEM\u0130NER \u00d6ZET\u0130<\/strong><\/span><\/a><\/p>\n<p><a href=\"https:\/\/klasikdusunceokulu.com\/index.php\/arapca-ii-seviye-dersleri-147-seminer-ozeti\/\"><span style=\"color: #3b5163;\"><strong>ARAP\u00c7A II. SEV\u0130YE DERSLER\u0130 147. SEM\u0130NER \u00d6ZET\u0130<\/strong><\/span><\/a><\/p>\n<p><a href=\"https:\/\/klasikdusunceokulu.com\/index.php\/arapca-ii-seviye-dersleri-148-seminer-ozeti\/\"><span style=\"color: #3b5163;\"><strong>ARAP\u00c7A II. SEV\u0130YE DERSLER\u0130 148. SEM\u0130NER \u00d6ZET\u0130<\/strong><\/span><\/a><\/p>\n<p><a href=\"https:\/\/klasikdusunceokulu.com\/index.php\/arapca-ii-seviye-dersleri-149-seminer-ozeti\/\"><span style=\"color: #3b5163;\"><strong>ARAP\u00c7A II. SEV\u0130YE DERSLER\u0130 149. SEM\u0130NER \u00d6ZET\u0130<\/strong><\/span><\/a><\/p>\n<p><a href=\"https:\/\/klasikdusunceokulu.com\/index.php\/arapca-ii-seviye-dersleri-150-seminer-ozeti\/\"><span style=\"color: #3b5163;\"><strong>ARAP\u00c7A II. SEV\u0130YE DERSLER\u0130 150. SEM\u0130NER \u00d6ZET\u0130<\/strong><\/span><\/a><\/p>\n<p><a href=\"https:\/\/klasikdusunceokulu.com\/index.php\/arapca-ii-seviye-dersleri-151-seminer-ozeti\/\"><span style=\"color: #3b5163;\"><strong>ARAP\u00c7A II. SEV\u0130YE DERSLER\u0130 151. SEM\u0130NER \u00d6ZET\u0130<\/strong><\/span><\/a><\/p>\n<p><a href=\"https:\/\/klasikdusunceokulu.com\/index.php\/arapca-ii-seviye-dersleri-152-seminer-ozeti\/\"><span style=\"color: #3b5163;\"><strong>ARAP\u00c7A II. SEV\u0130YE DERSLER\u0130 152. SEM\u0130NER \u00d6ZET\u0130<\/strong><\/span><\/a><\/p>\n<p><a href=\"https:\/\/klasikdusunceokulu.com\/index.php\/arapca-ii-seviye-dersleri-153-seminer-ozeti\/\"><span style=\"color: #3b5163;\"><strong>ARAP\u00c7A II. SEV\u0130YE DERSLER\u0130 153. SEM\u0130NER \u00d6ZET\u0130<\/strong><\/span><\/a><\/p>\n<p><a href=\"https:\/\/klasikdusunceokulu.com\/index.php\/arapca-ii-seviye-dersleri-154-seminer-ozeti\/\"><span style=\"color: #3b5163;\"><strong>ARAP\u00c7A II. SEV\u0130YE DERSLER\u0130 154. SEM\u0130NER \u00d6ZET\u0130<\/strong><\/span><\/a><\/p>\n<p><a href=\"https:\/\/klasikdusunceokulu.com\/index.php\/arapca-ii-seviye-dersleri-155-seminer-ozeti\/\"><span style=\"color: #3b5163;\"><strong>ARAP\u00c7A II. SEV\u0130YE DERSLER\u0130 155. SEM\u0130NER \u00d6ZET\u0130<\/strong><\/span><\/a><\/p>\n<p><a href=\"https:\/\/klasikdusunceokulu.com\/index.php\/arapca-ii-seviye-dersleri-156-seminer-ozeti\/\"><span style=\"color: #3b5163;\"><strong>ARAP\u00c7A II. SEV\u0130YE DERSLER\u0130 156. SEM\u0130NER \u00d6ZET\u0130<\/strong><\/span><\/a><\/p>\n<p><a href=\"https:\/\/klasikdusunceokulu.com\/index.php\/arapca-ii-seviye-dersleri-157-seminer-ozeti\/\"><span style=\"color: #3b5163;\"><strong>ARAP\u00c7A II. SEV\u0130YE DERSLER\u0130 157. SEM\u0130NER \u00d6ZET\u0130<\/strong><\/span><\/a><\/p>\n<p><a href=\"https:\/\/klasikdusunceokulu.com\/index.php\/arapca-ii-seviye-dersleri-158-seminer-ozeti\/\"><span style=\"color: #3b5163;\"><strong>ARAP\u00c7A II. SEV\u0130YE DERSLER\u0130 158. SEM\u0130NER \u00d6ZET\u0130<\/strong><\/span><\/a><\/p>\n<p><a href=\"https:\/\/klasikdusunceokulu.com\/index.php\/arapca-ii-seviye-dersleri-159-seminer-ozeti\/\"><span style=\"color: #3b5163;\"><strong>ARAP\u00c7A II. SEV\u0130YE DERSLER\u0130 159. SEM\u0130NER \u00d6ZET\u0130<\/strong><\/span><\/a><\/p>\n<p><a href=\"https:\/\/klasikdusunceokulu.com\/index.php\/arapca-ii-seviye-dersleri-160-seminer-ozeti\/\"><span style=\"color: #3b5163;\"><strong>ARAP\u00c7A II. SEV\u0130YE DERSLER\u0130 160. SEM\u0130NER \u00d6ZET\u0130<\/strong><\/span><\/a><\/p>\n<p><a href=\"https:\/\/klasikdusunceokulu.com\/index.php\/arapca-ii-seviye-dersleri-161-seminer-ozeti\/\"><span style=\"color: #3b5163;\"><strong>ARAP\u00c7A II. SEV\u0130YE DERSLER\u0130 161. SEM\u0130NER \u00d6ZET\u0130<\/strong><\/span><\/a><\/p>\n<p><a href=\"https:\/\/klasikdusunceokulu.com\/index.php\/arapca-ii-seviye-dersleri-162-seminer-ozeti\/\"><span style=\"color: #3b5163;\"><strong>ARAP\u00c7A II. SEV\u0130YE DERSLER\u0130 162. SEM\u0130NER \u00d6ZET\u0130<\/strong><\/span><\/a><\/p>\n<p><a href=\"https:\/\/klasikdusunceokulu.com\/index.php\/arapca-ii-seviye-dersleri-163-seminer-ozeti\/\"><span style=\"color: #3b5163;\"><strong>ARAP\u00c7A II. SEV\u0130YE DERSLER\u0130 163. SEM\u0130NER \u00d6ZET\u0130<\/strong><\/span><\/a><\/p>\n<p><a href=\"https:\/\/klasikdusunceokulu.com\/index.php\/arapca-ii-seviye-dersleri-164-seminer-ozeti\/\"><span style=\"color: #3b5163;\"><strong>ARAP\u00c7A II. SEV\u0130YE DERSLER\u0130 164. SEM\u0130NER \u00d6ZET\u0130<\/strong><\/span><\/a><\/p>\n<p><a href=\"https:\/\/klasikdusunceokulu.com\/index.php\/arapca-ii-seviye-dersleri-165-seminer-ozeti\/\"><span style=\"color: #3b5163;\"><strong>ARAP\u00c7A II. SEV\u0130YE DERSLER\u0130 165. SEM\u0130NER \u00d6ZET\u0130<\/strong><\/span><\/a><\/p>\n<p><a href=\"https:\/\/klasikdusunceokulu.com\/index.php\/arapca-ii-seviye-dersleri-166-seminer-ozeti\/\"><span style=\"color: #3b5163;\"><strong>ARAP\u00c7A II. SEV\u0130YE DERSLER\u0130 166. SEM\u0130NER \u00d6ZET\u0130<\/strong><\/span><\/a><\/p>\n<p><a href=\"https:\/\/klasikdusunceokulu.com\/index.php\/arapca-ii-seviye-dersleri-167-seminer-ozeti\/\"><span style=\"color: #3b5163;\"><strong>ARAP\u00c7A II. SEV\u0130YE DERSLER\u0130 167. SEM\u0130NER \u00d6ZET\u0130<\/strong><\/span><\/a><\/p>\n<p><a href=\"https:\/\/klasikdusunceokulu.com\/index.php\/arapca-ii-seviye-dersleri-168-seminer-ozeti\/\"><span style=\"color: #3b5163;\"><strong>ARAP\u00c7A II. SEV\u0130YE DERSLER\u0130 168. SEM\u0130NER \u00d6ZET\u0130<\/strong><\/span><\/a><\/p>\n<p><a href=\"https:\/\/klasikdusunceokulu.com\/index.php\/arapca-ii-seviye-dersleri-169-seminer-ozeti\/\"><span style=\"color: #3b5163;\"><strong>ARAP\u00c7A II. SEV\u0130YE DERSLER\u0130 169. SEM\u0130NER \u00d6ZET\u0130<\/strong><\/span><\/a><\/p>\n<p><a href=\"https:\/\/klasikdusunceokulu.com\/index.php\/arapca-ii-seviye-dersleri-170-seminer-ozeti\/\"><span style=\"color: #3b5163;\"><strong>ARAP\u00c7A II. SEV\u0130YE DERSLER\u0130 170. SEM\u0130NER \u00d6ZET\u0130<\/strong><\/span><\/a><\/p>\n<p><a href=\"https:\/\/klasikdusunceokulu.com\/index.php\/arapca-ii-seviye-dersleri-171-seminer-ozeti\/\"><span style=\"color: #3b5163;\"><strong>ARAP\u00c7A II. SEV\u0130YE DERSLER\u0130 171. SEM\u0130NER \u00d6ZET\u0130<\/strong><\/span><\/a><\/p>\n<p><a href=\"https:\/\/klasikdusunceokulu.com\/index.php\/arapca-ii-seviye-dersleri-172-seminer-ozeti\/\"><span style=\"color: #3b5163;\"><strong>ARAP\u00c7A II. SEV\u0130YE DERSLER\u0130 172. SEM\u0130NER \u00d6ZET\u0130<\/strong><\/span><\/a><\/p>\n<p><a href=\"https:\/\/klasikdusunceokulu.com\/index.php\/arapca-ii-seviye-dersleri-173-seminer-ozeti\/\"><span style=\"color: #3b5163;\"><strong>ARAP\u00c7A II. SEV\u0130YE DERSLER\u0130 173. SEM\u0130NER \u00d6ZET\u0130<\/strong><\/span><\/a><\/p>\n<p><a href=\"https:\/\/klasikdusunceokulu.com\/index.php\/arapca-ii-seviye-dersleri-174-seminer-ozeti\/\"><span style=\"color: #3b5163;\"><strong>ARAP\u00c7A II. SEV\u0130YE DERSLER\u0130 174. SEM\u0130NER \u00d6ZET\u0130<\/strong><\/span><\/a><\/p>\n<p><a href=\"https:\/\/klasikdusunceokulu.com\/index.php\/arapca-ii-seviye-dersleri-175-seminer-ozeti\/\"><span style=\"color: #3b5163;\"><strong>ARAP\u00c7A II. SEV\u0130YE DERSLER\u0130 175. SEM\u0130NER \u00d6ZET\u0130<\/strong><\/span><\/a><\/p>\n<p><a href=\"https:\/\/klasikdusunceokulu.com\/index.php\/arapca-ii-seviye-dersleri-176-seminer-ozeti\/\"><span style=\"color: #3b5163;\"><strong>ARAP\u00c7A II. SEV\u0130YE DERSLER\u0130 176. SEM\u0130NER \u00d6ZET\u0130<\/strong><\/span><\/a><\/p>\n<p><a href=\"https:\/\/klasikdusunceokulu.com\/index.php\/arapca-ii-seviye-dersleri-177-seminer-ozeti\/\"><span style=\"color: #3b5163;\"><strong>ARAP\u00c7A II. SEV\u0130YE DERSLER\u0130 177. SEM\u0130NER \u00d6ZET\u0130<\/strong><\/span><\/a><\/p>\n<p><a href=\"https:\/\/klasikdusunceokulu.com\/index.php\/arapca-ii-seviye-dersleri-178-seminer-ozeti\/\"><span style=\"color: #3b5163;\"><strong>ARAP\u00c7A II. SEV\u0130YE DERSLER\u0130 178. SEM\u0130NER \u00d6ZET\u0130<\/strong><\/span><\/a><\/p>\n<p><a href=\"https:\/\/klasikdusunceokulu.com\/index.php\/arapca-ii-seviye-dersleri-179-seminer-ozeti\/\"><span style=\"color: #3b5163;\"><strong>ARAP\u00c7A II. SEV\u0130YE DERSLER\u0130 179. SEM\u0130NER \u00d6ZET\u0130<\/strong><\/span><\/a><\/p>\n<p><a href=\"https:\/\/klasikdusunceokulu.com\/index.php\/arapca-ii-seviye-dersleri-180-seminer-ozeti\/\"><span style=\"color: #3b5163;\"><strong>ARAP\u00c7A II. SEV\u0130YE DERSLER\u0130 180. SEM\u0130NER \u00d6ZET\u0130<\/strong><\/span><\/a><\/p>\n<p><a href=\"https:\/\/klasikdusunceokulu.com\/index.php\/arapca-ii-seviye-dersleri-181-seminer-ozeti\/\"><span style=\"color: #3b5163;\"><strong>ARAP\u00c7A II. SEV\u0130YE DERSLER\u0130 181. SEM\u0130NER \u00d6ZET\u0130<\/strong><\/span><\/a><\/p>\n<p><a href=\"https:\/\/klasikdusunceokulu.com\/index.php\/arapca-ii-seviye-dersleri-182-seminer-ozeti\/\"><span style=\"color: #3b5163;\"><strong>ARAP\u00c7A II. SEV\u0130YE DERSLER\u0130 182. SEM\u0130NER \u00d6ZET\u0130<\/strong><\/span><\/a><\/p>\n<p><a href=\"https:\/\/klasikdusunceokulu.com\/index.php\/arapca-ii-seviye-dersleri-183-seminer-ozeti\/\"><span style=\"color: #3b5163;\"><strong>ARAP\u00c7A II. SEV\u0130YE DERSLER\u0130 183. SEM\u0130NER \u00d6ZET\u0130<\/strong><\/span><\/a><\/p>\n<p><a href=\"https:\/\/klasikdusunceokulu.com\/index.php\/arapca-ii-seviye-dersleri-184-seminer-ozeti\/\"><span style=\"color: #3b5163;\"><strong>ARAP\u00c7A II. SEV\u0130YE DERSLER\u0130 184. SEM\u0130NER \u00d6ZET\u0130<\/strong><\/span><\/a><\/p>\n<p><a href=\"https:\/\/klasikdusunceokulu.com\/index.php\/arapca-ii-seviye-dersleri-185-seminer-ozeti\/\"><span style=\"color: #3b5163;\"><strong>ARAP\u00c7A II. SEV\u0130YE DERSLER\u0130 185. SEM\u0130NER \u00d6ZET\u0130<\/strong><\/span><\/a><\/p>\n<p><a href=\"https:\/\/klasikdusunceokulu.com\/index.php\/arapca-ii-seviye-dersleri-186-seminer-ozeti\/\"><span style=\"color: #3b5163;\"><strong>ARAP\u00c7A II. SEV\u0130YE DERSLER\u0130 186. SEM\u0130NER \u00d6ZET\u0130<\/strong><\/span><\/a><\/p>\n<p><a href=\"https:\/\/klasikdusunceokulu.com\/index.php\/arapca-ii-seviye-dersleri-187-seminer-ozeti\/\"><span style=\"color: #3b5163;\"><strong>ARAP\u00c7A II. SEV\u0130YE DERSLER\u0130 187. SEM\u0130NER \u00d6ZET\u0130<\/strong><\/span><\/a><\/p>\n<p><a href=\"https:\/\/klasikdusunceokulu.com\/index.php\/arapca-ii-seviye-dersleri-188-seminer-ozeti\/\"><span style=\"color: #3b5163;\"><strong>ARAP\u00c7A II. SEV\u0130YE DERSLER\u0130 188. SEM\u0130NER \u00d6ZET\u0130<\/strong><\/span><\/a><\/p>\n<p><a href=\"https:\/\/klasikdusunceokulu.com\/index.php\/arapca-ii-seviye-dersleri-189-seminer-ozeti\/\"><span style=\"color: #3b5163;\"><strong>ARAP\u00c7A II. SEV\u0130YE DERSLER\u0130 189. SEM\u0130NER \u00d6ZET\u0130<\/strong><\/span><\/a><\/p>\n<p><a href=\"https:\/\/klasikdusunceokulu.com\/index.php\/arapca-ii-seviye-dersleri-190-seminer-ozeti\/\"><span style=\"color: #3b5163;\"><strong>ARAP\u00c7A II. SEV\u0130YE DERSLER\u0130 190. SEM\u0130NER \u00d6ZET\u0130<\/strong><\/span><\/a><\/p>\n<p><a href=\"https:\/\/klasikdusunceokulu.com\/index.php\/arapca-ii-seviye-dersleri-191-seminer-ozeti\/\"><span style=\"color: #3b5163;\"><strong>ARAP\u00c7A II. SEV\u0130YE DERSLER\u0130 191. SEM\u0130NER \u00d6ZET\u0130<\/strong><\/span><\/a><\/p>\n<p><a href=\"https:\/\/klasikdusunceokulu.com\/index.php\/arapca-ii-seviye-dersleri-192-seminer-ozeti\/\"><span style=\"color: #3b5163;\"><strong>ARAP\u00c7A II. SEV\u0130YE DERSLER\u0130 192. SEM\u0130NER \u00d6ZET\u0130<\/strong><\/span><\/a><\/p>\n<p><a href=\"https:\/\/klasikdusunceokulu.com\/index.php\/arapca-ii-seviye-dersleri-193-seminer-ozeti\/\"><span style=\"color: #3b5163;\"><strong>ARAP\u00c7A II. SEV\u0130YE DERSLER\u0130 193. SEM\u0130NER \u00d6ZET\u0130<\/strong><\/span><\/a><\/p>\n<p><a href=\"https:\/\/klasikdusunceokulu.com\/index.php\/arapca-ii-seviye-dersleri-194-seminer-ozeti\/\"><span style=\"color: #3b5163;\"><strong>ARAP\u00c7A II. SEV\u0130YE DERSLER\u0130 194. SEM\u0130NER \u00d6ZET\u0130<\/strong><\/span><\/a><\/p>\n<p><a href=\"https:\/\/klasikdusunceokulu.com\/index.php\/arapca-ii-seviye-dersleri-195-seminer-ozeti\/\"><span style=\"color: #3b5163;\"><strong>ARAP\u00c7A II. SEV\u0130YE DERSLER\u0130 195. SEM\u0130NER \u00d6ZET\u0130<\/strong><\/span><\/a><\/p>\n<p><a href=\"https:\/\/klasikdusunceokulu.com\/index.php\/arapca-ii-seviye-dersleri-196-seminer-ozeti\/\"><span style=\"color: #3b5163;\"><strong>ARAP\u00c7A II. SEV\u0130YE DERSLER\u0130 196. SEM\u0130NER \u00d6ZET\u0130<\/strong><\/span><\/a><\/p>\n<p><a href=\"https:\/\/klasikdusunceokulu.com\/index.php\/arapca-ii-seviye-dersleri-197-seminer-ozeti\/\"><span style=\"color: #3b5163;\"><strong>ARAP\u00c7A II. SEV\u0130YE DERSLER\u0130 197. SEM\u0130NER \u00d6ZET\u0130<\/strong><\/span><\/a><\/p>\n<p><a href=\"https:\/\/klasikdusunceokulu.com\/index.php\/arapca-ii-seviye-dersleri-198-seminer-ozeti\/\"><span style=\"color: #3b5163;\"><strong>ARAP\u00c7A II. SEV\u0130YE DERSLER\u0130 198. SEM\u0130NER \u00d6ZET\u0130<\/strong><\/span><\/a><\/p>\n<p><a href=\"https:\/\/klasikdusunceokulu.com\/index.php\/arapca-ii-seviye-dersleri-199-seminer-ozeti\/\"><span style=\"color: #3b5163;\"><strong>ARAP\u00c7A II. SEV\u0130YE DERSLER\u0130 199. SEM\u0130NER \u00d6ZET\u0130<\/strong><\/span><\/a><\/p>\n<p><a href=\"https:\/\/klasikdusunceokulu.com\/index.php\/arapca-ii-seviye-dersleri-200-seminer-ozeti\/\"><span style=\"color: #3b5163;\"><strong>ARAP\u00c7A II. SEV\u0130YE DERSLER\u0130 200. SEM\u0130NER \u00d6ZET\u0130<\/strong><\/span><\/a><\/p>\n","protected":false},"excerpt":{"rendered":"<p>ARAP\u00c7A II. SEV\u0130YE DERSLER\u0130 101. SEM\u0130NER \u00d6ZET\u0130 ARAP\u00c7A II. SEV\u0130YE [&hellip;]<\/p>\n","protected":false},"author":1,"featured_media":0,"parent":0,"menu_order":0,"comment_status":"closed","ping_status":"closed","template":"","meta":{"footnotes":""},"class_list":["post-6697","page","type-page","status-publish","hentry"],"jetpack_sharing_enabled":true,"_links":{"self":[{"href":"https:\/\/klasikdusunceokulu.com\/index.php\/wp-json\/wp\/v2\/pages\/6697","targetHints":{"allow":["GET"]}}],"collection":[{"href":"https:\/\/klasikdusunceokulu.com\/index.php\/wp-json\/wp\/v2\/pages"}],"about":[{"href":"https:\/\/klasikdusunceokulu.com\/index.php\/wp-json\/wp\/v2\/types\/page"}],"author":[{"embeddable":true,"href":"https:\/\/klasikdusunceokulu.com\/index.php\/wp-json\/wp\/v2\/users\/1"}],"replies":[{"embeddable":true,"href":"https:\/\/klasikdusunceokulu.com\/index.php\/wp-json\/wp\/v2\/comments?post=6697"}],"version-history":[{"count":11,"href":"https:\/\/klasikdusunceokulu.com\/index.php\/wp-json\/wp\/v2\/pages\/6697\/revisions"}],"predecessor-version":[{"id":6945,"href":"https:\/\/klasikdusunceokulu.com\/index.php\/wp-json\/wp\/v2\/pages\/6697\/revisions\/6945"}],"wp:attachment":[{"href":"https:\/\/klasikdusunceokulu.com\/index.php\/wp-json\/wp\/v2\/media?parent=6697"}],"curies":[{"name":"wp","href":"https:\/\/api.w.org\/{rel}","templated":true}]}}