{"id":6754,"date":"2025-07-23T13:03:03","date_gmt":"2025-07-23T10:03:03","guid":{"rendered":"https:\/\/klasikdusunceokulu.com\/?page_id=6754"},"modified":"2025-07-23T13:03:03","modified_gmt":"2025-07-23T10:03:03","slug":"arapca-ii-seviye-dersleri-138-seminer-ozeti","status":"publish","type":"page","link":"https:\/\/klasikdusunceokulu.com\/index.php\/arapca-ii-seviye-dersleri-138-seminer-ozeti\/","title":{"rendered":"ARAP\u00c7A II. SEV\u0130YE DERSLER\u0130 138. SEM\u0130NER \u00d6ZET\u0130"},"content":{"rendered":"<p><span style=\"color: #333333;\"><strong>ARAP\u00c7A II. SEV\u0130YE DERSLER\u0130 138. SEM\u0130NER \u00d6ZET\u0130<\/strong><\/span><\/p>\n<p><span style=\"color: #333333;\"><strong>Seminerin Amac\u0131 ve \u0130\u00e7eri\u011fi<\/strong><\/span><\/p>\n<p><span style=\"color: #333333;\">Bu seminer, Klasik D\u00fc\u015f\u00fcnce Okulu Arap\u00e7a m\u00fcfredat\u0131n\u0131n bir par\u00e7as\u0131 olarak, \u201c\u02bf\u0130nde\u2019t-Tab\u012bb\u201d (Doktorda) ba\u015fl\u0131kl\u0131 klasik anlat\u0131 metninin okunmas\u0131, terc\u00fcme edilmesi ve dilbilgisel tahlil edilmesine odaklanm\u0131\u015ft\u0131r. Kat\u0131l\u0131mc\u0131lar\u0131n okuma-anlama, ba\u011flama uygun \u00e7eviri yapma ve c\u00fcmle analiz becerilerini geli\u015ftirmeleri hedeflenmi\u015ftir.<\/span><\/p>\n<p><span style=\"color: #333333;\"><strong>Ana Temalar<\/strong><\/span><\/p>\n<ol>\n<li><span style=\"color: #333333;\"><strong>Metin Anlam\u0131 ve Tematik \u0130\u00e7erik<\/strong><\/span><\/li>\n<\/ol>\n<p><span style=\"color: #333333;\">Hik\u00e2ye, Mahmud\u2019un kar\u0131n a\u011fr\u0131s\u0131 ya\u015famas\u0131, bir arkada\u015f\u0131n\u0131 ziyaret etmesi ve ard\u0131ndan doktor muayenehanesine gitmesini konu al\u0131r.<\/span><\/p>\n<p><span style=\"color: #333333;\">\u015eikayet, te\u015fhis, re\u00e7ete, tedavi ve iyile\u015fme s\u00fcreci s\u0131ras\u0131yla anlat\u0131l\u0131r.<\/span><\/p>\n<ol start=\"2\">\n<li><span style=\"color: #333333;\"><strong>Dilbilgisel \u00c7\u00f6z\u00fcmleme<\/strong><\/span><\/li>\n<\/ol>\n<p><span style=\"color: #333333;\">Her c\u00fcmle; fiil (fi\u02bfl), \u00f6zne (f\u0101\u02bfil), nesne (maf\u02bf\u016bl) ve varsa zarf, mecrur, hal gibi c\u00fcmle \u00f6\u011felerine ayr\u0131larak analiz edilmi\u015ftir.<\/span><\/p>\n<p><span style=\"color: #333333;\">\u00d6rnek:<\/span><\/p>\n<ul>\n<li><span style=\"color: #333333;\">Sha\u02bfara Ma\u1e25m\u016bdun bi-alamin shad\u012bdin f\u012b ba\u1e6dnihi \u2013 \u201cMahmud karn\u0131nda \u015fiddetli bir a\u011fr\u0131 hissetti.\u201d<\/span><\/li>\n<\/ul>\n<p><span style=\"color: #333333;\">sha\u02bfara fiilinden sonra bi harficeriyle gelen mef\u2019ul kullan\u0131m\u0131 dikkatle incelenmi\u015ftir.<\/span><\/p>\n<ol start=\"3\">\n<li><span style=\"color: #333333;\"><strong>\u0130sim ve Fiil C\u00fcmlelerinin Fark\u0131<\/strong><\/span><\/li>\n<\/ol>\n<p><span style=\"color: #333333;\">Fiil c\u00fcmlesi: Fahasa al-\u1e6dab\u012bb Ma\u1e25m\u016bdan \u2013 \u201cDoktor Mahmud\u2019u muayene etti.\u201d<\/span><\/p>\n<p><span style=\"color: #333333;\">\u0130sim c\u00fcmlesi: Ene mar\u012b\u1e0dun \u2013 \u201cBen hastay\u0131m.\u201d<\/span><\/p>\n<p><span style=\"color: #333333;\">Yap\u0131lar aras\u0131ndaki y\u00fcklem, \u00f6zne ve irap farkl\u0131l\u0131klar\u0131 \u00f6rneklerle a\u00e7\u0131klanm\u0131\u015ft\u0131r.<\/span><\/p>\n<ol start=\"4\">\n<li><span style=\"color: #333333;\"><strong>Kelime Bilgisi ve Deyimsel Kullan\u0131mlar<\/strong><\/span><\/li>\n<\/ol>\n<p><span style=\"color: #333333;\">Medikal ba\u011flamda s\u0131k ge\u00e7en kelimeler tan\u0131t\u0131ld\u0131:<\/span><\/p>\n<ul>\n<li><span style=\"color: #333333;\">al-\u02bfiy\u0101dah (klinik), wa\u1e63fah \u1e6dibbiyyah (re\u00e7ete), al-adwiyah (ila\u00e7lar)<\/span><\/li>\n<li><span style=\"color: #333333;\">al-ra\u1e25ah at-tammah (tam rahatlama)<\/span><\/li>\n<\/ul>\n<p><span style=\"color: #333333;\">Gelecek zaman kipinin \u201csa-\u201d edat\u0131yla kurulmas\u0131 \u00f6rneklendi: sa-yaz\u016bl al-alam \u2013 \u201ca\u011fr\u0131 ge\u00e7ecek\u201d<\/span><\/p>\n<ol start=\"5\">\n<li><span style=\"color: #333333;\"><strong>\u0130leri D\u00fczey Dilbilgisi Unsurlar\u0131<\/strong><\/span><\/li>\n<\/ol>\n<p><span style=\"color: #333333;\">Ak\u0131ls\u0131z varl\u0131klar\u0131n \u00e7o\u011fulu ve ona ba\u011fl\u0131 zamir kullan\u0131m\u0131:<\/span><\/p>\n<ul>\n<li><span style=\"color: #333333;\">tan\u0101wulih\u0101 \u2013 \u201conlar\u0131 (ila\u00e7lar\u0131) almak\u201d<\/span><\/li>\n<\/ul>\n<p><span style=\"color: #333333;\">\u0130zafet yap\u0131lar\u0131 ve \u00e7ekim \u00f6rnekleri \u00fczerinde duruldu:<\/span><\/p>\n<ul>\n<li><span style=\"color: #333333;\">\u1e63ad\u012bqihi (arkada\u015f\u0131), \u02bfiy\u0101dat al-\u1e6dab\u012bb (doktorun klini\u011fi), wasfat \u1e6dibbiyyah (t\u0131bbi re\u00e7ete)<\/span><\/li>\n<\/ul>\n<ol start=\"6\">\n<li><span style=\"color: #333333;\"><strong>Ba\u011fla\u00e7lar ve \u00dcslup \u00d6\u011feleri<\/strong><\/span><\/li>\n<\/ol>\n<p><span style=\"color: #333333;\">fa, thumma gibi ba\u011fla\u00e7lar ve in sh\u0101\u02be All\u0101h gibi vurgu yap\u0131lar\u0131 analiz edildi.<\/span><\/p>\n<p><span style=\"color: #333333;\">Anlama destek ama\u00e7l\u0131 dinleme, tonlama ve ba\u011flam \u00e7\u00f6z\u00fcmleme uygulamalar\u0131 yap\u0131ld\u0131.<\/span><\/p>\n<p><span style=\"color: #333333;\"><strong>Sonu\u00e7<\/strong><\/span><\/p>\n<p><span style=\"color: #333333;\">Bu derste okuma, dil bilgisi, \u00e7eviri ve kelime bilgisi bir b\u00fct\u00fcn h\u00e2linde sunularak \u00f6\u011frencilerin Arap\u00e7a metinleri daha do\u011fru ve derinlikli analiz edebilmeleri sa\u011flanm\u0131\u015ft\u0131r. Metinlerin dilsel yap\u0131s\u0131na dikkatli yakla\u015f\u0131m, \u00f6\u011frencilerin hem klasik hem \u00e7a\u011fda\u015f Arap\u00e7ada do\u011fru anlama ve \u00fcretme becerilerini geli\u015ftirmi\u015ftir.<\/span><\/p>\n<p>&nbsp;<\/p>\n<p><span style=\"color: #333333;\"><strong>Purpose and Content of the Seminar<\/strong><\/span><\/p>\n<p><span style=\"color: #333333;\">This seminar was part of the Classical Thought School&#8217;s Arabic language curriculum, focusing on the comprehension, translation, and grammatical analysis of a classical narrative text titled \u02bfInda al-\u1e6cab\u012bb (\u201cAt the Doctor\u201d). The lesson aimed to enhance students&#8217; reading fluency, contextual translation ability, and analytical grammar skills through sentence-by-sentence breakdowns.<\/span><\/p>\n<p><span style=\"color: #333333;\"><strong>Main Themes<\/strong><\/span><\/p>\n<ol>\n<li><span style=\"color: #333333;\"><strong>Text Comprehension and Thematic Focus<\/strong><\/span><\/li>\n<\/ol>\n<p><span style=\"color: #333333;\">The story describes Mahmud experiencing abdominal pain, visiting a friend, and then going to the doctor\u2019s clinic.<\/span><\/p>\n<p><span style=\"color: #333333;\">A sequence of actions follows: complaint, diagnosis, prescription, treatment, and eventual recovery.<\/span><\/p>\n<ol start=\"2\">\n<li><span style=\"color: #333333;\"><strong>Grammatical Dissection<\/strong><\/span><\/li>\n<\/ol>\n<p><span style=\"color: #333333;\">Each sentence was dissected into its verb (fi\u02bfl), subject (f\u0101\u02bfil), object (maf\u02bf\u016bl), and adjuncts (e.g., prepositional phrases).<\/span><\/p>\n<p><span style=\"color: #333333;\">Examples<\/span><\/p>\n<ul>\n<li><span style=\"color: #333333;\">Sha\u02bfara Ma\u1e25m\u016bdun bi-alamin shad\u012bdin f\u012b ba\u1e6dnihi \u2013 \u201cMahmud felt a sharp pain in his stomach.\u201d<\/span><\/li>\n<\/ul>\n<p><span style=\"color: #333333;\">The verb sha\u02bfara governs a b\u012b + noun structure.<\/span><\/p>\n<p><span style=\"color: #333333;\">Adjective-noun agreement was emphasized: \u02bfalam shad\u012bd (pain \u2013 severe).<\/span><\/p>\n<ol start=\"3\">\n<li><span style=\"color: #333333;\"><strong>Syntax: Verbal and Nominal Sentences<\/strong><\/span><\/li>\n<\/ol>\n<p><span style=\"color: #333333;\">Contrast between verbal (fi\u02bfliyya) and nominal (ismiyya) sentence structures was explored:<\/span><\/p>\n<ul>\n<li><span style=\"color: #333333;\">Ene mar\u012b\u1e0dun \u2013 \u201cI am sick\u201d (nominal with a pronoun subject)<\/span><\/li>\n<li><span style=\"color: #333333;\">Fahasa al-\u1e6dab\u012bb Ma\u1e25m\u016bdan \u2013 \u201cThe doctor examined Mahmud\u201d (verbal)<\/span><\/li>\n<\/ul>\n<ol start=\"4\">\n<li><span style=\"color: #333333;\"><strong>Special Vocabulary and Idiomatic Structures<\/strong><\/span><\/li>\n<\/ol>\n<p><span style=\"color: #333333;\">Introduction of common medical and diagnostic terms:<\/span><\/p>\n<ul>\n<li><span style=\"color: #333333;\">al-i\u02bf\u0101dah \u2013 clinic<\/span><\/li>\n<li><span style=\"color: #333333;\">wa\u1e63fah \u1e6dibbiyyah \u2013 medical prescription<\/span><\/li>\n<li><span style=\"color: #333333;\">al-adwiyah \u2013 medicines<\/span><\/li>\n<li><span style=\"color: #333333;\">al-ra\u1e25ah al-tammah \u2013 complete relief<\/span><\/li>\n<\/ul>\n<p><span style=\"color: #333333;\">Use of future tense particles: sa- (e.g., sa-aktubu, sa-tashtar\u012b)<\/span><\/p>\n<p><span style=\"color: #333333;\">Passive meaning in phrases: sa-yaz\u016bl al-alam \u2013 \u201cthe pain will disappear\u201d<\/span><\/p>\n<ol start=\"5\">\n<li><span style=\"color: #333333;\"><strong>Advanced Grammatical Concepts<\/strong><\/span><\/li>\n<\/ol>\n<p><span style=\"color: #333333;\">Analysis of mufrad vs. jam\u02bf ghayr \u02bf\u0101qil (non-human plurals) and related pronoun usage:<\/span><\/p>\n<ul>\n<li><span style=\"color: #333333;\">tan\u0101wulih\u0101 for plural feminine objects (medicines)<\/span><\/li>\n<\/ul>\n<p><span style=\"color: #333333;\">Use of id\u0101fa (construct phrase) and its morphological markers:<\/span><\/p>\n<ul>\n<li><span style=\"color: #333333;\">\u1e63ad\u012bqihi, \u02bfiy\u0101dat al-\u1e6dab\u012bb, wasfat \u1e6dibbiyyah<\/span><\/li>\n<\/ul>\n<ol start=\"6\">\n<li><span style=\"color: #333333;\"><strong>Stylistic and Discourse Elements<\/strong><\/span><\/li>\n<\/ol>\n<p><span style=\"color: #333333;\">Use of conjunctions (fa, thumma) and emphasis structures (in sh\u0101\u02be All\u0101h)<\/span><\/p>\n<p><span style=\"color: #333333;\">Students were encouraged to listen for flow, pronunciation, and meaning, applying listening comprehension strategies.<\/span><\/p>\n<p><span style=\"color: #333333;\"><strong>Conclusion<\/strong><\/span><\/p>\n<p><span style=\"color: #333333;\">This session was a comprehensive integration of reading, grammar, translation, and applied vocabulary in context. Through interactive sentence breakdowns and morphological analysis, students were able to consolidate their understanding of Arabic syntax, narrative flow, and linguistic precision. The holistic approach supported deeper linguistic intuition and practical fluency in formal Arabic.<\/span><\/p>\n<p><span style=\"color: #333333;\"><strong>\u00a0<\/strong><\/span><\/p>\n<p>&nbsp;<\/p>\n","protected":false},"excerpt":{"rendered":"<p>ARAP\u00c7A II. SEV\u0130YE DERSLER\u0130 138. SEM\u0130NER \u00d6ZET\u0130 Seminerin Amac\u0131 ve [&hellip;]<\/p>\n","protected":false},"author":1,"featured_media":0,"parent":0,"menu_order":0,"comment_status":"closed","ping_status":"closed","template":"","meta":{"footnotes":""},"class_list":["post-6754","page","type-page","status-publish","hentry"],"jetpack_sharing_enabled":true,"_links":{"self":[{"href":"https:\/\/klasikdusunceokulu.com\/index.php\/wp-json\/wp\/v2\/pages\/6754","targetHints":{"allow":["GET"]}}],"collection":[{"href":"https:\/\/klasikdusunceokulu.com\/index.php\/wp-json\/wp\/v2\/pages"}],"about":[{"href":"https:\/\/klasikdusunceokulu.com\/index.php\/wp-json\/wp\/v2\/types\/page"}],"author":[{"embeddable":true,"href":"https:\/\/klasikdusunceokulu.com\/index.php\/wp-json\/wp\/v2\/users\/1"}],"replies":[{"embeddable":true,"href":"https:\/\/klasikdusunceokulu.com\/index.php\/wp-json\/wp\/v2\/comments?post=6754"}],"version-history":[{"count":1,"href":"https:\/\/klasikdusunceokulu.com\/index.php\/wp-json\/wp\/v2\/pages\/6754\/revisions"}],"predecessor-version":[{"id":6755,"href":"https:\/\/klasikdusunceokulu.com\/index.php\/wp-json\/wp\/v2\/pages\/6754\/revisions\/6755"}],"wp:attachment":[{"href":"https:\/\/klasikdusunceokulu.com\/index.php\/wp-json\/wp\/v2\/media?parent=6754"}],"curies":[{"name":"wp","href":"https:\/\/api.w.org\/{rel}","templated":true}]}}