{"id":6818,"date":"2025-07-23T13:26:02","date_gmt":"2025-07-23T10:26:02","guid":{"rendered":"https:\/\/klasikdusunceokulu.com\/?page_id=6818"},"modified":"2025-07-23T14:16:23","modified_gmt":"2025-07-23T11:16:23","slug":"arapca-ii-seviye-dersleri-170-seminer-ozeti","status":"publish","type":"page","link":"https:\/\/klasikdusunceokulu.com\/index.php\/arapca-ii-seviye-dersleri-170-seminer-ozeti\/","title":{"rendered":"ARAP\u00c7A II. SEV\u0130YE DERSLER\u0130 170. SEM\u0130NER \u00d6ZET\u0130"},"content":{"rendered":"<p><strong>Dersin Amac\u0131 ve \u0130\u00e7eri\u011fi<\/strong><\/p>\n<p>Bu ders, Arap\u00e7ada isim i\u015faretlerinin (\u0623\u0633\u0645\u0627\u0621 \u0627\u0644\u0625\u0634\u0627\u0631\u0629) harf-i cerlerle (\u062d\u0631\u0648\u0641 \u0627\u0644\u062c\u0631\u0651) birlikte kullan\u0131lmas\u0131 h\u00e2linde ortaya \u00e7\u0131kan i\u02bfr\u00e2b yap\u0131lar\u0131n\u0131 incelemekte; bu ba\u011flamda \u00f6zellikle isim i\u015faretleri ile birlikte gelen m\u00fc\u015f\u00e2run-ileyh (\u0627\u0644\u0645\u0634\u0627\u0631 \u0625\u0644\u064a\u0647) yap\u0131lar\u0131na odaklanmaktad\u0131r. Harf-i cerin etkisiyle meydana gelen irab de\u011fi\u015fikliklerinin hem teorik hem de uygulamal\u0131 boyutta ele al\u0131nd\u0131\u011f\u0131 derste, i\u015faret isminin mahallen mecr\u00fbr olu\u015fu, m\u00fc\u015f\u00e2run-ileyh&#8217;in lafzen mecr\u00fbr geli\u015f bi\u00e7imi ve iki unsur aras\u0131ndaki dilsel uyum ayr\u0131nt\u0131l\u0131 \u015fekilde \u00f6rneklerle a\u00e7\u0131klanm\u0131\u015ft\u0131r. Ders, klasik Arap\u00e7a metinlerde s\u0131kl\u0131kla kar\u015f\u0131la\u015f\u0131lan bu yap\u0131n\u0131n do\u011fru \u00e7\u00f6z\u00fcmlemesini sa\u011flamay\u0131 ama\u00e7lamaktad\u0131r.<\/p>\n<p><strong>Ana Temalar<\/strong><\/p>\n<ol>\n<li><strong>Harf-i Cerin Etkisiyle Mahallen Mecr\u00fbr Olan \u0130sim \u0130\u015faretleri:<\/strong><\/li>\n<\/ol>\n<p>\u0130sim i\u015faretleri harf-i cer ile kullan\u0131ld\u0131klar\u0131nda, g\u00f6r\u00fcn\u00fc\u015fte herhangi bir hareke de\u011fi\u015fimi ya\u015fanmaz; ancak c\u00fcmledeki konumlar\u0131 gere\u011fi mahallen mecr\u00fbr kabul edilirler. \u00d6rne\u011fin:<\/p>\n<p>\u0641\u0650\u064a \u0647\u0670\u0630\u064e\u0627 \u0627\u0644\u0652\u0628\u064e\u064a\u0652\u062a\u0650 \u2013 \u201cBu evde\u201d ifadesinde \u0647\u0670\u0630\u064e\u0627 isim i\u015fareti harf-i cerin etkisiyle mahallen mecr\u00fbr say\u0131l\u0131r.<\/p>\n<ol start=\"2\">\n<li><strong>M\u00fc\u015f\u00e2run-ileyh\u2019in Lafzen Mecr\u00fbr Olu\u015fu ve Uyumu:<\/strong><\/li>\n<\/ol>\n<p>\u0130sim i\u015faretini takip eden ve \u201cel\u201d tak\u0131s\u0131 ta\u015f\u0131yan isim (m\u00fc\u015f\u00e2run-ileyh), lafzen mecr\u00fbr olur; yani kesra harekesi al\u0131r. Bu kelime, isim i\u015faretiyle cinsiyet ve say\u0131 bak\u0131m\u0131ndan uyum g\u00f6sterir. \u00d6rnek:<\/p>\n<p>\u0625\u0650\u0644\u064e\u0649 \u062a\u0650\u0644\u0652\u0643\u064e \u0627\u0644\u0633\u064e\u0651\u064a\u064e\u0651\u0627\u0631\u064e\u0629\u0650 \u2013 \u201c\u015eu arabaya\u201d ifadesinde \u201c\u0627\u0644\u0633\u064e\u0651\u064a\u064e\u0651\u0627\u0631\u064e\u0629\u0650\u201d m\u00fc\u015f\u00e2run-ileyh olup kesra alm\u0131\u015ft\u0131r.<\/p>\n<ol start=\"3\">\n<li><strong>Yap\u0131n\u0131n Bedel-S\u0131fat \u0130li\u015fkisi Gibi \u0130\u015fleyi\u015fi:<\/strong><\/li>\n<\/ol>\n<p>\u0130\u015faret ismi + m\u00fc\u015f\u00e2run-ileyh yap\u0131s\u0131, dilsel i\u015flev a\u00e7\u0131s\u0131ndan s\u0131fat tamlamas\u0131 gibidir. Ancak iz\u00e2fet yap\u0131s\u0131 de\u011fildir. Yani \u0647\u0670\u0630\u064e\u0627 \u0627\u0644\u0652\u0643\u0650\u062a\u064e\u0627\u0628\u064f ifadesi \u201cbu kitap\u201d anlam\u0131ndad\u0131r, \u201ckitab\u0131n bu&#8217;su\u201d de\u011fil.<\/p>\n<ol start=\"4\">\n<li><strong>Say\u0131 ve Cinsiyet Uyumunun Zorunlulu\u011fu:<\/strong><\/li>\n<\/ol>\n<p>\u0130sim i\u015fareti ile m\u00fc\u015f\u00e2run-ileyh aras\u0131nda m\u00fcfred, tesniye, cem\u2019 ayr\u0131m\u0131 ile m\u00fczekker-m\u00fcennes uyumu tam olarak sa\u011flanmal\u0131d\u0131r. \u00d6rne\u011fin:<\/p>\n<p>\u0639\u064e\u0644\u064e\u0649 \u0647\u064e\u0624\u064f\u0644\u064e\u0627\u0621\u0650 \u0627\u0644\u0652\u0623\u064e\u0637\u0652\u0641\u064e\u0627\u0644\u0650 \u2013 \u201cBu \u00e7ocuklar\u0131n \u00fczerine\u201d ifadesinde \u00e7o\u011ful ve ak\u0131ll\u0131 varl\u0131klara uygun bir yap\u0131 kurulmu\u015ftur.<\/p>\n<p><strong>Sonu\u00e7<\/strong><\/p>\n<p>Bu ders, harf-i cerle ba\u015flayan c\u00fcmlelerde isim i\u015fareti ve m\u00fc\u015f\u00e2run-ileyh aras\u0131ndaki yap\u0131sal ve irab\u00ee ili\u015fkiyi \u00e7\u00f6z\u00fcmleyebilme becerisi kazand\u0131rmay\u0131 hedeflemi\u015ftir. \u00d6\u011frenciler, mahallen mecr\u00fbr kavram\u0131n\u0131, m\u00fc\u015f\u00e2run-ileyh\u2019in lafzen mecr\u00fbr olu\u015funu ve aralar\u0131ndaki uyum zorunlulu\u011funu kavrayarak, bu yap\u0131lar\u0131n klasik Arap\u00e7a c\u00fcmlelerde nas\u0131l i\u015flev g\u00f6rd\u00fc\u011f\u00fcn\u00fc \u00f6rnekler \u00fczerinden analiz etmi\u015ftir. Yap\u0131n\u0131n yanl\u0131\u015f iz\u00e2fet gibi okunmas\u0131n\u0131n \u00f6n\u00fcne ge\u00e7ilerek, do\u011fru bir gramer bilinci olu\u015fturulmu\u015ftur. Dolay\u0131s\u0131yla, s\u00f6z konusu yap\u0131lar\u0131n sa\u011fl\u0131kl\u0131 bir \u015fekilde anla\u015f\u0131lmas\u0131, \u00f6zellikle Arap\u00e7a metin \u00e7\u00f6z\u00fcmlemesi ve i\u2018r\u00e2b uygulamalar\u0131 a\u00e7\u0131s\u0131ndan kritik \u00f6neme sahiptir.<\/p>\n<p>&nbsp;<\/p>\n<p><strong>Purpose and Content of the Lesson<\/strong><\/p>\n<p>This lesson focuses on analyzing the grammatical behavior of demonstrative pronouns (asm\u0101\u2019 al-ish\u0101rah) in Arabic when used in conjunction with prepositions (\u1e25ur\u016bf al-jarr). Specifically, it examines the syntactic and morphological structure formed when a demonstrative is followed by a mush\u0101run ilayh (the indicated noun) in majr\u016br (genitive) position. The session aims to clarify how demonstratives, though unaffected in visible case marking, are considered governed (majr\u016br) due to their syntactic placement and how the mush\u0101run ilayh behaves accordingly in form and function.<\/p>\n<p><strong>Main Themes<\/strong><\/p>\n<ol>\n<li><strong>Demonstratives Under the Influence of <\/strong><strong>\u1e24<\/strong><strong>arf al-Jarr (Prepositions):<\/strong><\/li>\n<\/ol>\n<p>When a demonstrative follows a preposition such as \u0645\u0650\u0646\u060c \u0641\u0650\u064a\u060c \u0625\u0650\u0644\u064e\u0649\u060c \u0639\u064e\u0644\u064e\u0649, it does not exhibit an external genitive case marking. However, it is considered majr\u016br in position (ma\u1e25allan majr\u016br). For example:<\/p>\n<ul>\n<li>\u0641\u0650\u064a \u0647\u0670\u0630\u064e\u0627 \u0627\u0644\u0652\u0628\u064e\u064a\u0652\u062a\u0650 \u2013 \u201cIn this house\u201d<\/li>\n<\/ul>\n<p>Here, \u0647\u0670\u0630\u064e\u0627 is syntactically governed by the preposition \u0641\u0650\u064a, though its form remains unchanged.<\/p>\n<ol start=\"2\">\n<li><strong>Mush\u0101run Ilayh with Visible Genitive Marking:<\/strong><\/li>\n<\/ol>\n<p>The noun following the demonstrative\u2014the mush\u0101run ilayh\u2014must appear with a visible kasrah, reflecting its true genitive status. It also agrees with the demonstrative in gender and number. For instance:<\/p>\n<ul>\n<li>\u0625\u0650\u0644\u064e\u0649 \u062a\u0650\u0644\u0652\u0643\u064e \u0627\u0644\u0633\u064e\u0651\u064a\u064e\u0651\u0627\u0631\u064e\u0629\u0650 \u2013 \u201cTo that car\u201d<\/li>\n<\/ul>\n<p>The noun \u0627\u0644\u0633\u064e\u0651\u064a\u064e\u0651\u0627\u0631\u064e\u0629\u0650 is definitively marked and clearly genitive due to the preposition \u0625\u0650\u0644\u064e\u0649.<\/p>\n<ol start=\"3\">\n<li><strong>Functional Parallel to Descriptive (Sifa) Structures:<\/strong><\/li>\n<\/ol>\n<p>The demonstrative + mush\u0101run ilayh pairing acts syntactically like an adjective-noun relationship, not as an i\u1e0d\u0101fa (genitive construct). For example,<\/p>\n<ul>\n<li>\u0647\u0670\u0630\u064e\u0627 \u0627\u0644\u0652\u0643\u0650\u062a\u064e\u0627\u0628\u064f is correctly understood as \u201cthis book,\u201d not \u201cthe book of this.\u201d<\/li>\n<\/ul>\n<ol start=\"4\">\n<li><strong>Mandatory Concord in Gender and Number:<\/strong><\/li>\n<\/ol>\n<p>The mush\u0101run ilayh must fully agree with the demonstrative in terms of singular, dual, plural as well as masculine or feminine form.<\/p>\n<p>Example:<\/p>\n<ul>\n<li>\u0639\u064e\u0644\u064e\u0649 \u0647\u064e\u0624\u064f\u0644\u064e\u0627\u0621\u0650 \u0627\u0644\u0652\u0623\u064e\u0637\u0652\u0641\u064e\u0627\u0644\u0650 \u2013 \u201cUpon these children\u201d<\/li>\n<\/ul>\n<p>Here, both the demonstrative \u0647\u064e\u0624\u064f\u0644\u064e\u0627\u0621\u0650 and the noun \u0627\u0644\u0652\u0623\u064e\u0637\u0652\u0641\u064e\u0627\u0644\u0650 are plural and refer to rational beings.<\/p>\n<p><strong>Conclusion<\/strong><\/p>\n<p>This lesson reinforces critical distinctions in Arabic syntax involving demonstratives governed by prepositions and their subsequent noun phrases. Students learned that demonstratives take a positional genitive (ma\u1e25allan majr\u016br), while their mush\u0101run ilayh appears visibly genitive (laf\u1e93an majr\u016br). Moreover, it clarified the non-i\u1e0d\u0101fa nature of these structures and emphasized proper agreement in grammatical features. Such knowledge is essential for interpreting classical texts, performing accurate i\u02bfr\u0101b analysis, and avoiding structural misreadings in Arabic sentence parsing.<\/p>\n<p>&nbsp;<\/p>\n<p>&nbsp;<\/p>\n<p>&nbsp;<\/p>\n","protected":false},"excerpt":{"rendered":"<p>Dersin Amac\u0131 ve \u0130\u00e7eri\u011fi Bu ders, Arap\u00e7ada isim i\u015faretlerinin (\u0623\u0633\u0645\u0627\u0621 [&hellip;]<\/p>\n","protected":false},"author":1,"featured_media":0,"parent":0,"menu_order":0,"comment_status":"closed","ping_status":"closed","template":"","meta":{"footnotes":""},"class_list":["post-6818","page","type-page","status-publish","hentry"],"jetpack_sharing_enabled":true,"_links":{"self":[{"href":"https:\/\/klasikdusunceokulu.com\/index.php\/wp-json\/wp\/v2\/pages\/6818","targetHints":{"allow":["GET"]}}],"collection":[{"href":"https:\/\/klasikdusunceokulu.com\/index.php\/wp-json\/wp\/v2\/pages"}],"about":[{"href":"https:\/\/klasikdusunceokulu.com\/index.php\/wp-json\/wp\/v2\/types\/page"}],"author":[{"embeddable":true,"href":"https:\/\/klasikdusunceokulu.com\/index.php\/wp-json\/wp\/v2\/users\/1"}],"replies":[{"embeddable":true,"href":"https:\/\/klasikdusunceokulu.com\/index.php\/wp-json\/wp\/v2\/comments?post=6818"}],"version-history":[{"count":3,"href":"https:\/\/klasikdusunceokulu.com\/index.php\/wp-json\/wp\/v2\/pages\/6818\/revisions"}],"predecessor-version":[{"id":6846,"href":"https:\/\/klasikdusunceokulu.com\/index.php\/wp-json\/wp\/v2\/pages\/6818\/revisions\/6846"}],"wp:attachment":[{"href":"https:\/\/klasikdusunceokulu.com\/index.php\/wp-json\/wp\/v2\/media?parent=6818"}],"curies":[{"name":"wp","href":"https:\/\/api.w.org\/{rel}","templated":true}]}}