{"id":6820,"date":"2025-07-23T13:27:03","date_gmt":"2025-07-23T10:27:03","guid":{"rendered":"https:\/\/klasikdusunceokulu.com\/?page_id=6820"},"modified":"2025-07-23T14:14:47","modified_gmt":"2025-07-23T11:14:47","slug":"arapca-ii-seviye-dersleri-171-seminer-ozeti","status":"publish","type":"page","link":"https:\/\/klasikdusunceokulu.com\/index.php\/arapca-ii-seviye-dersleri-171-seminer-ozeti\/","title":{"rendered":"ARAP\u00c7A II. SEV\u0130YE DERSLER\u0130 171. SEM\u0130NER \u00d6ZET\u0130"},"content":{"rendered":"<p><span style=\"color: #333333;\"><strong>ARAP\u00c7A II. SEV\u0130YE DERSLER\u0130 171. SEM\u0130NER \u00d6ZET\u0130<\/strong><\/span><\/p>\n<p><strong>Seminerin Amac\u0131 ve \u0130\u00e7eri\u011fi<\/strong><\/p>\n<p>Bu dersin amac\u0131, i\u015faret isimlerinin (\u0625\u0633\u0645 \u0627\u0644\u0625\u0634\u0627\u0631\u0629) iz\u00e2fet yap\u0131s\u0131 i\u00e7inde muz\u00e2f ileyh (mecr\u00fbr) olarak nas\u0131l kullan\u0131ld\u0131\u011f\u0131n\u0131 \u00f6\u011fretmektir. \u00d6zellikle mabn\u00ee (\u00e7ekimsiz) olan bu i\u015faret isimlerinin, iz\u00e2fet yap\u0131s\u0131nda muz\u00e2f ileyh konumunda yer alarak, c\u00fcmle i\u00e7erisinde nas\u0131l genetik anlam ve yap\u0131 kazand\u0131klar\u0131 incelenmi\u015ftir. \u00d6\u011frencilerin klasik Arap\u00e7a c\u00fcmlelerde bu t\u00fcr yap\u0131larda do\u011fru ir\u00e2b ve anlam \u00e7\u0131karsamas\u0131 yapabilmesi hedeflenmi\u015ftir.<\/p>\n<p><strong>Ana Temalar<\/strong><\/p>\n<ol>\n<li><strong>\u0130\u015faret \u0130sminin Muz\u00e2f \u0130leyh Olmas\u0131:<\/strong><\/li>\n<\/ol>\n<p>\u0130\u015faret isimleri (\u0647\u0670\u0630\u064e\u0627\u060c \u0647\u0670\u0630\u0650\u0647\u0650\u060c \u0630\u0670\u0644\u0650\u0643\u064e\u060c \u062a\u0650\u0644\u0652\u0643\u064e vb.) do\u011frudan muz\u00e2f olamazlar ancak muz\u00e2f ileyh olabilirler.<\/p>\n<p>Bu yap\u0131da muz\u00e2f olan isim belirsizdir (ba\u015f\u0131nda \u201c\u0627\u0644\u201d yoktur, tenvinli de\u011fildir); i\u015faret ismi ise ona ba\u011fl\u0131 olarak mecr\u00fbr konumunda gelir.<\/p>\n<p>\u00d6rnek<\/p>\n<p>\u0628\u064e\u064a\u0652\u062a\u064f \u0647\u064e\u0630\u064e\u0627 \u0627\u0644\u0631\u0651\u064e\u062c\u064f\u0644\u0650 \u0643\u064e\u0628\u0650\u064a\u0631\u064c<\/p>\n<p>\u201cBu adam\u0131n evi b\u00fcy\u00fckt\u00fcr.\u201d<\/p>\n<p>\u2192 \u0628\u064e\u064a\u0652\u062a\u064f: muz\u00e2f | \u0647\u064e\u0630\u064e\u0627: muz\u00e2f ileyh | \u0627\u0644\u0631\u0651\u064e\u062c\u064f\u0644\u0650: m\u00fc\u015f\u00e2r-un ileyh<\/p>\n<ol start=\"2\">\n<li><strong>\u0130rab ve Mecr\u00fbriyet:<\/strong><\/li>\n<\/ol>\n<p>Her ne kadar i\u015faret isimleri \u00e7ekimsiz (mabn\u00ee) olsa da, c\u00fcmle i\u00e7erisindeki g\u00f6revlerine g\u00f6re s\u00f6zl\u00fc irablar\u0131 de\u011fi\u015fir.<\/p>\n<p>\u0130z\u00e2fet yap\u0131s\u0131nda yer ald\u0131klar\u0131nda mecr\u00fbr konumunda de\u011ferlendirilirler ve ard\u0131ndan gelen m\u00fc\u015f\u00e2r-un ileyh kelimesi de genellikle belirli ve mecr\u00fbr olur.<\/p>\n<p>\u00d6rnek:<\/p>\n<p>\u0642\u0650\u0631\u064e\u0627\u0621\u064e\u0629\u064f \u0647\u064e\u0630\u0650\u0647\u0650 \u0627\u0644\u0652\u0643\u064f\u062a\u064f\u0628\u0650 \u0645\u064f\u0645\u0652\u062a\u0650\u0639\u064e\u0629\u064c<\/p>\n<p>\u201cBu kitaplar\u0131n okunmas\u0131 keyiflidir.\u201d<\/p>\n<ol start=\"3\">\n<li><strong>Morfolojik ve Anlamsal K\u0131s\u0131tlamalar:<\/strong><\/li>\n<\/ol>\n<p>\u0130\u015faret isimleri mabn\u00ee ve zaten marife (belirli) olduklar\u0131 i\u00e7in muz\u00e2f olmaya uygun de\u011fildirler.<\/p>\n<p>Sadece muz\u00e2f ileyh olarak kullan\u0131l\u0131rlar ve bu durumda kendilerinden sonra m\u00fc\u015f\u00e2r-un ileyh ad\u0131 verilen belirli bir isim gelir.<\/p>\n<p>\u00d6rnek:<\/p>\n<p>\u0634\u064f\u0647\u0652\u0631\u064e\u0629\u064f \u062a\u0650\u0644\u0652\u0643\u064e \u0627\u0644\u0652\u0645\u064e\u062c\u064e\u0644\u0651\u064e\u0629\u0650 \u0648\u064e\u0627\u0633\u0650\u0639\u064e\u0629\u064c<\/p>\n<p>\u201c\u015eu derginin \u00fcn\u00fc yayg\u0131nd\u0131r.\u201d<\/p>\n<ol start=\"4\">\n<li><strong>Yap\u0131y\u0131 Tan\u0131ma ve Uygulama:<\/strong><\/li>\n<\/ol>\n<p>Bu derste \u00f6\u011frencilere iz\u00e2fet yap\u0131s\u0131n\u0131 tan\u0131man\u0131n ipu\u00e7lar\u0131 \u00f6\u011fretilmi\u015ftir:<\/p>\n<p>Muz\u00e2f olan kelime belirsiz, muz\u00e2f ileyh olan i\u015faret ismi belirli ve mecr\u00fbr, m\u00fc\u015f\u00e2r-un ileyh ise \u00e7o\u011funlukla marife ve mecr\u00fbr olur.<\/p>\n<p>\u00d6rnek yap\u0131:<\/p>\n<p>\u0625\u0650\u064a\u062c\u064e\u0627\u0631\u064f \u0647\u064e\u0630\u064e\u0627 \u0627\u0644\u0652\u0628\u064e\u064a\u0652\u062a\u0650 \u063a\u064e\u0627\u0644\u064d<\/p>\n<p>\u201cBu evin kiras\u0131 pahal\u0131d\u0131r.\u201d<\/p>\n<p><strong>Sonu\u00e7:<\/strong><\/p>\n<p>Bu ders, \u00f6\u011frencilerin i\u015faret isimlerinin iz\u00e2fet yap\u0131s\u0131nda muz\u00e2f ileyh olarak kullan\u0131m\u0131n\u0131 hem teorik hem pratik y\u00f6nleriyle kavramas\u0131n\u0131 ama\u00e7lam\u0131\u015ft\u0131r. Mabn\u00ee kelimelerin yap\u0131 i\u00e7inde i\u015flevselli\u011fi, iz\u00e2fet grubu i\u00e7inde anlam ili\u015fkileri ve c\u00fcmle \u00e7\u00f6z\u00fcmlemeleri, klasik Arap\u00e7a metinlerde do\u011fru anlama ula\u015fmak a\u00e7\u0131s\u0131ndan b\u00fcy\u00fck \u00f6nem ta\u015f\u0131maktad\u0131r.<\/p>\n<p>&nbsp;<\/p>\n<p><strong>Purpose and Content of the Seminar<\/strong><\/p>\n<p>This seminar explores the syntactic and morphological implications of demonstrative pronouns (ism ish\u0101rah) used as the second term (mu\u1e0d\u0101f ilayh) in a genitive construction (i\u1e0d\u0101fah) in Arabic grammar. Specifically, it examines how demonstrative pronouns, when preceded by a definite noun in mu\u1e0d\u0101f position, assume a genitive (majr\u016br) syntactic role\u2014even though demonstratives are normally indeclinable (mabn\u012b). The aim is to equip learners with the ability to accurately parse, translate, and identify this grammatical structure in nominal and verbal sentences.<\/p>\n<p><strong>Main Themes<\/strong><\/p>\n<ol>\n<li><strong>I<\/strong><strong>\u1e0d<\/strong><strong>\u0101fah with Demonstratives<\/strong><\/li>\n<\/ol>\n<p>The demonstrative pronouns (e.g., \ufeab\u064e\u0670\u0644\u0650\u0643\u064e, \u0647\u0670\u0630\u0650\u0647\u0650, \ufe97\u0650\ufee0\u0652\ufeda\u064e) act as mu\u1e0d\u0101f ilayh when preceded by a noun lacking definite article and tanw\u012bn, indicating its mu\u1e0d\u0101f status.<\/p>\n<p>\u0628\u064e\u064a\u0652\u062a\u064f \u0647\u064e\u0630\u064e\u0627 \u0627\u0644\u0631\u0651\u064e\u062c\u064f\u0644\u0650 \u0643\u064e\u0628\u0650\u064a\u0631\u064c \u2013 \u201cThis man\u2019s house is big.\u201d<\/p>\n<p>Here, \u0628\u064e\u064a\u0652\u062a\u064f is mu\u1e0d\u0101f, \u0647\u064e\u0630\u064e\u0627 is mu\u1e0d\u0101f ilayh, and \u0627\u0644\u0631\u0651\u064e\u062c\u064f\u0644\u0650 is the mus\u0331h\u0101r ilayh modifying the demonstrative.<\/p>\n<ol start=\"2\">\n<li><strong>Case Agreement and Declension Effects: <\/strong><\/li>\n<\/ol>\n<p>Though demonstratives are indeclinable, when they function as mu\u1e0d\u0101f ilayh, they syntactically take the genitive case. The following definite noun (mus\u0331h\u0101r ilayh) adopts a dependent role and carries the genitive marker (kasrah or its equivalents in dual and plural forms).<\/p>\n<p>\u0642\u0650\u0631\u064e\u0627\u0621\u064e\u0629\u064f \u0647\u064e\u0630\u0650\u0647\u0650 \u0627\u0644\u0652\u0643\u064f\u062a\u064f\u0628\u0650 \u0645\u064f\u0645\u0652\u062a\u0650\u0639\u064e\u0629\u064c \u2013 \u201cReading these books is enjoyable.\u201d<\/p>\n<p>Here, \u0647\u064e\u0630\u0650\u0647\u0650 acts as mu\u1e0d\u0101f ilayh and \u0627\u0644\u0652\u0643\u064f\u062a\u064f\u0628\u0650 as mus\u0331h\u0101r ilayh in genitive.<\/p>\n<ol start=\"3\">\n<li><strong>Morphological Considerations: <\/strong><\/li>\n<\/ol>\n<p>Demonstratives cannot be mu\u1e0d\u0101f, as their definiteness is inherent and immutable (like nouns with a permanent alif-l\u0101m). Thus, they only serve in mu\u1e0d\u0101f ilayh positions. Examples were provided using various forms (singular, dual, and plural) for both masculine and feminine constructs.<\/p>\n<p>\u0634\u064f\u0647\u0652\u0631\u064e\u0629\u064f \u062a\u0650\u0644\u0652\u0643\u064e \u0627\u0644\u0652\u0645\u064e\u062c\u064e\u0644\u0651\u064e\u0629\u0650 \u0648\u064e\u0627\u0633\u0650\u0639\u064e\u0629\u064c \u2013 \u201cThe fame of that magazine is widespread.\u201d<\/p>\n<ol start=\"4\">\n<li><strong>Pedagogical Focus on Pattern Recognition: <\/strong><\/li>\n<\/ol>\n<p>The seminar encourages learners to recognize telltale signs of a mu\u1e0d\u0101f-mu\u1e0d\u0101f ilayh structure\u2014absence of definite article or tanw\u012bn in the first term, genitive case in the demonstrative, and syntactic alignment in the subsequent noun.<\/p>\n<p><strong>Conclusion:<\/strong><\/p>\n<p>This lesson offers a deep dive into a nuanced aspect of Arabic nominal syntax, emphasizing the behavior of demonstrative pronouns within genitive constructions. By dissecting real examples and parsing phrases such as \u0625\u0650\u062c\u064e\u0627\u0631\u064f \u0647\u064e\u0630\u064e\u0627 \u0627\u0644\u0652\u0628\u064e\u064a\u0652\u062a\u0650 (\u201cthe rent of this house\u201d), learners gain a clearer understanding of the genitive function of demonstratives, despite their mabn\u012b status. The practical application of theory to sentence parsing and translation reinforces core grammatical skills essential for reading classical Arabic texts accurately.<\/p>\n<p>&nbsp;<\/p>\n","protected":false},"excerpt":{"rendered":"<p>ARAP\u00c7A II. SEV\u0130YE DERSLER\u0130 171. SEM\u0130NER \u00d6ZET\u0130 Seminerin Amac\u0131 ve [&hellip;]<\/p>\n","protected":false},"author":1,"featured_media":0,"parent":0,"menu_order":0,"comment_status":"closed","ping_status":"closed","template":"","meta":{"footnotes":""},"class_list":["post-6820","page","type-page","status-publish","hentry"],"jetpack_sharing_enabled":true,"_links":{"self":[{"href":"https:\/\/klasikdusunceokulu.com\/index.php\/wp-json\/wp\/v2\/pages\/6820","targetHints":{"allow":["GET"]}}],"collection":[{"href":"https:\/\/klasikdusunceokulu.com\/index.php\/wp-json\/wp\/v2\/pages"}],"about":[{"href":"https:\/\/klasikdusunceokulu.com\/index.php\/wp-json\/wp\/v2\/types\/page"}],"author":[{"embeddable":true,"href":"https:\/\/klasikdusunceokulu.com\/index.php\/wp-json\/wp\/v2\/users\/1"}],"replies":[{"embeddable":true,"href":"https:\/\/klasikdusunceokulu.com\/index.php\/wp-json\/wp\/v2\/comments?post=6820"}],"version-history":[{"count":2,"href":"https:\/\/klasikdusunceokulu.com\/index.php\/wp-json\/wp\/v2\/pages\/6820\/revisions"}],"predecessor-version":[{"id":6844,"href":"https:\/\/klasikdusunceokulu.com\/index.php\/wp-json\/wp\/v2\/pages\/6820\/revisions\/6844"}],"wp:attachment":[{"href":"https:\/\/klasikdusunceokulu.com\/index.php\/wp-json\/wp\/v2\/media?parent=6820"}],"curies":[{"name":"wp","href":"https:\/\/api.w.org\/{rel}","templated":true}]}}