{"id":6825,"date":"2025-07-23T13:29:02","date_gmt":"2025-07-23T10:29:02","guid":{"rendered":"https:\/\/klasikdusunceokulu.com\/?page_id=6825"},"modified":"2025-07-23T14:11:41","modified_gmt":"2025-07-23T11:11:41","slug":"arapca-ii-seviye-dersleri-173-seminer-ozeti","status":"publish","type":"page","link":"https:\/\/klasikdusunceokulu.com\/index.php\/arapca-ii-seviye-dersleri-173-seminer-ozeti\/","title":{"rendered":"ARAP\u00c7A II. SEV\u0130YE DERSLER\u0130 173. SEM\u0130NER \u00d6ZET\u0130"},"content":{"rendered":"<p><strong>ARAP\u00c7A II. SEV\u0130YE DERSLER\u0130 173. SEM\u0130NER \u00d6ZET\u0130<\/strong><\/p>\n<p><strong>Seminerin Amac\u0131 ve \u0130\u00e7eri\u011fi<\/strong><\/p>\n<p>Bu dersin temel amac\u0131, \u00f6\u011frencilerin Arap\u00e7a metin okuma, terc\u00fcme ve gramatiksel \u00e7\u00f6z\u00fcmleme becerilerini geli\u015ftirmektir. Se\u00e7ilen k\u0131sa anlat\u0131 metni \u00fczerinden \u00f6\u011frenciler, hem kelime da\u011farc\u0131klar\u0131n\u0131 hem de i\u02bfr\u00e2b (tahlil) yeteneklerini uygulamal\u0131 olarak peki\u015ftirmi\u015ftir. Metin, ba\u015f karakter Zeyneb etraf\u0131nda \u015fekillenen ve duygusal bir anlat\u0131m i\u00e7eren sade ama anlamca yo\u011fun bir hik\u00e2yedir.<\/p>\n<p><strong>Ana Temalar<\/strong><\/p>\n<ol>\n<li><strong>Okuma ve Anlama Odakl\u0131 Metin \u0130ncelemesi:<\/strong><\/li>\n<\/ol>\n<p>Hik\u00e2ye, kocas\u0131n\u0131 kaybeden ve madd\u00ee s\u0131k\u0131nt\u0131lar ya\u015fayan ya\u015fl\u0131 bir kad\u0131n olan Zeyneb\u2019in, bir giyim ma\u011fazas\u0131nda i\u015f aramas\u0131 ve sonras\u0131nda i\u015f bulup mutlu olmas\u0131 etraf\u0131nda geli\u015fir. Bu anlat\u0131, \u00f6\u011frencilerin ger\u00e7ek hayattan sahnelerle ba\u011f kurarak dili daha etkili \u00f6\u011frenmelerini sa\u011flar.<\/p>\n<ol start=\"2\">\n<li><strong>Gramatik Tahlil (\u0130<\/strong><strong>\u02bf<\/strong><strong>r<\/strong><strong>\u00e2<\/strong><strong>b) Uygulamalar<\/strong><strong>\u0131<\/strong><strong>:<\/strong><\/li>\n<\/ol>\n<p>Metin \u00fczerindeki her c\u00fcmle ayr\u0131nt\u0131l\u0131 \u015fekilde \u00e7\u00f6z\u00fcmlenmi\u015f, \u015fu \u00f6geler tespit edilmi\u015ftir:<\/p>\n<p>M\u00fcbteda \u2013 haber ayr\u0131m\u0131 (\u00f6rn. \u0632\u064e\u064a\u0652\u0646\u064e\u0628\u064f \u0671\u0645\u0652\u0631\u064e\u0623\u064e\u0629\u064c \u0645\u064f\u062c\u0652\u062a\u064e\u0647\u0650\u062f\u064e\u0629\u064c \u2013 Zeyneb \u00e7al\u0131\u015fkan bir kad\u0131nd\u0131r.)<\/p>\n<p>Tenvin almayan \u00f6zel kad\u0131n isimleri (Zeyneb, Meryem, \u00c2i\u015fe gibi) \u00f6rneklendirilmi\u015f; bu kelimelerin neden tenvinsiz ve fetha ile geldi\u011fi a\u00e7\u0131klanm\u0131\u015ft\u0131r.<\/p>\n<p>\u0130zafet yap\u0131lar\u0131 ve kelime sonlar\u0131n\u0131n de\u011fi\u015fimi \u00fczerinde durulmu\u015ftur (\u00f6rn. \u0643\u0650\u062a\u064e\u0627\u0628\u064f \u0632\u064e\u064a\u0652\u0646\u064e\u0628\u064e \u2013 Zeyneb\u2019in kitab\u0131).<\/p>\n<ol start=\"3\">\n<li><strong>Fiil \u00c7ekimleri ve Zaman Kullan\u0131m\u0131:<\/strong><\/li>\n<\/ol>\n<p>Ge\u00e7mi\u015f zaman fiilleri: \u062a\u064e\u0631\u064e\u0643\u064e\u060c \u0645\u064e\u0627\u062a\u064e\u060c \u0630\u064e\u0647\u064e\u0628\u064e\u062a\u0652 gibi fiiller analiz edilmi\u015ftir.<\/p>\n<p>\u015eimdiki zaman fiilleri: \u062a\u064e\u0623\u0652\u0643\u064f\u0644\u064f\u060c \u062a\u064e\u0634\u0652\u0631\u064e\u0628\u064f\u060c \u062a\u064e\u0644\u0652\u0628\u064e\u0633\u064f gibi fiillerin \u00f6zneyle uyumu ve c\u00fcmle i\u00e7indeki g\u00f6revleri g\u00f6sterilmi\u015ftir.<\/p>\n<ol start=\"4\">\n<li><strong>Harf-i Cer ve Mecrur Kullan\u0131m\u0131:<\/strong><\/li>\n<\/ol>\n<p>\u0645\u0650\u0646\u0652\u060c \u0625\u0650\u0644\u064e\u0649\u060c \u0639\u064e\u0646\u0652 gibi edatlardan sonra gelen kelimelerin mecr\u00fbr h\u00e2le ge\u00e7ti\u011fi uygulamal\u0131 \u00f6rneklerle g\u00f6sterilmi\u015ftir.<\/p>\n<p>\u00d6zellikle \u00f6zel kad\u0131n isimlerinin mecrur durumda fetha ile \u00e7ekimlenmesi vurgulanm\u0131\u015ft\u0131r (\u00e7\u00fcnk\u00fc gayr-i munsariftirler).<\/p>\n<ol start=\"5\">\n<li><strong>Ba\u011flamsal Kelime \u00d6\u011frenimi:<\/strong><\/li>\n<\/ol>\n<p>\u0645\u064e\u0627\u0644\u060c \u0645\u064e\u0635\u0652\u0646\u064e\u0639\u060c \u0645\u064f\u062f\u0650\u064a\u0631\u060c \u0645\u064f\u0633\u064e\u0627\u0639\u064e\u062f\u064e\u0629 gibi kelimeler \u00fczerinden yeni kelime \u00f6\u011frenimi sa\u011flanm\u0131\u015ft\u0131r.<\/p>\n<p>G\u00fcndelik konu\u015fma ifadeleri de \u00f6rneklendirilmi\u015ftir:<\/p>\n<ul>\n<li>\u0643\u064e\u064a\u0652\u0641\u064e \u062a\u064e\u0639\u0650\u064a\u0634\u064f \u0639\u064e\u0627\u0626\u0650\u0644\u064e\u062a\u064f\u0647\u064e\u0627\u061f \u2013 Ailesi nas\u0131l ge\u00e7iniyor?<\/li>\n<\/ul>\n<p><strong>Sonu\u00e7<\/strong><\/p>\n<p>Bu ders, metin \u00fczerinden okuma ve analiz becerilerini geli\u015ftirme a\u00e7\u0131s\u0131ndan \u00e7ok y\u00f6nl\u00fc bir uygulama sunmu\u015ftur. \u00d6\u011frenciler hem fiil \u00e7ekimlerini hem de isim tamlamalar\u0131n\u0131 \u00e7\u00f6z\u00fcmleyerek, c\u00fcmle \u00f6\u011felerini gramatik b\u00fct\u00fcnl\u00fck i\u00e7inde de\u011ferlendirmi\u015ftir. Ayr\u0131ca metin yoluyla duygusal, ba\u011flamsal ve i\u015flevsel Arap\u00e7a \u00f6\u011frenimi desteklenmi\u015f, \u00f6\u011frencilerin \u00f6zg\u00fcn metinleri anlama kapasiteleri art\u0131r\u0131lm\u0131\u015ft\u0131r.<\/p>\n<p>&nbsp;<\/p>\n<p>&nbsp;<\/p>\n<p><strong>Purpose and Content of the Seminar<\/strong><\/p>\n<p>This seminar aimed to enhance students\u2019 proficiency in reading and analyzing Arabic narrative texts, with a focus on vocabulary acquisition, sentence parsing (i\u02bfr\u0101b), and grammatical nuance. Through a carefully selected short story about a character named Zaynab, participants engaged in detailed translation and grammatical dissection of each sentence.<\/p>\n<p><strong>Main Themes<\/strong><\/p>\n<ol>\n<li><strong>Textual Comprehension through Structured Reading:<\/strong><\/li>\n<\/ol>\n<p>The narrative presents Zaynab, an elderly woman who loses her husband and faces financial hardship. As the story unfolds, she seeks employment at a clothing store and ultimately finds work and happiness. The text is designed to introduce learners to real-life, emotionally engaging content while also offering grammatical variety.<\/p>\n<ol start=\"2\">\n<li><strong>Morphological and Syntactic Analysis:<\/strong><\/li>\n<\/ol>\n<p>Each sentence was broken down into its grammatical components, including:<\/p>\n<p>Subject and predicate identification (e.g., &#8220;\u0632\u064e\u064a\u0652\u0646\u064e\u0628\u064f \u0671\u0645\u0652\u0631\u064e\u0623\u064e\u0629\u064c \u0645\u064f\u062c\u0652\u062a\u064e\u0647\u0650\u062f\u064e\u0629\u064c&#8221; \u2013 Zaynab is a hardworking woman).<\/p>\n<p>Analysis of tenw\u012bn and definiteness in feminine names like Zaynab, Maryam, \u02bf\u0100\u02beisha\u2014which do not take tanw\u012bn due to their non-inflective nature.<\/p>\n<p>Usage of case endings in construct phrases (e.g., \u201c\u0643\u0650\u062a\u064e\u0627\u0628\u064f \u0632\u064e\u064a\u0652\u0646\u064e\u0628\u064e\u201d \u2013 Zaynab\u2019s book).<\/p>\n<ol start=\"3\">\n<li><strong>Verb Forms and Tense Usage:<\/strong><\/li>\n<\/ol>\n<p>Past tense forms such as \u062a\u064e\u0631\u064e\u0643\u064e (he left), \u0645\u064e\u0627\u062a\u064e (he died), and \u0630\u064e\u0647\u064e\u0628\u064e\u062a\u0652 (she went) were identified and parsed.<\/p>\n<p>Present tense verbs like \u062a\u064e\u0623\u0652\u0643\u064f\u0644\u064f, \u062a\u064e\u0634\u0652\u0631\u064e\u0628\u064f, \u062a\u064e\u0644\u0652\u0628\u064e\u0633\u064f (she eats, drinks, wears) were examined in their respective syntactic positions.<\/p>\n<ol start=\"4\">\n<li><strong>Prepositions and Declension:<\/strong><\/li>\n<\/ol>\n<p>Prepositional phrases such as \u0645\u0650\u0646\u0652 \u0632\u064e\u064a\u0652\u0646\u064e\u0628\u064e, \u0625\u0650\u0644\u064e\u0649 \u0671\u0644\u0652\u0645\u064e\u0635\u0652\u0646\u064e\u0639\u0650, \u0639\u064e\u0646\u0652 \u0639\u064e\u0627\u0626\u0650\u0644\u064e\u062a\u0650\u0647\u064e\u0627 were analyzed to reinforce the concept of majr\u016br status after prepositions.<\/p>\n<p>Demonstrated how feminine names behave as mud\u0101f ilayh or as objects of prepositions with fat\u1e25ah as default due to being diptotes.<\/p>\n<ol start=\"5\">\n<li><strong>Contextual Vocabulary Acquisition:<\/strong><\/li>\n<\/ol>\n<p>Words such as \u0645\u064e\u0627\u0644, \u0645\u064e\u0635\u0652\u0646\u064e\u0639, \u0645\u064f\u062f\u0650\u064a\u0631, \u0645\u064f\u0633\u064e\u0627\u0639\u064e\u062f\u064e\u0629, and expressions involving daily activities enriched the learners&#8217; lexicon.<\/p>\n<p>Idiomatic and conversational expressions were explored (e.g., \u201c\u0643\u064e\u064a\u0652\u0641\u064e \u062a\u064e\u0639\u0650\u064a\u0634\u064f \u0639\u064e\u0627\u0626\u0650\u0644\u064e\u062a\u064f\u0647\u064e\u0627\u061f\u201d \u2013 How does her family live?).<\/p>\n<p><strong>Conclusion<\/strong><\/p>\n<p>This session offered a comprehensive integration of reading, grammar, and applied language skills through an emotionally grounded and grammatically rich narrative. It provided opportunities for students to practice: Sentence parsing (i\u02bfr\u0101b), Gender and case agreement, Prepositional structure, Verb conjugation in both past and present tenses. The lesson not only advanced participants&#8217; linguistic accuracy but also developed their interpretative skills, equipping them for deeper engagement with authentic Arabic texts in future studies.<\/p>\n<p>&nbsp;<\/p>\n<p>&nbsp;<\/p>\n","protected":false},"excerpt":{"rendered":"<p>ARAP\u00c7A II. SEV\u0130YE DERSLER\u0130 173. SEM\u0130NER \u00d6ZET\u0130 Seminerin Amac\u0131 ve [&hellip;]<\/p>\n","protected":false},"author":1,"featured_media":0,"parent":0,"menu_order":0,"comment_status":"closed","ping_status":"closed","template":"","meta":{"footnotes":""},"class_list":["post-6825","page","type-page","status-publish","hentry"],"jetpack_sharing_enabled":true,"_links":{"self":[{"href":"https:\/\/klasikdusunceokulu.com\/index.php\/wp-json\/wp\/v2\/pages\/6825","targetHints":{"allow":["GET"]}}],"collection":[{"href":"https:\/\/klasikdusunceokulu.com\/index.php\/wp-json\/wp\/v2\/pages"}],"about":[{"href":"https:\/\/klasikdusunceokulu.com\/index.php\/wp-json\/wp\/v2\/types\/page"}],"author":[{"embeddable":true,"href":"https:\/\/klasikdusunceokulu.com\/index.php\/wp-json\/wp\/v2\/users\/1"}],"replies":[{"embeddable":true,"href":"https:\/\/klasikdusunceokulu.com\/index.php\/wp-json\/wp\/v2\/comments?post=6825"}],"version-history":[{"count":2,"href":"https:\/\/klasikdusunceokulu.com\/index.php\/wp-json\/wp\/v2\/pages\/6825\/revisions"}],"predecessor-version":[{"id":6840,"href":"https:\/\/klasikdusunceokulu.com\/index.php\/wp-json\/wp\/v2\/pages\/6825\/revisions\/6840"}],"wp:attachment":[{"href":"https:\/\/klasikdusunceokulu.com\/index.php\/wp-json\/wp\/v2\/media?parent=6825"}],"curies":[{"name":"wp","href":"https:\/\/api.w.org\/{rel}","templated":true}]}}