{"id":6827,"date":"2025-07-23T13:29:47","date_gmt":"2025-07-23T10:29:47","guid":{"rendered":"https:\/\/klasikdusunceokulu.com\/?page_id=6827"},"modified":"2025-07-23T14:11:00","modified_gmt":"2025-07-23T11:11:00","slug":"arapca-ii-seviye-dersleri-174-seminer-ozeti","status":"publish","type":"page","link":"https:\/\/klasikdusunceokulu.com\/index.php\/arapca-ii-seviye-dersleri-174-seminer-ozeti\/","title":{"rendered":"ARAP\u00c7A II. SEV\u0130YE DERSLER\u0130 174. SEM\u0130NER \u00d6ZET\u0130"},"content":{"rendered":"<p><strong>ARAP\u00c7A II. SEV\u0130YE DERSLER\u0130 174. SEM\u0130NER \u00d6ZET\u0130<\/strong><\/p>\n<p><strong>Seminerin Amac\u0131 ve \u0130\u00e7eri\u011fi<\/strong><\/p>\n<p>Bu dersin temel amac\u0131, Arap\u00e7a\u2019da gelecek zaman\u0131 olumsuz hale getirme i\u015flevine sahip olan &#8220;\u0644\u064e\u0646\u0652&#8221; edat\u0131n\u0131n (nasb harfi) kullan\u0131m\u0131 ve bu edat\u0131n muzari fiil \u00e7ekimleri \u00fczerindeki etkilerinin ayr\u0131nt\u0131l\u0131 bi\u00e7imde \u00f6\u011fretilmesidir. Seminer, \u00f6nceki derslerde ele al\u0131nan ge\u00e7mi\u015f zaman olumsuzlu\u011fu sa\u011flayan &#8220;\u0644\u064e\u0645\u0652&#8221; edat\u0131n\u0131n hat\u0131rlat\u0131lmas\u0131yla ba\u015flam\u0131\u015f, ard\u0131ndan &#8220;\u0644\u064e\u0646\u0652&#8221; edat\u0131n\u0131n yap\u0131sal etkileri detayl\u0131 olarak incelenmi\u015ftir.<\/p>\n<p><strong>Ana Temalar<\/strong><\/p>\n<ol>\n<li><strong>Muzari Fiilin Merfu H\u00e2li ve Alametleri:<\/strong><\/li>\n<\/ol>\n<p>Muzari fiillerin temel h\u00e2li merfudur.<\/p>\n<p>Merf\u00fbluk, fiil sonunda g\u00f6r\u00fclen damme (\u064f) ya da nun harfinin varl\u0131\u011f\u0131 ile tespit edilir.<\/p>\n<p>\u00d6rnekler:<\/p>\n<p>\u064a\u064e\u0643\u0652\u062a\u064f\u0628\u064f (yaz\u0131yor), \u062a\u064e\u0643\u0652\u062a\u064f\u0628\u064f, \u064a\u064e\u0643\u0652\u062a\u064f\u0628\u064e\u0627\u0646\u0650, \u064a\u064e\u0643\u0652\u062a\u064f\u0628\u064f\u0648\u0646\u064e<\/p>\n<ol start=\"2\">\n<li><strong>&#8220;<\/strong><strong>\u0644\u064e\u0646\u0652<\/strong><strong>&#8221; ile Mansub Yapma:<\/strong><\/li>\n<\/ol>\n<p>&#8220;\u0644\u064e\u0646\u0652&#8221; edat\u0131 gelecek zaman\u0131n olumsuzu olup ayn\u0131 zamanda nasb harfidir.<\/p>\n<p>Ba\u015f\u0131na geldi\u011fi muzari fiilin sonundaki damme fetha\u2019ya d\u00f6n\u00fc\u015f\u00fcr \u2192 \u00f6rn:<\/p>\n<p>\u064a\u064e\u0643\u0652\u062a\u064f\u0628\u064f \u2192 \u0644\u064e\u0646\u0652 \u064a\u064e\u0643\u0652\u062a\u064f\u0628\u064e<\/p>\n<p>Be\u015f fiil formunda (ef\u2018\u0101l-\u0131 hamse), nun harfi d\u00fc\u015fer:<\/p>\n<p>\u064a\u064e\u0643\u0652\u062a\u064f\u0628\u064e\u0627\u0646\u0650 \u2192 \u0644\u064e\u0646\u0652 \u064a\u064e\u0643\u0652\u062a\u064f\u0628\u064e\u0627<\/p>\n<p>\u062a\u064e\u0643\u0652\u062a\u064f\u0628\u064f\u0648\u0646\u064e \u2192 \u0644\u064e\u0646\u0652 \u062a\u064e\u0643\u0652\u062a\u064f\u0628\u064f\u0648\u0627<\/p>\n<p>\u062a\u064e\u0643\u0652\u062a\u064f\u0628\u0650\u064a\u0646\u064e \u2192 \u0644\u064e\u0646\u0652 \u062a\u064e\u0643\u0652\u062a\u064f\u0628\u0650\u064a<\/p>\n<ol start=\"3\">\n<li><strong>Mebni Sigalar ve \u0130stisnalar:<\/strong><\/li>\n<\/ol>\n<p>\u064a\u064e\u0643\u0652\u062a\u064f\u0628\u0652\u0646\u064e ve \u062a\u064e\u0643\u0652\u062a\u064f\u0628\u0652\u0646\u064e gibi iki \u00f6zel sigada &#8220;nun&#8221; fail zamiri olup sabittir ve d\u00fc\u015fmez.<\/p>\n<p>Bu sigalar s\u00fckun \u00fczere mebn\u00ee say\u0131l\u0131r ve &#8220;\u0644\u064e\u0646\u0652&#8221; geldi\u011finde yaln\u0131zca mahallen mansub kabul edilir.<\/p>\n<ol start=\"4\">\n<li><strong>Yaz\u0131m Kurallar\u0131 ve Elif Ziyadesi:<\/strong><\/li>\n<\/ol>\n<p>Cemi m\u00fczekker sigalar\u0131nda &#8220;nun&#8221; d\u00fc\u015f\u00fcnce telaffuz edilmeyen ama yaz\u0131lan elif eklenir:<\/p>\n<p>\u064a\u064e\u0643\u0652\u062a\u064f\u0628\u064f\u0648\u0646\u064e \u2192 \u0644\u064e\u0646\u0652 \u064a\u064e\u0643\u0652\u062a\u064f\u0628\u064f\u0648\u0627<\/p>\n<p>\u062a\u064e\u0643\u0652\u062a\u064f\u0628\u064f\u0648\u0646\u064e \u2192 \u0644\u064e\u0646\u0652 \u062a\u064e\u0643\u0652\u062a\u064f\u0628\u064f\u0648\u0627<\/p>\n<ol start=\"5\">\n<li><strong>Uygulamal\u0131 C\u00fcmle \u00d6rnekleri ve Tahlil:<\/strong><\/li>\n<\/ol>\n<p>Her sigaya ait onlarca \u00f6rnek c\u00fcmle analiz edilmi\u015ftir. \u00d6rne\u011fin:<\/p>\n<p>\u0644\u064e\u0646\u0652 \u0646\u064e\u0630\u0652\u0647\u064e\u0628\u064e \u2013 Gitmeyece\u011fiz<\/p>\n<p>\u0644\u064e\u0646\u0652 \u062a\u064e\u0623\u0652\u0643\u064f\u0644\u064e\u0627 \u2013 Siz ikiniz yemeyeceksiniz<\/p>\n<p>\u0644\u064e\u0646\u0652 \u064a\u064e\u0633\u0652\u0645\u064e\u0639\u064f\u0648\u0627 \u2013 Onlar duymayacak<\/p>\n<p>\u0644\u064e\u0646\u0652 \u062a\u064e\u062d\u0652\u0632\u064e\u0646\u0650\u064a \u2013 Sen (kad\u0131n) \u00fcz\u00fclmeyeceksin<\/p>\n<p>\u0644\u064e\u0646\u0652 \u064a\u064e\u062f\u0652\u062e\u064f\u0644\u0652\u0646\u064e \u2013 Onlar (kad\u0131nlar) girmeyecek<\/p>\n<p><strong>Sonu\u00e7<\/strong><\/p>\n<p>Bu dersle birlikte \u00f6\u011frenciler, muzari fiillerin nasb edat\u0131 olan &#8220;\u0644\u064e\u0646\u0652&#8221; ile olumsuz h\u00e2le getirilmesini, buna ba\u011fl\u0131 olarak hareke ve harf d\u00fc\u015fmesi de\u011fi\u015fimlerini sistematik bi\u00e7imde \u00f6\u011frenmi\u015flerdir. Ayr\u0131ca istisna sigalar ve yaz\u0131m farkl\u0131l\u0131klar\u0131 da detayl\u0131ca ele al\u0131nm\u0131\u015ft\u0131r. B\u00f6ylece kat\u0131l\u0131mc\u0131lar, fiil \u00e7ekimlerinde ir\u00e2b de\u011fi\u015fimini anlamland\u0131rma, do\u011fru c\u00fcmle kurma, ve gelecek zaman\u0131 olumsuz bi\u00e7imde ifade etme konular\u0131nda yetkinlik kazanm\u0131\u015flard\u0131r.<\/p>\n<p>&nbsp;<\/p>\n<p>&nbsp;<\/p>\n<p><strong>Purpose and Content of the Seminar<\/strong><\/p>\n<p>This lesson focuses on how to negate future tense actions in Arabic using the particle \u201c\u0644\u064e\u0646\u0652\u201d (lan), which is both a negating and nasb (subjunctive) particle. Building upon prior lessons that addressed past tense negation (e.g., with \u0644\u064e\u0645\u0652), this seminar delves into how \u201c\u0644\u064e\u0646\u0652\u201d transforms the present tense verb (fi\u02bfl mu\u1e0d\u0101ri\u02bf) into a negative form referring to future time. Students analyzed conjugation shifts, irregularities, and usage within real sentence contexts.<\/p>\n<p><strong>Main Themes<\/strong><\/p>\n<ol>\n<li><strong>Mu<\/strong><strong>\u1e0d<\/strong><strong>\u0101ri<\/strong><strong>\u02bf<\/strong><strong> Verbs in the Indicative (Marf<\/strong><strong>\u016b<\/strong><strong>\u02bf<\/strong><strong>) State:<\/strong><\/li>\n<\/ol>\n<p>The default state of the present tense verb is marf\u016b\u02bf (indicative), typically marked by \u1e0damma (\u064f) at the end, or by the presence of n\u016bn in five special conjugations.<\/p>\n<p>Examples:<\/p>\n<p>\u064a\u064e\u0643\u0652\u062a\u064f\u0628\u064f, \u062a\u064e\u0643\u0652\u062a\u064f\u0628\u064f, \u064a\u064e\u0643\u0652\u062a\u064f\u0628\u064e\u0627\u0646\u0650, \u064a\u064e\u0643\u0652\u062a\u064f\u0628\u064f\u0648\u0646\u064e, etc.<\/p>\n<ol start=\"2\">\n<li><strong>Nasb with \u201c<\/strong><strong>\u0644\u064e\u0646\u0652<\/strong><strong>\u201d:<\/strong><\/li>\n<\/ol>\n<p>\u201c\u0644\u064e\u0646\u0652\u201d is a nasb particle that negates an action in the future tense.<\/p>\n<p>It causes the indicative \u1e0damma to change to a fat\u1e25a, signaling the subjunctive mood (man\u1e63\u016bb).<\/p>\n<p>\u064a\u064e\u0643\u0652\u062a\u064f\u0628\u064f \u2192 \u0644\u064e\u0646\u0652 \u064a\u064e\u0643\u0652\u062a\u064f\u0628\u064e \u2013 \u201cHe will not write.\u201d<\/p>\n<p>In the Five Verb Forms (Af\u02bf\u0101l al-Khamsa), the final n\u016bn is dropped:<\/p>\n<p>\u064a\u064e\u0643\u0652\u062a\u064f\u0628\u064e\u0627\u0646\u0650 \u2192 \u0644\u064e\u0646\u0652 \u064a\u064e\u0643\u0652\u062a\u064f\u0628\u064e\u0627<\/p>\n<p>\u062a\u064e\u0643\u0652\u062a\u064f\u0628\u064f\u0648\u0646\u064e \u2192 \u0644\u064e\u0646\u0652 \u062a\u064e\u0643\u0652\u062a\u064f\u0628\u064f\u0648\u0627<\/p>\n<p>\u062a\u064e\u0643\u0652\u062a\u064f\u0628\u0650\u064a\u0646\u064e \u2192 \u0644\u064e\u0646\u0652 \u062a\u064e\u0643\u0652\u062a\u064f\u0628\u0650\u064a<\/p>\n<ol start=\"3\">\n<li><strong>Exceptions \u2013 Feminine Plural Conjugations:<\/strong><\/li>\n<\/ol>\n<p>Verbs like \u064a\u064e\u0643\u0652\u062a\u064f\u0628\u0652\u0646\u064e and \u062a\u064e\u0643\u0652\u062a\u064f\u0628\u0652\u0646\u064e retain the n\u016bn, because it is part of the feminine plural subject suffix.<\/p>\n<p>These forms are mabn\u012b (indeclinable) on suk\u016bn, and are considered man\u1e63\u016bb in position only (ma\u1e25allan man\u1e63\u016bb), not by form.<\/p>\n<ol start=\"4\">\n<li><strong>Orthographic Notes \u2013 Elif Addition:<\/strong><\/li>\n<\/ol>\n<p>When the n\u016bn is dropped in sound masculine plurals, an alif is often added at the end for orthographic reasons (though it is not pronounced).<\/p>\n<p>\u064a\u064e\u0643\u0652\u062a\u064f\u0628\u064f\u0648\u0646\u064e \u2192 \u0644\u064e\u0646\u0652 \u064a\u064e\u0643\u0652\u062a\u064f\u0628\u064f\u0648\u0627<\/p>\n<p>\u062a\u064e\u0643\u0652\u062a\u064f\u0628\u064f\u0648\u0646\u064e \u2192 \u0644\u064e\u0646\u0652 \u062a\u064e\u0643\u0652\u062a\u064f\u0628\u064f\u0648\u0627<\/p>\n<ol start=\"5\">\n<li><strong>Practical Sentence Examples:<\/strong><\/li>\n<\/ol>\n<p>Dozens of practical examples were given and analyzed across all verb forms:<\/p>\n<p>\u0644\u064e\u0646\u0652 \u0646\u064e\u0630\u0652\u0647\u064e\u0628\u064e \u2013 We will not go.<\/p>\n<p>\u0644\u064e\u0646\u0652 \u062a\u064e\u0623\u0652\u0643\u064f\u0644\u064e\u0627 \u2013 You two (dual) will not eat.<\/p>\n<p>\u0644\u064e\u0646\u0652 \u064a\u064e\u0633\u0652\u0645\u064e\u0639\u064f\u0648\u0627 \u2013 They (m.) will not hear.<\/p>\n<p>\u0644\u064e\u0646\u0652 \u062a\u064e\u062d\u0652\u0632\u064e\u0646\u0650\u064a \u2013 You (f.) will not be sad.<\/p>\n<p>\u0644\u064e\u0646\u0652 \u064a\u064e\u062f\u0652\u062e\u064f\u0644\u0652\u0646\u064e \u2013 They (f.) will not enter.<\/p>\n<p><strong>Conclusion<\/strong><\/p>\n<p>By the end of this session, students had gained mastery over how the particle \u201c\u0644\u064e\u0646\u0652\u201d negates future tense actions and how it triggers subjunctive inflection in mu\u1e0d\u0101ri\u02bf verbs. Special cases, spelling rules, and the behavior of different verb conjugations under this negation pattern were thoroughly covered. This lesson enabled learners to form grammatically correct negative future sentences and recognize such structures in reading and translation tasks.<\/p>\n","protected":false},"excerpt":{"rendered":"<p>ARAP\u00c7A II. SEV\u0130YE DERSLER\u0130 174. SEM\u0130NER \u00d6ZET\u0130 Seminerin Amac\u0131 ve [&hellip;]<\/p>\n","protected":false},"author":1,"featured_media":0,"parent":0,"menu_order":0,"comment_status":"closed","ping_status":"closed","template":"","meta":{"footnotes":""},"class_list":["post-6827","page","type-page","status-publish","hentry"],"jetpack_sharing_enabled":true,"_links":{"self":[{"href":"https:\/\/klasikdusunceokulu.com\/index.php\/wp-json\/wp\/v2\/pages\/6827","targetHints":{"allow":["GET"]}}],"collection":[{"href":"https:\/\/klasikdusunceokulu.com\/index.php\/wp-json\/wp\/v2\/pages"}],"about":[{"href":"https:\/\/klasikdusunceokulu.com\/index.php\/wp-json\/wp\/v2\/types\/page"}],"author":[{"embeddable":true,"href":"https:\/\/klasikdusunceokulu.com\/index.php\/wp-json\/wp\/v2\/users\/1"}],"replies":[{"embeddable":true,"href":"https:\/\/klasikdusunceokulu.com\/index.php\/wp-json\/wp\/v2\/comments?post=6827"}],"version-history":[{"count":2,"href":"https:\/\/klasikdusunceokulu.com\/index.php\/wp-json\/wp\/v2\/pages\/6827\/revisions"}],"predecessor-version":[{"id":6839,"href":"https:\/\/klasikdusunceokulu.com\/index.php\/wp-json\/wp\/v2\/pages\/6827\/revisions\/6839"}],"wp:attachment":[{"href":"https:\/\/klasikdusunceokulu.com\/index.php\/wp-json\/wp\/v2\/media?parent=6827"}],"curies":[{"name":"wp","href":"https:\/\/api.w.org\/{rel}","templated":true}]}}