{"id":6829,"date":"2025-07-23T13:30:25","date_gmt":"2025-07-23T10:30:25","guid":{"rendered":"https:\/\/klasikdusunceokulu.com\/?page_id=6829"},"modified":"2025-07-23T14:10:09","modified_gmt":"2025-07-23T11:10:09","slug":"arapca-ii-seviye-dersleri-175-seminer-ozeti","status":"publish","type":"page","link":"https:\/\/klasikdusunceokulu.com\/index.php\/arapca-ii-seviye-dersleri-175-seminer-ozeti\/","title":{"rendered":"ARAP\u00c7A II. SEV\u0130YE DERSLER\u0130 175. SEM\u0130NER \u00d6ZET\u0130"},"content":{"rendered":"<p><strong>ARAP\u00c7A II. SEV\u0130YE DERSLER\u0130 175. SEM\u0130NER \u00d6ZET\u0130<\/strong><\/p>\n<p><strong>Seminerin Amac\u0131 ve \u0130\u00e7eri\u011fi<\/strong><\/p>\n<p>Bu ders, Arap\u00e7a\u2019da gelecek zaman\u0131 olumsuz ifade etmede kullan\u0131lan \u201c\u0644\u064e\u0646\u0652\u201d edat\u0131n\u0131n gramatikal i\u015flevini ve c\u00fcmle i\u00e7inde kullan\u0131m bi\u00e7imlerini incelemektedir. \u201c\u0644\u064e\u0646\u0652\u201d, muz\u00e2ri fiilin ba\u015f\u0131na gelerek onu mans\u00fbb h\u00e2line getirir ve fiilin gelecekte ger\u00e7ekle\u015fmeyece\u011fini ifade eder. Ders boyunca, bu yap\u0131n\u0131n fiil \u00e7ekimleri \u00fczerindeki etkisi \u00f6rneklerle a\u00e7\u0131klanm\u0131\u015f, hem fiil hem de isim c\u00fcmleleriyle kullan\u0131m\u0131 i\u015flenmi\u015ftir.<\/p>\n<p><strong>Ana Temala<\/strong><\/p>\n<ol>\n<li><strong>\u201c<\/strong><strong>\u0644\u064e\u0646\u0652<\/strong><strong>\u201d Edat\u0131n\u0131n Gramatikal \u0130\u015flevi:<\/strong><\/li>\n<\/ol>\n<p>\u201c\u0644\u064e\u0646\u0652\u201d, muz\u00e2ri fiili mans\u00fbb yapar (yani fiilin sonu genellikle fetha al\u0131r).<\/p>\n<p>Anlam olarak, gelecekteki bir olay\u0131n olmayaca\u011f\u0131n\u0131 belirtir.<\/p>\n<p>Be\u015f fiil (\u0627\u0654\u0641\u0639\u0627\u0644 \u062e\u0645\u0633\u0629) grubundaki fiillerde sonundaki \u0646 harfi d\u00fc\u015fer.<\/p>\n<ol start=\"2\">\n<li><strong>Fiil \u00dczerindeki De\u011fi\u015fimler:<\/strong><\/li>\n<\/ol>\n<p>\u00d6rnek:<\/p>\n<p>Normal: \u064a\u064e\u0643\u0652\u062a\u064f\u0628\u064f \u2013 Yazar<\/p>\n<ul>\n<li>\u201c\u0644\u064e\u0646\u0652\u201d ile: \u0644\u064e\u0646\u0652 \u064a\u064e\u0643\u0652\u062a\u064f\u0628\u064e \u2013 Yazmayacak<\/li>\n<\/ul>\n<p>Be\u015f fiil \u00f6rnekleri:<\/p>\n<ul>\n<li>\u064a\u064e\u0643\u0652\u062a\u064f\u0628\u064e\u0627\u0646\u0650 \u2192 \u0644\u064e\u0646\u0652 \u064a\u064e\u0643\u0652\u062a\u064f\u0628\u064e\u0627<\/li>\n<li>\u062a\u064e\u0643\u0652\u062a\u064f\u0628\u064f\u0648\u0646\u064e \u2192 \u0644\u064e\u0646\u0652 \u062a\u064e\u0643\u0652\u062a\u064f\u0628\u064f\u0648\u0627<\/li>\n<\/ul>\n<ol start=\"3\">\n<li><strong>\u00d6rnek C\u00fcmleler ve A\u00e7\u0131klamalar\u0131:<\/strong><\/li>\n<\/ol>\n<ul>\n<li>\u0644\u064e\u0646\u0652 \u062a\u064e\u0634\u0652\u0639\u064f\u0631\u064e \u0628\u0650\u062d\u064f\u0632\u0652\u0646\u064d \u2013 \u00dcz\u00fcnt\u00fc hissetmeyeceksin.<\/li>\n<\/ul>\n<p>\u2192 Fiil mans\u00fbb, ikinci \u015fah\u0131s eril tekil.<\/p>\n<ul>\n<li>\u0671\u0644\u0637\u064f\u0651\u0644\u064e\u0651\u0627\u0628\u064f \u0644\u064e\u0646\u0652 \u064a\u064e\u0630\u0652\u0647\u064e\u0628\u064f\u0648\u0627 \u0625\u0650\u0644\u064e\u0649 \u0671\u0644\u0652\u0645\u064e\u0643\u0652\u062a\u064e\u0628\u064e\u0629\u0650 \u2013 \u00d6\u011frenciler k\u00fct\u00fcphaneye gitmeyecek.<\/li>\n<\/ul>\n<p>\u2192 Fiil cem\u2019 m\u00fczekker salim; \u0646 d\u00fc\u015fm\u00fc\u015f.<\/p>\n<ul>\n<li>\u0644\u064e\u0646\u0652 \u064a\u064e\u062c\u064f\u0648\u062f\u064e \u0671\u0644\u0652\u0628\u064e\u062e\u0650\u064a\u0644\u064f \u0623\u064e\u0628\u064e\u062f\u064b\u0627 \u2013 Cimri asla c\u00f6mertlik etmeyecek.<\/li>\n<\/ul>\n<p>\u2192 &#8220;\u0623\u064e\u0628\u064e\u062f\u064b\u0627&#8221; ifadesi gelecekte mutlak olumsuzlu\u011fu vurgular.<\/p>\n<ul>\n<li>\u0644\u064e\u0646\u0652 \u0646\u064e\u0643\u0652\u0630\u0650\u0628\u064e \u0623\u064e\u0628\u064e\u062f\u064b\u0627 \u2013 Asla yalan s\u00f6ylemeyece\u011fiz.<\/li>\n<\/ul>\n<p>\u2192 \u201c\u0646\u062d\u0646\u201d zamiri ile kullan\u0131m; fiil mans\u00fbb.<\/p>\n<ul>\n<li>\u0644\u064e\u0646\u0652 \u062a\u064e\u0641\u0652\u0647\u064e\u0645\u064f\u0648\u0627 \u0645\u0650\u062b\u0652\u0644\u064e \u0647\u0670\u0630\u0650\u0647\u0650 \u0671\u0644\u0652\u062d\u064e\u0642\u064e\u0627\u0626\u0650\u0642\u0650 \u2013 Bu t\u00fcr hakikatleri anlamayacaks\u0131n\u0131z.<\/li>\n<\/ul>\n<p>\u2192 \u0130kinci \u015fah\u0131s cem\u2019 m\u00fczekker; fiil \u201c\u062a\u064e\u0641\u0652\u0647\u064e\u0645\u064f\u0648\u0646\u064e\u201d iken \u0646 d\u00fc\u015fm\u00fc\u015f.<\/p>\n<ul>\n<li>\u0647\u064f\u0645\u0652 \u0644\u064e\u0646\u0652 \u064a\u064e\u0639\u0652\u0645\u064e\u0644\u064f\u0648\u0627 \u0633\u064e\u064a\u0650\u0651\u0626\u064e\u0629\u064b \u2013 Onlar k\u00f6t\u00fc bir i\u015f yapmayacaklar.<\/li>\n<\/ul>\n<p>\u2192 \u201c\u064a\u064e\u0639\u0652\u0645\u064e\u0644\u064f\u0648\u0646\u064e\u201d \u2192 \u201c\u064a\u064e\u0639\u0652\u0645\u064e\u0644\u064f\u0648\u0627\u201d; nesne &#8220;\u0633\u064e\u064a\u0650\u0651\u0626\u064e\u0629\u064b&#8221; mans\u00fbb.<\/p>\n<ul>\n<li>\u0644\u064e\u0646\u0652 \u0646\u064e\u0633\u0652\u0645\u064e\u0639\u064e \u0644\u0650\u0644\u0652\u0645\u064f\u063a\u0652\u062a\u064e\u0627\u0628\u064e\u0627\u062a\u0650 \u2013 Dedikoducu kad\u0131nlar\u0131 dinlemeyece\u011fiz.<\/li>\n<\/ul>\n<p>\u2192 Fiil \u201c\u0646\u064e\u0633\u0652\u0645\u064e\u0639\u064e\u201d mans\u00fbb; mecr\u00fbr isim \u201c\u0644\u0650\u0644\u0652\u0645\u064f\u063a\u0652\u062a\u064e\u0627\u0628\u064e\u0627\u062a\u0650\u201d.<\/p>\n<p><strong>Sonu\u00e7<\/strong><\/p>\n<p>Bu ders, \u201c\u0644\u064e\u0646\u0652\u201d edat\u0131n\u0131n gramerdeki yerine ve fiiller \u00fczerindeki yap\u0131sal etkisine dair kapsaml\u0131 bir kavray\u0131\u015f kazand\u0131rm\u0131\u015ft\u0131r. \u00d6\u011frenciler, \u201c\u0644\u064e\u0646\u0652\u201d sonras\u0131 fiillerde mans\u00fbb irab\u0131 nas\u0131l uygulan\u0131r, be\u015f fiilde \u0646 d\u00fc\u015fmesi nas\u0131l ger\u00e7ekle\u015fir ve bu yap\u0131lar\u0131n c\u00fcmle i\u00e7indeki di\u011fer \u00f6\u011felerle ili\u015fkisi nedir sorular\u0131n\u0131 \u00f6rnekler \u00fczerinden \u00f6\u011frenmi\u015ftir. Bu bilgi, hem klasik hem modern Arap\u00e7a\u2019da olumsuz gelecek zaman c\u00fcmlelerini do\u011fru anlay\u0131p kurmak a\u00e7\u0131s\u0131ndan temel \u00f6neme sahiptir.<\/p>\n<p>&nbsp;<\/p>\n<p>&nbsp;<\/p>\n<p><strong>Purpose and Content of the Seminar<\/strong><\/p>\n<p>This lesson presents the grammatical structure and function of the Arabic particle \u201c\u0644\u064e\u0646\u0652\u201d (lan), which is used to negate the future. Specifically, it focuses on how \u201c\u0644\u064e\u0646\u0652\u201d causes the following present tense verb (fi\u02bfl mu\u1e0d\u0101ri\u02bf) to enter the subjunctive (man\u1e63\u016bb) mood. Through numerous sample sentences, the lesson illustrates both syntactic patterns and morphological consequences, including vowel changes and n\u016bn deletion in certain conjugations.<\/p>\n<p><strong>Main Themes<\/strong><\/p>\n<ol>\n<li><strong>Function of \u201c<\/strong><strong>\u0644\u064e\u0646\u0652<\/strong><strong>\u201d:<\/strong><\/li>\n<\/ol>\n<p>\u201c\u0644\u064e\u0646\u0652\u201d is a particle that:<\/p>\n<p>Negates an action in the future.<\/p>\n<p>Subjunctivizes the present tense verb that follows it (i.e., the verb becomes man\u1e63\u016bb).<\/p>\n<p>Subjunctive marking:<\/p>\n<p>Typically by a fatha (\u0640\u064e) on the final root letter.<\/p>\n<p>In five verb forms (af\u02bf\u0101l al-khamsa), the final n\u016bn is dropped.<\/p>\n<ol start=\"2\">\n<li><strong>Examples of Morphological Effects:<\/strong><\/li>\n<\/ol>\n<p>\u064a\u0643\u062a\u0628\u064f (he writes) \u2192 \u0644\u064e\u0646\u0652 \u064a\u0643\u062a\u0628\u064e (he will not write)<\/p>\n<p>\u064a\u0643\u062a\u0628\u0648\u0646\u064e (they write) \u2192 \u0644\u064e\u0646\u0652 \u064a\u0643\u062a\u0628\u0648\u0627 (they will not write)<\/p>\n<p>\u062a\u0643\u062a\u0628\u064a\u0646\u064e (you fem. write) \u2192 \u0644\u064e\u0646\u0652 \u062a\u0643\u062a\u0628\u064a (you will not write)<\/p>\n<ol start=\"3\">\n<li><strong>Examples and Explanations:<\/strong><\/li>\n<\/ol>\n<ul>\n<li>\u0644\u064e\u0646\u0652 \u062a\u064e\u0634\u0652\u0639\u064f\u0631\u064e \u0628\u0650\u062d\u064f\u0632\u0652\u0646\u064d<\/li>\n<\/ul>\n<p>You will not feel sorrow.<\/p>\n<p>\u2192 Verb ends in fatha; second person masculine singular.<\/p>\n<ul>\n<li>\u0671\u0644\u0637\u064f\u0651\u0644\u064e\u0651\u0627\u0628\u064f \u0644\u064e\u0646\u0652 \u064a\u064e\u0630\u0652\u0647\u064e\u0628\u064f\u0648\u0627 \u0625\u0650\u0644\u064e\u0649 \u0671\u0644\u0652\u0645\u064e\u0643\u0652\u062a\u064e\u0628\u064e\u0629\u0650<\/li>\n<\/ul>\n<p>The students will not go to the library.<\/p>\n<p>\u2192 Plural verb loses the n\u016bn due to subjunctive.<\/p>\n<ul>\n<li>\u0644\u064e\u0646\u0652 \u064a\u064e\u062c\u064f\u0648\u062f\u064e \u0671\u0644\u0652\u0628\u064e\u062e\u0650\u064a\u0644\u064f \u0623\u064e\u0628\u064e\u062f\u064b\u0627<\/li>\n<\/ul>\n<p>The miser will never be generous.<\/p>\n<p>\u2192 \u201c\u0623\u0628\u062f\u0627\u064b\u201d adds emphasis to future negation.<\/p>\n<ul>\n<li>\u0644\u064e\u0646\u0652 \u0646\u064e\u0643\u0652\u0630\u0650\u0628\u064e \u0623\u064e\u0628\u064e\u062f\u064b\u0627<\/li>\n<\/ul>\n<p>We will never lie.<\/p>\n<p>\u2192 First person plural; verb in man\u1e63\u016bb form.<\/p>\n<ul>\n<li>\u0644\u064e\u0646\u0652 \u062a\u064e\u0641\u0652\u0647\u064e\u0645\u064f\u0648\u0627 \u0645\u0650\u062b\u0652\u0644\u064e \u0647\u0670\u0630\u0650\u0647\u0650 \u0671\u0644\u0652\u062d\u064e\u0642\u064e\u0627\u0626\u0650\u0642\u0650<\/li>\n<\/ul>\n<p>You (pl.) will not understand these kinds of truths.<\/p>\n<p>\u2192 Verb drops final n\u016bn; object is definite and plural.<\/p>\n<ul>\n<li>\u0647\u064f\u0645\u0652 \u0644\u064e\u0646\u0652 \u064a\u064e\u0639\u0652\u0645\u064e\u0644\u064f\u0648\u0627 \u0633\u064e\u064a\u0650\u0651\u0626\u064e\u0629\u064b<\/li>\n<\/ul>\n<p>They will not do an evil deed.<\/p>\n<p>\u2192 Verb is plural; n\u016bn is dropped; object is man\u1e63\u016bb.<\/p>\n<ul>\n<li>\u0644\u064e\u0646\u0652 \u0646\u064e\u0633\u0652\u0645\u064e\u0639\u064e \u0644\u0650\u0644\u0652\u0645\u064f\u063a\u0652\u062a\u064e\u0627\u0628\u064e\u0627\u062a\u0650<\/li>\n<\/ul>\n<p>We will not listen to the gossiping women.<\/p>\n<p>\u2192 Indirect object with \u201cli-\u201d; verb is in subjunctive.<\/p>\n<p><strong>Conclusion<\/strong><\/p>\n<p>This seminar offers a clear and practical exploration of the future negation particle \u201c\u0644\u064e\u0646\u0652\u201d, guiding students through its grammatical role, morphological impact, and usage within complete sentences. Emphasis was placed on the transformation of the present tense verb into the subjunctive mood, particularly the fatha ending and n\u016bn deletion in specific verb forms. Understanding the structure of \u201c\u0644\u064e\u0646\u0652\u201d constructions is essential for proper comprehension and composition in both classical and modern Arabic contexts.<\/p>\n<p>&nbsp;<\/p>\n","protected":false},"excerpt":{"rendered":"<p>ARAP\u00c7A II. SEV\u0130YE DERSLER\u0130 175. SEM\u0130NER \u00d6ZET\u0130 Seminerin Amac\u0131 ve [&hellip;]<\/p>\n","protected":false},"author":1,"featured_media":0,"parent":0,"menu_order":0,"comment_status":"closed","ping_status":"closed","template":"","meta":{"footnotes":""},"class_list":["post-6829","page","type-page","status-publish","hentry"],"jetpack_sharing_enabled":true,"_links":{"self":[{"href":"https:\/\/klasikdusunceokulu.com\/index.php\/wp-json\/wp\/v2\/pages\/6829","targetHints":{"allow":["GET"]}}],"collection":[{"href":"https:\/\/klasikdusunceokulu.com\/index.php\/wp-json\/wp\/v2\/pages"}],"about":[{"href":"https:\/\/klasikdusunceokulu.com\/index.php\/wp-json\/wp\/v2\/types\/page"}],"author":[{"embeddable":true,"href":"https:\/\/klasikdusunceokulu.com\/index.php\/wp-json\/wp\/v2\/users\/1"}],"replies":[{"embeddable":true,"href":"https:\/\/klasikdusunceokulu.com\/index.php\/wp-json\/wp\/v2\/comments?post=6829"}],"version-history":[{"count":3,"href":"https:\/\/klasikdusunceokulu.com\/index.php\/wp-json\/wp\/v2\/pages\/6829\/revisions"}],"predecessor-version":[{"id":6838,"href":"https:\/\/klasikdusunceokulu.com\/index.php\/wp-json\/wp\/v2\/pages\/6829\/revisions\/6838"}],"wp:attachment":[{"href":"https:\/\/klasikdusunceokulu.com\/index.php\/wp-json\/wp\/v2\/media?parent=6829"}],"curies":[{"name":"wp","href":"https:\/\/api.w.org\/{rel}","templated":true}]}}