{"id":6857,"date":"2025-07-28T17:05:43","date_gmt":"2025-07-28T14:05:43","guid":{"rendered":"https:\/\/klasikdusunceokulu.com\/?page_id=6857"},"modified":"2025-07-28T17:05:43","modified_gmt":"2025-07-28T14:05:43","slug":"arapca-ii-seviye-dersleri-104-seminer-ozeti","status":"publish","type":"page","link":"https:\/\/klasikdusunceokulu.com\/index.php\/arapca-ii-seviye-dersleri-104-seminer-ozeti\/","title":{"rendered":"ARAP\u00c7A II. SEV\u0130YE DERSLER\u0130 104. SEM\u0130NER \u00d6ZET\u0130"},"content":{"rendered":"<p><span style=\"color: #333333;\"><strong>ARAP\u00c7A II. SEV\u0130YE DERSLER\u0130 104. SEM\u0130NER \u00d6ZET\u0130<\/strong><\/span><\/p>\n<ol>\n<li><span style=\"color: #333333;\"><strong> Dersin Amac\u0131 ve \u0130\u00e7eri\u011fi<\/strong><\/span><\/li>\n<\/ol>\n<p><span style=\"color: #333333;\">Bu dersin amac\u0131, \u015fimdiye kadar \u00f6\u011frenilen <strong>Arap\u00e7a gramer konular\u0131n\u0131 bir uygulama metni \u00fczerinden analiz etmek<\/strong> ve metin \u00e7\u00f6z\u00fcmlemesi (tahlil) yaparak \u00f6\u011frencilerin hem okuma hem de \u00e7eviri becerilerini geli\u015ftirmektir. Ders kapsam\u0131nda, harekesiz bir metin \u00fczerinde \u00f6nce <strong>c\u00fcmle t\u00fcrleri (isim c\u00fcmlesi, fiil c\u00fcmlesi)<\/strong>, ard\u0131ndan <strong>m\u00fcpteda-haber<\/strong>, <strong>muzaf-muzafun ileyh<\/strong> ve <strong>harfi cer-mecrur<\/strong> gibi temel yap\u0131lar incelenmi\u015f, metin daha sonra harekeli bi\u00e7imde okunarak do\u011fru telaffuz ve irab vurgulanm\u0131\u015ft\u0131r.<\/span><\/p>\n<p>&nbsp;<\/p>\n<ol start=\"2\">\n<li><span style=\"color: #333333;\"><strong> Ana Temalar<\/strong><\/span><\/li>\n<\/ol>\n<p><span style=\"color: #333333;\"><strong>a) C\u00fcmle T\u00fcrleri ve Unsurlar\u0131:<\/strong><\/span><\/p>\n<ul>\n<li><span style=\"color: #333333;\"><strong>\u0130sim c\u00fcmleleri:<\/strong> <em>H\u0101z\u0101 S\u0101li<\/em><em>\u1e25.<\/em> (Bu Salih\u2019tir) \u00f6rne\u011fi \u00fczerinden m\u00fcpteda ve haberin g\u00f6revleri anlat\u0131lm\u0131\u015ft\u0131r. \u0130\u015faret isimleri (h\u0101z\u0101, h\u0101zihi vb.) ve zamirler (huwa, hiya vb.) \u00f6rneklenmi\u015ftir.<\/span><\/li>\n<li><span style=\"color: #333333;\"><strong>Fiil c\u00fcmleleri:<\/strong> <em>Yek\u016bmu S\u0101li<\/em><em>\u1e25u minen-nevm.<\/em> (Salih uykudan kalkar) c\u00fcmlesi \u00fczerinden fiil ve fail ili\u015fkisi incelenmi\u015ftir. Failin cinsiyetine g\u00f6re fiil \u00e7ekimindeki de\u011fi\u015fiklikler (m\u00fczekker\/m\u00fcennes uyumu) vurgulanm\u0131\u015ft\u0131r.<\/span><\/li>\n<\/ul>\n<p><span style=\"color: #333333;\"><strong>b) \u0130sim Tamlamalar\u0131 ve Harfi Cer Kullan\u0131m\u0131:<\/strong><\/span><br \/>\n<span style=\"color: #333333;\">Metin i\u00e7erisinde ge\u00e7en <em>f\u012b g\u0131smi\u2019l-had\u012bs<\/em> (hadis b\u00f6l\u00fcm\u00fcnde), <em>fi mektebeti\u2019l-k\u00fclliyye<\/em> (fak\u00fcltenin k\u00fct\u00fcphanesinde) gibi \u00f6rneklerle muzaf-muzafun ileyh ili\u015fkisi ve harfi cer\u2019in mecrur isim \u00fczerindeki etkisi a\u00e7\u0131klanm\u0131\u015ft\u0131r. <strong>Harfi cer + el tak\u0131l\u0131 isim<\/strong> birle\u015fimlerinde ortaya \u00e7\u0131kan ses olaylar\u0131 (\u00f6rne\u011fin <em>bi\u2019l-h\u0101fila<\/em>) hat\u0131rlat\u0131lm\u0131\u015ft\u0131r.<\/span><\/p>\n<p><span style=\"color: #333333;\"><strong>c) Zarf ve At\u0131f Kullan\u0131m\u0131:<\/strong><\/span><br \/>\n<span style=\"color: #333333;\"><em>Her g\u00fcn<\/em> anlam\u0131ndaki <em>kulle yevmin<\/em> gibi zarf yap\u0131lar\u0131n\u0131n c\u00fcmle ba\u015f\u0131nda, ortas\u0131nda veya sonunda kullan\u0131labilece\u011fi belirtilmi\u015ftir. Ayr\u0131ca, <em>ve<\/em> ba\u011flac\u0131n\u0131n (at\u0131f harfi) Arap\u00e7a\u2019daki i\u015flevi ve kendinden \u00f6nceki kelimenin harekesine tabi olu\u015fu vurgulanm\u0131\u015ft\u0131r.<\/span><\/p>\n<p><span style=\"color: #333333;\"><strong>d) Metin \u00c7\u00f6z\u00fcmlemesi:<\/strong><\/span><br \/>\n<span style=\"color: #333333;\">Metindeki g\u00fcnl\u00fck ya\u015fam betimlemeleri (Salih\u2019in uyanmas\u0131, kahvalt\u0131s\u0131, okula gitmesi) hem fiil kipleri hem de c\u00fcmle yap\u0131lar\u0131 a\u00e7\u0131s\u0131ndan analiz edilmi\u015ftir. Fiillerin mazi, muzari ve emir kipleriyle ba\u011flant\u0131l\u0131 kullan\u0131m\u0131na de\u011finilmi\u015f, <em>yek\u016bmu, yahrucu, yadhhabu, takulu<\/em> gibi fiiller \u00fczerinde durulmu\u015ftur.<\/span><\/p>\n<p>&nbsp;<\/p>\n<ol start=\"3\">\n<li><span style=\"color: #333333;\"><strong> Sonu\u00e7<\/strong><\/span><\/li>\n<\/ol>\n<p><span style=\"color: #333333;\">Bu ders, teorik gramer bilgisini uygulamal\u0131 bir metin \u00fczerinde peki\u015ftirme f\u0131rsat\u0131 sunmaktad\u0131r. \u00d6\u011frenciler, c\u00fcmle yap\u0131lar\u0131n\u0131n irab\u0131n\u0131 ve s\u00f6z dizimini \u00e7\u00f6z\u00fcmleyerek Arap\u00e7a metinleri <strong>hem anlam hem yap\u0131 bak\u0131m\u0131ndan do\u011fru analiz etmeyi<\/strong> \u00f6\u011frenirler. Dersin sonunda, metnin harekeli \u015fekilde okunmas\u0131yla hem telaffuz hem de gramer b\u00fct\u00fcnl\u00fc\u011f\u00fc sa\u011flanm\u0131\u015ft\u0131r. Bu yakla\u015f\u0131m, ileri okuma-anlama becerileri i\u00e7in sa\u011flam bir temel olu\u015fturur.<\/span><\/p>\n<p>&nbsp;<\/p>\n<ol>\n<li><span style=\"color: #333333;\"><strong> Purpose and Content of the Lesson<\/strong><\/span><\/li>\n<\/ol>\n<p><span style=\"color: #333333;\">This lesson aims to <strong>apply previously learned Arabic grammar topics<\/strong> through a sample reading text, enhancing students&#8217; skills in <strong>translation, syntactic analysis<\/strong>, and grammatical parsing (\u02bei\u02bfr\u0101b). A short unvoweled text is first examined for <strong>sentence types, grammatical elements<\/strong>, and syntactic structures, then read in fully vowelled form to emphasize <strong>correct pronunciation and grammatical accuracy<\/strong>. It serves as a bridge between theory and practical comprehension.<\/span><\/p>\n<p>&nbsp;<\/p>\n<ol start=\"2\">\n<li><span style=\"color: #333333;\"><strong> Main Themes<\/strong><\/span><\/li>\n<\/ol>\n<p><span style=\"color: #333333;\"><strong>a) Sentence Types and Elements:<\/strong><\/span><\/p>\n<ul>\n<li><span style=\"color: #333333;\"><strong>Nominal sentences<\/strong> (<em>jumla ismiyya<\/em>): Sentences such as <em>H\u0101dh\u0101 \u1e62\u0101li<\/em><em>\u1e25<\/em> (\u201cThis is \u1e62\u0101li\u1e25\u201d) illustrate the subject (<em>mubtada<\/em><em>\u02be<\/em>) and predicate (<em>khabar<\/em>) relationship. Demonstratives (e.g., <em>h\u0101dh\u0101, h\u0101dhihi<\/em>) and pronouns (e.g., <em>huwa, hiya<\/em>) are introduced.<\/span><\/li>\n<li><span style=\"color: #333333;\"><strong>Verbal sentences<\/strong> (<em>jumla fi<\/em><em>\u02bfliyya<\/em>): In sentences like <em>Yaq\u016bmu \u1e62\u0101li<\/em><em>\u1e25 min an-nawm<\/em> (\u201c\u1e62\u0101li\u1e25 wakes up from sleep\u201d), the verb precedes the subject (fi\u02bfl + f\u0101\u02bfil). Attention is given to subject-verb agreement in gender (masculine\/feminine).<\/span><\/li>\n<\/ul>\n<p><span style=\"color: #333333;\"><strong>b) Genitive Constructions and Prepositional Phrases:<\/strong><\/span><br \/>\n<span style=\"color: #333333;\">Key constructions such as <em>f\u012b qis<\/em><em>\u0331mi<\/em><em>\u2019l-<\/em><em>\u1e25ad\u012bth<\/em> (\u201cin the Hadith department\u201d) and <em>f\u012b maktabati\u2019l-kulliyya<\/em> (\u201cin the college library\u201d) demonstrate the <strong>mu<\/strong><strong>\u1e0d\u0101f\u2013mu<\/strong><strong>\u1e0d\u0101f ilayh<\/strong> structure, along with prepositional particles (<em>\u1e25arf jar<\/em>) that cause the genitive (<em>majr\u016br<\/em>) case. The phonetic effects of the definite article (<em>al-<\/em>) in these cases are also discussed (e.g., <em>bi\u2019l-<\/em><em>\u1e25\u0101fila<\/em>).<\/span><\/p>\n<p><span style=\"color: #333333;\"><strong>c) Use of Adverbials and Conjunctions:<\/strong><\/span><br \/>\n<span style=\"color: #333333;\">Adverbial expressions such as <em>kulla yawmin<\/em> (\u201cevery day\u201d) are shown in various syntactic positions. The coordinating conjunction <em>wa<\/em> (\u201cand\u201d) is explained as <strong>an ataf particle<\/strong> that connects elements and mimics the case ending of the preceding noun or verb.<\/span><\/p>\n<p><span style=\"color: #333333;\"><strong>d) Textual Analysis:<\/strong><\/span><br \/>\n<span style=\"color: #333333;\">The narrative text revolves around daily routines\u2014\u1e62\u0101li\u1e25 waking up, having breakfast, attending class\u2014and is used to analyze verb usage in context. Key verbs like <em>yaq\u016bmu<\/em>, <em>yakhruju<\/em>, <em>yadhhabu<\/em>, <em>ta<\/em><em>\u02bekulu<\/em> are explored in present tense (<em>mud\u0101ri<\/em><em>\u02bf<\/em>), with brief mention of other moods (past, imperative) for contextual clarity.<\/span><\/p>\n<p>&nbsp;<\/p>\n<ol start=\"3\">\n<li><span style=\"color: #333333;\"><strong> Conclusion<\/strong><\/span><\/li>\n<\/ol>\n<p><span style=\"color: #333333;\">This lesson serves as an integrative exercise, allowing students to <strong>reinforce theoretical grammar knowledge<\/strong> by applying it to real text. By analyzing sentence structure and case endings, learners improve their <strong>comprehension and translation skills<\/strong>. Reading the text with full vowel markings at the end solidifies pronunciation and grammatical awareness. This approach lays a <strong>foundational base for advanced reading and interpretation<\/strong> in Arabic.<\/span><\/p>\n<p>&nbsp;<\/p>\n","protected":false},"excerpt":{"rendered":"<p>ARAP\u00c7A II. SEV\u0130YE DERSLER\u0130 104. SEM\u0130NER \u00d6ZET\u0130 Dersin Amac\u0131 ve [&hellip;]<\/p>\n","protected":false},"author":1,"featured_media":0,"parent":0,"menu_order":0,"comment_status":"closed","ping_status":"closed","template":"","meta":{"footnotes":""},"class_list":["post-6857","page","type-page","status-publish","hentry"],"jetpack_sharing_enabled":true,"_links":{"self":[{"href":"https:\/\/klasikdusunceokulu.com\/index.php\/wp-json\/wp\/v2\/pages\/6857","targetHints":{"allow":["GET"]}}],"collection":[{"href":"https:\/\/klasikdusunceokulu.com\/index.php\/wp-json\/wp\/v2\/pages"}],"about":[{"href":"https:\/\/klasikdusunceokulu.com\/index.php\/wp-json\/wp\/v2\/types\/page"}],"author":[{"embeddable":true,"href":"https:\/\/klasikdusunceokulu.com\/index.php\/wp-json\/wp\/v2\/users\/1"}],"replies":[{"embeddable":true,"href":"https:\/\/klasikdusunceokulu.com\/index.php\/wp-json\/wp\/v2\/comments?post=6857"}],"version-history":[{"count":1,"href":"https:\/\/klasikdusunceokulu.com\/index.php\/wp-json\/wp\/v2\/pages\/6857\/revisions"}],"predecessor-version":[{"id":6858,"href":"https:\/\/klasikdusunceokulu.com\/index.php\/wp-json\/wp\/v2\/pages\/6857\/revisions\/6858"}],"wp:attachment":[{"href":"https:\/\/klasikdusunceokulu.com\/index.php\/wp-json\/wp\/v2\/media?parent=6857"}],"curies":[{"name":"wp","href":"https:\/\/api.w.org\/{rel}","templated":true}]}}