{"id":6860,"date":"2025-07-28T17:09:35","date_gmt":"2025-07-28T14:09:35","guid":{"rendered":"https:\/\/klasikdusunceokulu.com\/?page_id=6860"},"modified":"2025-07-28T17:09:35","modified_gmt":"2025-07-28T14:09:35","slug":"arapca-ii-seviye-dersleri-105-seminer-ozeti","status":"publish","type":"page","link":"https:\/\/klasikdusunceokulu.com\/index.php\/arapca-ii-seviye-dersleri-105-seminer-ozeti\/","title":{"rendered":"ARAP\u00c7A II. SEV\u0130YE DERSLER\u0130 105. SEM\u0130NER \u00d6ZET\u0130"},"content":{"rendered":"<p><span style=\"color: #333333;\"><strong>ARAP\u00c7A II. SEV\u0130YE DERSLER\u0130 105. SEM\u0130NER \u00d6ZET\u0130<\/strong><\/span><\/p>\n<p><span style=\"color: #333333;\"><strong>\u00a0<\/strong><\/span><\/p>\n<ol>\n<li><span style=\"color: #333333;\"><strong> Dersin Amac\u0131 ve \u0130\u00e7eri\u011fi<\/strong><\/span><\/li>\n<\/ol>\n<p><span style=\"color: #333333;\">Bu dersin temel amac\u0131, Arap\u00e7ada ikili (tesniye) isimlerin muz\u00e2fun ileyh olarak kullan\u0131ld\u0131\u011f\u0131nda u\u011frad\u0131\u011f\u0131 bi\u00e7imsel de\u011fi\u015fiklikleri \u00f6\u011fretmektir. \u00d6\u011frencilere, tesniye isimlerin muzaf-muzafun ileyh yap\u0131s\u0131 i\u00e7inde nas\u0131l do\u011fru bir \u015fekilde \u00e7ekimlenece\u011fi sistematik olarak a\u00e7\u0131klanmakta ve ard\u0131ndan \u00e7e\u015fitli \u00f6rnekler ve \u00e7eviri al\u0131\u015ft\u0131rmalar\u0131yla peki\u015ftirilmektedir. Ders, Kur\u2019an\u2019dan al\u0131nan k\u0131sa bir g\u00f6zlemle ba\u015flar; daha sonra kurallar, \u00f6rnekler ve uygulamal\u0131 d\u00fczeltme etkinlikleriyle devam eder.<\/span><\/p>\n<p><span style=\"color: #333333;\"><strong>\u00a0<\/strong><\/span><\/p>\n<ol start=\"2\">\n<li><span style=\"color: #333333;\"><strong> Ana Temalar<\/strong><\/span><\/li>\n<\/ol>\n<p><span style=\"color: #333333;\"><strong>a) <\/strong><strong>Tesniye Bi\u00e7imlerinde Yap\u0131sal De\u011fi\u015fim<\/strong><\/span><\/p>\n<p><span style=\"color: #333333;\">\u0130kili isimlerin iki temel formu vard\u0131r:<\/span><\/p>\n<ul>\n<li><span style=\"color: #333333;\">Elif-Nun\u2019lu bi\u00e7im (<em>-\u0101ni<\/em>) \u2192 yal\u0131n (nominatif) h\u00e2lde kullan\u0131l\u0131r: <em>walid\u0101ni<\/em> (iki ebeveyn)<\/span><\/li>\n<li><span style=\"color: #333333;\">Y\u0101\u02be-Nun\u2019lu bi\u00e7im (<em>-ayni<\/em>) \u2192 mecrur (veya mansub) h\u00e2lde ve \u00f6zellikle muz\u00e2fun ileyh oldu\u011funda kullan\u0131l\u0131r: <em>walidayni<\/em><\/span><\/li>\n<\/ul>\n<p><span style=\"color: #333333;\">\u0130sim tamlamalar\u0131nda muz\u00e2fun ileyh konumundaki ikili isim daima y\u0101\u02be-nun\u2019lu bi\u00e7imi al\u0131r:<\/span><\/p>\n<ul>\n<li><span style=\"color: #333333;\"><em>Mas\u2019\u016bliyyatu\u2019l-w\u0101lideyni<\/em> \u2192 \u0130ki ebeveynin sorumlulu\u011fu<\/span><\/li>\n<li><span style=\"color: #333333;\"><em>Sa<\/em><em>\u02bf<\/em><em>\u0101datul-<\/em><em>\u02beabawayni<\/em> \u2192 \u0130ki baban\u0131n mutlulu\u011fu<\/span><\/li>\n<\/ul>\n<p><span style=\"color: #333333;\"><strong>b) Farkl\u0131 Kelime Gruplar\u0131yla Uygulamalar<br \/>\n<\/strong>\u00d6\u011frencilere \u00e7e\u015fitli temalarla zenginle\u015ftirilmi\u015f \u00f6rnekler sunulur:<\/span><\/p>\n<ul>\n<li><span style=\"color: #333333;\"><strong><em>\u1e62i<\/em><\/strong><strong><em>\u1e25\u1e25atu\u2019z-zawjayni<\/em> (\u00c7iftin sa\u011fl\u0131\u011f\u0131)<\/strong><\/span><\/li>\n<li><span style=\"color: #333333;\"><strong><em>\u02bfUyunul-masjidayni<\/em> (\u0130ki mescidin minareleri)<\/strong><\/span><\/li>\n<li><span style=\"color: #333333;\"><strong><em>Amw\u0101jul-mu<\/em><\/strong><strong><em>\u1e25\u012b<\/em><\/strong><strong><em>\u1e6dayni<\/em> (\u0130ki okyanusun dalgalar\u0131)<\/strong><\/span><\/li>\n<li><span style=\"color: #333333;\"><strong><em>Hud\u016bdul-biladayni<\/em> (\u0130ki \u00fclkenin s\u0131n\u0131rlar\u0131)<\/strong><\/span><\/li>\n<\/ul>\n<p><span style=\"color: #333333;\">Bu \u00f6rnekler \u00fczerinden, muz\u00e2fun daima belirli tak\u0131s\u0131z (el tak\u0131s\u0131z) kullan\u0131l\u0131rken, muz\u00e2fun ileyh olan ikili isimler y\u0101\u02be-nun tak\u0131s\u0131yla getirilir.<\/span><\/p>\n<p><span style=\"color: #333333;\"><strong>c) Terc\u00fcme ve Hata D\u00fczeltme Etkinlikleri<br \/>\n<\/strong>Ders sonunda \u00f6\u011frencilere T\u00fcrk\u00e7eden Arap\u00e7aya \u00e7eviri \u00e7al\u0131\u015fmalar\u0131 ve s\u0131k yap\u0131lan hata d\u00fczeltmeleri sunulmu\u015ftur. Bu etkinlikler \u00f6\u011frencilerin, \u00f6zellikle tesniye h\u00e2lini yanl\u0131\u015f kullanma (\u00f6rne\u011fin elif-nun\u2019lu h\u00e2lde b\u0131rakma) ya da muz\u00e2funu gereksiz yere belirli yapma gibi hatalar\u0131 d\u00fczeltme becerisini geli\u015ftirir.<\/span><\/p>\n<ul>\n<li><span style=\"color: #333333;\"><em>Tasn\u012byatul-kit\u0101bayni<\/em> \u2192 \u0130ki kitab\u0131n rengi<\/span><\/li>\n<li><span style=\"color: #333333;\"><em>Suk\u016b<\/em><em>\u1e6du<\/em><em>\u1e6d-<\/em><em>\u1e6d\u0101<\/em><em>\u02beiratayni<\/em> \u2192 \u0130ki u\u00e7a\u011f\u0131n d\u00fc\u015f\u00fc\u015f\u00fc<\/span><\/li>\n<li><span style=\"color: #333333;\"><em>Tij\u0101ratul-sharikatayni<\/em> \u2192 \u0130ki \u015firketin ticareti<\/span><\/li>\n<\/ul>\n<p><span style=\"color: #333333;\">\u00a0<\/span><\/p>\n<ol start=\"3\">\n<li><span style=\"color: #333333;\"> Sonu\u00e7<\/span><\/li>\n<\/ol>\n<p><span style=\"color: #333333;\">Bu ders, Arap\u00e7ada ikili isimlerin muz\u00e2fun ileyh konumunda do\u011fru bi\u00e7imde kullan\u0131lmas\u0131 i\u00e7in gerekli olan bi\u00e7imsel de\u011fi\u015fiklikleri ayr\u0131nt\u0131lar\u0131yla a\u00e7\u0131klamaktad\u0131r. \u00d6\u011frenciler, elif-nun ve y\u0101\u02be-nun ekleri aras\u0131ndaki farklar\u0131 \u00f6\u011frenerek isim tamlamalar\u0131nda do\u011fru \u00e7ekimi uygulayabilir h\u00e2le gelirler. Kuramsal a\u00e7\u0131klamalarla birlikte sunulan \u00e7e\u015fitli uygulama \u00f6rnekleri, hem dil bilgisi bilgisini peki\u015ftirmekte hem de do\u011fru Arap\u00e7a metin \u00fcretimine zemin haz\u0131rlamaktad\u0131r.<\/span><\/p>\n<p><span style=\"color: #333333;\"><strong>\u00a0<\/strong><\/span><\/p>\n<ol>\n<li><span style=\"color: #333333;\"><strong> Purpose and Content of the Lesson<\/strong><\/span><\/li>\n<\/ol>\n<p><span style=\"color: #333333;\">This lesson explores the syntactic behavior of dual nouns (tesniye) when they appear in the mu\u1e0d\u0101f ilayh (genitive complement) position within Arabic i\u1e0d\u0101fa (genitive) constructions. By focusing on the morphological patterns of dual forms in various grammatical contexts, especially within noun phrases, the lesson enables students to understand how dual nouns shift their form when functioning as the second element of a construct phrase.<\/span><\/p>\n<p><span style=\"color: #333333;\">The session begins with a Qur\u2019anic observation, then proceeds through theoretical explanations, practical phrase construction, and error correction exercises. Examples are drawn from daily and academic vocabulary, enhancing both grammatical competence and thematic familiarity.<\/span><\/p>\n<p>&nbsp;<\/p>\n<ol start=\"2\">\n<li><span style=\"color: #333333;\"><strong> Main Themes<\/strong><\/span><\/li>\n<\/ol>\n<p><span style=\"color: #333333;\"><strong>a) Morphological Shifts in Dual Forms<\/strong><\/span><br \/>\n<span style=\"color: #333333;\">Dual nouns have two key forms:<\/span><\/p>\n<ul>\n<li><span style=\"color: #333333;\">Elif-N\u016bn form (e.g., <em>walid\u0101n<\/em> = two parents) for nominative standalone usage.<\/span><\/li>\n<li><span style=\"color: #333333;\">Y\u0101\u02be-N\u016bn form (e.g., <em>walidayn<\/em>) when in accusative\/genitive case, especially as mu\u1e0d\u0101f ilayh.<\/span><\/li>\n<\/ul>\n<p><span style=\"color: #333333;\">The Y\u0101\u02be-N\u016bn form is mandatory in i\u1e0d\u0101fa constructions. For instance:<\/span><\/p>\n<ul>\n<li><span style=\"color: #333333;\"><em>Mas<\/em><em>\u02be<\/em><em>\u016bliyyatu<\/em><em>\u2019l-w<\/em><em>\u0101lideyn<\/em> (The responsibility of the two parents)<\/span><\/li>\n<li><span style=\"color: #333333;\"><em>Sa<\/em><em>\u02bf<\/em><em>\u0101datul-<\/em><em>\u02beabawayn<\/em> (The happiness of the two parents)<\/span><\/li>\n<\/ul>\n<p><span style=\"color: #333333;\"><strong>b) Application through Varied Vocabulary Sets<\/strong><\/span><br \/>\n<span style=\"color: #333333;\">Students are given numerous i\u1e0d\u0101fa phrases involving dual forms:<\/span><\/p>\n<ul>\n<li><span style=\"color: #333333;\"><em>\u1e62i<\/em><em>\u1e25\u1e25atu\u2019z-zawjayni<\/em> (Health of the couple)<\/span><\/li>\n<li><span style=\"color: #333333;\"><em>Amw\u0101jul-mu<\/em><em>\u1e25\u012b<\/em><em>\u1e6dayn<\/em> (Waves of the two oceans)<\/span><\/li>\n<li><span style=\"color: #333333;\"><em>Hud\u016bdul-biladayni<\/em> (Borders of the two countries)<\/span><\/li>\n<li><span style=\"color: #333333;\"><em>\u02bfUyunul-masjidayn<\/em> (Minarets of the two mosques)<\/span><\/li>\n<\/ul>\n<p><span style=\"color: #333333;\">These reinforce that the mu\u1e0d\u0101f is always indefinite (no tanw\u012bn), while the mu\u1e0d\u0101f ilayh is marked with Y\u0101\u02be-N\u016bn in dual form.<\/span><\/p>\n<p><span style=\"color: #333333;\"><strong>c) Exercises in Translation and Error Correction<\/strong><\/span><br \/>\n<span style=\"color: #333333;\">The lesson offers bilingual translation drills (Turkish \u2192 Arabic) and correction of common mistakes in dual noun usage. Students practice forming correct i\u1e0d\u0101fa constructions such as:<\/span><\/p>\n<ul>\n<li><span style=\"color: #333333;\"><em>Tasn\u012byatul-kit\u0101bayni<\/em> (Color of the two books)<\/span><\/li>\n<li><span style=\"color: #333333;\"><em>Suk\u016b<\/em><em>\u1e6du<\/em><em>\u1e6d-<\/em><em>\u1e6d\u0101<\/em><em>\u02beiratayni<\/em> (Crash of the two airplanes)<\/span><\/li>\n<li><span style=\"color: #333333;\"><em>Tij\u0101ratul-sharikatayni<\/em> (Commerce of the two companies)<\/span><\/li>\n<\/ul>\n<p><span style=\"color: #333333;\">Errors typically involve failing to change the dual ending to Y\u0101\u02be-N\u016bn or adding unnecessary definiteness to the mu\u1e0d\u0101f.<\/span><\/p>\n<p>&nbsp;<\/p>\n<ol start=\"3\">\n<li><span style=\"color: #333333;\"><strong> Conclusion<\/strong><\/span><\/li>\n<\/ol>\n<p><span style=\"color: #333333;\">This lesson provides an essential overview of the grammatical mechanism for handling dual nouns within i\u1e0d\u0101fa constructions, emphasizing the importance of form agreement and case marking. By repeatedly practicing the shift from nominative to genitive (Y\u0101\u02be-N\u016bn) forms and applying them across real-world lexical sets, students gain mastery over one of the more nuanced features of Arabic syntax. The emphasis on both form recognition and construct generation makes this a foundational lesson for accurate Arabic composition and translation.<\/span><\/p>\n<p>&nbsp;<\/p>\n","protected":false},"excerpt":{"rendered":"<p>ARAP\u00c7A II. SEV\u0130YE DERSLER\u0130 105. SEM\u0130NER \u00d6ZET\u0130 \u00a0 Dersin Amac\u0131 [&hellip;]<\/p>\n","protected":false},"author":1,"featured_media":0,"parent":0,"menu_order":0,"comment_status":"closed","ping_status":"closed","template":"","meta":{"footnotes":""},"class_list":["post-6860","page","type-page","status-publish","hentry"],"jetpack_sharing_enabled":true,"_links":{"self":[{"href":"https:\/\/klasikdusunceokulu.com\/index.php\/wp-json\/wp\/v2\/pages\/6860","targetHints":{"allow":["GET"]}}],"collection":[{"href":"https:\/\/klasikdusunceokulu.com\/index.php\/wp-json\/wp\/v2\/pages"}],"about":[{"href":"https:\/\/klasikdusunceokulu.com\/index.php\/wp-json\/wp\/v2\/types\/page"}],"author":[{"embeddable":true,"href":"https:\/\/klasikdusunceokulu.com\/index.php\/wp-json\/wp\/v2\/users\/1"}],"replies":[{"embeddable":true,"href":"https:\/\/klasikdusunceokulu.com\/index.php\/wp-json\/wp\/v2\/comments?post=6860"}],"version-history":[{"count":1,"href":"https:\/\/klasikdusunceokulu.com\/index.php\/wp-json\/wp\/v2\/pages\/6860\/revisions"}],"predecessor-version":[{"id":6861,"href":"https:\/\/klasikdusunceokulu.com\/index.php\/wp-json\/wp\/v2\/pages\/6860\/revisions\/6861"}],"wp:attachment":[{"href":"https:\/\/klasikdusunceokulu.com\/index.php\/wp-json\/wp\/v2\/media?parent=6860"}],"curies":[{"name":"wp","href":"https:\/\/api.w.org\/{rel}","templated":true}]}}