{"id":6862,"date":"2025-07-28T17:13:00","date_gmt":"2025-07-28T14:13:00","guid":{"rendered":"https:\/\/klasikdusunceokulu.com\/?page_id=6862"},"modified":"2025-07-28T17:13:00","modified_gmt":"2025-07-28T14:13:00","slug":"arapca-ii-seviye-dersleri-106-seminer-ozeti","status":"publish","type":"page","link":"https:\/\/klasikdusunceokulu.com\/index.php\/arapca-ii-seviye-dersleri-106-seminer-ozeti\/","title":{"rendered":"ARAP\u00c7A II. SEV\u0130YE DERSLER\u0130 106. SEM\u0130NER \u00d6ZET\u0130"},"content":{"rendered":"<p><span style=\"color: #333333;\"><strong>ARAP\u00c7A II. SEV\u0130YE DERSLER\u0130 106. SEM\u0130NER \u00d6ZET\u0130<\/strong><\/span><\/p>\n<ol>\n<li><span style=\"color: #333333;\"><strong> Dersin Amac\u0131 ve \u0130\u00e7eri\u011fi<\/strong><\/span><\/li>\n<\/ol>\n<p><span style=\"color: #333333;\">Bu dersin amac\u0131, Arap\u00e7ada Cemi M\u00fczekker S\u00e2lim (kurall\u0131 erkek \u00e7o\u011ful) isimlerin muz\u00e2fun ileyh konumunda kullan\u0131ld\u0131\u011f\u0131nda ge\u00e7irdi\u011fi bi\u00e7imsel de\u011fi\u015fimleri a\u00e7\u0131klamakt\u0131r. \u00d6\u011frencilerin bu yap\u0131y\u0131 hem kurall\u0131 hem de \u00f6rnekli bi\u00e7imde \u00f6\u011frenmeleri hedeflenmi\u015ftir. Ders boyunca kural a\u00e7\u0131klamalar\u0131, \u00f6rnek tamlamalar, \u00e7eviri al\u0131\u015ft\u0131rmalar\u0131 ve yanl\u0131\u015f-d\u00fczeltme etkinlikleri \u00fczerinden konu peki\u015ftirilmi\u015ftir.<\/span><\/p>\n<p>&nbsp;<\/p>\n<ol start=\"2\">\n<li><span style=\"color: #333333;\"><strong> Ana Temalar<\/strong><\/span><\/li>\n<\/ol>\n<p><span style=\"color: #333333;\"><strong>a) Cemi M\u00fczekker S\u00e2lim ve \u0130\u2018r\u00e2b \u00d6zellikleri<\/strong><\/span><br \/>\n<span style=\"color: #333333;\">Cemi M\u00fczekker S\u00e2lim isimlerin iki formu bulunur:<\/span><\/p>\n<ul>\n<li><span style=\"color: #333333;\"><strong>Merf\u00fb h\u00e2l:<\/strong> <em>muallim\u016bne<\/em> (\u00f6\u011fretmenler) \u2192 fail, m\u00fcpteda, haber gibi durumlarda kullan\u0131l\u0131r.<\/span><\/li>\n<li><span style=\"color: #333333;\"><strong>Mans\u00fbb \/ Mecr\u00fbr h\u00e2l:<\/strong> <em>muallim\u012bne<\/em> \u2192 mef\u2018\u00fbl veya muz\u00e2fun ileyh oldu\u011funda kullan\u0131l\u0131r.<\/span><\/li>\n<\/ul>\n<p><span style=\"color: #333333;\">Bu derste \u00f6zellikle <em>mecr\u00fbr<\/em> (cerli) durumda kullan\u0131m\u0131 vurgulanm\u0131\u015ft\u0131r \u00e7\u00fcnk\u00fc muz\u00e2fun ileyh daima mecr\u00fbr olur ve bu t\u00fcr isimlerde mecr\u00fbrluk alameti y\u00e2 harfidir.<\/span><\/p>\n<p><span style=\"color: #333333;\"><strong>b) Tamlama Kurallar\u0131 ve Uygulamal\u0131 \u00d6rnekler<\/strong><\/span><br \/>\n<span style=\"color: #333333;\">Ders boyunca \u00f6\u011frenciler, Cemi M\u00fczekker S\u00e2lim isimlerin muz\u00e2fun ileyh olarak ge\u00e7ti\u011fi tamlamalar\u0131 do\u011fru kurmay\u0131 \u00f6\u011frenmi\u015flerdir. \u00d6rnekler:<\/span><\/p>\n<ul>\n<li><span style=\"color: #333333;\"><em>Mes<\/em><em>\u02be<\/em><em>\u016bliyyet<\/em><em>\u00fc\u2019l-m<\/em><em>\u00fcderris<\/em><em>\u012bn<\/em> \u2192 \u00d6\u011fretmenlerin sorumlulu\u011fu<\/span><\/li>\n<li><span style=\"color: #333333;\"><em>\u0130hl\u0101s\u00fc\u2019l-mu<\/em><em>\u02bemin<\/em><em>\u012bn<\/em> \u2192 M\u00fcminlerin samimiyeti<\/span><\/li>\n<li><span style=\"color: #333333;\"><em>Maktel\u00fc\u2019l-mur\u0101sil\u012bn<\/em> \u2192 Muhabirlerin \u00f6ld\u00fcr\u00fclmesi<\/span><\/li>\n<li><span style=\"color: #333333;\"><em>Derr\u0101cet\u00fc\u2019r-riy\u0101<\/em><em>\u1e0diyy\u012bn<\/em> \u2192 Sporcular\u0131n bisikletleri<\/span><\/li>\n<li><span style=\"color: #333333;\"><em>Ta<\/em><em>\u02bfy<\/em><em>\u012bn<\/em><em>\u00fc\u2019l-mu<\/em><em>\u02bfallim<\/em><em>\u012bn<\/em> \u2192 \u00d6\u011fretmenlerin tayini<\/span><\/li>\n<li><span style=\"color: #333333;\"><em>\u0130<\/em><em>\u1e25tim\u0101m\u00fc\u2019l-muteferric\u012bn<\/em> \u2192 Seyircilerin ilgisi<\/span><\/li>\n<li><span style=\"color: #333333;\"><em>Rav\u0101tib\u00fc\u2019l-b\u0101<\/em><em>\u1e25is\u012bn<\/em> \u2192 Ara\u015ft\u0131rmac\u0131lar\u0131n maa\u015flar\u0131<\/span><\/li>\n<\/ul>\n<p><span style=\"color: #333333;\">\u00d6\u011frencilerden bu yap\u0131lar\u0131 T\u00fcrk\u00e7eden Arap\u00e7aya do\u011fru bi\u00e7imde \u00e7evirmeleri ve yanl\u0131\u015f bi\u00e7imlendirilmi\u015f \u00f6rnekleri d\u00fczeltmeleri istenmi\u015ftir.<\/span><\/p>\n<p><span style=\"color: #333333;\"><strong>c) Hatalar\u0131n Belirlenmesi ve D\u00fczeltme Al\u0131\u015ft\u0131rmalar\u0131<\/strong><\/span><br \/>\n<span style=\"color: #333333;\">Tamlama kurallar\u0131na ayk\u0131r\u0131 kullan\u0131mlar d\u00fczeltilmi\u015f; \u00f6rne\u011fin, muz\u00e2f olan kelimenin ba\u015f\u0131na el tak\u0131s\u0131 getirilemeyece\u011fi ve tenvinli olamayaca\u011f\u0131, muz\u00e2fun ileyh olan Cemi M\u00fczekker S\u00e2lim ismin daima ye ile mecr\u00fbr olaca\u011f\u0131 vurgulanm\u0131\u015ft\u0131r.<\/span><\/p>\n<p>&nbsp;<\/p>\n<ol start=\"3\">\n<li><span style=\"color: #333333;\"><strong> Sonu\u00e7<\/strong><\/span><\/li>\n<\/ol>\n<p><span style=\"color: #333333;\">Bu ders, Arap\u00e7ada s\u0131k\u00e7a kar\u015f\u0131la\u015f\u0131lan muz\u00e2fun ileyh yap\u0131s\u0131n\u0131n Cemi M\u00fczekker S\u00e2lim isimlerle kullan\u0131m\u0131 \u00fczerine yo\u011funla\u015farak, \u00f6\u011frencilerin do\u011fru yap\u0131 kurma becerilerini geli\u015ftirmeyi ama\u00e7lam\u0131\u015ft\u0131r. Kurallar\u0131n sistematik sunumu, \u00f6rneklerle desteklenmesi ve uygulamal\u0131 al\u0131\u015ft\u0131rmalarla peki\u015ftirilmesi sayesinde \u00f6\u011frenciler, Cemi M\u00fczekker S\u00e2lim isimlerin mecr\u00fbr h\u00e2lini hem teorik hem pratik olarak \u00f6\u011frenmi\u015flerdir. Bu bilgi, Arap\u00e7a&#8217;da do\u011fru anlam kurma ve \u00e7eviri yapma yetisini geli\u015ftirmek a\u00e7\u0131s\u0131ndan olduk\u00e7a kritiktir.<\/span><\/p>\n<p>&nbsp;<\/p>\n<p>&nbsp;<\/p>\n<p>&nbsp;<\/p>\n<ol>\n<li><span style=\"color: #333333;\"><strong> Purpose and Content of the Lesson<\/strong><\/span><\/li>\n<\/ol>\n<p><span style=\"color: #333333;\">The main objective of this lesson is to explain how Sound Masculine Plural (Cem\u2018 Mu\u1e0fhakkar S\u0101lim) nouns behave when used as mu\u1e0d\u0101f ilayh (the second term in genitive constructions) in Arabic grammar. Students are introduced to both the theoretical framework and practical applications through example phrases, translation exercises, and error correction tasks. The lesson aims to ensure a firm grasp of morphological changes and syntactic functions of plural masculine nouns in construct phrases.<\/span><\/p>\n<p>&nbsp;<\/p>\n<ol start=\"2\">\n<li><span style=\"color: #333333;\"><strong> Main Themes<\/strong><\/span><\/li>\n<\/ol>\n<p><span style=\"color: #333333;\"><strong>a) I<\/strong><strong>\u02bfr<\/strong><strong>\u0101b Characteristics of Sound Masculine Plural Nouns<\/strong><\/span><br \/>\n<span style=\"color: #333333;\">Sound masculine plural nouns exhibit the following forms:<\/span><\/p>\n<ul>\n<li><span style=\"color: #333333;\"><strong>Nominative:<\/strong> <em>mu<\/em><em>\u02bfallim<\/em><em>\u016bna<\/em> (teachers) \u2013 used as subject or predicate<\/span><\/li>\n<li><span style=\"color: #333333;\"><strong>Accusative\/Genitive:<\/strong> <em>mu<\/em><em>\u02bfallim<\/em><em>\u012bna<\/em> \u2013 used as object or <strong>mu<\/strong><strong>\u1e0d\u0101f ilayh<\/strong><\/span><\/li>\n<\/ul>\n<p><span style=\"color: #333333;\">Since the mu\u1e0d\u0101f ilayh must always be in the genitive case, the form <em>mu<\/em><em>\u02bfallim<\/em><em>\u012bna<\/em> with a y\u0101\u2019 ending is obligatory in genitive constructions.<\/span><\/p>\n<p><span style=\"color: #333333;\"><strong>b) Construct Phrase Rules and Applied Examples<\/strong><\/span><br \/>\n<span style=\"color: #333333;\">Students learn how to form grammatically accurate i\u1e0d\u0101fa (construct phrases) with masculine plural nouns as the mu\u1e0d\u0101f ilayh. Examples include:<\/span><\/p>\n<ul>\n<li><span style=\"color: #333333;\"><em>Mas<\/em><em>\u02be<\/em><em>\u016bliyyatu<\/em><em>\u2019l-mudarris<\/em><em>\u012bn<\/em> \u2013 The responsibility of the teachers<\/span><\/li>\n<li><span style=\"color: #333333;\"><em>I<\/em><em>\u1e2bl\u0101\u1e63u\u2019l-mu<\/em><em>\u02bemin<\/em><em>\u012bn<\/em> \u2013 The sincerity of the believers<\/span><\/li>\n<li><span style=\"color: #333333;\"><em>Maqtalu\u2019l-mur\u0101sil\u012bn<\/em> \u2013 The killing of the reporters<\/span><\/li>\n<li><span style=\"color: #333333;\"><em>Darr\u0101j\u0101tu\u2019r-riy\u0101<\/em><em>\u1e0diyy\u012bn<\/em> \u2013 The bicycles of the athletes<\/span><\/li>\n<li><span style=\"color: #333333;\"><em>Ta<\/em><em>\u02bfy<\/em><em>\u012bnu<\/em><em>\u2019l-mu<\/em><em>\u02bfallim<\/em><em>\u012bn<\/em> \u2013 The appointment of the teachers<\/span><\/li>\n<li><span style=\"color: #333333;\"><em>I<\/em><em>\u1e25tim\u0101mu\u2019l-mutafarri\u01e7\u012bn<\/em> \u2013 The attention of the spectators<\/span><\/li>\n<li><span style=\"color: #333333;\"><em>Raw\u0101tibu\u2019l-b\u0101<\/em><em>\u1e25is\u012bn<\/em> \u2013 The salaries of the researchers<\/span><\/li>\n<\/ul>\n<p><span style=\"color: #333333;\">In all of these, the mu\u1e0d\u0101f ilayh is in the genitive y\u0101\u2019-n\u016bn form, and the mu\u1e0d\u0101f never takes the definite article <em>al-<\/em> or tanw\u012bn.<\/span><\/p>\n<p><span style=\"color: #333333;\"><strong>c)<\/strong> <strong>Error Detection and Correction Exercises<\/strong><\/span><br \/>\n<span style=\"color: #333333;\">Students are guided to identify and correct errors such as adding the definite article to the mu\u1e0d\u0101f, using tanw\u012bn, or failing to put the plural noun in its genitive <em>-\u012bn<\/em> form. These activities reinforce proper construction rules and deepen understanding of morphological distinctions.<\/span><\/p>\n<p>&nbsp;<\/p>\n<ol start=\"3\">\n<li><span style=\"color: #333333;\"><strong> Conclusion<\/strong><\/span><\/li>\n<\/ol>\n<p><span style=\"color: #333333;\">This lesson provides essential instruction on how to correctly use sound masculine plural nouns as mu\u1e0d\u0101f ilayh in Arabic i\u1e0d\u0101fa constructions. By presenting the grammatical principles alongside varied vocabulary and contextual exercises, students gain the skills to accurately identify and construct genitive phrases involving masculine plural forms. Mastery of these structures is vital for clear, accurate translation and interpretation in both classical and modern Arabic usage.<\/span><\/p>\n<p>&nbsp;<\/p>\n","protected":false},"excerpt":{"rendered":"<p>ARAP\u00c7A II. SEV\u0130YE DERSLER\u0130 106. SEM\u0130NER \u00d6ZET\u0130 Dersin Amac\u0131 ve [&hellip;]<\/p>\n","protected":false},"author":1,"featured_media":0,"parent":0,"menu_order":0,"comment_status":"closed","ping_status":"closed","template":"","meta":{"footnotes":""},"class_list":["post-6862","page","type-page","status-publish","hentry"],"jetpack_sharing_enabled":true,"_links":{"self":[{"href":"https:\/\/klasikdusunceokulu.com\/index.php\/wp-json\/wp\/v2\/pages\/6862","targetHints":{"allow":["GET"]}}],"collection":[{"href":"https:\/\/klasikdusunceokulu.com\/index.php\/wp-json\/wp\/v2\/pages"}],"about":[{"href":"https:\/\/klasikdusunceokulu.com\/index.php\/wp-json\/wp\/v2\/types\/page"}],"author":[{"embeddable":true,"href":"https:\/\/klasikdusunceokulu.com\/index.php\/wp-json\/wp\/v2\/users\/1"}],"replies":[{"embeddable":true,"href":"https:\/\/klasikdusunceokulu.com\/index.php\/wp-json\/wp\/v2\/comments?post=6862"}],"version-history":[{"count":1,"href":"https:\/\/klasikdusunceokulu.com\/index.php\/wp-json\/wp\/v2\/pages\/6862\/revisions"}],"predecessor-version":[{"id":6863,"href":"https:\/\/klasikdusunceokulu.com\/index.php\/wp-json\/wp\/v2\/pages\/6862\/revisions\/6863"}],"wp:attachment":[{"href":"https:\/\/klasikdusunceokulu.com\/index.php\/wp-json\/wp\/v2\/media?parent=6862"}],"curies":[{"name":"wp","href":"https:\/\/api.w.org\/{rel}","templated":true}]}}