{"id":6864,"date":"2025-07-28T17:16:29","date_gmt":"2025-07-28T14:16:29","guid":{"rendered":"https:\/\/klasikdusunceokulu.com\/?page_id=6864"},"modified":"2025-07-28T17:16:29","modified_gmt":"2025-07-28T14:16:29","slug":"arapca-ii-seviye-dersleri-108-seminer-ozeti","status":"publish","type":"page","link":"https:\/\/klasikdusunceokulu.com\/index.php\/arapca-ii-seviye-dersleri-108-seminer-ozeti\/","title":{"rendered":"ARAP\u00c7A II. SEV\u0130YE DERSLER\u0130 108. SEM\u0130NER \u00d6ZET\u0130"},"content":{"rendered":"<p><span style=\"color: #333333;\"><strong>ARAP\u00c7A II. SEV\u0130YE DERSLER\u0130 108. SEM\u0130NER \u00d6ZET\u0130<\/strong><\/span><\/p>\n<ol>\n<li><span style=\"color: #333333;\"><strong> Dersin Amac\u0131 ve \u0130\u00e7eri\u011fi<\/strong><\/span><\/li>\n<\/ol>\n<p><span style=\"color: #333333;\">Bu ders, Klasik D\u00fc\u015f\u00fcnce Okulu Arap\u00e7a m\u00fcfredat\u0131nda okuma-anlama, irap analizi ve \u00e7eviri becerilerini geli\u015ftirmeye y\u00f6nelik ileri bir \u00e7al\u0131\u015fmad\u0131r. \u00d6\u011frenciler, sade bir anlat\u0131 metni \u00fczerinden c\u00fcmle c\u00fcmle \u00e7\u00f6z\u00fcmleme, kelime ve fiil iraplar\u0131, muzaaf-muzaafun ileyh yap\u0131lar\u0131, harficer kullan\u0131mlar\u0131 ve \u00e7ocuk anlat\u0131s\u0131 kurgusu gibi temel konular\u0131 prati\u011fe d\u00f6kerek peki\u015ftirirler. Metnin dilsel yap\u0131s\u0131, ayn\u0131 zamanda daha \u00f6nce i\u015flenen gramer kurallar\u0131n\u0131n uygulamas\u0131na imk\u00e2n sunar.<\/span><\/p>\n<p>&nbsp;<\/p>\n<ol start=\"2\">\n<li><span style=\"color: #333333;\"><strong> Ana Temalar<\/strong><\/span><\/li>\n<\/ol>\n<p><span style=\"color: #333333;\"><strong>a) Anlat\u0131 Temelli Dil E\u011fitimi ve Yap\u0131sal Analiz<\/strong><\/span><br \/>\n<span style=\"color: #333333;\">Metin, Abd\u00fclsamed isimli bir \u00e7ocu\u011fun bir k\u00f6yde ya\u015fad\u0131\u011f\u0131 k\u0131sa bir olay \u00fczerinden ilerler. Okuyucu, anlat\u0131y\u0131 izlerken \u015fu yap\u0131larla s\u0131k s\u0131k kar\u015f\u0131la\u015f\u0131r:<\/span><\/p>\n<ul>\n<li><span style=\"color: #333333;\">Fiil ve fail (\u00f6rnek: <em>kharace <\/em><em>\u02bfAbd<\/em><em>\u00fc\u2019s-Samedu<\/em>)<\/span><\/li>\n<li><span style=\"color: #333333;\">Muzaaf \u2013 muzaafun ileyh yap\u0131lar\u0131 (\u00f6rnek: <em>\u0121\u0101bati\u2019l-qaryati<\/em>, <em>\u02bfu\u0161u\u0161i\u2019l-<\/em><em>\u1e25am\u0101mati<\/em>)<\/span><\/li>\n<li><span style=\"color: #333333;\">Harficer yap\u0131lar\u0131 (<em>ila<\/em>, <em>fi<\/em>, <em>min<\/em>) ve bunlar\u0131n mecrur k\u0131ld\u0131\u011f\u0131 isimler<\/span><\/li>\n<li><span style=\"color: #333333;\">Fiil kipleri ve \u00e7at\u0131lar\u0131: ge\u00e7i\u015fli-ge\u00e7i\u015fsiz, d\u00f6rd\u00fcnc\u00fc ve be\u015finci bab fiilleri<\/span><\/li>\n<li><span style=\"color: #333333;\">Tesniye ve \u00e7o\u011ful \u00f6znelerde fiil uyumu<\/span><\/li>\n<\/ul>\n<p><span style=\"color: #333333;\"><strong>b) Metnin Anlam Ak\u0131\u015f\u0131 ve \u00c7eviri Al\u0131\u015ft\u0131rmalar\u0131<\/strong><\/span><br \/>\n<span style=\"color: #333333;\">\u00d6\u011frenciler her c\u00fcmleyi \u00e7\u00f6z\u00fcmledikten sonra T\u00fcrk\u00e7e&#8217;ye \u00e7evirerek anlam\u0131 kavrar. \u00d6rne\u011fin:<\/span><\/p>\n<ul>\n<li><span style=\"color: #333333;\"><em>Sa<\/em><em>\u02bfida <\/em><em>\u02bfAbd<\/em><em>\u00fc\u2019s-Samedu ila<\/em><em>\u2019\u0161-<\/em><em>\u0161ajarati bi-mah<\/em><em>\u0101ratin<\/em> \u2192 Abd\u00fclsamed a\u011faca ustal\u0131kla \u00e7\u0131kt\u0131.<\/span><\/li>\n<li><span style=\"color: #333333;\"><em>Fa-ra<\/em><em>\u02be<\/em><em>\u0101 f<\/em><em>\u012b <\/em><em>\u02bfu<\/em><em>\u0161u<\/em><em>\u0161i<\/em><em>\u2019l-<\/em><em>\u1e25am\u0101mati fir\u0101<\/em><em>\u1e25an wa bay<\/em><em>\u1e0dan<\/em> \u2192 G\u00fcvercinin yuvas\u0131nda yavrular ve yumurtalar g\u00f6rd\u00fc.<\/span><\/li>\n<\/ul>\n<p><span style=\"color: #333333;\">Bu al\u0131\u015ft\u0131rmalar \u00f6\u011frencilerin hem kelime hazinesini geni\u015fletmesini hem de gramer yap\u0131lar\u0131n\u0131 ba\u011flam i\u00e7inde do\u011fru kullanmalar\u0131n\u0131 sa\u011flar.<\/span><\/p>\n<p><span style=\"color: #333333;\"><strong>c) Pedagojik Ama\u00e7l\u0131 Dramatik Kurgulama<\/strong><\/span><br \/>\n<span style=\"color: #333333;\">Metin, \u00e7ocuk diliyle yaz\u0131lm\u0131\u015f olmas\u0131na ra\u011fmen dilbilgisel olarak son derece zengindir. Karakterin d\u00fc\u015fmesi, ac\u0131 \u00e7ekmesi, eve d\u00f6n\u00fc\u015f\u00fc ve ailesinden nasihat almas\u0131 gibi olaylar hem ahlaki hem de dilsel mesajlar i\u00e7erir. Son c\u00fcmlelerde ge\u00e7en ifadelerden:<\/span><\/p>\n<ul>\n<li><span style=\"color: #333333;\"><em>H\u0101dhihi nih\u0101yatu\u2019\u0161-\u0161aq\u0101wati<\/em> \u2192 \u0130\u015fte bu, yaramazl\u0131\u011f\u0131n sonudur.<\/span><br \/>\n<span style=\"color: #333333;\">bi\u00e7iminde ahlaki bir kapan\u0131\u015f yap\u0131l\u0131r.<\/span><\/li>\n<\/ul>\n<p>&nbsp;<\/p>\n<ol start=\"3\">\n<li><span style=\"color: #333333;\"><strong> Sonu\u00e7<\/strong><\/span><\/li>\n<\/ol>\n<p><span style=\"color: #333333;\">Bu ders, klasik Arap\u00e7a metin \u00e7\u00f6z\u00fcmlemesine al\u0131\u015fk\u0131n olmayan \u00f6\u011frencilerin, basit bir anlat\u0131 yoluyla <strong>anlamland\u0131rma, irap yap\u0131s\u0131 tan\u0131ma, do\u011fru \u00e7eviri ve dil i\u00e7i mant\u0131k kurma<\/strong> becerilerini geli\u015ftirmeyi hedefler. Metnin didaktik yap\u0131s\u0131 ve c\u00fcmle c\u00fcmle a\u00e7\u0131klanmas\u0131, \u00f6\u011frencilerin Arap\u00e7a c\u00fcmle kurulu\u015f mant\u0131\u011f\u0131n\u0131 derinlemesine kavramas\u0131n\u0131 sa\u011flar. Ayr\u0131ca, anlat\u0131n\u0131n do\u011fal seyri i\u00e7inde verilen ahlaki mesajlar, \u00f6\u011frencilerin sadece dil de\u011fil, klasik k\u00fclt\u00fcrle de ba\u011f kurmas\u0131na olanak tan\u0131r.<\/span><\/p>\n<p>&nbsp;<\/p>\n<p>&nbsp;<\/p>\n<ol>\n<li><span style=\"color: #333333;\"><strong> Purpose and Content of the Lesson<\/strong><\/span><\/li>\n<\/ol>\n<p><span style=\"color: #333333;\">This lesson is part of the Classical Thought School\u2019s Arabic curriculum and is designed to <strong>strengthen students\u2019 reading comprehension, grammatical parsing (<\/strong><strong>\u02bei<\/strong><strong>\u02bfr<\/strong><strong>\u0101b), and translation skills<\/strong>. Through a narrative-based Arabic passage, students engage in <strong>sentence-by-sentence analysis<\/strong>, identifying key grammatical structures such as <strong>mu<\/strong><strong>\u1e0d\u0101f\u2013mu<\/strong><strong>\u1e0d\u0101f ilayh<\/strong>, <strong>prepositional phrases<\/strong>, <strong>verb\u2013subject agreements<\/strong>, and <strong>tense-aspect variations<\/strong>. The text serves both as a language drill and a didactic story embedded with moral lessons.<\/span><\/p>\n<p>&nbsp;<\/p>\n<ol start=\"2\">\n<li><span style=\"color: #333333;\"><strong> Main Themes<\/strong><\/span><\/li>\n<\/ol>\n<p><span style=\"color: #333333;\"><strong>a) Story-Based Learning with Grammatical Focus<\/strong><\/span><br \/>\n<span style=\"color: #333333;\">The passage narrates a brief incident involving a boy named \u02bfAbd al-\u1e62amad in a village setting. Through his actions, students encounter and analyze structures such as:<\/span><\/p>\n<ul>\n<li><span style=\"color: #333333;\">Verb and subject alignment (e.g., <em>kharaja <\/em><em>\u02bfAbd al-\u1e62amad<\/em>)<\/span><\/li>\n<li><span style=\"color: #333333;\">Genitive constructs (e.g., <em>\u0121\u0101bat al-qaryah<\/em> \u2013 the forest of the village, <em>\u02bfush\u016bsh al-<\/em><em>\u1e25am\u0101mah<\/em> \u2013 the dove\u2019s nests)<\/span><\/li>\n<li><span style=\"color: #333333;\">Prepositions (<em>il\u0101<\/em>, <em>f\u012b<\/em>, <em>min<\/em>) and their impact on case endings<\/span><\/li>\n<li><span style=\"color: #333333;\">Verbs from the 4th and 5th derived forms, including intransitive and transitive actions<\/span><\/li>\n<li><span style=\"color: #333333;\">Subject-verb agreement in dual and plural forms<\/span><\/li>\n<\/ul>\n<p><span style=\"color: #333333;\"><strong>b) Semantic Flow and Translation Practice<\/strong><\/span><br \/>\n<span style=\"color: #333333;\">After analyzing the structure of each sentence, students translate it into Turkish (or their native language), focusing on both grammatical accuracy and semantic coherence. Example:<\/span><\/p>\n<ul>\n<li><span style=\"color: #333333;\"><em>Sa<\/em><em>\u02bfida <\/em><em>\u02bfAbd al-\u1e62amad il\u0101 al-shajarah bi-mah\u0101rah<\/em> \u2192 \u201c\u02bfAbd al-\u1e62amad climbed the tree skillfully.\u201d<\/span><\/li>\n<li><span style=\"color: #333333;\"><em>Fa-ra<\/em><em>\u02be<\/em><em>\u0101 f<\/em><em>\u012b <\/em><em>\u02bfush<\/em><em>\u016bsh al-<\/em><em>\u1e25am\u0101mah fir\u0101khan wa bay<\/em><em>\u1e0dan<\/em> \u2192 \u201cHe saw chicks and eggs in the dove\u2019s nests.\u201d<\/span><\/li>\n<\/ul>\n<p><span style=\"color: #333333;\">These exercises improve vocabulary acquisition, contextual understanding, and internalization of syntactic patterns.<\/span><\/p>\n<p><span style=\"color: #333333;\"><strong>c) Pedagogical Narrative with Moral Closure<\/strong><\/span><br \/>\n<span style=\"color: #333333;\">Though the story is written in simple language, it is grammatically rich. The sequence of events\u2014climbing, falling, returning home, receiving advice\u2014offers both linguistic and ethical depth. The closing line delivers a moral reflection:<\/span><\/p>\n<ul>\n<li><span style=\"color: #333333;\"><em>H\u0101dhihi nih\u0101yat al-shaq\u0101wah<\/em> \u2192 \u201cThis is the end of mischief.\u201d<\/span><\/li>\n<\/ul>\n<p><span style=\"color: #333333;\">Thus, the text not only reinforces grammatical content but also reflects classical educational values.<\/span><\/p>\n<p>&nbsp;<\/p>\n<ol start=\"3\">\n<li><span style=\"color: #333333;\"><strong> Conclusion<\/strong><\/span><\/li>\n<\/ol>\n<p><span style=\"color: #333333;\">This lesson integrates classical Arabic grammar with narrative comprehension and ethical reflection. Students deepen their grasp of Arabic sentence structure, case endings, and construct phrases through a coherent story. The analysis-based method enhances learners\u2019 ability to recognize grammar in context, translate accurately, and engage with cultural content. The use of a child-centered story also builds emotional engagement and interpretive sensitivity within a linguistic framework.<\/span><\/p>\n<p>&nbsp;<\/p>\n","protected":false},"excerpt":{"rendered":"<p>ARAP\u00c7A II. SEV\u0130YE DERSLER\u0130 108. SEM\u0130NER \u00d6ZET\u0130 Dersin Amac\u0131 ve [&hellip;]<\/p>\n","protected":false},"author":1,"featured_media":0,"parent":0,"menu_order":0,"comment_status":"closed","ping_status":"closed","template":"","meta":{"footnotes":""},"class_list":["post-6864","page","type-page","status-publish","hentry"],"jetpack_sharing_enabled":true,"_links":{"self":[{"href":"https:\/\/klasikdusunceokulu.com\/index.php\/wp-json\/wp\/v2\/pages\/6864","targetHints":{"allow":["GET"]}}],"collection":[{"href":"https:\/\/klasikdusunceokulu.com\/index.php\/wp-json\/wp\/v2\/pages"}],"about":[{"href":"https:\/\/klasikdusunceokulu.com\/index.php\/wp-json\/wp\/v2\/types\/page"}],"author":[{"embeddable":true,"href":"https:\/\/klasikdusunceokulu.com\/index.php\/wp-json\/wp\/v2\/users\/1"}],"replies":[{"embeddable":true,"href":"https:\/\/klasikdusunceokulu.com\/index.php\/wp-json\/wp\/v2\/comments?post=6864"}],"version-history":[{"count":1,"href":"https:\/\/klasikdusunceokulu.com\/index.php\/wp-json\/wp\/v2\/pages\/6864\/revisions"}],"predecessor-version":[{"id":6865,"href":"https:\/\/klasikdusunceokulu.com\/index.php\/wp-json\/wp\/v2\/pages\/6864\/revisions\/6865"}],"wp:attachment":[{"href":"https:\/\/klasikdusunceokulu.com\/index.php\/wp-json\/wp\/v2\/media?parent=6864"}],"curies":[{"name":"wp","href":"https:\/\/api.w.org\/{rel}","templated":true}]}}