{"id":6868,"date":"2025-07-28T17:22:20","date_gmt":"2025-07-28T14:22:20","guid":{"rendered":"https:\/\/klasikdusunceokulu.com\/?page_id=6868"},"modified":"2025-07-28T17:22:20","modified_gmt":"2025-07-28T14:22:20","slug":"arapca-ii-seviye-dersleri-111-seminer-ozeti","status":"publish","type":"page","link":"https:\/\/klasikdusunceokulu.com\/index.php\/arapca-ii-seviye-dersleri-111-seminer-ozeti\/","title":{"rendered":"ARAP\u00c7A II. SEV\u0130YE DERSLER\u0130 111. SEM\u0130NER \u00d6ZET\u0130"},"content":{"rendered":"<p><span style=\"color: #333333;\"><strong>ARAP\u00c7A II. SEV\u0130YE DERSLER\u0130 111. SEM\u0130NER \u00d6ZET\u0130<\/strong><\/span><\/p>\n<ol>\n<li><span style=\"color: #333333;\"><strong> Dersin Amac\u0131 ve \u0130\u00e7eri\u011fi<\/strong><\/span><\/li>\n<\/ol>\n<p><span style=\"color: #333333;\">Bu dersin temel amac\u0131, Arap\u00e7a dilbilgisinde muz\u00e2f (tamlayan) unsurunun, mef\u2018\u00fbl\u00fcn bih yani y\u00fcklemin do\u011frudan nesnesi olarak nas\u0131l g\u00f6rev alabilece\u011fini \u00f6\u011fretmektir. \u00d6nceki derslerde muz\u00e2f\u0131n m\u00fcpted\u00e2, haber ve f\u00e2il gibi c\u00fcmle \u00f6\u011felerinde kullan\u0131m\u0131 incelenmi\u015fti. Bu derste ise fiil c\u00fcmlelerinde muz\u00e2f yap\u0131n\u0131n nesne konumundaki i\u015flevi a\u00e7\u0131klanmakta; hareke, i\u2018r\u00e2b ve yap\u0131 kurallar\u0131 \u00f6rneklerle peki\u015ftirilmektedir.<\/span><\/p>\n<p>&nbsp;<\/p>\n<ol start=\"2\">\n<li><span style=\"color: #333333;\"><strong> Ana Temalar<\/strong><\/span><\/li>\n<\/ol>\n<p><span style=\"color: #333333;\"><strong>a) Muz\u00e2f\u0131n Mef\u2018\u00fbl Olarak Kurulumu<\/strong><\/span><br \/>\n<span style=\"color: #333333;\">Bir fiil c\u00fcmlesinde muz\u00e2f yap\u0131 mef\u2018\u00fbl konumundaysa \u015fu kurallar ge\u00e7erlidir:<\/span><\/p>\n<ul>\n<li><span style=\"color: #333333;\">Muz\u00e2f ba\u015f\u0131na \u201cel\u201d tak\u0131s\u0131 almaz ve tenvin kullan\u0131lmaz.<\/span><\/li>\n<li><span style=\"color: #333333;\">Mans\u00fbb (yani fethal\u0131) olur; \u00e7\u00fcnk\u00fc mef\u2018\u00fbl \u00f6\u011fesi g\u00f6revindedir.<\/span><\/li>\n<li><span style=\"color: #333333;\">Ancak muz\u00e2f, Cem\u2018-i M\u00fcennes S\u00e2lim ise, mans\u00fbb h\u00e2li kesra ile yap\u0131l\u0131r.<\/span><\/li>\n<li><span style=\"color: #333333;\">Muz\u00e2fun ileyh her zaman mecr\u00fbr olur (kesra ya da ye ile).<\/span><\/li>\n<\/ul>\n<p><span style=\"color: #333333;\"><strong>b) \u00d6rnekli C\u00fcmle \u00c7\u00f6z\u00fcmlemeleri<\/strong><\/span><br \/>\n<span style=\"color: #333333;\">Ders boyunca farkl\u0131 c\u00fcmleler incelenerek muz\u00e2f\u0131n i\u2018r\u00e2b\u0131, fiille uyumu ve c\u00fcmledeki g\u00f6revleri \u00f6rneklendirilmi\u015ftir:<\/span><\/p>\n<ul>\n<li><span style=\"color: #333333;\">\u0634\u0643\u0631 \u0627\u0644\u0637\u0641\u0644\u064f \u0625\u0645\u0627\u0645\u064e \u0627\u0644\u0645\u0633\u062c\u062f\u0650 \u2192 \u00c7ocuk caminin imam\u0131na te\u015fekk\u00fcr etti.<\/span><\/li>\n<li><span style=\"color: #333333;\">\u064a\u0639\u0631\u0641 \u0627\u0644\u0645\u062f\u0631\u0633\u064f \u0623\u0648\u0644\u0627\u062f\u064e \u062e\u0644\u064a\u0644\u064d \u2192 \u00d6\u011fretmen Halil\u2019in \u00e7ocuklar\u0131n\u0131 tan\u0131yor.<\/span><\/li>\n<li><span style=\"color: #333333;\">\u0631\u0641\u0639 \u0627\u0644\u062a\u062c\u0627\u0631\u064f \u0623\u0633\u0639\u0627\u0631\u064e \u0627\u0644\u0628\u0636\u0627\u0626\u0639\u0650 \u2192 T\u00fcccarlar mallar\u0131n fiyatlar\u0131n\u0131 art\u0131rd\u0131.<\/span><\/li>\n<\/ul>\n<p><span style=\"color: #333333;\">Bu \u00f6rneklerde, muz\u00e2f olan kelime mef\u2018\u00fbl konumunda fethal\u0131 olarak gelirken, muz\u00e2fun ileyh mecr\u00fbr yap\u0131l\u0131r.<\/span><\/p>\n<p><span style=\"color: #333333;\"><strong>c) Uygulamal\u0131 Al\u0131\u015ft\u0131rmalar ve D\u00fczeltmeler<\/strong><\/span><br \/>\n<span style=\"color: #333333;\">Dersin uygulama k\u0131sm\u0131nda:<\/span><\/p>\n<ul>\n<li><span style=\"color: #333333;\">T\u00fcrk\u00e7eden Arap\u00e7aya \u00e7eviri yap\u0131l\u0131r,<\/span><\/li>\n<li><span style=\"color: #333333;\">Eksik b\u0131rak\u0131lm\u0131\u015f muz\u00e2f-muz\u00e2fun ileyh yap\u0131lar\u0131 tamamlan\u0131r,<\/span><\/li>\n<li><span style=\"color: #333333;\">Hatal\u0131 harekeler d\u00fczeltilir,<\/span><\/li>\n<li><span style=\"color: #333333;\">Farkl\u0131 isim kal\u0131plar\u0131nda mef\u2018\u00fbl\u00fcn bih yap\u0131s\u0131na dair analizler yap\u0131l\u0131r.<\/span><\/li>\n<\/ul>\n<p><span style=\"color: #333333;\">\u00d6\u011frencilerden, verilen Arap\u00e7a c\u00fcmlelerde muz\u00e2f\u0131n yaln\u0131zca mef\u2018\u00fbl k\u0131sm\u0131na ait harekeyi dikkate almalar\u0131, muz\u00e2fun ileyhi ise sadece mecr\u00fbr olarak kullanmalar\u0131 beklenir.<\/span><\/p>\n<p>&nbsp;<\/p>\n<ol start=\"3\">\n<li><span style=\"color: #333333;\"><strong> Sonu\u00e7<\/strong><\/span><\/li>\n<\/ol>\n<p><span style=\"color: #333333;\">Bu ders, muz\u00e2f\u0131n mef\u2018\u00fbl\u00fcn bih konumunda nas\u0131l i\u2018r\u00e2b edildi\u011fini, fiil c\u00fcmleleri i\u00e7inde nas\u0131l yer ald\u0131\u011f\u0131n\u0131 ve bu yap\u0131n\u0131n gramer kurallar\u0131na g\u00f6re nas\u0131l yorumlanmas\u0131 gerekti\u011fini \u00f6\u011fretir. Konu, hem Arap\u00e7a okuma-anlama becerileri a\u00e7\u0131s\u0131ndan hem de klasik metinlerde do\u011fru tahlil yapabilmek ad\u0131na olduk\u00e7a \u00f6nemlidir. \u00d6\u011frenciler, Arap\u00e7a\u2019daki izafet (isim tamlamas\u0131) yap\u0131lar\u0131n\u0131n sadece anlam a\u00e7\u0131s\u0131ndan de\u011fil, dilbilgisel i\u015flevleri bak\u0131m\u0131ndan da yorumlanmas\u0131 gerekti\u011fini \u00f6\u011frenir.<\/span><\/p>\n<p><span style=\"color: #333333;\"><strong>\u00a0<\/strong><\/span><\/p>\n<p><span style=\"color: #333333;\"><strong>\u00a0<\/strong><\/span><\/p>\n<ol>\n<li><span style=\"color: #333333;\"><strong> Purpose and Content of the Lesson<\/strong><\/span><\/li>\n<\/ol>\n<p><span style=\"color: #333333;\">This lesson aims to teach how the mu\u1e0d\u0101f (possessive noun) functions as the direct object (maf\u02bf\u016bl bih) in Arabic verbal sentences. While previous lessons covered the mu\u1e0d\u0101f in the roles of subject (mubtada\u02be), predicate (khabar), and doer (f\u0101\u02bfil), this lesson focuses on its use as the receiver of the action. It emphasizes the necessary morphological markers and syntactic principles through examples and guided exercises.<\/span><\/p>\n<p>&nbsp;<\/p>\n<ol start=\"2\">\n<li><span style=\"color: #333333;\"><strong> Main Themes<\/strong><\/span><\/li>\n<\/ol>\n<p><span style=\"color: #333333;\"><strong>a) Constructing the Mu<\/strong><strong>\u1e0d\u0101f as Direct Object<\/strong><\/span><\/p>\n<p><span style=\"color: #333333;\">When the mu\u1e0d\u0101f appears as the direct object in a sentence, it follows these rules:<\/span><\/p>\n<ul>\n<li><span style=\"color: #333333;\">It does not take the definite article (<em>al-<\/em>).<\/span><\/li>\n<li><span style=\"color: #333333;\">It must be indefinite and thus does not carry tanw\u012bn.<\/span><\/li>\n<li><span style=\"color: #333333;\">It appears in the accusative case (man\u1e63\u016bb), generally marked by <em>fat<\/em><em>\u1e25ah<\/em>.<\/span><\/li>\n<li><span style=\"color: #333333;\">If the mu\u1e0d\u0101f is a sound feminine plural noun, its accusative form ends in <em>kasrah<\/em> instead.<\/span><\/li>\n<li><span style=\"color: #333333;\">The mu\u1e0d\u0101f ilayh (the second noun in the construct) is always in the genitive case (majr\u016br).<\/span><\/li>\n<\/ul>\n<p><span style=\"color: #333333;\"><strong>b) Examples and Case Analysis<\/strong><\/span><\/p>\n<p><span style=\"color: #333333;\">The lesson includes numerous contextual examples with syntactic breakdowns:<\/span><\/p>\n<ul>\n<li><span style=\"color: #333333;\"><em>Shakara a<\/em><em>\u1e6d-<\/em><em>\u1e6diflu im\u0101ma\u2019l-masjid<\/em> \u2013 \u201cThe child thanked the imam of the mosque.\u201d<\/span><\/li>\n<li><span style=\"color: #333333;\"><em>Ya<\/em><em>\u02bfrifu al-mudarris awl<\/em><em>\u0101d Khal<\/em><em>\u012bl<\/em> \u2013 \u201cThe teacher knows Khalil\u2019s children.\u201d<\/span><\/li>\n<li><span style=\"color: #333333;\"><em>Rafa<\/em><em>\u02bfa at-tujj<\/em><em>\u0101r as<\/em><em>\u02bf<\/em><em>\u0101ra al-ba<\/em><em>\u1e0d\u0101<\/em><em>\u02bei<\/em><em>\u02bf<\/em> \u2013 \u201cThe merchants raised the prices of the goods.\u201d<\/span><\/li>\n<\/ul>\n<p><span style=\"color: #333333;\">In each case, the mu\u1e0d\u0101f functions as the direct object, showing the correct case ending, and is followed by the mu\u1e0d\u0101f ilayh in its genitive form.<\/span><\/p>\n<p><span style=\"color: #333333;\"><strong>c) Practical Exercises and Correction Tasks<\/strong><\/span><\/p>\n<p><span style=\"color: #333333;\">The lesson includes various exercises to reinforce learning:<\/span><\/p>\n<ul>\n<li><span style=\"color: #333333;\">Translating Turkish sentences into Arabic using mu\u1e0d\u0101f as the direct object<\/span><\/li>\n<li><span style=\"color: #333333;\">Identifying and correcting grammatical errors in i\u1e0d\u0101fa constructions<\/span><\/li>\n<li><span style=\"color: #333333;\">Completing missing parts of mu\u1e0d\u0101f-mu\u1e0d\u0101f ilayh pairs<\/span><\/li>\n<li><span style=\"color: #333333;\">Differentiating case endings based on noun types (singular, dual, plural)<\/span><\/li>\n<\/ul>\n<p><span style=\"color: #333333;\">These tasks help students apply the grammatical rules in both recognition and production of accurate Arabic sentences.<\/span><\/p>\n<p>&nbsp;<\/p>\n<ol start=\"3\">\n<li><span style=\"color: #333333;\"><strong> Conclusion<\/strong><\/span><\/li>\n<\/ol>\n<p><span style=\"color: #333333;\">This lesson provides detailed guidance on how the mu\u1e0d\u0101f operates as the direct object within Arabic verbal syntax. Students are trained to correctly apply case endings, avoid common morphological mistakes, and understand how possessive constructions (i\u1e0d\u0101fa) function grammatically in real usage. Mastering this concept is essential for accurate comprehension, translation, and parsing of Classical Arabic texts, particularly in Quranic and literary contexts.<\/span><\/p>\n<p>&nbsp;<\/p>\n","protected":false},"excerpt":{"rendered":"<p>ARAP\u00c7A II. SEV\u0130YE DERSLER\u0130 111. SEM\u0130NER \u00d6ZET\u0130 Dersin Amac\u0131 ve [&hellip;]<\/p>\n","protected":false},"author":1,"featured_media":0,"parent":0,"menu_order":0,"comment_status":"closed","ping_status":"closed","template":"","meta":{"footnotes":""},"class_list":["post-6868","page","type-page","status-publish","hentry"],"jetpack_sharing_enabled":true,"_links":{"self":[{"href":"https:\/\/klasikdusunceokulu.com\/index.php\/wp-json\/wp\/v2\/pages\/6868","targetHints":{"allow":["GET"]}}],"collection":[{"href":"https:\/\/klasikdusunceokulu.com\/index.php\/wp-json\/wp\/v2\/pages"}],"about":[{"href":"https:\/\/klasikdusunceokulu.com\/index.php\/wp-json\/wp\/v2\/types\/page"}],"author":[{"embeddable":true,"href":"https:\/\/klasikdusunceokulu.com\/index.php\/wp-json\/wp\/v2\/users\/1"}],"replies":[{"embeddable":true,"href":"https:\/\/klasikdusunceokulu.com\/index.php\/wp-json\/wp\/v2\/comments?post=6868"}],"version-history":[{"count":1,"href":"https:\/\/klasikdusunceokulu.com\/index.php\/wp-json\/wp\/v2\/pages\/6868\/revisions"}],"predecessor-version":[{"id":6869,"href":"https:\/\/klasikdusunceokulu.com\/index.php\/wp-json\/wp\/v2\/pages\/6868\/revisions\/6869"}],"wp:attachment":[{"href":"https:\/\/klasikdusunceokulu.com\/index.php\/wp-json\/wp\/v2\/media?parent=6868"}],"curies":[{"name":"wp","href":"https:\/\/api.w.org\/{rel}","templated":true}]}}