{"id":6870,"date":"2025-07-28T17:25:12","date_gmt":"2025-07-28T14:25:12","guid":{"rendered":"https:\/\/klasikdusunceokulu.com\/?page_id=6870"},"modified":"2025-07-28T17:25:12","modified_gmt":"2025-07-28T14:25:12","slug":"arapca-ii-seviye-dersleri-113-seminer-ozeti-2","status":"publish","type":"page","link":"https:\/\/klasikdusunceokulu.com\/index.php\/arapca-ii-seviye-dersleri-113-seminer-ozeti-2\/","title":{"rendered":"ARAP\u00c7A II. SEV\u0130YE DERSLER\u0130 113. SEM\u0130NER \u00d6ZET\u0130"},"content":{"rendered":"<p><span style=\"color: #333333;\"><strong>ARAP\u00c7A II. SEV\u0130YE DERSLER\u0130 113. SEM\u0130NER \u00d6ZET\u0130<\/strong><\/span><\/p>\n<ol>\n<li><span style=\"color: #333333;\"><strong> Dersin Amac\u0131 ve \u0130\u00e7eri\u011fi<\/strong><\/span><\/li>\n<\/ol>\n<p><span style=\"color: #333333;\">Bu ders, \u00f6\u011frencilerin isim tamlamas\u0131 (iz\u00e2fe\/muz\u00e2f\u2013muz\u00e2fun ileyh) konusundaki \u00f6nceki kazan\u0131mlar\u0131n\u0131 peki\u015ftirmeyi hedefleyen kapsaml\u0131 bir genel tekrar ve uygulama \u00e7al\u0131\u015fmas\u0131d\u0131r. Derste, muz\u00e2f\u0131n Arap\u00e7a c\u00fcmlelerde \u00fcstlendi\u011fi \u00e7e\u015fitli g\u00f6revler; yani m\u00fcpted\u00e2 (\u00f6zne), haber (y\u00fcklem), f\u00e2il (\u00f6zne), mef\u2018\u00fbl\u00fcn bih (nesne) ve mecr\u00fbr (edatla \u00e7ekimlenmi\u015f isim) gibi sentaktik konumlar \u00e7ok say\u0131da \u00f6rnekle ele al\u0131n\u0131r. Ama\u00e7, \u00f6\u011frencilerin bu yap\u0131lar\u0131 do\u011fru tan\u0131mlamas\u0131, i\u2018r\u00e2b etmesi ve \u00fcretmesidir.<\/span><\/p>\n<p><span style=\"color: #333333;\"><strong>\u00a0<\/strong><\/span><\/p>\n<ol start=\"2\">\n<li><span style=\"color: #333333;\"><strong> Ana Temalar<\/strong><\/span><\/li>\n<\/ol>\n<p><span style=\"color: #333333;\"><strong>a) Muz\u00e2f\u0131n C\u00fcmledeki G\u00f6revlerinin Ay\u0131rt Edilmesi<\/strong><\/span><\/p>\n<p><span style=\"color: #333333;\">\u00d6\u011frencilerden, farkl\u0131 c\u00fcmle yap\u0131lar\u0131nda muz\u00e2f\u0131n i\u015flevini belirlemeleri beklenir:<\/span><\/p>\n<ul>\n<li><span style=\"color: #333333;\">M\u00fcpted\u00e2 olarak: <em>Ni\u2018amull\u00e2hi ka<\/em><em>\u1e61\u012bratun<\/em> \u2013 \u201cAllah\u2019\u0131n nimetleri \u00e7oktur.\u201d<\/span><\/li>\n<li><span style=\"color: #333333;\">Haber olarak: <em>El-Qur<\/em><em>\u02be<\/em><em>\u0101n kal<\/em><em>\u0101mull<\/em><em>\u0101h<\/em> \u2013 \u201cKur\u2019an, Allah\u2019\u0131n kelam\u0131d\u0131r.\u201d<\/span><\/li>\n<li><span style=\"color: #333333;\">F\u00e2il olarak: <em>C\u00e2e s\u00e2<\/em><em>\u02beiqu<\/em><em>\u2019l-<\/em><em>\u1e25\u00e2fileh<\/em> \u2013 \u201cOtob\u00fcs\u00fcn \u015fof\u00f6r\u00fc geldi.\u201d<\/span><\/li>\n<li><span style=\"color: #333333;\">Mef\u2018\u00fbl olarak: <em>Qara<\/em><em>\u02bea<\/em><em>\u2019l-im<\/em><em>\u00e2m s<\/em><em>\u016brata<\/em><em>\u2019l-Mulk<\/em> \u2013 \u201c\u0130mam, M\u00fclk Suresi\u2019ni okudu.\u201d<\/span><\/li>\n<li><span style=\"color: #333333;\">Mecr\u00fbr olarak: <em>Na<\/em><em>\u1e25nu f\u012b shahri Rama<\/em><em>\u1e0d\u0101n<\/em> \u2013 \u201cRamazan ay\u0131nda bulunmaktay\u0131z.\u201d<\/span><\/li>\n<\/ul>\n<p><span style=\"color: #333333;\"><strong>b) \u0130z\u00e2fe Yap\u0131s\u0131n\u0131n Gramer Kurallar\u0131<\/strong><\/span><\/p>\n<p><span style=\"color: #333333;\">Ders boyunca a\u015fa\u011f\u0131daki kurallar vurgulan\u0131r:<\/span><\/p>\n<ul>\n<li><span style=\"color: #333333;\">Muz\u00e2f kelime ba\u015f\u0131na \u201cel\u201d tak\u0131s\u0131 almaz, tenvin ta\u015f\u0131maz.<\/span><\/li>\n<li><span style=\"color: #333333;\">Muz\u00e2fun ileyh her zaman mecr\u00fbr (esreli ya da yeli) olur.<\/span><\/li>\n<li><span style=\"color: #333333;\">Muz\u00e2f\u0131n ald\u0131\u011f\u0131 h\u00e2l eki, c\u00fcmledeki g\u00f6revine g\u00f6re merf\u00fb, mans\u00fbb veya mecr\u00fbr olabilir.<\/span><\/li>\n<li><span style=\"color: #333333;\">C\u00fcmlede m\u00fcbteda-haber uyumu, muz\u00e2f yap\u0131larla birlikte de\u011ferlendirilir.<\/span><\/li>\n<\/ul>\n<p><span style=\"color: #333333;\"><strong>c) Uygulamal\u0131 Al\u0131\u015ft\u0131rmalar<\/strong><\/span><\/p>\n<p><span style=\"color: #333333;\">Metin i\u00e7inde \u00f6\u011frencilere verilen uygulamalar \u015funlard\u0131r:<\/span><\/p>\n<ul>\n<li><span style=\"color: #333333;\">T\u00fcrk\u00e7eden Arap\u00e7aya \u00e7eviri (\u00f6rne\u011fin: \u201cAraban\u0131n rengi k\u0131rm\u0131z\u0131d\u0131r.\u201d \u2192 <em>Lawnu\u2019s-sayy\u00e2rati a<\/em><em>\u1e25mar.<\/em>)<\/span><\/li>\n<li><span style=\"color: #333333;\">Eksik muz\u00e2f\/muz\u00e2fun ileyh ifadelerinin tamamlatt\u0131r\u0131lmas\u0131<\/span><\/li>\n<li><span style=\"color: #333333;\">Hatal\u0131 yap\u0131lar\u0131n d\u00fczeltilmesi<\/span><\/li>\n<li><span style=\"color: #333333;\">Fiil c\u00fcmlesi ve isim c\u00fcmlesi i\u00e7inde tamlaman\u0131n do\u011fru kurgulanmas\u0131<\/span><\/li>\n<\/ul>\n<p><span style=\"color: #333333;\">Bu uygulamalar sayesinde \u00f6\u011frenci, yaln\u0131zca yap\u0131y\u0131 tan\u0131makla kalmaz, ayn\u0131 zamanda aktif c\u00fcmle kurma becerisi de kazan\u0131r.<\/span><\/p>\n<p><span style=\"color: #333333;\"><strong>\u00a0<\/strong><\/span><\/p>\n<ol start=\"3\">\n<li><span style=\"color: #333333;\"><strong> Sonu\u00e7<\/strong><\/span><\/li>\n<\/ol>\n<p><span style=\"color: #333333;\">Bu ders, Arap\u00e7adaki muz\u00e2f\u2013muz\u00e2fun ileyh yap\u0131s\u0131n\u0131n hem bi\u00e7imsel (morfolojik) hem de i\u015flevsel (sentaktik) y\u00f6nleriyle nas\u0131l kullan\u0131laca\u011f\u0131n\u0131 peki\u015ftirmeyi ama\u00e7lar. \u00d6\u011frenciler, Arap\u00e7a\u2019daki isim tamlamalar\u0131n\u0131n c\u00fcmle i\u00e7indeki \u00e7ok y\u00f6nl\u00fc g\u00f6revlerini kavrayarak, anlama, \u00e7\u00f6z\u00fcmleme ve do\u011fru \u00e7eviri yapma becerilerini geli\u015ftirirler. Bu kazan\u0131m, \u00f6zellikle klasik metinlerdeki yo\u011fun tamlama yap\u0131lar\u0131n\u0131n do\u011fru analizinde b\u00fcy\u00fck \u00f6neme sahiptir.<\/span><\/p>\n<p><span style=\"color: #333333;\"><strong>\u00a0<\/strong><\/span><\/p>\n<p>&nbsp;<\/p>\n<ol>\n<li><span style=\"color: #333333;\"><strong> Purpose and Content of the Lesson<\/strong><\/span><\/li>\n<\/ol>\n<p><span style=\"color: #333333;\">This lesson is designed as a comprehensive review of all previously studied i\u1e0d\u0101fa (genitive construct) structures in Classical Arabic. It aims to consolidate students\u2019 understanding of how the mu\u1e0d\u0101f (first noun in the construct) functions in various syntactic roles\u2014such as subject (mubtada\u2019), predicate (khabar), doer (f\u0101\u02bfil), direct object (maf\u02bf\u016bl bih), or a noun governed by a preposition (majr\u016br). The exercises are constructed to enhance recognition, application, and production of i\u1e0d\u0101fa structures within complete sentences.<\/span><\/p>\n<p>&nbsp;<\/p>\n<ol start=\"2\">\n<li><span style=\"color: #333333;\"><strong> Main Themes<\/strong><\/span><\/li>\n<\/ol>\n<p><span style=\"color: #333333;\"><strong>a) Identifying the Function of the Mu<\/strong><strong>\u1e0d\u0101f<\/strong><\/span><\/p>\n<p><span style=\"color: #333333;\">Students are asked to determine the grammatical role of the <strong>mu<\/strong><strong>\u1e0d\u0101f<\/strong> in different sentence types:<\/span><\/p>\n<ul>\n<li><span style=\"color: #333333;\">As mubtada\u2019 (subject): <em>Ni<\/em><em>\u02bfamull<\/em><em>\u0101hi ka<\/em><em>\u1e61\u012bratun<\/em> \u2013 \u201cGod\u2019s blessings are many.\u201d<\/span><\/li>\n<li><span style=\"color: #333333;\">As khabar (predicate): <em>Al-Qur<\/em><em>\u02be<\/em><em>\u0101n kal<\/em><em>\u0101mull<\/em><em>\u0101h<\/em> \u2013 \u201cThe Qur\u2019an is the word of God.\u201d<\/span><\/li>\n<li><span style=\"color: #333333;\">As f\u0101\u02bfil (doer): <em>Ja<\/em><em>\u02bea s<\/em><em>\u0101<\/em><em>\u02beiqu<\/em><em>\u2019l-<\/em><em>\u1e25\u0101filah<\/em> \u2013 \u201cThe driver of the bus arrived.\u201d<\/span><\/li>\n<li><span style=\"color: #333333;\">As maf\u02bf\u016bl bih (direct object): <em>Qara<\/em><em>\u02bea al-im<\/em><em>\u0101m s<\/em><em>\u016brat al-Mulk<\/em> \u2013 \u201cThe imam read Surah al-Mulk.\u201d<\/span><\/li>\n<li><span style=\"color: #333333;\">As majr\u016br: <em>Na<\/em><em>\u1e25nu f\u012b shahr Rama<\/em><em>\u1e0d\u0101n<\/em> \u2013 \u201cWe are in the month of Ramadan.\u201d<\/span><\/li>\n<\/ul>\n<p><span style=\"color: #333333;\"><strong>b) Structural Rules of I<\/strong><strong>\u1e0d\u0101fa<\/strong><\/span><\/p>\n<p><span style=\"color: #333333;\">Throughout the examples, the following grammatical rules are emphasized:<\/span><\/p>\n<ul>\n<li><span style=\"color: #333333;\">The mu\u1e0d\u0101f never takes the definite article or tanw\u012bn.<\/span><\/li>\n<li><span style=\"color: #333333;\">The mu\u1e0d\u0101f ilayh (second noun) is always in the genitive case (majr\u016br).<\/span><\/li>\n<li><span style=\"color: #333333;\">The case of the mu\u1e0d\u0101f itself depends on its role in the sentence (nominative, accusative, genitive).<\/span><\/li>\n<li><span style=\"color: #333333;\">The correct gender and number agreement between subjects and predicates is also practiced.<\/span><\/li>\n<\/ul>\n<p><span style=\"color: #333333;\"><strong>c) Practical Sentence Constructions<\/strong><\/span><\/p>\n<p><span style=\"color: #333333;\">Students translate Turkish sentences into Arabic using proper i\u1e0d\u0101fa constructions. Examples include:<\/span><\/p>\n<ul>\n<li><span style=\"color: #333333;\">\u201cThe color of the car is red.\u201d \u2192 <em>Lawnu\u2019s-sayy\u0101rati a<\/em><em>\u1e25mar.<\/em><\/span><\/li>\n<li><span style=\"color: #333333;\">\u201cThe students are in the faculty mosque.\u201d \u2192 <em>A<\/em><em>\u1e6d-<\/em><em>\u1e6dull\u0101b f\u012b masjidi\u2019l-kulliyyah.<\/em><\/span><\/li>\n<li><span style=\"color: #333333;\">\u201cThe children of Ali are playing in the street.\u201d \u2192 <em>Yal<\/em><em>\u02bfabu awl<\/em><em>\u0101d <\/em><em>\u02bfAl<\/em><em>\u012b f<\/em><em>\u012b ash-sh<\/em><em>\u0101ri<\/em><em>\u02bf.<\/em><\/span><\/li>\n<\/ul>\n<p><span style=\"color: #333333;\">Exercises include:<\/span><\/p>\n<ul>\n<li><span style=\"color: #333333;\">Filling in missing mu\u1e0d\u0101f\/mu\u1e0d\u0101f ilayh phrases<\/span><\/li>\n<li><span style=\"color: #333333;\">Correcting case endings and structure<\/span><\/li>\n<li><span style=\"color: #333333;\">Constructing both nominal and verbal sentences<\/span><\/li>\n<li><\/li>\n<\/ul>\n<ol start=\"3\">\n<li><span style=\"color: #333333;\"><strong> Conclusion<\/strong><\/span><\/li>\n<\/ol>\n<p><span style=\"color: #333333;\">This lesson consolidates students\u2019 grammatical and morphological command of Arabic genitive constructions across diverse sentence structures. By repeatedly identifying, parsing, and producing mu\u1e0d\u0101f\u2013mu\u1e0d\u0101f ilayh phrases in various syntactic roles, learners develop fluency in Classical Arabic composition and comprehension. Mastery of this structure is foundational for reading religious, legal, and literary texts, where genitive constructs are omnipresent.<\/span><\/p>\n<p>&nbsp;<\/p>\n","protected":false},"excerpt":{"rendered":"<p>ARAP\u00c7A II. SEV\u0130YE DERSLER\u0130 113. SEM\u0130NER \u00d6ZET\u0130 Dersin Amac\u0131 ve [&hellip;]<\/p>\n","protected":false},"author":1,"featured_media":0,"parent":0,"menu_order":0,"comment_status":"closed","ping_status":"closed","template":"","meta":{"footnotes":""},"class_list":["post-6870","page","type-page","status-publish","hentry"],"jetpack_sharing_enabled":true,"_links":{"self":[{"href":"https:\/\/klasikdusunceokulu.com\/index.php\/wp-json\/wp\/v2\/pages\/6870","targetHints":{"allow":["GET"]}}],"collection":[{"href":"https:\/\/klasikdusunceokulu.com\/index.php\/wp-json\/wp\/v2\/pages"}],"about":[{"href":"https:\/\/klasikdusunceokulu.com\/index.php\/wp-json\/wp\/v2\/types\/page"}],"author":[{"embeddable":true,"href":"https:\/\/klasikdusunceokulu.com\/index.php\/wp-json\/wp\/v2\/users\/1"}],"replies":[{"embeddable":true,"href":"https:\/\/klasikdusunceokulu.com\/index.php\/wp-json\/wp\/v2\/comments?post=6870"}],"version-history":[{"count":1,"href":"https:\/\/klasikdusunceokulu.com\/index.php\/wp-json\/wp\/v2\/pages\/6870\/revisions"}],"predecessor-version":[{"id":6871,"href":"https:\/\/klasikdusunceokulu.com\/index.php\/wp-json\/wp\/v2\/pages\/6870\/revisions\/6871"}],"wp:attachment":[{"href":"https:\/\/klasikdusunceokulu.com\/index.php\/wp-json\/wp\/v2\/media?parent=6870"}],"curies":[{"name":"wp","href":"https:\/\/api.w.org\/{rel}","templated":true}]}}