{"id":6881,"date":"2025-08-04T16:09:31","date_gmt":"2025-08-04T13:09:31","guid":{"rendered":"https:\/\/klasikdusunceokulu.com\/?page_id=6881"},"modified":"2025-08-04T16:09:31","modified_gmt":"2025-08-04T13:09:31","slug":"arapca-ii-seviye-dersleri-145-seminer-ozeti","status":"publish","type":"page","link":"https:\/\/klasikdusunceokulu.com\/index.php\/arapca-ii-seviye-dersleri-145-seminer-ozeti\/","title":{"rendered":"ARAP\u00c7A II. SEV\u0130YE DERSLER\u0130 145. SEM\u0130NER \u00d6ZET\u0130"},"content":{"rendered":"<p><span style=\"color: #333333;\"><strong>ARAP\u00c7A II. SEV\u0130YE DERSLER\u0130 145. SEM\u0130NER \u00d6ZET\u0130<\/strong><\/span><\/p>\n<ol>\n<li><span style=\"color: #333333;\"><strong> Dersin Amac\u0131 ve \u0130\u00e7eri\u011fi<\/strong><\/span><\/li>\n<\/ol>\n<p><span style=\"color: #333333;\">Bu dersin temel amac\u0131, \u00f6\u011frencilerin fiil c\u00fcmlelerinde harf-i cer ile gelen mecrur isimlerin s\u0131fatl\u0131 bi\u00e7imde nas\u0131l kuruldu\u011funu \u00f6\u011frenmelerini sa\u011flamakt\u0131r. Bu ba\u011flamda, s\u0131fat-mevsuf ili\u015fkisi, mecrur ismin gramatik i\u015flevi, ve s\u0131fat\u0131n mevsufa uygunlu\u011fu \u00f6rnek c\u00fcmlelerle ayr\u0131nt\u0131l\u0131 olarak ele al\u0131nm\u0131\u015ft\u0131r. Ders, dilbilgisi kural\u0131n\u0131n anla\u015f\u0131lmas\u0131 kadar, do\u011fru uygulama ve anlam \u00fcretimi \u00fczerinde de yo\u011funla\u015fmaktad\u0131r.<\/span><\/p>\n<p>&nbsp;<\/p>\n<ol start=\"2\">\n<li><span style=\"color: #333333;\"><strong> Ana Temalar<\/strong><\/span><\/li>\n<\/ol>\n<p><span style=\"color: #333333;\"><strong>a) S\u0131fat-Mevsuf Uyum \u0130lkeleri<\/strong><\/span><\/p>\n<p><span style=\"color: #333333;\">S\u0131fat\u0131n, mevsufla d\u00f6rt y\u00f6nden (i\u2019rab, cinsiyet, say\u0131, belirlilik) uyum i\u00e7inde olmas\u0131 gerekti\u011fi vurgulanm\u0131\u015ft\u0131r. Mecrur isim m\u00fcfret, m\u00fcennes, nekra ise; s\u0131fat da ayn\u0131 niteliklere sahip olmal\u0131d\u0131r. \u00d6rne\u011fin:<\/span><\/p>\n<ul>\n<li><span style=\"color: #333333;\"><em>f\u00ee ra\u011fbetin gar\u00eebetin<\/em> (yak\u0131n bir ormanda)<\/span><\/li>\n<li><span style=\"color: #333333;\"><em>min el-azmeti\u2019l-iktis\u00e2diyye<\/em> (ekonomik krizden)<\/span><\/li>\n<\/ul>\n<p><span style=\"color: #333333;\"><strong>b) Fiil C\u00fcmlelerinde Mecrur \u0130smin Yeri ve \u0130\u015flevi<\/strong><\/span><\/p>\n<p><span style=\"color: #333333;\">Fiil c\u00fcmlelerinde harf-i cer ile gelen mecrur isimler genellikle yer ve y\u00f6n bildirir; c\u00fcmlenin zarf veya tamlay\u0131c\u0131 \u00f6\u011fesini olu\u015ftururlar. S\u0131fatlar bu isimleri nitelendirerek anlam derinli\u011fi sa\u011flar. C\u00fcmle analizlerinde fiilin t\u00fcr\u00fc, faili ve mecrur yap\u0131n\u0131n gramer konumu tek tek a\u00e7\u0131klanm\u0131\u015ft\u0131r.<\/span><\/p>\n<p><span style=\"color: #333333;\"><strong>c) S\u0131fatl\u0131 Mecrur \u0130fade \u00d6rnekleri<\/strong><\/span><\/p>\n<p><span style=\"color: #333333;\">\u00c7e\u015fitli \u00f6rneklerde s\u0131fatl\u0131 mecrur yap\u0131lar incelenmi\u015ftir:<\/span><\/p>\n<ul>\n<li><span style=\"color: #333333;\"><em>el-<\/em><em>\u1e25ayv\u00e2n\u00e2t dehalet il\u00e2 el-mazra<\/em><em>\u02bfati<\/em><em>\u2019l-muc<\/em><em>\u00e2vira<\/em> (hayvanlar biti\u015fik tarlaya girdi)<\/span><\/li>\n<li><span style=\"color: #333333;\"><em>yez<\/em><em>\u02bfuru es-suyy<\/em><em>\u00e2<\/em><em>\u1e25 il\u00e2 el-a<\/em><em>\u1e25r\u0101mi\u2019\u015f-\u015f\u00e2mikha<\/em> (turistler y\u00fcksek piramitlere bak\u0131yor)<\/span><\/li>\n<li><span style=\"color: #333333;\"><em>\u1e25asalet e\u015f-\u015fur<\/em><em>\u1e6datu <\/em><em>\u02bfal<\/em><em>\u00e2 el-esli<\/em><em>\u1e25ati\u2019n-nevawiyye<\/em> (polis n\u00fckleer silahlar\u0131 ele ge\u00e7irdi)<\/span><\/li>\n<li><span style=\"color: #333333;\"><em>seyyemurru\u2019l-<\/em><em>\u1e25ucc\u00e2cu bi-buqatin muqaddesetin<\/em> (hac\u0131lar kutsal b\u00f6lgeye u\u011frayacak)<\/span><\/li>\n<\/ul>\n<p><span style=\"color: #333333;\"><strong>d) Al\u0131\u015ft\u0131rmalar ve Uygulama<\/strong><\/span><\/p>\n<p><span style=\"color: #333333;\">Ders sonunda, \u00f6\u011frencilerin T\u00fcrk\u00e7eden Arap\u00e7aya do\u011fru ve uygun s\u0131fatl\u0131 mecrur yap\u0131 kurma becerileri al\u0131\u015ft\u0131rmalarla peki\u015ftirilmi\u015ftir. \u00d6\u011frencilerden, s\u0131fat\u0131 eksik c\u00fcmlelere uygun s\u0131fat\u0131 yerle\u015ftirmeleri ya da mecrur isim-s\u0131fat tamlamas\u0131 kurmalar\u0131 istenmi\u015ftir.<\/span><\/p>\n<p>&nbsp;<\/p>\n<ol start=\"3\">\n<li><span style=\"color: #333333;\"><strong> Sonu\u00e7<\/strong><\/span><\/li>\n<\/ol>\n<p><span style=\"color: #333333;\">Bu ders, Arap\u00e7ada s\u0131fat-mevsuf uyumu ve mecrur yap\u0131lar konular\u0131n\u0131n detayl\u0131 bi\u00e7imde i\u015flenmesiyle, \u00f6\u011frencilerin hem dil bilgisel hakimiyetlerini art\u0131rmay\u0131 hem de Arap\u00e7a c\u00fcmle \u00e7\u00f6z\u00fcmleme becerilerini geli\u015ftirmeyi ama\u00e7lamaktad\u0131r. Verilen \u00f6rnekler, g\u00fcnl\u00fck hayata ve dini metinlere yak\u0131n ba\u011flamlardan se\u00e7ilmi\u015f olup, \u00f6\u011frencilere hem teorik hem uygulamal\u0131 fayda sa\u011flamaktad\u0131r.<\/span><\/p>\n<p>&nbsp;<\/p>\n<p>&nbsp;<\/p>\n<ol>\n<li><span style=\"color: #333333;\"><strong> Purpose and Content of the Lesson<\/strong><\/span><\/li>\n<\/ol>\n<p><span style=\"color: #333333;\">This lesson aims to teach students how genitive nouns introduced by prepositions (majr\u016br nouns) appear with descriptive (adjectival) modifiers in verbal sentence structures. Through detailed grammatical breakdowns and contextual examples, students explore how adjectives (\u1e63ifah) modify genitive nouns (maw\u1e63\u016bf) while maintaining grammatical agreement in case, gender, number, and definiteness. The lesson emphasizes not just recognition, but also practical application and meaning construction.<\/span><\/p>\n<p>&nbsp;<\/p>\n<ol start=\"2\">\n<li><span style=\"color: #333333;\"><strong> Main Themes<\/strong><\/span><\/li>\n<\/ol>\n<p><span style=\"color: #333333;\"><strong>a) Rules of Agreement between Adjective and Noun<\/strong><\/span><\/p>\n<p><span style=\"color: #333333;\">An adjective must fully agree with its noun in:<\/span><\/p>\n<ul>\n<li><span style=\"color: #333333;\">Case (i\u02bfr\u0101b): genitive (majr\u016br) in this case<\/span><\/li>\n<li><span style=\"color: #333333;\">Gender<\/span><\/li>\n<li><span style=\"color: #333333;\">Number<\/span><\/li>\n<li><span style=\"color: #333333;\">Definiteness<\/span><\/li>\n<\/ul>\n<p><span style=\"color: #333333;\">For example:<\/span><\/p>\n<ul>\n<li><span style=\"color: #333333;\"><em>f\u012b r\u0101ghibatin qar\u012bbatin<\/em> \u2013 \u201cin a nearby forest\u201d (both noun and adjective are indefinite, feminine, singular, genitive)<\/span><\/li>\n<li><span style=\"color: #333333;\"><em>min al-azmati al-iqti\u1e63\u0101diyya<\/em> \u2013 \u201cfrom the economic crisis\u201d (both definite, feminine, singular)<\/span><\/li>\n<\/ul>\n<p><span style=\"color: #333333;\"><strong>b) Role of the Genitive Noun in Verbal Sentences<\/strong><\/span><\/p>\n<p><span style=\"color: #333333;\">In verbal sentences, genitive nouns governed by prepositions (\u1e25arf al-jarr) often function as adverbials of place or circumstance, adding depth to the verb\u2019s meaning. The accompanying adjective further specifies or qualifies the noun, making the overall sentence semantically richer.<\/span><\/p>\n<p><span style=\"color: #333333;\"><strong>c) Sample Sentences with Attributive Genitive Constructions<\/strong><\/span><\/p>\n<p><span style=\"color: #333333;\">Numerous examples are analyzed to show how genitive nouns and their adjectives function together:<\/span><\/p>\n<ul>\n<li><span style=\"color: #333333;\"><em>al-<\/em><em>\u1e25ayaw\u0101n\u0101t dakhala il\u0101 al-mazra<\/em><em>\u02bfati al-muj<\/em><em>\u0101wira<\/em><\/span><br \/>\n<span style=\"color: #333333;\">\u201cThe animals entered the adjacent farm.\u201d<\/span><\/li>\n<li><span style=\"color: #333333;\"><em>yaz\u016bru as-suyy\u0101<\/em><em>\u1e25 il\u0101 al-a<\/em><em>\u1e25r\u0101mi ash-sh\u0101mikha<\/em><\/span><br \/>\n<span style=\"color: #333333;\">\u201cTourists visit the lofty pyramids.\u201d<\/span><\/li>\n<li><span style=\"color: #333333;\"><em>\u1e25a\u1e63alat ash-shur<\/em><em>\u1e6datu <\/em><em>\u02bfal<\/em><em>\u0101 al-asli<\/em><em>\u1e25ati an-nawawiyya<\/em><\/span><br \/>\n<span style=\"color: #333333;\">\u201cThe police seized the nuclear weapons.\u201d<\/span><\/li>\n<li><span style=\"color: #333333;\"><em>sayamurru al-<\/em><em>\u1e25ujj\u0101j bi-buq<\/em><em>\u02bfatin muqaddasatin<\/em><\/span><br \/>\n<span style=\"color: #333333;\">\u201cPilgrims will pass through a sacred area.\u201d<\/span><\/li>\n<\/ul>\n<p><span style=\"color: #333333;\"><strong>d) Exercises and Practice<\/strong><\/span><\/p>\n<p><span style=\"color: #333333;\">Students are asked to:<\/span><\/p>\n<ul>\n<li><span style=\"color: #333333;\">Translate adjectival genitive phrases from Turkish into Arabic<\/span><\/li>\n<li><span style=\"color: #333333;\">Supply missing adjectives in sentence structures<\/span><\/li>\n<li><span style=\"color: #333333;\">Analyze existing sentences to identify case, agreement, and syntactic function<\/span><\/li>\n<\/ul>\n<p>&nbsp;<\/p>\n<ol start=\"3\">\n<li><span style=\"color: #333333;\"><strong> Conclusion<\/strong><\/span><\/li>\n<\/ol>\n<p><span style=\"color: #333333;\">This lesson deepens the student\u2019s command of adjective-noun agreement and the syntactic role of genitive structures in verbal sentences. By focusing on practical examples from everyday and religious contexts, it provides learners with the skills to recognize and produce accurate attributive phrases, enhancing both their grammatical precision and expressive fluency in Arabic.<\/span><\/p>\n<p>&nbsp;<\/p>\n<p>&nbsp;<\/p>\n","protected":false},"excerpt":{"rendered":"<p>ARAP\u00c7A II. SEV\u0130YE DERSLER\u0130 145. SEM\u0130NER \u00d6ZET\u0130 Dersin Amac\u0131 ve [&hellip;]<\/p>\n","protected":false},"author":1,"featured_media":0,"parent":0,"menu_order":0,"comment_status":"closed","ping_status":"closed","template":"","meta":{"footnotes":""},"class_list":["post-6881","page","type-page","status-publish","hentry"],"jetpack_sharing_enabled":true,"_links":{"self":[{"href":"https:\/\/klasikdusunceokulu.com\/index.php\/wp-json\/wp\/v2\/pages\/6881","targetHints":{"allow":["GET"]}}],"collection":[{"href":"https:\/\/klasikdusunceokulu.com\/index.php\/wp-json\/wp\/v2\/pages"}],"about":[{"href":"https:\/\/klasikdusunceokulu.com\/index.php\/wp-json\/wp\/v2\/types\/page"}],"author":[{"embeddable":true,"href":"https:\/\/klasikdusunceokulu.com\/index.php\/wp-json\/wp\/v2\/users\/1"}],"replies":[{"embeddable":true,"href":"https:\/\/klasikdusunceokulu.com\/index.php\/wp-json\/wp\/v2\/comments?post=6881"}],"version-history":[{"count":1,"href":"https:\/\/klasikdusunceokulu.com\/index.php\/wp-json\/wp\/v2\/pages\/6881\/revisions"}],"predecessor-version":[{"id":6882,"href":"https:\/\/klasikdusunceokulu.com\/index.php\/wp-json\/wp\/v2\/pages\/6881\/revisions\/6882"}],"wp:attachment":[{"href":"https:\/\/klasikdusunceokulu.com\/index.php\/wp-json\/wp\/v2\/media?parent=6881"}],"curies":[{"name":"wp","href":"https:\/\/api.w.org\/{rel}","templated":true}]}}