{"id":6893,"date":"2025-08-13T14:40:16","date_gmt":"2025-08-13T11:40:16","guid":{"rendered":"https:\/\/klasikdusunceokulu.com\/?page_id=6893"},"modified":"2025-08-13T14:43:01","modified_gmt":"2025-08-13T11:43:01","slug":"arapca-ii-seviye-dersleri-178-seminer-ozeti","status":"publish","type":"page","link":"https:\/\/klasikdusunceokulu.com\/index.php\/arapca-ii-seviye-dersleri-178-seminer-ozeti\/","title":{"rendered":"ARAP\u00c7A II. SEV\u0130YE DERSLER\u0130 178. SEM\u0130NER \u00d6ZET\u0130"},"content":{"rendered":"<p><span style=\"color: #000000;\"><strong>ARAP\u00c7A II. SEV\u0130YE DERSLER\u0130 178. SEM\u0130NER \u00d6ZET\u0130<\/strong><\/span><\/p>\n<p><span style=\"color: #000000;\"><strong>Dersin Amac\u0131 ve \u0130\u00e7eri\u011fi<\/strong><\/span><\/p>\n<p><span style=\"color: #000000;\">Bu ders, Arap\u00e7a\u2019da istisnai i\u2018rab kurallar\u0131na tabi olan Esm\u00e2-i Hamse (be\u015f \u00f6zel isim: <em>eb<\/em>, <em>ah<\/em>, <em>ham<\/em>, <em>fu<\/em>, <em>z\u00fc<\/em>) kelimelerinin c\u00fcmle i\u00e7inde nas\u0131l kullan\u0131ld\u0131\u011f\u0131n\u0131, hangi i\u2018rab \u015fekilleriyle \u00e7ekimlendi\u011fini ve \u00e7eviri s\u0131ras\u0131nda nas\u0131l yorumlanmas\u0131 gerekti\u011fini \u00f6\u011fretmeyi ama\u00e7lar. Derste, her ismin hem klasik hem modern kullan\u0131m\u0131 \u00f6rneklenir; ayr\u0131ca muzaf olduklar\u0131nda Esm\u00e2-i Hamse\u2019ye \u00f6zg\u00fc harekelerin uygulanma \u015fartlar\u0131 a\u00e7\u0131klan\u0131r. \u00d6\u011frencilerin teorik bilgilerini uygulamaya d\u00f6kebilmeleri i\u00e7in \u00e7eviri ve tamamlama al\u0131\u015ft\u0131rmalar\u0131 da sunulur.<\/span><\/p>\n<p>&nbsp;<\/p>\n<p><span style=\"color: #000000;\"><strong>Ana Temalar<\/strong><\/span><\/p>\n<ol>\n<li><span style=\"color: #000000;\"><strong> Esm\u00e2-i Hamse\u2019nin \u00d6zellikleri ve \u0130\u2018rab Kurallar\u0131<\/strong><\/span><\/li>\n<\/ol>\n<p><span style=\"color: #000000;\">Be\u015f ismin Esm\u00e2-i Hamse stat\u00fcs\u00fcnde say\u0131labilmesi i\u00e7in \u015fu \u00fc\u00e7 \u015fart\u0131 ta\u015f\u0131mas\u0131 gerekir:<\/span><\/p>\n<ul>\n<li><span style=\"color: #000000;\">Muzaf konumda olmas\u0131,<\/span><\/li>\n<li><span style=\"color: #000000;\">\u0130sm-i z\u00e2hir ya da ye zamiri d\u0131\u015f\u0131ndaki bir zamire muzaf olmas\u0131,<\/span><\/li>\n<li><span style=\"color: #000000;\">C\u00fcmlede as\u0131l i\u2018rabla \u00e7ekilmesi gereken pozisyonda bulunmas\u0131.<\/span><\/li>\n<\/ul>\n<p><span style=\"color: #000000;\">Bu \u015fartlar sa\u011fland\u0131\u011f\u0131nda:<\/span><\/p>\n<ul>\n<li><span style=\"color: #000000;\">Merf\u00fb: Vav ile (\u00f6rne\u011fin: <em>eb\u016bke<\/em>),<\/span><\/li>\n<li><span style=\"color: #000000;\">Mens\u00fbb: Elif ile (<em>eb\u0101ke<\/em>),<\/span><\/li>\n<li><span style=\"color: #000000;\">Mecr\u00fbr: Y\u00e2 ile (<em>eb\u012bke<\/em>) \u00e7ekimlenir.<\/span><\/li>\n<\/ul>\n<p><span style=\"color: #000000;\">Aksi halde kelimeler klasik isimler gibi harekeli i\u2018rabla \u00e7ekimlenir.<\/span><\/p>\n<ol start=\"2\">\n<li><span style=\"color: #000000;\"><strong> Esm\u00e2-i Hamse\u2019nin C\u00fcmle \u00d6geleri Olarak Kullan\u0131m\u0131<\/strong><\/span><\/li>\n<\/ol>\n<p><span style=\"color: #000000;\">Kelime \u00f6rneklerinin c\u00fcmlede m\u00fcpteda, haber, mef\u2019ul, muzafun ileyh gibi roller \u00fcstlenebilece\u011fi g\u00f6sterilir. Ayr\u0131ca s\u0131fatla birlikte kullan\u0131ld\u0131\u011f\u0131nda s\u0131fat\u2013mevsuf uyumu da dikkate al\u0131n\u0131r: <em>z\u00fc aklin r\u00e2cihin<\/em> (olgun ak\u0131l sahibi) gibi. <em>Fu<\/em> kelimesinin klasik formda (fu) ve modern formda (fem) kullan\u0131m\u0131 da kar\u015f\u0131la\u015ft\u0131rmal\u0131 olarak verilir.<\/span><\/p>\n<ol start=\"3\">\n<li><span style=\"color: #000000;\"><strong> \u00c7eviri ve Uygulamal\u0131 Al\u0131\u015ft\u0131rmalar<\/strong><\/span><\/li>\n<\/ol>\n<p><span style=\"color: #000000;\">\u00d6\u011frencilerden \u015fu t\u00fcr \u00e7eviri c\u00fcmleleri istenir:<\/span><\/p>\n<ul>\n<li><span style=\"color: #000000;\">\u201cO, iyi bir ahlak sahibidir.\u201d<\/span><\/li>\n<li><span style=\"color: #000000;\">\u201cSenin baban \u00f6\u011fretmendir.\u201d<\/span><\/li>\n<li><span style=\"color: #000000;\">\u201cKarde\u015finin a\u011fz\u0131 kanad\u0131.\u201d<\/span><\/li>\n<li><span style=\"color: #000000;\">\u201cSen, servet sahibi bir kimsesin.\u201d<\/span><br \/>\n<span style=\"color: #000000;\">Bu c\u00fcmlelerde hem gramer a\u00e7\u0131s\u0131ndan do\u011fru i\u2018rab, hem de anlam bak\u0131m\u0131ndan ba\u011flama uygunluk aran\u0131r.<\/span><\/li>\n<\/ul>\n<p>&nbsp;<\/p>\n<p><span style=\"color: #000000;\"><strong>Sonu\u00e7<\/strong><\/span><\/p>\n<p><span style=\"color: #000000;\">Bu ders, Arap\u00e7ada s\u0131k kar\u015f\u0131la\u015f\u0131lmayan fakat \u00f6nemli bir yap\u0131sal \u00f6zelli\u011fe sahip olan Esm\u00e2-i Hamse\u2019yi do\u011fru anlamland\u0131rma ve kullanma becerisi kazand\u0131rmay\u0131 hedefler. \u00d6\u011frenciler, hem klasik hem modern Arap\u00e7adaki farkl\u0131l\u0131klar\u0131 kavrayarak bu \u00f6zel isim grubunu g\u00fcvenle kullanabilir h\u00e2le gelirler. B\u00f6ylece ileri d\u00fczey Arap\u00e7a metinlerde kar\u015f\u0131la\u015f\u0131lan yap\u0131lar\u0131 \u00e7\u00f6z\u00fcmleme yetileri artar; i\u2018rab bilgisi, anlam derinli\u011fi ve dil prati\u011fi b\u00fct\u00fcnc\u00fcl bi\u00e7imde peki\u015ftirilmi\u015f olur.<\/span><\/p>\n<p><span style=\"color: #000000;\"><strong>\u00a0<\/strong><\/span><\/p>\n<p><span style=\"color: #000000;\"><strong>Purpose and Content of the Lesson<\/strong><\/span><\/p>\n<p><span style=\"color: #000000;\">This lesson focuses on teaching how to correctly use the five special nouns in Arabic grammar (al-Asm\u0101\u02be al-Khamsa)\u2014<em>ab<\/em> (father), <em>akh<\/em> (brother), <em>\u1e25am<\/em> (father-in-law), <em>f\u016b<\/em> (mouth), and <em>dh\u016b<\/em> (possessor of)\u2014in various sentence structures. Students are introduced to their unique case markings (i\u02bfr\u0101b) and the conditions under which these special patterns apply. Through illustrative examples and translation exercises, learners develop both grammatical accuracy and contextual understanding of these nouns in classical and modern usage.<\/span><\/p>\n<p>&nbsp;<\/p>\n<p><span style=\"color: #000000;\"><strong>Main Themes<\/strong><\/span><\/p>\n<ol>\n<li><span style=\"color: #000000;\"><strong> Conditions for Special I<\/strong><strong>\u02bfr<\/strong><strong>\u0101b of al-Asm<\/strong><strong>\u0101<\/strong><strong>\u02be al-Khamsa<\/strong><\/span><\/li>\n<\/ol>\n<p><span style=\"color: #000000;\">In order for one of these nouns to be declined with the special long vowels (w\u0101w, alif, y\u0101\u02be) instead of short case endings (\u1e0damma, fat\u1e25a, kasra), three grammatical conditions must be met:<\/span><\/p>\n<ul>\n<li><span style=\"color: #000000;\">The noun must be in construct (i\u1e0d\u0101fa).<\/span><\/li>\n<li><span style=\"color: #000000;\">It must be in construct with a noun or a pronoun other than y\u0101\u02be.<\/span><\/li>\n<li><span style=\"color: #000000;\">It must occupy a syntactic position that requires regular declension (i.e., not followed by a preposition or subordinating particle).<\/span><\/li>\n<\/ul>\n<p><span style=\"color: #000000;\">If these conditions are fulfilled:<\/span><\/p>\n<ul>\n<li><span style=\"color: #000000;\">Nominative: with w\u0101w (<em>ab\u016bka<\/em> \u2013 your father),<\/span><\/li>\n<li><span style=\"color: #000000;\">Accusative: with alif (<em>ab\u0101ka<\/em> \u2013 your father as an object),<\/span><\/li>\n<li><span style=\"color: #000000;\">Genitive: with y\u0101\u02be (<em>ab\u012bka<\/em> \u2013 of your father).<\/span><\/li>\n<\/ul>\n<p><span style=\"color: #000000;\">Otherwise, the word reverts to normal triliteral noun declension.<\/span><\/p>\n<ol start=\"2\">\n<li><span style=\"color: #000000;\"><strong> Syntactic Roles and Sentence Function<\/strong><\/span><\/li>\n<\/ol>\n<p><span style=\"color: #000000;\">The lesson provides examples of how the five nouns function as various sentence elements: subject, predicate, object, or i\u1e0d\u0101fa complement. It also explores how adjectives (\u1e63ifa) agree with them in terms of definiteness, case, and gender. A contrast is drawn between Classical Arabic (e.g., <em>f\u016b<\/em>) and Modern Arabic (e.g., <em>fam<\/em>) usage, especially for the noun \u201cmouth.\u201d<\/span><\/p>\n<ol start=\"3\">\n<li><span style=\"color: #000000;\"><strong> Translation Exercises and Applied Practice<\/strong><\/span><\/li>\n<\/ol>\n<p><span style=\"color: #000000;\">Students are tasked with translating and completing sentences such as:<\/span><\/p>\n<ul>\n<li><span style=\"color: #000000;\">\u201cHe is a man of good character.\u201d<\/span><\/li>\n<li><span style=\"color: #000000;\">\u201cYour father is a teacher.\u201d<\/span><\/li>\n<li><span style=\"color: #000000;\">\u201cYour brother\u2019s mouth is bleeding.\u201d<\/span><\/li>\n<li><span style=\"color: #000000;\">\u201cYou are a person of wealth.\u201d<\/span><br \/>\n<span style=\"color: #000000;\">These exercises reinforce not only the correct application of grammatical rules but also the ability to interpret and generate contextually appropriate phrases using al-Asm\u0101\u02be al-Khamsa.<\/span><\/li>\n<\/ul>\n<p>&nbsp;<\/p>\n<p><span style=\"color: #000000;\"><strong>Conclusion<\/strong><\/span><\/p>\n<p><span style=\"color: #000000;\">This lesson equips students with essential tools to confidently identify and use al-Asm\u0101\u02be al-Khamsa in both Classical and Modern Arabic. By mastering their i\u02bfr\u0101b rules, structural restrictions, and typical sentence roles, students improve their capacity to interpret and construct grammatically correct sentences. In doing so, they enhance both their syntactic fluency and semantic precision, gaining access to a deeper understanding of Arabic linguistic nuances in a variety of texts.<\/span><\/p>\n<p>&nbsp;<\/p>\n","protected":false},"excerpt":{"rendered":"<p>ARAP\u00c7A II. SEV\u0130YE DERSLER\u0130 178. SEM\u0130NER \u00d6ZET\u0130 Dersin Amac\u0131 ve [&hellip;]<\/p>\n","protected":false},"author":1,"featured_media":0,"parent":0,"menu_order":0,"comment_status":"closed","ping_status":"closed","template":"","meta":{"footnotes":""},"class_list":["post-6893","page","type-page","status-publish","hentry"],"jetpack_sharing_enabled":true,"_links":{"self":[{"href":"https:\/\/klasikdusunceokulu.com\/index.php\/wp-json\/wp\/v2\/pages\/6893","targetHints":{"allow":["GET"]}}],"collection":[{"href":"https:\/\/klasikdusunceokulu.com\/index.php\/wp-json\/wp\/v2\/pages"}],"about":[{"href":"https:\/\/klasikdusunceokulu.com\/index.php\/wp-json\/wp\/v2\/types\/page"}],"author":[{"embeddable":true,"href":"https:\/\/klasikdusunceokulu.com\/index.php\/wp-json\/wp\/v2\/users\/1"}],"replies":[{"embeddable":true,"href":"https:\/\/klasikdusunceokulu.com\/index.php\/wp-json\/wp\/v2\/comments?post=6893"}],"version-history":[{"count":2,"href":"https:\/\/klasikdusunceokulu.com\/index.php\/wp-json\/wp\/v2\/pages\/6893\/revisions"}],"predecessor-version":[{"id":6897,"href":"https:\/\/klasikdusunceokulu.com\/index.php\/wp-json\/wp\/v2\/pages\/6893\/revisions\/6897"}],"wp:attachment":[{"href":"https:\/\/klasikdusunceokulu.com\/index.php\/wp-json\/wp\/v2\/media?parent=6893"}],"curies":[{"name":"wp","href":"https:\/\/api.w.org\/{rel}","templated":true}]}}