{"id":6901,"date":"2025-08-13T14:47:34","date_gmt":"2025-08-13T11:47:34","guid":{"rendered":"https:\/\/klasikdusunceokulu.com\/?page_id=6901"},"modified":"2025-08-13T14:47:42","modified_gmt":"2025-08-13T11:47:42","slug":"arapca-ii-seviye-dersleri-181-seminer-ozeti","status":"publish","type":"page","link":"https:\/\/klasikdusunceokulu.com\/index.php\/arapca-ii-seviye-dersleri-181-seminer-ozeti\/","title":{"rendered":"ARAP\u00c7A II. SEV\u0130YE DERSLER\u0130 181. SEM\u0130NER \u00d6ZET\u0130"},"content":{"rendered":"<p><span style=\"color: #000000;\"><strong>ARAP\u00c7A II. SEV\u0130YE DERSLER\u0130 181. SEM\u0130NER \u00d6ZET\u0130<\/strong><\/span><\/p>\n<p><span style=\"color: #000000;\"><strong>Dersin Amac\u0131 ve \u0130\u00e7eri\u011fi<\/strong><\/span><\/p>\n<p><span style=\"color: #000000;\">Bu ders, Arap\u00e7ada emir kipinin (fi\u02bfl al-amr) yaln\u0131zca nas\u0131l olu\u015fturulaca\u011f\u0131n\u0131 de\u011fil, ayn\u0131 zamanda c\u00fcmle i\u00e7indeki i\u015flevsel ve anlam d\u00fczeyindeki kullan\u0131mlar\u0131n\u0131 \u00f6\u011fretmeyi ama\u00e7lamaktad\u0131r. Emir fiillerinin farkl\u0131 ba\u011flamlardaki g\u00f6revleri, s\u00f6z dizimsel pozisyonlar\u0131, kime y\u00f6nelik s\u00f6ylendi\u011fi ve hangi anlam inceliklerini ta\u015f\u0131d\u0131\u011f\u0131 \u00f6rnekler arac\u0131l\u0131\u011f\u0131yla ele al\u0131n\u0131r. Ayr\u0131ca Kur\u2019an\u2019dan ve g\u00fcndelik hayattan al\u0131nan ifadeler arac\u0131l\u0131\u011f\u0131yla, \u00f6\u011frencinin pratik kullan\u0131m yetkinli\u011fi geli\u015ftirilir.<\/span><\/p>\n<p>&nbsp;<\/p>\n<p><span style=\"color: #000000;\"><strong>Ana Temalar<\/strong><\/span><\/p>\n<ol>\n<li><span style=\"color: #000000;\"><strong>Emir Fiilinin C\u00fcmle \u0130\u00e7indeki G\u00f6revleri<\/strong><\/span><\/li>\n<\/ol>\n<p><span style=\"color: #000000;\">Emir kipleri Arap\u00e7ada \u00e7o\u011funlukla y\u00fcklem olarak g\u00f6rev yapar ve do\u011frudan ikinci \u015fahsa hitap eder. Ancak tek ba\u015f\u0131na bir kelime olmakla s\u0131n\u0131rl\u0131 kalmaz; bazen nesne, zarf veya \u015fart yap\u0131lar\u0131yla birlikte kompleks yap\u0131larda yer alabilir:<\/span><\/p>\n<p>&nbsp;<\/p>\n<p><span style=\"color: #000000;\">\u0627\u0650\u0634\u0652\u0631\u064e\u0628\u0650 \u0627\u0644\u0652\u0645\u064e\u0627\u0621\u064e (Suyu i\u00e7!) \u2192 Fiil + mef\u02bf\u00fbl<\/span><\/p>\n<p>&nbsp;<\/p>\n<p><span style=\"color: #000000;\">\u0627\u0650\u062c\u0652\u0644\u0650\u0633\u0652 \u0647\u064f\u0646\u064e\u0627 (Buraya otur!) \u2192 Fiil + zarf<\/span><\/p>\n<p>&nbsp;<\/p>\n<p><span style=\"color: #000000;\">Ayr\u0131ca baz\u0131 durumlarda yasak c\u00fcmleleri (l\u00e2 tehd\u00ee) veya niyaz anlam\u0131 ta\u015f\u0131yan dualarda emir \u015fekliyle kar\u015f\u0131la\u015f\u0131l\u0131r.<\/span><\/p>\n<p>&nbsp;<\/p>\n<ol start=\"2\">\n<li><span style=\"color: #000000;\"><strong>Emir Kipinin Ba\u011flama G\u00f6re Anlam De\u011fi\u015fimleri<\/strong><\/span><\/li>\n<\/ol>\n<p><span style=\"color: #000000;\">Emir kipi her zaman otoriter veya kesin komut anlam\u0131 ta\u015f\u0131maz. Anlam, ba\u011flama g\u00f6re \u015fekillenir:<\/span><\/p>\n<p>&nbsp;<\/p>\n<p><span style=\"color: #000000;\"><strong>Yumu\u015fak istek:<\/strong> \u0627\u0650\u0630\u0652\u0643\u064f\u0631\u0650 \u0627\u0644\u0644\u0651\u0670\u0647\u064e \u0643\u064e\u062b\u0650\u064a\u0631\u064b\u0627 (Allah\u2019\u0131 \u00e7ok\u00e7a an!)<\/span><\/p>\n<p>&nbsp;<\/p>\n<p><span style=\"color: #000000;\"><strong>Uyar\u0131:<\/strong> \u0627\u0650\u062a\u0651\u064e\u0642\u064f\u0648\u0627 \u0627\u0644\u0644\u0651\u0670\u0647\u064e (Allah\u2019tan sak\u0131n\u0131n!)<\/span><\/p>\n<p>&nbsp;<\/p>\n<p><span style=\"color: #000000;\"><strong>Dua:<\/strong> \u0631\u064e\u0628\u0651\u0650 \u0627\u063a\u0652\u0641\u0650\u0631\u0652 \u0644\u0650\u064a (Rabbim, beni ba\u011f\u0131\u015fla!)<\/span><\/p>\n<p>&nbsp;<\/p>\n<p><span style=\"color: #000000;\"><strong>Te\u015fvik\/\u00f6ner<\/strong>i: \u0627\u0650\u0630\u0652\u0647\u064e\u0628\u0652 \u0625\u0650\u0644\u064e\u0649 \u0627\u0644\u0652\u0639\u0650\u0644\u0652\u0645\u0650 (\u0130lime y\u00f6nel!)<\/span><\/p>\n<p>&nbsp;<\/p>\n<p><span style=\"color: #000000;\">Bu \u00e7e\u015fitlilik, emir kipinin salt \u201ckomut\u201d olarak de\u011fil, etkile\u015fimli ve \u00e7ok katmanl\u0131 bir anlat\u0131m arac\u0131 oldu\u011funu g\u00f6sterir.<\/span><\/p>\n<p>&nbsp;<\/p>\n<ol start=\"3\">\n<li><span style=\"color: #000000;\"><strong>Kur\u2019an Ayetlerinden ve G\u00fcnl\u00fck Dilden Uygulamal\u0131 \u00d6rnekler<\/strong><\/span><\/li>\n<\/ol>\n<p><span style=\"color: #000000;\">Ders boyunca emir kipinin farkl\u0131 i\u015flevlerde kullan\u0131ld\u0131\u011f\u0131 pek \u00e7ok \u00f6rnek sunulur:<\/span><\/p>\n<p>&nbsp;<\/p>\n<p><span style=\"color: #000000;\">\u0642\u064f\u0644\u0652 \u0625\u0650\u0646\u0651\u064e\u0646\u0650\u064a \u0647\u064e\u062f\u064e\u0627\u0646\u0650\u064a \u0631\u064e\u0628\u0651\u0650\u064a (De ki: \u015e\u00fcphesiz Rabbim bana hidayet etti.)<\/span><\/p>\n<p>&nbsp;<\/p>\n<p><span style=\"color: #000000;\">\u0643\u064f\u0644\u064f\u0648\u0627 \u0648\u064e\u0627\u0634\u0652\u0631\u064e\u0628\u064f\u0648\u0627 (Yiyin ve i\u00e7in.)<\/span><\/p>\n<p>&nbsp;<\/p>\n<p><span style=\"color: #000000;\">\u0642\u064f\u0648\u0645\u064f\u0648\u0627 \u0644\u0650\u0644\u0651\u064e\u0647\u0650 \u0642\u064e\u0627\u0646\u0650\u062a\u0650\u064a\u0646\u064e (Allah i\u00e7in hu\u015fu i\u00e7inde kalk\u0131n.)<\/span><\/p>\n<p>&nbsp;<\/p>\n<p><span style=\"color: #000000;\">G\u00fcnl\u00fck ifadelerde ise iftah, uqra\u02be, irham, uskun gibi emir fiilleri farkl\u0131 yap\u0131larla \u00f6rneklendirilerek \u00f6\u011frenciye peki\u015ftirme sa\u011flan\u0131r.<\/span><\/p>\n<p>&nbsp;<\/p>\n<p><span style=\"color: #000000;\"><strong>Sonu\u00e7<\/strong><\/span><\/p>\n<p><span style=\"color: #000000;\">Bu ders, Arap\u00e7adaki emir kipinin yaln\u0131zca gramer kural\u0131 de\u011fil, ileti\u015fimde anlam\u0131 y\u00f6nlendiren dinamik bir yap\u0131 oldu\u011funu ortaya koyar. \u00d6\u011frenciler, emir fiillerini c\u00fcmlede do\u011fru kullanmay\u0131 \u00f6\u011frenmekle kalmaz, ayn\u0131 zamanda ba\u011flamsal farklar\u0131 da ay\u0131rt edebilir h\u00e2le gelir. B\u00f6ylece \u00f6zellikle Kur\u2019an-\u0131 Kerim, dua metinleri ve klasik metinlerdeki anlam katmanlar\u0131n\u0131 daha bilin\u00e7li analiz edebilme becerisi kazan\u0131rlar.<\/span><\/p>\n<p><span style=\"color: #000000;\"><strong>\u00a0<\/strong><\/span><\/p>\n<p><span style=\"color: #000000;\"><strong>Purpose and Content<\/strong><\/span><\/p>\n<p><span style=\"color: #000000;\">This lesson moves beyond the formation of the imperative mood (fi\u02bfl al-amr) in Arabic to explore its usage within sentence contexts. It aims to train students not only in grammatical form but in the functional, syntactic, and semantic roles of imperative verbs in communication. Through Qur\u2019anic verses, classical examples, and everyday phrases, learners gain insight into how imperative verbs are used to express a wide range of intentions\u2014from direct orders to suggestions, prayers, and prohibitions.<\/span><\/p>\n<p>&nbsp;<\/p>\n<p><span style=\"color: #000000;\"><strong>Main Themes<\/strong><\/span><\/p>\n<ol>\n<li><span style=\"color: #000000;\"><strong> Grammatical Functions of the Imperative in Sentences<\/strong><\/span><\/li>\n<\/ol>\n<p><span style=\"color: #000000;\">Imperative verbs most often function as predicates, directly addressing the second person. However, they frequently appear in broader sentence structures, often accompanied by objects, adverbs, or conditional clauses:<\/span><\/p>\n<ul>\n<li><span style=\"color: #000000;\"><em>ishrab al-m\u0101<\/em><em>\u02be<\/em> \u2013 \u201cDrink the water!\u201d \u2192 Verb + object<\/span><\/li>\n<li><span style=\"color: #000000;\"><em>ijlis hun\u0101<\/em> \u2013 \u201cSit here!\u201d \u2192 Verb + adverbial of place<\/span><\/li>\n<\/ul>\n<p><span style=\"color: #000000;\">Imperatives may also appear in prohibitions, supplications, or exhortations, expanding their function beyond mere command.<\/span><\/p>\n<ol start=\"2\">\n<li><span style=\"color: #000000;\"><strong> Contextual and Semantic Variation in Use<\/strong><\/span><\/li>\n<\/ol>\n<p><span style=\"color: #000000;\">The imperative does not always express a harsh or direct command. Its interpretation depends on tone and context, enabling a variety of meanings:<\/span><\/p>\n<ul>\n<li><span style=\"color: #000000;\"><strong>Mild request<\/strong>: <em>udhkur All\u0101ha kath\u012br\u0101<\/em> \u2013 \u201cRemember Allah frequently.\u201d<\/span><\/li>\n<li><span style=\"color: #000000;\"><strong>Warning<\/strong>: <em>ittaqull\u0101h<\/em> \u2013 \u201cFear Allah!\u201d<\/span><\/li>\n<li><span style=\"color: #000000;\"><strong>Supplication<\/strong>: <em>rabbi ighfir l\u012b<\/em> \u2013 \u201cMy Lord, forgive me.\u201d<\/span><\/li>\n<li><span style=\"color: #000000;\"><strong>Encouragement or suggestion<\/strong>: <em>idhhab il\u0101 al-<\/em><em>\u02bfilm<\/em> \u2013 \u201cPursue knowledge.\u201d<\/span><\/li>\n<\/ul>\n<p><span style=\"color: #000000;\">This nuance demonstrates that the imperative mood is a versatile communicative tool, not limited to commanding speech.<\/span><\/p>\n<ol start=\"3\">\n<li><span style=\"color: #000000;\"><strong> Examples from the Qur\u2019an and Colloquial Usage<\/strong><\/span><\/li>\n<\/ol>\n<p><span style=\"color: #000000;\">The lesson includes multiple examples of imperative usage in the Qur\u2019an:<\/span><\/p>\n<ul>\n<li><span style=\"color: #000000;\"><em>qul innan\u012b had\u0101n\u012b rabb\u012b<\/em> \u2013 \u201cSay: Indeed, my Lord has guided me.\u201d<\/span><\/li>\n<li><span style=\"color: #000000;\"><em>kul\u016b wa-ishrab\u016b<\/em> \u2013 \u201cEat and drink.\u201d<\/span><\/li>\n<li><span style=\"color: #000000;\"><em>q\u016bm\u016b lill\u0101hi q\u0101nit\u012bn<\/em> \u2013 \u201cStand for Allah in humility.\u201d<\/span><\/li>\n<\/ul>\n<p><span style=\"color: #000000;\">Likewise, imperative verbs such as <em>iftah<\/em> (open), <em>uqra<\/em><em>\u02be<\/em> (read), <em>ir<\/em><em>\u1e25am<\/em> (have mercy), and <em>uskun<\/em> (settle) are shown in various sentence patterns to help learners internalize their structure and effect.<\/span><\/p>\n<p>&nbsp;<\/p>\n<p><span style=\"color: #000000;\"><strong>Conclusion<\/strong><\/span><\/p>\n<p><span style=\"color: #000000;\">This lesson emphasizes that the Arabic imperative mood is not merely a grammatical form but a dynamic expressive device. Students learn not only to identify and form imperative verbs, but also to interpret their subtle meanings within context. This allows for a deeper understanding of Classical Arabic, particularly in Qur\u2019anic interpretation, supplication language, and rhetorical expression. Mastery of imperative usage enhances both comprehension and production of meaningful Arabic sentences.<\/span><\/p>\n<p>&nbsp;<\/p>\n","protected":false},"excerpt":{"rendered":"<p>ARAP\u00c7A II. SEV\u0130YE DERSLER\u0130 181. SEM\u0130NER \u00d6ZET\u0130 Dersin Amac\u0131 ve [&hellip;]<\/p>\n","protected":false},"author":1,"featured_media":0,"parent":0,"menu_order":0,"comment_status":"closed","ping_status":"closed","template":"","meta":{"footnotes":""},"class_list":["post-6901","page","type-page","status-publish","hentry"],"jetpack_sharing_enabled":true,"_links":{"self":[{"href":"https:\/\/klasikdusunceokulu.com\/index.php\/wp-json\/wp\/v2\/pages\/6901","targetHints":{"allow":["GET"]}}],"collection":[{"href":"https:\/\/klasikdusunceokulu.com\/index.php\/wp-json\/wp\/v2\/pages"}],"about":[{"href":"https:\/\/klasikdusunceokulu.com\/index.php\/wp-json\/wp\/v2\/types\/page"}],"author":[{"embeddable":true,"href":"https:\/\/klasikdusunceokulu.com\/index.php\/wp-json\/wp\/v2\/users\/1"}],"replies":[{"embeddable":true,"href":"https:\/\/klasikdusunceokulu.com\/index.php\/wp-json\/wp\/v2\/comments?post=6901"}],"version-history":[{"count":2,"href":"https:\/\/klasikdusunceokulu.com\/index.php\/wp-json\/wp\/v2\/pages\/6901\/revisions"}],"predecessor-version":[{"id":6903,"href":"https:\/\/klasikdusunceokulu.com\/index.php\/wp-json\/wp\/v2\/pages\/6901\/revisions\/6903"}],"wp:attachment":[{"href":"https:\/\/klasikdusunceokulu.com\/index.php\/wp-json\/wp\/v2\/media?parent=6901"}],"curies":[{"name":"wp","href":"https:\/\/api.w.org\/{rel}","templated":true}]}}