{"id":6910,"date":"2025-08-13T17:02:08","date_gmt":"2025-08-13T14:02:08","guid":{"rendered":"https:\/\/klasikdusunceokulu.com\/?page_id=6910"},"modified":"2025-08-13T17:02:08","modified_gmt":"2025-08-13T14:02:08","slug":"arapca-ii-seviye-dersleri-185-seminer-ozeti","status":"publish","type":"page","link":"https:\/\/klasikdusunceokulu.com\/index.php\/arapca-ii-seviye-dersleri-185-seminer-ozeti\/","title":{"rendered":"ARAP\u00c7A II. SEV\u0130YE DERSLER\u0130 185. SEM\u0130NER \u00d6ZET\u0130"},"content":{"rendered":"<p><span style=\"color: #000000;\"><strong>ARAP\u00c7A II. SEV\u0130YE DERSLER\u0130 185. SEM\u0130NER \u00d6ZET\u0130<\/strong><\/span><\/p>\n<p>&nbsp;<\/p>\n<p><span style=\"color: #000000;\"><strong>Seminerin Amac\u0131 ve \u0130\u00e7eri\u011fi<\/strong><\/span><\/p>\n<p><span style=\"color: #000000;\">Klasik D\u00fc\u015f\u00fcnce Okulu taraf\u0131ndan d\u00fczenlenen bu Arap\u00e7a dersi, \u00f6\u011frencilerin Arap\u00e7a metinleri do\u011fru \u015fekilde okuma, anlamland\u0131rma, terc\u00fcme etme ve gramatikal \u00e7\u00f6z\u00fcmlemelerini yapabilme becerilerini geli\u015ftirmeyi ama\u00e7lamaktad\u0131r. Ders kapsam\u0131nda, klasik d\u00f6nem metinlerinden se\u00e7ilen k\u0131sa bir pasaj\u0131n detayl\u0131 bi\u00e7imde tahlili yap\u0131lm\u0131\u015f; her bir kelimenin g\u00f6rev ve yap\u0131s\u0131, c\u00fcmle i\u00e7indeki yeri, gramatikal \u00f6zellikleri ve anlam\u0131 \u00fczerinde durulmu\u015ftur. Ders ayn\u0131 zamanda Arap\u00e7a dilbilgisinin temel unsurlar\u0131n\u0131 peki\u015ftirme i\u015flevi g\u00f6rmekte, pratik c\u00fcmle analizleriyle dilin yap\u0131sal derinli\u011fini kavratmay\u0131 hedeflemektedir.<\/span><\/p>\n<p>&nbsp;<\/p>\n<p><span style=\"color: #000000;\"><strong>Ana Temalar<\/strong><\/span><\/p>\n<ol>\n<li><span style=\"color: #000000;\"><strong> Sarf ve Nahiv Tahlili<\/strong><\/span><br \/>\n<span style=\"color: #000000;\">Dersin ana eksenini fiil \u00e7ekimleri, isim c\u00fcmleleri ve fiil c\u00fcmleleri, zamirler, muz\u00e2f-muz\u00e2fun ileyh yap\u0131lar\u0131, harf-i cerler, mef\u2018\u00fbl ve fail gibi temel nahiv konular\u0131n\u0131n uygulamal\u0131 \u015fekilde i\u015flenmesi olu\u015fturmaktad\u0131r. \u00d6\u011frencilere, kelime ve c\u00fcmle baz\u0131nda ayr\u0131nt\u0131l\u0131 irab analizi yapmalar\u0131 \u00f6\u011fretilmektedir.<\/span><\/li>\n<li><span style=\"color: #000000;\"><strong> Terc\u00fcme Teknikleri<\/strong><\/span><br \/>\n<span style=\"color: #000000;\">Metnin T\u00fcrk\u00e7eye aktar\u0131m\u0131 s\u00fcrecinde, ba\u011flam\u0131n \u00f6nemi, kelime se\u00e7imindeki hassasiyet ve Arap\u00e7a c\u00fcmle yap\u0131lar\u0131n\u0131n T\u00fcrk\u00e7edeki kar\u015f\u0131l\u0131klar\u0131 a\u00e7\u0131klanarak uygulamal\u0131 terc\u00fcme prati\u011fi yap\u0131lm\u0131\u015ft\u0131r. \u201cba\u2018da\u201d, \u201cf\u00ee\u201d, \u201cil\u00e2\u201d gibi zarflar\u0131n c\u00fcmledeki konumuna g\u00f6re anlam farkl\u0131l\u0131klar\u0131 \u00f6rneklerle g\u00f6sterilmi\u015ftir.<\/span><\/li>\n<li><span style=\"color: #000000;\"><strong> Kelime Bilgisi ve S\u00f6z Varl\u0131\u011f\u0131<\/strong><\/span><br \/>\n<span style=\"color: #000000;\">Metin boyunca \u00f6\u011frencilerin kelime da\u011farc\u0131\u011f\u0131n\u0131 geli\u015ftirmeye y\u00f6nelik a\u00e7\u0131klamalar yap\u0131lm\u0131\u015f; \u201chad\u00eeka\u201d, \u201cmektabe\u201d, \u201cqam\u00ees\u201d, \u201cta\u2018\u00e2m\u201d gibi g\u00fcnl\u00fck hayatta kar\u015f\u0131la\u015f\u0131labilecek kelimeler \u00fczerinde durulmu\u015ftur. Ayn\u0131 zamanda bu kelimelerin \u00e7o\u011fullar\u0131 ve s\u0131fatlar\u0131yla birlikte kullan\u0131m\u0131 \u00f6rneklendirilmi\u015ftir.<\/span><\/li>\n<li><span style=\"color: #000000;\"><strong> C\u00fcmle Yap\u0131s\u0131 ve S\u00f6z Dizimi<\/strong><\/span><br \/>\n<span style=\"color: #000000;\">\u00d6zellikle s\u0131fat tamlamalar\u0131, at\u0131fl\u0131 yap\u0131lar ve zarflar\u0131n (zaman ve yer zarflar\u0131) c\u00fcmle i\u00e7indeki esneklikleri detayl\u0131 \u015fekilde incelenmi\u015ftir. Ayn\u0131 zamanda c\u00fcmle t\u00fcrleri aras\u0131ndaki farklar \u00f6rneklerle g\u00f6sterilmi\u015ftir.<\/span><\/li>\n<\/ol>\n<p>&nbsp;<\/p>\n<p><span style=\"color: #000000;\"><strong>Sonu\u00e7<\/strong><\/span><\/p>\n<p><span style=\"color: #000000;\">Bu ders sayesinde \u00f6\u011frenciler, Arap\u00e7a metinleri sadece anlamakla kalmay\u0131p onlar\u0131 gramer a\u00e7\u0131s\u0131ndan \u00e7\u00f6z\u00fcmleyebilme becerilerini de geli\u015ftirmi\u015ftir. Metnin sat\u0131r sat\u0131r i\u015flenmesi, dilin inceliklerine dair fark\u0131ndal\u0131k kazand\u0131rm\u0131\u015f; Arap\u00e7a gramerin teorik bilgisi ile uygulamal\u0131 terc\u00fcme becerisi aras\u0131ndaki ili\u015fki kuvvetlendirilmi\u015ftir. Ayr\u0131ca klasik metinlerle \u00e7al\u0131\u015fma disiplini kazand\u0131r\u0131larak, \u00f6\u011frencilerin daha ileri d\u00fczey metinleri analiz edebilme yetkinlikleri art\u0131r\u0131lm\u0131\u015ft\u0131r. Ders, kat\u0131l\u0131mc\u0131lar\u0131n hem akademik Arap\u00e7a okuma becerilerini geli\u015ftirmelerine hem de klasik metinlerle ba\u011f kurmalar\u0131na katk\u0131 sunmu\u015ftur.<\/span><\/p>\n<p>&nbsp;<\/p>\n<p><span style=\"color: #000000;\"><strong>Objective and Content<\/strong><\/span><\/p>\n<p><span style=\"color: #000000;\">This lesson, part of the Classical Thought School\u2019s Arabic curriculum, aims to improve students\u2019 abilities in reading, translating, and grammatically analyzing classical Arabic texts. A selected passage is read aloud, broken down word by word, and examined in terms of syntax, morphology, and contextual meaning. The session focuses not only on understanding the literal meaning but also on enhancing students\u2019 command of Arabic grammar (na\u1e25w and \u1e63arf), using real textual examples. The lesson encourages a methodical approach to classical Arabic, bridging theory with applied linguistic analysis.<\/span><\/p>\n<p>&nbsp;<\/p>\n<p><span style=\"color: #000000;\"><strong>Main Themes<\/strong><\/span><\/p>\n<ol>\n<li><span style=\"color: #000000;\"><strong> Morphological and Grammatical Analysis<\/strong><\/span><br \/>\n<span style=\"color: #000000;\">The core of the lesson lies in analyzing sentence structures, verb conjugations, nominal and verbal sentences, pronouns, <em>mu<\/em><em>\u1e0d\u0101f\u2013mu<\/em><em>\u1e0d\u0101f ilayh<\/em> constructs, prepositions, and syntactic roles such as subjects and objects. Students are guided to parse each sentence element and determine grammatical roles through i\u2018r\u0101b analysis.<\/span><\/li>\n<li><span style=\"color: #000000;\"><strong> Translation Techniques<\/strong><\/span><br \/>\n<span style=\"color: #000000;\">A key part of the lesson involves translating the passage into Turkish with attention to nuances. The instructor explains how word order and structure change between Arabic and Turkish. Adverbs like <em>ba\u2018da<\/em> (after), <em>f\u012b<\/em> (in), and <em>il\u0101<\/em> (to) are used in different contexts, and students learn to translate them appropriately depending on position and usage.<\/span><\/li>\n<li><span style=\"color: #000000;\"><strong> Vocabulary and Lexical Enrichment<\/strong><\/span><br \/>\n<span style=\"color: #000000;\">The lesson introduces and contextualizes common vocabulary such as <em>\u1e25ad\u012bqa<\/em> (garden), <em>maktaba<\/em> (bookstore\/stationery), <em>qam\u012b\u1e63<\/em> (shirt), and <em>\u1e6da\u2018\u0101m<\/em> (food), including their plural forms and adjective agreements. Attention is given to building a practical, everyday lexicon.<\/span><\/li>\n<li><span style=\"color: #000000;\"><strong> Sentence Structure and Syntax<\/strong><\/span><br \/>\n<span style=\"color: #000000;\">A special focus is placed on descriptive phrases, attributive structures, conjunctive particles, and adverbial expressions. Students learn how word placement can change emphasis or meaning. Different sentence types (nominal vs. verbal) are analyzed in depth, showing the flexibility and complexity of Arabic syntax.<\/span><\/li>\n<\/ol>\n<p>&nbsp;<\/p>\n<p><span style=\"color: #000000;\"><strong>Conclusion<\/strong><\/span><\/p>\n<p><span style=\"color: #000000;\">Through this lesson, students develop not only the ability to comprehend classical Arabic texts but also the skills to dissect and analyze them grammatically. The detailed breakdown of sentences sharpens their understanding of Arabic syntax, making connections between grammatical rules and real usage. The practice fosters a disciplined reading approach and enhances students\u2019 readiness for more advanced classical texts. Overall, the session contributes significantly to their academic Arabic proficiency and textual interpretation skills.<\/span><\/p>\n<p>&nbsp;<\/p>\n","protected":false},"excerpt":{"rendered":"<p>ARAP\u00c7A II. SEV\u0130YE DERSLER\u0130 185. SEM\u0130NER \u00d6ZET\u0130 &nbsp; Seminerin Amac\u0131 [&hellip;]<\/p>\n","protected":false},"author":1,"featured_media":0,"parent":0,"menu_order":0,"comment_status":"closed","ping_status":"closed","template":"","meta":{"footnotes":""},"class_list":["post-6910","page","type-page","status-publish","hentry"],"jetpack_sharing_enabled":true,"_links":{"self":[{"href":"https:\/\/klasikdusunceokulu.com\/index.php\/wp-json\/wp\/v2\/pages\/6910","targetHints":{"allow":["GET"]}}],"collection":[{"href":"https:\/\/klasikdusunceokulu.com\/index.php\/wp-json\/wp\/v2\/pages"}],"about":[{"href":"https:\/\/klasikdusunceokulu.com\/index.php\/wp-json\/wp\/v2\/types\/page"}],"author":[{"embeddable":true,"href":"https:\/\/klasikdusunceokulu.com\/index.php\/wp-json\/wp\/v2\/users\/1"}],"replies":[{"embeddable":true,"href":"https:\/\/klasikdusunceokulu.com\/index.php\/wp-json\/wp\/v2\/comments?post=6910"}],"version-history":[{"count":1,"href":"https:\/\/klasikdusunceokulu.com\/index.php\/wp-json\/wp\/v2\/pages\/6910\/revisions"}],"predecessor-version":[{"id":6911,"href":"https:\/\/klasikdusunceokulu.com\/index.php\/wp-json\/wp\/v2\/pages\/6910\/revisions\/6911"}],"wp:attachment":[{"href":"https:\/\/klasikdusunceokulu.com\/index.php\/wp-json\/wp\/v2\/media?parent=6910"}],"curies":[{"name":"wp","href":"https:\/\/api.w.org\/{rel}","templated":true}]}}