{"id":6916,"date":"2025-08-13T17:05:15","date_gmt":"2025-08-13T14:05:15","guid":{"rendered":"https:\/\/klasikdusunceokulu.com\/?page_id=6916"},"modified":"2025-08-13T17:05:15","modified_gmt":"2025-08-13T14:05:15","slug":"arapca-ii-seviye-dersleri-188-seminer-ozeti","status":"publish","type":"page","link":"https:\/\/klasikdusunceokulu.com\/index.php\/arapca-ii-seviye-dersleri-188-seminer-ozeti\/","title":{"rendered":"ARAP\u00c7A II. SEV\u0130YE DERSLER\u0130 188. SEM\u0130NER \u00d6ZET\u0130"},"content":{"rendered":"<p><span style=\"color: #000000;\"><strong>ARAP\u00c7A II. SEV\u0130YE DERSLER\u0130 188. SEM\u0130NER \u00d6ZET\u0130<\/strong><\/span><\/p>\n<p>&nbsp;<\/p>\n<p><span style=\"color: #000000;\"><strong>Dersin Amac\u0131 ve \u0130\u00e7eri\u011fi<\/strong><\/span><\/p>\n<p><span style=\"color: #000000;\">Bu derste, Arap\u00e7a&#8217;da mansup muttas\u0131l (biti\u015fik nesne) zamirlerinin, iki farkl\u0131 fiil zamiri ile birle\u015fti\u011fi durumlarda ortaya \u00e7\u0131kan \u00f6zel yaz\u0131m kurallar\u0131 incelenmi\u015ftir. \u00d6zellikle vav-\u0131 cem\u00e2 (\u00e7o\u011ful fail zamiri) ve m\u00fczekker muhatap \u00e7o\u011ful (t\u00fcm) kal\u0131plar\u0131na mefhul zamirinin eklenmesi durumunda meydana gelen elif d\u00fc\u015fmesi ve kayna\u015ft\u0131rma harfi olan vav-\u0131 i\u015fb\u00e2 konular\u0131 \u00f6rneklerle a\u00e7\u0131klanm\u0131\u015ft\u0131r. Ders, hem mazi (ge\u00e7mi\u015f zaman), hem muzari (geni\u015f\/\u015fimdiki zaman), hem de emir kiplerinde zamir ekleriyle olu\u015fan yap\u0131lar \u00fczerine odaklanm\u0131\u015ft\u0131r.<\/span><\/p>\n<p>&nbsp;<\/p>\n<p><span style=\"color: #000000;\"><strong>Ana Temalar<\/strong><\/span><\/p>\n<ol>\n<li><span style=\"color: #000000;\"><strong> Vav-\u0131 Cem\u00e2\u2019dan Sonra Mefhul Zamiri Geldi\u011finde Elif D\u00fc\u015fmesi<\/strong><\/span><br \/>\n<span style=\"color: #000000;\">Vav-\u0131 cem\u00e2 ile biten fiillere (\u00f6rne\u011fin <em>keteb\u016b<\/em>, <em>yektub\u016b<\/em>, <em>uktub\u016b<\/em>) mefhul zamiri (<em>-h\u016b, -h\u0101<\/em>) eklendi\u011finde aradaki elif harfinin yaz\u0131lmad\u0131\u011f\u0131 kural\u0131 vurgulanm\u0131\u015ft\u0131r.<\/span><br \/>\n<span style=\"color: #000000;\"><strong>\u00d6rnek:<\/strong><\/span><\/li>\n<\/ol>\n<ul>\n<li><span style=\"color: #000000;\"><em>Keteb\u016b el-vec\u00eebe<\/em> \u2192 <em>Keteb\u016bh\u0101<\/em><\/span><\/li>\n<li><span style=\"color: #000000;\"><em>Yektub\u016b el-kit\u0101b<\/em> \u2192 <em>Yektub\u016bh\u016b<\/em><\/span><\/li>\n<\/ul>\n<ol start=\"2\">\n<li><span style=\"color: #000000;\"><strong> M\u00fczekker Muhatap \u00c7o\u011fulunda (<\/strong><strong>\u062a\u064f\u0645\u0652 \/ -t\u00fcm) Kayna\u015ft\u0131rma Harfi Vav-\u0131 \u0130\u015fb\u00e2<\/strong><\/span><br \/>\n<span style=\"color: #000000;\">Mazi fiillerin \u201csiz erkekler\u201d (t\u00fcm) formuna mefhul zamiri eklendi\u011finde araya vav-\u0131 i\u015fb\u00e2 ad\u0131 verilen kayna\u015ft\u0131rma harfi getirilir. Bu vav yaln\u0131zca telaffuzu kolayla\u015ft\u0131rmak i\u00e7indir; i\u2018rab y\u00f6n\u00fcnden bir anlam ta\u015f\u0131maz.<\/span><br \/>\n<span style=\"color: #000000;\"><strong>\u00d6rnek:<\/strong><\/span><\/li>\n<\/ol>\n<ul>\n<li><span style=\"color: #000000;\"><em>Ketebtumuhe<\/em> (Siz onlar\u0131 yazd\u0131n\u0131z)<\/span><\/li>\n<li><span style=\"color: #000000;\"><em>Ra\u2019eytum\u016bhum<\/em> (Siz onlar\u0131 g\u00f6rd\u00fcn\u00fcz)<\/span><\/li>\n<\/ul>\n<ol start=\"3\">\n<li><span style=\"color: #000000;\"><strong> Al\u0131\u015ft\u0131rmalar ve Uygulamal\u0131 C\u00fcmle D\u00f6n\u00fc\u015f\u00fcmleri<\/strong><\/span><br \/>\n<span style=\"color: #000000;\">\u00d6\u011frencilerden, isimleri zamirle de\u011fi\u015ftirerek do\u011fru fiil-zamir bile\u015fik yap\u0131s\u0131n\u0131 kurmalar\u0131 istenmi\u015ftir. Ayr\u0131ca:<\/span><\/li>\n<\/ol>\n<ul>\n<li><span style=\"color: #000000;\"><em>Ak\u0131ll\u0131 varl\u0131klar<\/em> i\u00e7in \u00e7o\u011ful zamir (<em>h\u00fcm, h\u00fcnne<\/em>),<\/span><\/li>\n<li><span style=\"color: #000000;\"><em>Ak\u0131ls\u0131z varl\u0131klar<\/em> i\u00e7in tekil di\u015fi zamir (<em>h\u0101<\/em>)<\/span><br \/>\n<span style=\"color: #000000;\">kullan\u0131lmas\u0131n\u0131n gereklili\u011fi \u00f6rneklerle \u00f6\u011fretilmi\u015ftir.<\/span><\/li>\n<\/ul>\n<ol start=\"4\">\n<li><span style=\"color: #000000;\"><strong> Nahiv A\u00e7\u0131s\u0131ndan Uyar\u0131lar<\/strong><\/span><br \/>\n<span style=\"color: #000000;\">Zamirlerin fiillerle birle\u015fti\u011fi durumlarda olu\u015fan yaz\u0131m de\u011fi\u015fikliklerinin yan\u0131 s\u0131ra, nahiv a\u00e7\u0131s\u0131ndan i\u2018rab etkilerine de dikkat \u00e7ekilmi\u015ftir. Fail zamiri genelde <strong>mahallen merf\u00fb<\/strong>, mefhul zamiri ise <strong>mahallen mans\u00fbb<\/strong> olur.<\/span><\/li>\n<\/ol>\n<p>&nbsp;<\/p>\n<p><span style=\"color: #000000;\"><strong>Sonu\u00e7<\/strong><\/span><\/p>\n<p><span style=\"color: #000000;\">Bu ders, Arap\u00e7a&#8217;daki biti\u015fik zamirlerin fiillerle birle\u015fiminde ortaya \u00e7\u0131kan yaz\u0131m ve telaffuz kurallar\u0131n\u0131 detayland\u0131rarak \u00f6\u011frencilere hem teorik hem de pratik bir bak\u0131\u015f kazand\u0131rm\u0131\u015ft\u0131r. Vav-\u0131 cem\u00e2 ve t\u00fcm yap\u0131lar\u0131n\u0131n zamirlerle birle\u015fmesiyle olu\u015fan istisnai durumlar, klasik ve modern metinleri do\u011fru okuyup anlamland\u0131rmak i\u00e7in temel bir beceridir. \u00d6zellikle elif d\u00fc\u015fmesi ve kayna\u015ft\u0131rma harfi kullan\u0131m\u0131, Arap\u00e7a yaz\u0131m\u0131nda \u00f6nemli yer tutan ileri d\u00fczey konular aras\u0131nda yer al\u0131r.<\/span><\/p>\n<p><span style=\"color: #000000;\">&#8220;<\/span><\/p>\n<p><span style=\"color: #000000;\"><strong>Objective and Content<\/strong><\/span><\/p>\n<p><span style=\"color: #000000;\">This lesson focuses on the special grammatical rules that apply when mansub (accusative) attached object pronouns are combined with dual or plural subject pronouns in Arabic verbs. Specifically, the session explores how object pronouns interact with plural masculine subject endings like <em>w\u0101w al-jam\u0101<\/em><em>\u02bfa<\/em> and <em>t\u016bm<\/em> (masculine 2nd person plural in past tense), highlighting phenomena such as the omission of alif and the insertion of a supportive w\u0101w (<em>w\u0101w al-ishb\u0101<\/em><em>\u02bf<\/em>). The lesson includes examples across past, present, and imperative verb forms, providing both theoretical explanation and practical application.<\/span><\/p>\n<p>&nbsp;<\/p>\n<p><span style=\"color: #000000;\"><strong>Main Themes<\/strong><\/span><\/p>\n<ol>\n<li><span style=\"color: #000000;\"><strong> Alif Dropping after W\u0101w al-Jam\u0101<\/strong><strong>\u02bfa<\/strong><\/span><br \/>\n<span style=\"color: #000000;\">When object pronouns (<em>-h\u016b, -h\u0101<\/em>, etc.) are added to verbs ending with <em>w\u0101w al-jam\u0101<\/em><em>\u02bfa<\/em> (e.g., <em>katab\u016b<\/em>, <em>yaktub\u016b<\/em>, <em>uktub\u016b<\/em>), the alif before the w\u0101w is omitted. This is a standard orthographic rule in Arabic writing.<\/span><br \/>\n<span style=\"color: #000000;\"><strong>Examples:<\/strong><\/span><\/li>\n<\/ol>\n<ul>\n<li><span style=\"color: #000000;\"><em>Katab\u016b al-waj\u012bba<\/em> \u2192 <em>Katab\u016bh\u0101<\/em> (They wrote it)<\/span><\/li>\n<li><span style=\"color: #000000;\"><em>Yaktub\u016b al-kit\u0101b<\/em> \u2192 <em>Yaktub\u016bh\u016b<\/em> (They write it)<\/span><\/li>\n<\/ul>\n<ol start=\"2\">\n<li><span style=\"color: #000000;\"><strong> Inserting W\u0101w al-Ishb\u0101<\/strong><strong>\u02bf with TUM Form (2nd Person Masculine Plural)<\/strong><\/span><br \/>\n<span style=\"color: #000000;\">When adding an object pronoun to the <em>-tum<\/em> suffix (you [m. pl.] did), a supportive w\u0101w known as <em>w\u0101w al-ishb\u0101<\/em><em>\u02bf<\/em> is inserted for ease of pronunciation. This w\u0101w is not grammatically meaningful but serves phonetic purposes.<\/span><br \/>\n<span style=\"color: #000000;\"><strong>Examples:<\/strong><\/span><\/li>\n<\/ol>\n<ul>\n<li><span style=\"color: #000000;\"><em>Katabtumu-h\u0101<\/em> (You wrote them)<\/span><\/li>\n<li><span style=\"color: #000000;\"><em>Ra\u2019aytum\u016bhum<\/em> (You saw them)<\/span><\/li>\n<\/ul>\n<ol start=\"3\">\n<li><span style=\"color: #000000;\"><strong> Exercises and Transformational Practice<\/strong><\/span><br \/>\n<span style=\"color: #000000;\">Students are given structured drills to replace object nouns with appropriate attached pronouns, reinforcing form and function. They learn to apply correct pronouns depending on:<\/span><\/li>\n<\/ol>\n<ul>\n<li><span style=\"color: #000000;\">Rational vs. non-rational beings (using <em>hum\/hunna<\/em> vs. <em>h\u0101<\/em>)<\/span><\/li>\n<li><span style=\"color: #000000;\">Number (singular, dual, plural)<\/span><\/li>\n<li><span style=\"color: #000000;\">Gender (masculine vs. feminine)<\/span><\/li>\n<\/ul>\n<ol start=\"4\">\n<li><span style=\"color: #000000;\"><strong> Syntactic Considerations<\/strong><\/span><br \/>\n<span style=\"color: #000000;\">The lesson also emphasizes syntactic awareness, noting that while these attached pronouns affect pronunciation and orthography, they also carry i\u2018r\u0101b implications:<\/span><\/li>\n<\/ol>\n<ul>\n<li><span style=\"color: #000000;\">The subject pronoun is ma\u1e25allan marf\u016b\u02bf (in the nominative position)<\/span><\/li>\n<li><span style=\"color: #000000;\">The object pronoun is ma\u1e25allan man\u1e63\u016bb (in the accusative position)<\/span><\/li>\n<\/ul>\n<p>&nbsp;<\/p>\n<p><span style=\"color: #000000;\"><strong>Conclusion<\/strong><\/span><\/p>\n<p><span style=\"color: #000000;\">This lesson equips students with essential knowledge of the advanced morpho-syntactic interactions between subject and object pronouns in Arabic verb constructions. The details around alif deletion and the use of supportive w\u0101w (<em>w\u0101w al-ishb\u0101<\/em><em>\u02bf<\/em>) are crucial for mastering both accurate reading and correct writing in Arabic. Understanding these exceptions is especially important in Qur\u2019anic Arabic and classical texts, where such structures frequently occur. By integrating theory with hands-on exercises, the lesson significantly strengthens grammatical fluency and textual competence.<\/span><\/p>\n<p>&nbsp;<\/p>\n","protected":false},"excerpt":{"rendered":"<p>ARAP\u00c7A II. SEV\u0130YE DERSLER\u0130 188. SEM\u0130NER \u00d6ZET\u0130 &nbsp; Dersin Amac\u0131 [&hellip;]<\/p>\n","protected":false},"author":1,"featured_media":0,"parent":0,"menu_order":0,"comment_status":"closed","ping_status":"closed","template":"","meta":{"footnotes":""},"class_list":["post-6916","page","type-page","status-publish","hentry"],"jetpack_sharing_enabled":true,"_links":{"self":[{"href":"https:\/\/klasikdusunceokulu.com\/index.php\/wp-json\/wp\/v2\/pages\/6916","targetHints":{"allow":["GET"]}}],"collection":[{"href":"https:\/\/klasikdusunceokulu.com\/index.php\/wp-json\/wp\/v2\/pages"}],"about":[{"href":"https:\/\/klasikdusunceokulu.com\/index.php\/wp-json\/wp\/v2\/types\/page"}],"author":[{"embeddable":true,"href":"https:\/\/klasikdusunceokulu.com\/index.php\/wp-json\/wp\/v2\/users\/1"}],"replies":[{"embeddable":true,"href":"https:\/\/klasikdusunceokulu.com\/index.php\/wp-json\/wp\/v2\/comments?post=6916"}],"version-history":[{"count":1,"href":"https:\/\/klasikdusunceokulu.com\/index.php\/wp-json\/wp\/v2\/pages\/6916\/revisions"}],"predecessor-version":[{"id":6917,"href":"https:\/\/klasikdusunceokulu.com\/index.php\/wp-json\/wp\/v2\/pages\/6916\/revisions\/6917"}],"wp:attachment":[{"href":"https:\/\/klasikdusunceokulu.com\/index.php\/wp-json\/wp\/v2\/media?parent=6916"}],"curies":[{"name":"wp","href":"https:\/\/api.w.org\/{rel}","templated":true}]}}