{"id":6918,"date":"2025-08-13T17:06:09","date_gmt":"2025-08-13T14:06:09","guid":{"rendered":"https:\/\/klasikdusunceokulu.com\/?page_id=6918"},"modified":"2025-08-13T17:06:09","modified_gmt":"2025-08-13T14:06:09","slug":"arapca-ii-seviye-dersleri-189-seminer-ozeti","status":"publish","type":"page","link":"https:\/\/klasikdusunceokulu.com\/index.php\/arapca-ii-seviye-dersleri-189-seminer-ozeti\/","title":{"rendered":"ARAP\u00c7A II. SEV\u0130YE DERSLER\u0130 189. SEM\u0130NER \u00d6ZET\u0130"},"content":{"rendered":"<p><span style=\"color: #333333;\"><strong>ARAP\u00c7A II. SEV\u0130YE DERSLER\u0130 189. SEM\u0130NER \u00d6ZET\u0130<\/strong><\/span><\/p>\n<p>&nbsp;<\/p>\n<p><span style=\"color: #333333;\"><strong>Dersin Amac\u0131 ve \u0130\u00e7eri\u011fi<\/strong><\/span><\/p>\n<p><span style=\"color: #333333;\">Bu ders, Arap\u00e7a dilinde mansup muttas\u0131l (biti\u015fik) mef\u2018\u00fbl zamirlerinin, muhatap (sen) ve muhataba (sen kad\u0131n) kiplerine g\u00f6re nas\u0131l kullan\u0131ld\u0131\u011f\u0131n\u0131 \u00f6\u011fretmeyi hedeflemektedir. \u00d6\u011frenciler, fiil sonuna eklenen bu zamirlerin zamana (ge\u00e7mi\u015f, geni\u015f, gelecek), cinsiyete (m\u00fczekker\/m\u00fcennes) ve say\u0131ya (m\u00fcfret\/tesniye\/cem\u00ee) g\u00f6re nas\u0131l de\u011fi\u015fti\u011fini uygulamal\u0131 olarak \u00f6\u011frenmi\u015ftir. Zamirlerin do\u011fru kullan\u0131m\u0131, hem klasik Arap\u00e7a metinlerin hem de \u00e7a\u011fda\u015f dilin anla\u015f\u0131lmas\u0131 a\u00e7\u0131s\u0131ndan \u00f6nem arz etmektedir.<\/span><\/p>\n<p>&nbsp;<\/p>\n<p><span style=\"color: #333333;\"><strong>Ana Temalar<\/strong><\/span><\/p>\n<ol>\n<li><span style=\"color: #333333;\"><strong> Muttas\u0131l Mansup Muhatap Zamirlerinin Tan\u0131t\u0131m\u0131<\/strong><\/span><br \/>\n<span style=\"color: #333333;\">Ders, a\u015fa\u011f\u0131daki zamirlerin fiil sonuna eklenerek nesne konumunda nas\u0131l kullan\u0131ld\u0131\u011f\u0131n\u0131 detayl\u0131 bi\u00e7imde i\u015flemektedir:<\/span><\/li>\n<\/ol>\n<ul>\n<li><span style=\"color: #333333;\"><strong>\u0643\u064e (ke)<\/strong>: M\u00fcfret m\u00fczekker muhatap \u2013 \u201cseni\u201d<\/span><\/li>\n<li><span style=\"color: #333333;\"><strong>\u0643\u0650 (ki)<\/strong>: M\u00fcfret m\u00fcennes muhatap \u2013 \u201cseni\u201d<\/span><\/li>\n<li><span style=\"color: #333333;\"><strong>\u0643\u064f\u0645\u0627 (kum\u00e2)<\/strong>: Tesniye (iki ki\u015fi) muhatap \u2013 \u201cikinizi\u201d<\/span><\/li>\n<li><span style=\"color: #333333;\"><strong>\u0643\u064f\u0645 (kum)<\/strong>: Cem\u00ee m\u00fczekker muhatap \u2013 \u201csizi\u201d<\/span><\/li>\n<li><span style=\"color: #333333;\"><strong>\u0643\u064f\u0646\u0651\u064e (kunna)<\/strong>: Cem\u00ee m\u00fcennes muhatap \u2013 \u201csizi\u201d<\/span><\/li>\n<\/ul>\n<ol start=\"2\">\n<li><span style=\"color: #333333;\"><strong> Zamirlerin Farkl\u0131 Fiil Kal\u0131plar\u0131yla Kullan\u0131m\u0131<\/strong><\/span><br \/>\n<span style=\"color: #333333;\">Zamirlerin mazi (ge\u00e7mi\u015f), muz\u00e2ri (\u015fimdiki\/geni\u015f), emir kiplerinde ve olumsuz yap\u0131larla nas\u0131l kullan\u0131ld\u0131\u011f\u0131 g\u00f6sterilmi\u015ftir. Her yap\u0131daki c\u00fcmle, \u201canlamad\u0131lar\u201d, \u201canlayacaklar\u201d, \u201ckorumad\u0131lar\u201d, \u201csana te\u015fekk\u00fcr etmediler\u201d gibi \u00f6rneklerle desteklenmi\u015ftir.<\/span><\/li>\n<li><span style=\"color: #333333;\"><strong> Anlam, Cinsiyet ve Say\u0131 Uyumu<\/strong><\/span><br \/>\n<span style=\"color: #333333;\">C\u00fcmlelerde kullan\u0131lan mef\u2018\u00fbl zamirlerinin, muhatab\u0131n say\u0131s\u0131 ve cinsiyetine g\u00f6re do\u011fru bi\u00e7imde fiile eklenmesi gerekti\u011fi vurgulanm\u0131\u015ft\u0131r.<\/span><\/li>\n<\/ol>\n<ul>\n<li><span style=\"color: #333333;\"><strong>\u0643\u064e<\/strong> zamiri \u201cente\u201dye,<\/span><\/li>\n<li><span style=\"color: #333333;\"><strong>\u0643\u0650<\/strong> zamiri \u201centi\u201dye,<\/span><\/li>\n<li><span style=\"color: #333333;\"><strong>\u0643\u064f\u0645\u0627<\/strong> zamiri \u201centuma\u201dya,<\/span><\/li>\n<li><span style=\"color: #333333;\"><strong>\u0643\u064f\u0645<\/strong> zamiri \u201centum\u201da,<\/span><\/li>\n<li><span style=\"color: #333333;\"><strong>\u0643\u064f\u0646\u0651\u064e<\/strong> zamiri \u201centunne\u201dye kar\u015f\u0131l\u0131k gelir.<\/span><\/li>\n<\/ul>\n<ol start=\"4\">\n<li><span style=\"color: #333333;\"><strong> Uygulamal\u0131 Al\u0131\u015ft\u0131rmalar<\/strong><\/span><br \/>\n<span style=\"color: #333333;\">Dersin sonunda \u00f6\u011frencilerin, verilen c\u00fcmleleri T\u00fcrk\u00e7eden Arap\u00e7aya do\u011fru \u015fekilde \u00e7evirmesi ve zamirleri yerle\u015ftirmesi istenmi\u015ftir. C\u00fcmlelerde fail ve mef\u2018\u00fbl zamirlerinin nas\u0131l ayr\u0131\u015ft\u0131r\u0131laca\u011f\u0131 ve fiille birle\u015fti\u011finde nas\u0131l yaz\u0131laca\u011f\u0131 \u00f6rneklerle a\u00e7\u0131klanm\u0131\u015ft\u0131r. Ayr\u0131ca <em>elif d\u00fc\u015fmesi<\/em> ve <em>kayna\u015ft\u0131rma harfi<\/em> gibi yaz\u0131m \u00f6zelliklerine de dikkat \u00e7ekilmi\u015ftir.<\/span><\/li>\n<\/ol>\n<p>&nbsp;<\/p>\n<p><span style=\"color: #333333;\"><strong>Sonu\u00e7<\/strong><\/span><\/p>\n<p><span style=\"color: #333333;\">Bu ders, \u00f6\u011frencilerin muttas\u0131l mef\u2018\u00fbl zamirlerini fiillerle birlikte do\u011fru \u015fekilde kullanma becerisini peki\u015ftirmi\u015ftir. Zamirlerin c\u00fcmle i\u00e7inde ald\u0131\u011f\u0131 bi\u00e7imler, sadece dilbilgisel do\u011fruluk i\u00e7in de\u011fil, ayn\u0131 zamanda do\u011fru anlam kurma a\u00e7\u0131s\u0131ndan da kritik \u00f6neme sahiptir. Uygulamal\u0131 \u00f6rneklerle desteklenen bu ders, klasik Arap\u00e7a c\u00fcmle yap\u0131s\u0131n\u0131 anlamada \u00f6nemli bir a\u015famad\u0131r.<\/span><\/p>\n<p>&nbsp;<\/p>\n<p><span style=\"color: #333333;\"><strong>Objective and Content<\/strong><\/span><\/p>\n<p><span style=\"color: #333333;\">This lesson focuses on the correct usage of mansub attached pronouns (object pronouns affixed to verbs) in Arabic, specifically those used when addressing second-person subjects (both male and female). Students learn how these pronouns are added to verbs in different tenses and how they change according to gender (masculine\/feminine) and number (singular\/dual\/plural). Mastering these structures is essential for reading classical Arabic texts as well as understanding everyday usage in Modern Standard Arabic.<\/span><\/p>\n<p>&nbsp;<\/p>\n<p><span style=\"color: #333333;\"><strong>Main Themes<\/strong><\/span><\/p>\n<ol>\n<li><span style=\"color: #333333;\"><strong> Introduction to 2nd Person Mansub Attached Pronouns<\/strong><\/span><br \/>\n<span style=\"color: #333333;\">The lesson introduces the following object pronouns and their contextual meanings:<\/span><\/li>\n<\/ol>\n<ul>\n<li><span style=\"color: #333333;\"><strong>\u0643\u064e (ka)<\/strong> \u2013 masculine singular \u201cyou\u201d \u2192 <em>you\/him<\/em> (e.g., <em>ra\u2019aytuka<\/em> \u2013 I saw you)<\/span><\/li>\n<li><span style=\"color: #333333;\"><strong>\u0643\u0650 (ki)<\/strong> \u2013 feminine singular \u201cyou\u201d<\/span><\/li>\n<li><span style=\"color: #333333;\"><strong>\u0643\u064f\u0645\u0627 (kum\u0101)<\/strong> \u2013 dual \u201cyou two\u201d<\/span><\/li>\n<li><span style=\"color: #333333;\"><strong>\u0643\u064f\u0645 (kum)<\/strong> \u2013 masculine plural \u201cyou all\u201d<\/span><\/li>\n<li><span style=\"color: #333333;\"><strong>\u0643\u064f\u0646\u0651\u064e (kunna)<\/strong> \u2013 feminine plural \u201cyou all (fem.)\u201d<\/span><\/li>\n<\/ul>\n<p><span style=\"color: #333333;\">Each pronoun is presented with examples and its corresponding subject pronoun: <em>anta, anti, antum\u0101, antum, antunna<\/em>.<\/span><\/p>\n<ol start=\"2\">\n<li><span style=\"color: #333333;\"><strong> Usage Across Verb Forms and Sentence Types<\/strong><\/span><br \/>\n<span style=\"color: #333333;\">Students explore how these object pronouns attach to verbs in:<\/span><\/li>\n<\/ol>\n<ul>\n<li><span style=\"color: #333333;\"><strong>Past tense<\/strong> (e.g., <em>fa<\/em><em>\u1e25imtuki<\/em> \u2013 I understood you [fem.])<\/span><\/li>\n<li><span style=\"color: #333333;\"><strong>Present tense<\/strong><\/span><\/li>\n<li><span style=\"color: #333333;\"><strong>Imperative mood<\/strong> (e.g., <em>i<\/em><em>\u1e25fa<\/em><em>\u1e93h\u0101<\/em> \u2013 protect her)<\/span><\/li>\n<li><span style=\"color: #333333;\"><strong>Negative structures<\/strong><\/span><\/li>\n<\/ul>\n<p><span style=\"color: #333333;\">Examples are drawn from real sentence contexts to demonstrate fluency and precision.<\/span><\/p>\n<ol start=\"3\">\n<li><span style=\"color: #333333;\"><strong> Agreement in Gender and Number<\/strong><\/span><br \/>\n<span style=\"color: #333333;\">A strong emphasis is placed on matching the pronoun form with the subject&#8217;s gender and number. Students learn to distinguish the correct pronoun endings and how to integrate them seamlessly into verb phrases. Practical distinctions between singular and plural addressed subjects are clarified.<\/span><\/li>\n<li><span style=\"color: #333333;\"><strong> Practice and Sentence Transformations<\/strong><\/span><br \/>\n<span style=\"color: #333333;\">Learners engage in translation exercises from Turkish to Arabic, replacing noun objects with the appropriate pronouns. Attention is given to:<\/span><\/li>\n<\/ol>\n<ul>\n<li><span style=\"color: #333333;\">Identifying and separating subject vs. object pronouns<\/span><\/li>\n<li><span style=\"color: #333333;\">Orthographic rules like <strong>alif deletion<\/strong> or <strong>supportive letters (e.g., w\u0101w insertion)<\/strong> where necessary<\/span><\/li>\n<\/ul>\n<p>&nbsp;<\/p>\n<p><span style=\"color: #333333;\"><strong>Conclusion<\/strong><\/span><\/p>\n<p><span style=\"color: #333333;\">This lesson reinforces students\u2019 ability to accurately use 2nd person object pronouns in Arabic, ensuring proper agreement in number and gender. The mastery of these attached forms is crucial for correct sentence construction and meaning clarity. With plenty of examples and practical exercises, students gain a deeper understanding of Arabic grammar and strengthen their ability to both comprehend and produce grammatically sound classical and modern Arabic sentences.<\/span><\/p>\n<p>&nbsp;<\/p>\n","protected":false},"excerpt":{"rendered":"<p>ARAP\u00c7A II. SEV\u0130YE DERSLER\u0130 189. SEM\u0130NER \u00d6ZET\u0130 &nbsp; Dersin Amac\u0131 [&hellip;]<\/p>\n","protected":false},"author":1,"featured_media":0,"parent":0,"menu_order":0,"comment_status":"closed","ping_status":"closed","template":"","meta":{"footnotes":""},"class_list":["post-6918","page","type-page","status-publish","hentry"],"jetpack_sharing_enabled":true,"_links":{"self":[{"href":"https:\/\/klasikdusunceokulu.com\/index.php\/wp-json\/wp\/v2\/pages\/6918","targetHints":{"allow":["GET"]}}],"collection":[{"href":"https:\/\/klasikdusunceokulu.com\/index.php\/wp-json\/wp\/v2\/pages"}],"about":[{"href":"https:\/\/klasikdusunceokulu.com\/index.php\/wp-json\/wp\/v2\/types\/page"}],"author":[{"embeddable":true,"href":"https:\/\/klasikdusunceokulu.com\/index.php\/wp-json\/wp\/v2\/users\/1"}],"replies":[{"embeddable":true,"href":"https:\/\/klasikdusunceokulu.com\/index.php\/wp-json\/wp\/v2\/comments?post=6918"}],"version-history":[{"count":2,"href":"https:\/\/klasikdusunceokulu.com\/index.php\/wp-json\/wp\/v2\/pages\/6918\/revisions"}],"predecessor-version":[{"id":6920,"href":"https:\/\/klasikdusunceokulu.com\/index.php\/wp-json\/wp\/v2\/pages\/6918\/revisions\/6920"}],"wp:attachment":[{"href":"https:\/\/klasikdusunceokulu.com\/index.php\/wp-json\/wp\/v2\/media?parent=6918"}],"curies":[{"name":"wp","href":"https:\/\/api.w.org\/{rel}","templated":true}]}}