{"id":6933,"date":"2025-08-16T14:21:44","date_gmt":"2025-08-16T11:21:44","guid":{"rendered":"https:\/\/klasikdusunceokulu.com\/?page_id=6933"},"modified":"2025-08-16T14:21:44","modified_gmt":"2025-08-16T11:21:44","slug":"arapca-ii-seviye-dersleri-195-seminer-ozeti","status":"publish","type":"page","link":"https:\/\/klasikdusunceokulu.com\/index.php\/arapca-ii-seviye-dersleri-195-seminer-ozeti\/","title":{"rendered":"ARAP\u00c7A II. SEV\u0130YE DERSLER\u0130 195. SEM\u0130NER \u00d6ZET\u0130"},"content":{"rendered":"<p><span style=\"color: #000000;\"><strong>ARAP\u00c7A II. SEV\u0130YE DERSLER\u0130 195. SEM\u0130NER \u00d6ZET\u0130<\/strong><\/span><\/p>\n<p>&nbsp;<\/p>\n<p><span style=\"color: #000000;\"><strong>Seminerin Amac\u0131<\/strong><\/span><\/p>\n<p><span style=\"color: #000000;\">Bu seminerin temel hedefi, Arap\u00e7ada \u201czamire ba\u011flanm\u0131\u015f muzaaf bir ismin s\u0131fatla birlikte merf\u00fb konumda kullan\u0131m\u0131\u201dn\u0131n dilbilgisel ve ba\u011flamsal \u00f6zelliklerini \u00f6\u011fretmek ve \u00f6\u011frencilerin bu yap\u0131lar\u0131 c\u00fcmle i\u00e7inde do\u011fru analiz edebilme yetkinli\u011fini art\u0131rmakt\u0131r. Seminer, hem isim c\u00fcmlesi hem de fiil c\u00fcmlesi yap\u0131lar\u0131nda bu kullan\u0131m\u0131 ele alarak, m\u00fcpteda, haber ve fail gibi temel \u00f6gelerin nas\u0131l yap\u0131land\u0131\u011f\u0131n\u0131 \u00f6rneklerle g\u00f6stermeyi ama\u00e7lamaktad\u0131r.<\/span><\/p>\n<p><span style=\"color: #000000;\"><strong>Ana Temalar<\/strong><\/span><\/p>\n<ol>\n<li><span style=\"color: #000000;\"><strong> S\u0131fat\u0131n Merf\u00fb Muzaafa Uyumu<\/strong><\/span><\/li>\n<\/ol>\n<p><span style=\"color: #000000;\">Zamirle birle\u015fmi\u015f bir ismin s\u0131fat almas\u0131 durumunda, s\u0131fat\u0131n da bu isme ir\u00e2b (hareke), cinsiyet ve say\u0131 bak\u0131m\u0131ndan uyum sa\u011flamas\u0131 gerekir. Ayr\u0131ca zamire ba\u011fl\u0131 isimler marife kabul edildi\u011finden s\u0131fat da el tak\u0131l\u0131 ve marife olmal\u0131d\u0131r.<\/span><\/p>\n<ol start=\"2\">\n<li><span style=\"color: #000000;\"><strong> Merf\u00fb Konumlar: M\u00fcpteda, Haber ve Fail<\/strong><\/span><\/li>\n<\/ol>\n<ul>\n<li><span style=\"color: #000000;\">M\u00fcpteda olarak gelen zamire ba\u011fl\u0131 muzaaflarda s\u0131fat, ismin ard\u0131ndan gelir ve t\u00fcm dilbilgisel \u00f6zelliklerde ona uyar: <em>M\u00fcderrisu\u2019l-ced\u00eedu m\u0131sriyyun<\/em> (Yeni \u00f6\u011fretmenimiz M\u0131s\u0131rl\u0131d\u0131r).<\/span><\/li>\n<li><span style=\"color: #000000;\">Haber olarak kullan\u0131mda da benzer kurallar ge\u00e7erlidir: <em>H\u00e2z\u00e2 m\u00fcderrisu\u2019l-ced\u00eedu<\/em> (Bu yeni \u00f6\u011fretmenimizdir).<\/span><\/li>\n<li><span style=\"color: #000000;\">Fiil c\u00fcmlelerinde fail olarak gelen bu t\u00fcr yap\u0131larda, s\u0131fat yine fail olan isme uygunluk g\u00f6sterir: <em>M\u00e2ted ceddetuhu\u2019l-mer\u00eedatu<\/em> (Onun hasta ninesi vefat etti).<\/span><\/li>\n<\/ul>\n<ol start=\"3\">\n<li><span style=\"color: #000000;\"><strong> Takdir\u00ee \u0130\u2018r\u00e2b ve S\u0131fat Uyumu<\/strong><\/span><\/li>\n<\/ol>\n<p><span style=\"color: #000000;\">Zamirle birle\u015fen isimler \u00e7o\u011funlukla <strong>takdir\u00ee merf\u00fb<\/strong> olur. Her ne kadar son hareke a\u00e7\u0131k\u00e7a g\u00f6r\u00fcnmese de s\u0131fat, yap\u0131ya uygun \u015fekilde merf\u00fb gelir. \u00d6rne\u011fin: <em>Beyt\u00ee\u2019l-ced\u00eedu f\u00ee hayyi\u2019l-cumhuriyyeti<\/em> (Yeni evim cumhuriyet mahallesindedir).<\/span><\/p>\n<ol start=\"4\">\n<li><span style=\"color: #000000;\"><strong> Ak\u0131ls\u0131z Varl\u0131klar ve Cem\u00ee Yap\u0131lar<\/strong><\/span><\/li>\n<\/ol>\n<p><span style=\"color: #000000;\">Ak\u0131ls\u0131z \u00e7o\u011ful isimlerin s\u0131fatlar\u0131 her zaman <strong>m\u00fcfret m\u00fchennes<\/strong> olur. Bu ilke, kelimenin bi\u00e7imsel \u00e7o\u011fullu\u011funa ra\u011fmen s\u0131fatlar\u0131n dildeki i\u015flevsel yap\u0131s\u0131n\u0131 vurgular: <em>Nazz\u00e2ratuh\u00fb\u2019l-kad\u00eemetu fid-durc<\/em> (Eski g\u00f6zl\u00fc\u011f\u00fc \u00e7ekmecededir).<\/span><\/p>\n<p><span style=\"color: #000000;\"><strong>Sonu\u00e7<\/strong><\/span><\/p>\n<p><span style=\"color: #000000;\">Bu seminer, Arap\u00e7ada zamire ba\u011flanm\u0131\u015f muzaaf isimlerin s\u0131fatla birlikte merf\u00fb h\u00e2lde kullan\u0131m\u0131 \u00fczerine yo\u011funla\u015farak, \u00f6\u011frencilerin dilsel \u00e7\u00f6z\u00fcmleme becerilerini art\u0131rmay\u0131 hedeflemi\u015ftir. C\u00fcmle \u00f6gelerinin do\u011fru tan\u0131mlanmas\u0131, s\u0131fat-mevs\u00fbf ili\u015fkilerinin anla\u015f\u0131lmas\u0131 ve ir\u00e2b kurallar\u0131n\u0131n kavranmas\u0131 konular\u0131nda kat\u0131l\u0131mc\u0131lara \u00e7ok say\u0131da \u00f6rnek ve uygulama sunulmu\u015ftur. B\u00f6ylece klasik Arap\u00e7a metinlerin okunmas\u0131 ve yorumlanmas\u0131nda \u00f6nemli bir a\u015fama olan bu yap\u0131lar, seminer sonunda daha kolay ve bilin\u00e7li bir \u015fekilde anla\u015f\u0131l\u0131r h\u00e2le getirilmi\u015ftir.<\/span><\/p>\n<p>&nbsp;<\/p>\n<p>&nbsp;<\/p>\n<p><span style=\"color: #000000;\"><strong>Purpose of the Seminar<\/strong><\/span><\/p>\n<p><span style=\"color: #000000;\">The seminar aimed to provide an in-depth analysis of nouns connected to pronouns (i.e., possessive constructs) when these nouns take adjectives (\u1e63if\u0101t) and appear in nominative (marf\u016b\u02bf) positions. The session sought to enhance learners\u2019 ability to parse and construct such phrases accurately within both nominal and verbal sentences, with attention to syntactic roles such as subject (mubtada\u02be), predicate (khabar), and subject of a verb (f\u0101\u02bfil).<\/span><\/p>\n<p><span style=\"color: #000000;\"><strong>Main Themes<\/strong><\/span><\/p>\n<ol>\n<li><span style=\"color: #000000;\"><strong> Agreement between the Attributive Noun and Adjective<\/strong><\/span><\/li>\n<\/ol>\n<p><span style=\"color: #000000;\">When a noun attached to a pronoun is modified by an adjective, the adjective must:<\/span><\/p>\n<ul>\n<li><span style=\"color: #000000;\">Follow the noun directly,<\/span><\/li>\n<li><span style=\"color: #000000;\">Match it in case, gender, and number, and<\/span><\/li>\n<li><span style=\"color: #000000;\">Carry the definite article \u201cal-\u201d, since the noun is considered definite due to the attached pronoun.<\/span><\/li>\n<\/ul>\n<ol start=\"2\">\n<li><span style=\"color: #000000;\"><strong> Nominative Contexts: Subject, Predicate, Agent<\/strong><\/span><\/li>\n<\/ol>\n<ul>\n<li><span style=\"color: #000000;\">As a subject (mubtada\u02be):<\/span><br \/>\n<span style=\"color: #000000;\"><em>Al-mudarrisu al-jad\u012bdu mi\u1e63riyyun<\/em> \u2013 \u201cOur new teacher is Egyptian.\u201d<\/span><\/li>\n<li><span style=\"color: #000000;\">As a predicate (khabar):<\/span><br \/>\n<span style=\"color: #000000;\"><em>H\u0101dh\u0101 al-mudarrisu al-jad\u012bdu<\/em> \u2013 \u201cThis is our new teacher.\u201d<\/span><\/li>\n<li><span style=\"color: #000000;\">As a verbal subject (f\u0101\u02bfil):<\/span><br \/>\n<span style=\"color: #000000;\"><em>M\u0101ta jaddatuhu al-mar\u012b<\/em><em>\u1e0datu<\/em> \u2013 \u201cHis ill grandmother passed away.\u201d<\/span><\/li>\n<\/ul>\n<ol start=\"3\">\n<li><span style=\"color: #000000;\"><strong> Estimated Case Endings (I<\/strong><strong>\u02bfr<\/strong><strong>\u0101b) and Adjective Concord<\/strong><\/span><\/li>\n<\/ol>\n<p><span style=\"color: #000000;\">When a noun is joined to a pronoun, its final case marking is typically not pronounced (taqd\u012br\u012b). Despite this, the adjective must appear in the appropriate case form.<\/span><br \/>\n<span style=\"color: #000000;\">Example:<\/span><br \/>\n<span style=\"color: #000000;\"><em>Bayt\u012b al-jad\u012bdu f\u012b <\/em><em>\u1e25ayy al-jumh\u016briyyah<\/em> \u2013 \u201cMy new house is in the Republic district.\u201d<\/span><\/p>\n<ol start=\"4\">\n<li><span style=\"color: #000000;\"><strong> Plural and Inanimate Structures<\/strong><\/span><\/li>\n<\/ol>\n<p><span style=\"color: #000000;\">Adjectives describing non-human plurals must follow the rule of feminine singular agreement even if the noun is morphologically plural.<\/span><br \/>\n<span style=\"color: #000000;\">Example:<\/span><br \/>\n<span style=\"color: #000000;\"><em>Nazz\u0101ratuhu al-qad\u012bmat\u016b f\u012b al-durj<\/em> \u2013 \u201cHis old glasses are in the drawer.\u201d<\/span><\/p>\n<p><span style=\"color: #000000;\"><strong>Conclusion<\/strong><\/span><\/p>\n<p><span style=\"color: #000000;\">This seminar offered a detailed overview of how to correctly structure nominative phrases involving possessive nouns and adjectives in Arabic. Through examples and targeted grammatical analysis, participants learned how to:<\/span><\/p>\n<ul>\n<li><span style=\"color: #000000;\">Apply <strong>a<\/strong>djective-noun agreement rules in definite constructs,<\/span><\/li>\n<li><span style=\"color: #000000;\">Identify correct syntactic functions of these structures in sentences,<\/span><\/li>\n<li><span style=\"color: #000000;\">Understand how invisible case endings still govern adjective form.<\/span><\/li>\n<\/ul>\n<p><span style=\"color: #000000;\">By the end of the session, learners developed greater fluency in both recognizing and producing such constructions, a vital competency for advanced reading and interpretation of classical Arabic texts.<\/span><\/p>\n<p>&nbsp;<\/p>\n","protected":false},"excerpt":{"rendered":"<p>ARAP\u00c7A II. SEV\u0130YE DERSLER\u0130 195. SEM\u0130NER \u00d6ZET\u0130 &nbsp; Seminerin Amac\u0131 [&hellip;]<\/p>\n","protected":false},"author":1,"featured_media":0,"parent":0,"menu_order":0,"comment_status":"closed","ping_status":"closed","template":"","meta":{"footnotes":""},"class_list":["post-6933","page","type-page","status-publish","hentry"],"jetpack_sharing_enabled":true,"_links":{"self":[{"href":"https:\/\/klasikdusunceokulu.com\/index.php\/wp-json\/wp\/v2\/pages\/6933","targetHints":{"allow":["GET"]}}],"collection":[{"href":"https:\/\/klasikdusunceokulu.com\/index.php\/wp-json\/wp\/v2\/pages"}],"about":[{"href":"https:\/\/klasikdusunceokulu.com\/index.php\/wp-json\/wp\/v2\/types\/page"}],"author":[{"embeddable":true,"href":"https:\/\/klasikdusunceokulu.com\/index.php\/wp-json\/wp\/v2\/users\/1"}],"replies":[{"embeddable":true,"href":"https:\/\/klasikdusunceokulu.com\/index.php\/wp-json\/wp\/v2\/comments?post=6933"}],"version-history":[{"count":1,"href":"https:\/\/klasikdusunceokulu.com\/index.php\/wp-json\/wp\/v2\/pages\/6933\/revisions"}],"predecessor-version":[{"id":6934,"href":"https:\/\/klasikdusunceokulu.com\/index.php\/wp-json\/wp\/v2\/pages\/6933\/revisions\/6934"}],"wp:attachment":[{"href":"https:\/\/klasikdusunceokulu.com\/index.php\/wp-json\/wp\/v2\/media?parent=6933"}],"curies":[{"name":"wp","href":"https:\/\/api.w.org\/{rel}","templated":true}]}}