{"id":6937,"date":"2025-08-16T14:36:35","date_gmt":"2025-08-16T11:36:35","guid":{"rendered":"https:\/\/klasikdusunceokulu.com\/?page_id=6937"},"modified":"2025-08-16T14:36:35","modified_gmt":"2025-08-16T11:36:35","slug":"arapca-ii-seviye-dersleri-197-seminer-ozeti","status":"publish","type":"page","link":"https:\/\/klasikdusunceokulu.com\/index.php\/arapca-ii-seviye-dersleri-197-seminer-ozeti\/","title":{"rendered":"ARAP\u00c7A II. SEV\u0130YE DERSLER\u0130 197. SEM\u0130NER \u00d6ZET\u0130"},"content":{"rendered":"<p><span style=\"color: #000000;\"><strong>ARAP\u00c7A II. SEV\u0130YE DERSLER\u0130 197. SEM\u0130NER \u00d6ZET\u0130<\/strong><\/span><\/p>\n<p><span style=\"color: #000000;\"><strong>Seminerin Amac\u0131<\/strong><\/span><\/p>\n<p><span style=\"color: #000000;\">Bu seminerin temel amac\u0131, klasik Arap\u00e7a dil bilgisi \u00e7er\u00e7evesinde zamire birle\u015fmi\u015f s\u0131fatl\u0131 muz\u00e2f\u0131n mecr\u00fbr kullan\u0131m\u0131n\u0131 sistematik bir \u015fekilde a\u00e7\u0131klamakt\u0131r. Kat\u0131l\u0131mc\u0131lar\u0131n, Arap\u00e7a&#8217;da isim tamlamalar\u0131 i\u00e7erisinde zamirlere muz\u00e2f olan kelimelerin s\u0131fatl\u0131 kullan\u0131mlar\u0131n\u0131 do\u011fru anlamalar\u0131 ve bu yap\u0131lar\u0131 hem anlam hem de irab y\u00f6n\u00fcnden do\u011fru analiz edebilmeleri hedeflenmi\u015ftir. Bu do\u011frultuda, hem harf-i cer sebebiyle hem de muz\u00e2fun ileyh konumundan kaynaklanan mecr\u00fbrluk durumlar\u0131 ayr\u0131nt\u0131l\u0131 olarak ele al\u0131nm\u0131\u015ft\u0131r.<\/span><\/p>\n<p><span style=\"color: #000000;\"><strong>\u00d6zet<\/strong><\/span><\/p>\n<p><span style=\"color: #000000;\">Seminer, zamire muz\u00e2f olan isimlerin s\u0131fatla birlikte c\u00fcmle i\u00e7erisinde mecr\u00fbr olarak nas\u0131l kullan\u0131ld\u0131\u011f\u0131n\u0131 \u00e7e\u015fitli \u00f6rnekler ve \u00e7\u00f6z\u00fcmlemeler \u00fczerinden a\u00e7\u0131klamaktad\u0131r. Dersin ba\u015f\u0131nda, mecr\u00fbrlu\u011fun iki temel sebebi olan harf-i cer ve muz\u00e2fun ileyh durumlar\u0131 hat\u0131rlat\u0131lm\u0131\u015f; ard\u0131ndan, s\u0131fatlar\u0131n mevsuflara uygun olarak marife-nekre, m\u00fczekker-m\u00fcennes ve merf\u00fb-mans\u00fbb-mecr\u00fbr uyumlar\u0131 \u00f6rneklerle peki\u015ftirilmi\u015ftir. Ders boyunca, fiil ve isim c\u00fcmlelerinde zamire ba\u011fl\u0131 muz\u00e2f yap\u0131lar\u0131n s\u0131fatla desteklenerek mecr\u00fbr bi\u00e7imde kullan\u0131lmas\u0131 detayland\u0131r\u0131lm\u0131\u015f, her \u00f6rnek c\u00fcmlede irab analizi yap\u0131lm\u0131\u015ft\u0131r.<\/span><\/p>\n<p><span style=\"color: #000000;\"><strong>Ana Temalar<\/strong><\/span><\/p>\n<ol>\n<li><span style=\"color: #000000;\"><strong>Zamire Muz\u00e2f Olan \u0130simlerin Mecr\u00fbr Olma Sebepleri:<\/strong><\/span>\n<ul>\n<li><span style=\"color: #000000;\">Harf-i cerden sonra gelmeleri<\/span><\/li>\n<li><span style=\"color: #000000;\">Muz\u00e2fun ileyh olarak kullan\u0131mlar\u0131<\/span><\/li>\n<\/ul>\n<\/li>\n<li><span style=\"color: #000000;\"><strong>S\u0131fat\u2013Mevsuf Uyumu:<\/strong><\/span>\n<ul>\n<li><span style=\"color: #000000;\">Cinsiyet, say\u0131, irab ve marifelik-nekrelik bak\u0131m\u0131ndan s\u0131fat\u0131n mevsufa uygunlu\u011fu<\/span><\/li>\n<\/ul>\n<\/li>\n<li><span style=\"color: #000000;\"><strong>Be\u015f \u0130sim (Esma-i Hamse) ve Mecb\u00fbr H\u00e2li:<\/strong><\/span>\n<ul>\n<li><span style=\"color: #000000;\">\u00d6zellikle &#8220;eh\u00ee&#8221;, &#8220;eb\u00ee&#8221;, &#8220;ham\u00ee&#8221; gibi \u00f6zel yap\u0131l\u0131 kelimelerde mecr\u00fbr h\u00e2lin ye harfiyle g\u00f6sterilmesi<\/span><\/li>\n<\/ul>\n<\/li>\n<li><span style=\"color: #000000;\"><strong>C\u00fcmle Analizleri ve \u0130rab Tahlilleri:<\/strong><\/span>\n<ul>\n<li><span style=\"color: #000000;\">\u00d6\u011frencilere hem gramatik hem anlamsal bak\u0131mdan analiz yapabilme becerisi kazand\u0131rmak<\/span><\/li>\n<li><span style=\"color: #000000;\">M\u00fcpteda\u2013haber, fiil\u2013fail\u2013mef&#8217;ul ili\u015fkileri \u00fczerinden c\u00fcmlelerin \u00e7\u00f6z\u00fcmlemesi<\/span><\/li>\n<\/ul>\n<\/li>\n<li><span style=\"color: #000000;\"><strong>S\u0131fat\u0131n C\u00fcmledeki Rol\u00fc:<\/strong><\/span>\n<ul>\n<li><span style=\"color: #000000;\">Marifelik aktar\u0131m\u0131 ve anlam g\u00fc\u00e7lendirme<\/span><\/li>\n<li><span style=\"color: #000000;\">S\u0131fat\u0131n irab\u0131n\u0131n, mevsufa g\u00f6re \u015fekillenmesi<\/span><\/li>\n<\/ul>\n<\/li>\n<li><span style=\"color: #000000;\"><strong>S\u0131kl\u0131kla Kar\u015f\u0131la\u015f\u0131lan Yap\u0131lar:<\/strong><\/span>\n<ul>\n<li><span style=\"color: #000000;\">Fiillerin sonuna biti\u015fik zamirle gelen mef\u2019ul yap\u0131lar\u0131<\/span><\/li>\n<li><span style=\"color: #000000;\">\u0130smi i\u015faret + muz\u00e2f + s\u0131fat \u00fc\u00e7l\u00fc yap\u0131lar\u0131<\/span><\/li>\n<\/ul>\n<\/li>\n<\/ol>\n<p><span style=\"color: #000000;\"><strong>Sonu\u00e7<\/strong><\/span><\/p>\n<p><span style=\"color: #000000;\">Bu seminerde kat\u0131l\u0131mc\u0131lar, Arap\u00e7a&#8217;da zamire muz\u00e2f olan s\u0131fatl\u0131 yap\u0131lar\u0131n mecr\u00fbr h\u00e2llerini \u00e7ok y\u00f6nl\u00fc olarak tan\u0131ma ve analiz etme becerisi kazanm\u0131\u015flard\u0131r. Hem klasik Arap\u00e7a metinlerin do\u011fru anla\u015f\u0131lmas\u0131 hem de kendi c\u00fcmlelerini do\u011fru kurabilme ad\u0131na bu yap\u0131lar\u0131n bilinmesi zaruridir. \u00d6zellikle mevsuf-s\u0131fat ili\u015fkilerinin do\u011fru kurulmas\u0131 ve irab uyumlar\u0131n\u0131n kavranmas\u0131 seminerin kazan\u0131mlar\u0131ndand\u0131r. Dersin sonunda yap\u0131lan al\u0131\u015ft\u0131rmalarla edinilen bilgiler peki\u015ftirilmi\u015f, klasik metin \u00e7\u00f6z\u00fcmlemelerine bir ad\u0131m daha yakla\u015f\u0131lm\u0131\u015ft\u0131r. Kat\u0131l\u0131mc\u0131lar, bu seminerle birlikte Arap\u00e7a\u2019da dil bilgisel b\u00fct\u00fcnl\u00fck kurma konusunda ileri d\u00fczey bir yetkinlik geli\u015ftirme yolunda \u00f6nemli bir a\u015fama kaydetmi\u015flerdir.<\/span><\/p>\n<p>&nbsp;<\/p>\n<p>&nbsp;<\/p>\n<p><span style=\"color: #000000;\"><strong>Purpose of the Seminar<\/strong><\/span><\/p>\n<p><span style=\"color: #000000;\">The primary objective of this seminar was to provide a comprehensive explanation of the genitive (majr\u016br) usage of attributive constructs (i\u1e0d\u0101fah) involving nouns attached to pronouns and followed by adjectives. It aimed to enhance learners\u2019 ability to identify, analyze, and correctly interpret such grammatical constructions, particularly in classical Arabic texts. Special attention was given to how these structures function under the influence of prepositions (\u1e25ur\u016bf al-jarr) and in i\u1e0d\u0101fah positions that inherently demand the genitive case.<\/span><\/p>\n<p><span style=\"color: #000000;\"><strong>Summary<\/strong><\/span><\/p>\n<p><span style=\"color: #000000;\">The seminar focused on how a noun connected to a pronoun becomes genitive either due to a preceding preposition or because it functions as the second term in an i\u1e0d\u0101fah construction. It also demonstrated how adjectives (\u1e63if\u0101t) follow these structures, matching the noun in case, gender, definiteness, and number. Numerous examples were discussed, each accompanied by detailed syntactic (\u02bei\u02bfr\u0101b) analysis. The lesson combined grammatical instruction with semantic comprehension, allowing learners to apply the rules in practical reading and sentence construction tasks.<\/span><\/p>\n<p><span style=\"color: #000000;\"><strong>Main Themes<\/strong><\/span><\/p>\n<ol>\n<li><span style=\"color: #000000;\"><strong>Sources of the Genitive Case:<\/strong><\/span>\n<ul>\n<li><span style=\"color: #000000;\">Caused by prepositions.<\/span><\/li>\n<li><span style=\"color: #000000;\">Resulting from being the mu\u1e0d\u0101f ilayh in an i\u1e0d\u0101fah construct.<\/span><\/li>\n<\/ul>\n<\/li>\n<li><span style=\"color: #000000;\"><strong>Adjective\u2013Noun Agreement:<\/strong><\/span>\n<ul>\n<li><span style=\"color: #000000;\">Full agreement in gender, number, definiteness, and case.<\/span><\/li>\n<li><span style=\"color: #000000;\">Adjective must come after the i\u1e0d\u0101fah construction.<\/span><\/li>\n<\/ul>\n<\/li>\n<li><span style=\"color: #000000;\"><strong>Special Case: The Five Nouns (al-asm\u0101<\/strong><strong>\u02be al-khamsa):<\/strong><\/span>\n<ul>\n<li><span style=\"color: #000000;\">Words like <em>ab\u012b<\/em>, <em>akh\u012b<\/em>, and <em>\u1e25am\u012b<\/em> appear with long vowels (y\u0101\u02be) in the genitive case.<\/span><\/li>\n<\/ul>\n<\/li>\n<li><span style=\"color: #000000;\"><strong>Syntactic and Semantic Analysis of Sample Sentences:<\/strong><\/span>\n<ul>\n<li><span style=\"color: #000000;\">Training in parsing nominal and verbal sentences with genitive structures.<\/span><\/li>\n<li><span style=\"color: #000000;\">Emphasis on the role of the adjective in conveying specificity and precision.<\/span><\/li>\n<\/ul>\n<\/li>\n<li><span style=\"color: #000000;\"><strong>Common Patterns and Misconceptions:<\/strong><\/span>\n<ul>\n<li><span style=\"color: #000000;\">Misplacement of adjectives before i\u1e0d\u0101fah breaks grammatical rules.<\/span><\/li>\n<li><span style=\"color: #000000;\">Adjectives must match the mu\u1e0d\u0101f, not the mu\u1e0d\u0101f ilayh.<\/span><\/li>\n<\/ul>\n<\/li>\n<li><span style=\"color: #000000;\"><strong>Applied Examples:<\/strong><\/span>\n<ul>\n<li><span style=\"color: #000000;\"><em>f\u012b baytih\u0101 al-jad\u012bd<\/em> \u2013 \u201cin her new house\u201d<\/span><\/li>\n<li><span style=\"color: #000000;\"><em>min akh\u012bhi al-mu<\/em><em>\u02bemin<\/em> \u2013 \u201cfrom his believing brother\u201d<\/span><\/li>\n<\/ul>\n<\/li>\n<\/ol>\n<p><span style=\"color: #000000;\"><strong>Conclusion<\/strong><\/span><\/p>\n<p><span style=\"color: #000000;\">By the end of the seminar, participants had developed a clear understanding of how to construct and interpret Arabic phrases where a possessive noun followed by an adjective is in the genitive case. The session deepened their grammatical insight into:<\/span><\/p>\n<ul>\n<li><span style=\"color: #000000;\">Adjective-noun concord within i\u1e0d\u0101fah constructs,<\/span><\/li>\n<li><span style=\"color: #000000;\">The impact of hidden (taqd\u012br\u012b) case endings due to attached pronouns,<\/span><\/li>\n<li><span style=\"color: #000000;\">Morphological adaptations specific to classical structures (e.g., five nouns).<\/span><\/li>\n<\/ul>\n<p><span style=\"color: #000000;\">This knowledge is crucial for accurately reading and analyzing classical Arabic literature and Qur\u2019anic syntax, and strengthens the foundation for advanced Arabic grammar proficiency.<\/span><\/p>\n<p>&nbsp;<\/p>\n","protected":false},"excerpt":{"rendered":"<p>ARAP\u00c7A II. SEV\u0130YE DERSLER\u0130 197. SEM\u0130NER \u00d6ZET\u0130 Seminerin Amac\u0131 Bu [&hellip;]<\/p>\n","protected":false},"author":1,"featured_media":0,"parent":0,"menu_order":0,"comment_status":"closed","ping_status":"closed","template":"","meta":{"footnotes":""},"class_list":["post-6937","page","type-page","status-publish","hentry"],"jetpack_sharing_enabled":true,"_links":{"self":[{"href":"https:\/\/klasikdusunceokulu.com\/index.php\/wp-json\/wp\/v2\/pages\/6937","targetHints":{"allow":["GET"]}}],"collection":[{"href":"https:\/\/klasikdusunceokulu.com\/index.php\/wp-json\/wp\/v2\/pages"}],"about":[{"href":"https:\/\/klasikdusunceokulu.com\/index.php\/wp-json\/wp\/v2\/types\/page"}],"author":[{"embeddable":true,"href":"https:\/\/klasikdusunceokulu.com\/index.php\/wp-json\/wp\/v2\/users\/1"}],"replies":[{"embeddable":true,"href":"https:\/\/klasikdusunceokulu.com\/index.php\/wp-json\/wp\/v2\/comments?post=6937"}],"version-history":[{"count":1,"href":"https:\/\/klasikdusunceokulu.com\/index.php\/wp-json\/wp\/v2\/pages\/6937\/revisions"}],"predecessor-version":[{"id":6938,"href":"https:\/\/klasikdusunceokulu.com\/index.php\/wp-json\/wp\/v2\/pages\/6937\/revisions\/6938"}],"wp:attachment":[{"href":"https:\/\/klasikdusunceokulu.com\/index.php\/wp-json\/wp\/v2\/media?parent=6937"}],"curies":[{"name":"wp","href":"https:\/\/api.w.org\/{rel}","templated":true}]}}