{"id":6941,"date":"2025-08-16T14:40:14","date_gmt":"2025-08-16T11:40:14","guid":{"rendered":"https:\/\/klasikdusunceokulu.com\/?page_id=6941"},"modified":"2025-08-16T14:43:11","modified_gmt":"2025-08-16T11:43:11","slug":"arapca-ii-seviye-dersleri-199-seminer-ozeti","status":"publish","type":"page","link":"https:\/\/klasikdusunceokulu.com\/index.php\/arapca-ii-seviye-dersleri-199-seminer-ozeti\/","title":{"rendered":"ARAP\u00c7A II. SEV\u0130YE DERSLER\u0130 199. SEM\u0130NER \u00d6ZET\u0130"},"content":{"rendered":"<p><span style=\"color: #000000;\"><strong>ARAP\u00c7A II. SEV\u0130YE DERSLER\u0130 199. SEM\u0130NER \u00d6ZET\u0130<\/strong><\/span><\/p>\n<p><span style=\"color: #000000;\"><strong>Seminerin Amac\u0131<\/strong><\/span><\/p>\n<p><span style=\"color: #000000;\">Bu seminerin temel amac\u0131, Arap\u00e7a&#8217;da olumsuz emir kipi olan \u201cNehy-i H\u00e2z\u0131r\u201d s\u00eeygas\u0131n\u0131n (kal\u0131b\u0131n\u0131n) farkl\u0131 \u015fah\u0131slara g\u00f6re \u00e7ekimini detayl\u0131 bi\u00e7imde \u00f6\u011fretmektir. \u00d6nceki derslerde yaln\u0131zca tekil erkek \u015fah\u0131s i\u00e7in ele al\u0131nan bu yap\u0131, bu seminerde iki ve \u00e7o\u011ful \u015fah\u0131slar ile kad\u0131n muhataplara y\u00f6nelik kullan\u0131m\u0131 da i\u00e7erecek \u015fekilde geni\u015fletilmi\u015ftir. Kat\u0131l\u0131mc\u0131lar\u0131n Arap\u00e7a fiil \u00e7ekimlerinde nahiv (sentaks) ve sarf (morfoloji) a\u00e7\u0131s\u0131ndan daha bilin\u00e7li ve do\u011fru kullan\u0131mlar elde etmesi hedeflenmi\u015ftir.<\/span><\/p>\n<p><span style=\"color: #000000;\"><strong>Ana Temalar<\/strong><\/span><\/p>\n<ol>\n<li><span style=\"color: #000000;\"><strong> Nehy-i H\u00e2z\u0131r ve &#8220;L\u00e2&#8221; Edat\u0131n\u0131n \u0130\u015flevi<\/strong><\/span><\/li>\n<\/ol>\n<p><span style=\"color: #000000;\">Seminer, olumsuz emir yap\u0131s\u0131nda kullan\u0131lan <strong>\u201c<\/strong>L\u00e2<strong>\u201d<\/strong> edat\u0131n\u0131n iki t\u00fcr\u00fc \u00fczerinde durmu\u015ftur:<\/span><\/p>\n<ul>\n<li><span style=\"color: #000000;\"><strong>L\u00e2 en-N\u00e2hiyye (yasaklama)<\/strong>: Fiil-i muz\u00e2r\u00eeyi cezmederek olumsuz emir yapar. (\u00d6rnek: <em>L\u00e2 tektub<\/em> \u2013 &#8220;Yazma.&#8221;)<\/span><\/li>\n<li><span style=\"color: #000000;\"><strong>L\u00e2 en-N\u00e2fiyye (olumsuzluk bildirimi)<\/strong>: Yaln\u0131zca anlam olarak olumsuzluk katar, fiilin yap\u0131s\u0131n\u0131 etkilemez.<\/span><\/li>\n<\/ul>\n<ol start=\"2\">\n<li><span style=\"color: #000000;\"><strong> Fiil-i Muz\u00e2r\u00ee&#8217;nin Cezmi ve Cezm Alametleri<\/strong><\/span><\/li>\n<\/ol>\n<ul>\n<li><span style=\"color: #000000;\">Cezim, genellikle nun harfinin d\u00fc\u015fmesi ya da s\u00fck\u00fbn ile sa\u011flan\u0131r.<\/span><\/li>\n<li><span style=\"color: #000000;\">Efal-i Hamse (Be\u015f Fiil) yap\u0131lar\u0131nda cezmedici edatlar geldi\u011finde son ek olan nun harfi d\u00fc\u015fer.<\/span><\/li>\n<li><span style=\"color: #000000;\">Mebni (sabit) fiillerde cezim alameti olmaz, ancak anlamdan olumsuzluk anla\u015f\u0131l\u0131r.<\/span><\/li>\n<\/ul>\n<ol start=\"3\">\n<li><span style=\"color: #000000;\"><strong> \u015eah\u0131slara G\u00f6re Nehy-i H\u00e2z\u0131r \u00c7ekimi<\/strong><\/span><\/li>\n<\/ol>\n<ul>\n<li><span style=\"color: #000000;\">T\u00fcm \u015fah\u0131slar i\u00e7in <em>olumsuz emir<\/em> \u00e7ekimi \u00f6rneklerle verilmi\u015ftir:<\/span>\n<ul>\n<li><span style=\"color: #000000;\"><em>L\u00e2 tanzur<\/em> \u2013 \u201cBakma\u201d (tekil erkek)<\/span><\/li>\n<li><span style=\"color: #000000;\"><em>L\u00e2 tanzur\u00e2<\/em> \u2013 \u201c\u0130kiniz bakmay\u0131n\u201d (ikil)<\/span><\/li>\n<li><span style=\"color: #000000;\"><em>L\u00e2 tanzur\u00fb<\/em> \u2013 \u201cSiz erkekler bakmay\u0131n\u201d (\u00e7o\u011ful erkek)<\/span><\/li>\n<li><span style=\"color: #000000;\"><em>L\u00e2 tanzur\u00ee<\/em> \u2013 \u201cSen kad\u0131n bakma\u201d (tekil kad\u0131n)<\/span><\/li>\n<li><span style=\"color: #000000;\"><em>L\u00e2 tanzurna<\/em> \u2013 \u201cSiz kad\u0131nlar bakmay\u0131n\u201d (\u00e7o\u011ful kad\u0131n)<\/span><\/li>\n<\/ul>\n<\/li>\n<\/ul>\n<ol start=\"4\">\n<li><span style=\"color: #000000;\"><strong> Fiiller \u00dczerinde Uygulamalar ve Pratikler<\/strong><\/span><\/li>\n<\/ol>\n<p><span style=\"color: #000000;\">Kat\u0131l\u0131mc\u0131lara \u00e7ok say\u0131da fiil (<em>celease, \u015feribe, dakala, rakada<\/em> vb.) ile \u00f6rnekler verilerek hem yaz\u0131l\u0131 hem s\u00f6zl\u00fc al\u0131\u015ft\u0131rmalar yap\u0131lm\u0131\u015ft\u0131r. Her fiilin hangi \u015fahsa hitap etti\u011finde nas\u0131l bir \u00e7ekim ald\u0131\u011f\u0131 vurgulanm\u0131\u015ft\u0131r.<\/span><\/p>\n<p><span style=\"color: #000000;\"><strong>Sonu\u00e7<\/strong><\/span><\/p>\n<p><span style=\"color: #000000;\">Bu seminerde, Nehy-i H\u00e2z\u0131r s\u00eeygas\u0131n\u0131n \u00e7ok \u00e7e\u015fitli gramer yap\u0131lar\u0131nda nas\u0131l do\u011fru bir \u015fekilde uygulanaca\u011f\u0131 g\u00f6sterilmi\u015ftir. Kat\u0131l\u0131mc\u0131lar:<\/span><\/p>\n<ul>\n<li><span style=\"color: #000000;\">Olumsuz emir kipini t\u00fcm \u015fah\u0131slar i\u00e7in \u00e7ekimleyebilir duruma gelmi\u015f,<\/span><\/li>\n<li><span style=\"color: #000000;\">Cezim ve mebni ayr\u0131m\u0131n\u0131 yapabilmi\u015f,<\/span><\/li>\n<li><span style=\"color: #000000;\">Fiil \u00e7ekimlerinde fail zamirlerinin rol\u00fcn\u00fc kavram\u0131\u015ft\u0131r.<\/span><\/li>\n<\/ul>\n<p><span style=\"color: #000000;\">Seminer, Arap\u00e7a \u00f6\u011frenicilerine, hem klasik hem de modern metinlerde do\u011fru olumsuz komut ifadeleri kurabilmeleri i\u00e7in sa\u011flam bir dilbilgisel temel kazand\u0131rm\u0131\u015ft\u0131r.<\/span><\/p>\n<p>&nbsp;<\/p>\n<p><span style=\"color: #000000;\"><strong>Purpose of the Seminar<\/strong><\/span><\/p>\n<p><span style=\"color: #000000;\">This seminar aimed to teach the comprehensive conjugation of the prohibitive form (Nahy al-\u1e24\u0101\u1e0dir) in Arabic, extending beyond the masculine singular form previously introduced. The lesson covered the full paradigm of second-person forms, including dual, plural, and feminine variants. The goal was to equip learners with accurate skills in both syntactic construction (na\u1e25w) and morphological form (\u1e63arf) when using negative imperatives across all relevant pronoun categories.<\/span><\/p>\n<p><span style=\"color: #000000;\"><strong>Main Themes<\/strong><\/span><\/p>\n<ol>\n<li><span style=\"color: #000000;\"><strong> Function of \u201cL\u0101\u201d in Prohibition<\/strong><\/span><\/li>\n<\/ol>\n<p><span style=\"color: #000000;\">The seminar distinguished between:<\/span><\/p>\n<ul>\n<li><span style=\"color: #000000;\"><strong>L\u0101 an-N\u0101hiyah<\/strong> (prohibitive \u201cl\u0101\u201d): Requires the following present tense verb to be in the jussive mood (majz\u016bm) and signifies a direct command not to act.<\/span><\/li>\n<li><span style=\"color: #000000;\"><strong>L\u0101 an-N\u0101fiyah (negating \u201cl\u0101\u201d): <\/strong>Denotes general negation without jussive consequences.<\/span><\/li>\n<\/ul>\n<ol start=\"2\">\n<li><span style=\"color: #000000;\"><strong> Jussive Mood and Markers<\/strong><\/span><\/li>\n<\/ol>\n<ul>\n<li><span style=\"color: #000000;\">The verb becomes majz\u016bm after \u201cl\u0101 an-n\u0101hiyah\u201d.<\/span><\/li>\n<li><span style=\"color: #000000;\">In regular verbs, this is shown with suk\u016bn on the final root letter.<\/span><\/li>\n<li><span style=\"color: #000000;\">For Af\u02bf\u0101l al-Khamsah (The Five Verbs), the jussive marker is the dropping of the final \u201cn\u016bn\u201d.<\/span><\/li>\n<li><span style=\"color: #000000;\">Verbs that are mabn\u012b (fixed forms) do not show visible jussive changes but are understood contextually.<\/span><\/li>\n<\/ul>\n<ol start=\"3\">\n<li><span style=\"color: #000000;\"><strong> Full Conjugation of the Negative Imperative<\/strong><\/span><\/li>\n<\/ol>\n<p><span style=\"color: #000000;\">The seminar systematically covered all second-person variants:<\/span><\/p>\n<ul>\n<li><span style=\"color: #000000;\"><em>L\u0101 tanzur<\/em> \u2013 \u201cDon\u2019t look\u201d (singular masculine)<\/span><\/li>\n<li><span style=\"color: #000000;\"><em>L\u0101 tanzur\u0101<\/em> \u2013 \u201cDon\u2019t (you two) look\u201d (dual)<\/span><\/li>\n<li><span style=\"color: #000000;\"><em>L\u0101 tanzur\u016b<\/em> \u2013 \u201cDon\u2019t (you all, masculine) look\u201d (plural masculine)<\/span><\/li>\n<li><span style=\"color: #000000;\"><em>L\u0101 tanzur\u012b<\/em> \u2013 \u201cDon\u2019t look\u201d (singular feminine)<\/span><\/li>\n<li><span style=\"color: #000000;\"><em>L\u0101 tanzurna<\/em> \u2013 \u201cDon\u2019t (you all, feminine) look\u201d (plural feminine)<\/span><\/li>\n<\/ul>\n<ol start=\"4\">\n<li><span style=\"color: #000000;\"><strong> Practice with Common Verbs<\/strong><\/span><\/li>\n<\/ol>\n<p><span style=\"color: #000000;\">Participants practiced conjugation with frequently used verbs like:<\/span><\/p>\n<ul>\n<li><span style=\"color: #000000;\"><em>jalasa<\/em> (to sit), <em>shariba<\/em> (to drink), <em>rakada<\/em> (to run), <em>dakhal<\/em> (to enter)<\/span><br \/>\n<span style=\"color: #000000;\">Each verb was conjugated in its appropriate prohibitive form across all relevant second-person variants.<\/span><\/li>\n<\/ul>\n<p><span style=\"color: #000000;\"><strong>Conclusion<\/strong><\/span><\/p>\n<p><span style=\"color: #000000;\">This seminar provided a structured and detailed approach to forming negative commands (Nahy al-\u1e24\u0101\u1e0dir) in Arabic, enabling learners to:<\/span><\/p>\n<ul>\n<li><span style=\"color: #000000;\">Accurately conjugate the prohibitive form for all second-person pronouns,<\/span><\/li>\n<li><span style=\"color: #000000;\">Apply jussive mood rules, including the dropping of \u201cn\u016bn\u201d in relevant forms,<\/span><\/li>\n<li><span style=\"color: #000000;\">Differentiate between visible and contextual jussive markings.<\/span><\/li>\n<\/ul>\n<p><span style=\"color: #000000;\">By mastering this form, participants advanced their ability to express commands and prohibitions precisely, a fundamental skill in both classical and modern Arabic communication.<\/span><\/p>\n<p>&nbsp;<\/p>\n","protected":false},"excerpt":{"rendered":"<p>ARAP\u00c7A II. SEV\u0130YE DERSLER\u0130 199. SEM\u0130NER \u00d6ZET\u0130 Seminerin Amac\u0131 Bu [&hellip;]<\/p>\n","protected":false},"author":1,"featured_media":0,"parent":0,"menu_order":0,"comment_status":"closed","ping_status":"closed","template":"","meta":{"footnotes":""},"class_list":["post-6941","page","type-page","status-publish","hentry"],"jetpack_sharing_enabled":true,"_links":{"self":[{"href":"https:\/\/klasikdusunceokulu.com\/index.php\/wp-json\/wp\/v2\/pages\/6941","targetHints":{"allow":["GET"]}}],"collection":[{"href":"https:\/\/klasikdusunceokulu.com\/index.php\/wp-json\/wp\/v2\/pages"}],"about":[{"href":"https:\/\/klasikdusunceokulu.com\/index.php\/wp-json\/wp\/v2\/types\/page"}],"author":[{"embeddable":true,"href":"https:\/\/klasikdusunceokulu.com\/index.php\/wp-json\/wp\/v2\/users\/1"}],"replies":[{"embeddable":true,"href":"https:\/\/klasikdusunceokulu.com\/index.php\/wp-json\/wp\/v2\/comments?post=6941"}],"version-history":[{"count":1,"href":"https:\/\/klasikdusunceokulu.com\/index.php\/wp-json\/wp\/v2\/pages\/6941\/revisions"}],"predecessor-version":[{"id":6942,"href":"https:\/\/klasikdusunceokulu.com\/index.php\/wp-json\/wp\/v2\/pages\/6941\/revisions\/6942"}],"wp:attachment":[{"href":"https:\/\/klasikdusunceokulu.com\/index.php\/wp-json\/wp\/v2\/media?parent=6941"}],"curies":[{"name":"wp","href":"https:\/\/api.w.org\/{rel}","templated":true}]}}