{"id":6946,"date":"2025-08-16T15:03:47","date_gmt":"2025-08-16T12:03:47","guid":{"rendered":"https:\/\/klasikdusunceokulu.com\/?page_id=6946"},"modified":"2025-08-16T15:03:47","modified_gmt":"2025-08-16T12:03:47","slug":"selami-varlik-ricoeur-ve-klasikleri-canlandirmak","status":"publish","type":"page","link":"https:\/\/klasikdusunceokulu.com\/index.php\/selami-varlik-ricoeur-ve-klasikleri-canlandirmak\/","title":{"rendered":"Selami Varl\u0131k, Ricoeur ve Klasikleri Canland\u0131rmak"},"content":{"rendered":"<p><a href=\"https:\/\/klasikdusunceokulu.com\/index.php\/selami-varlik-ricoeur-ve-klasikleri-canlandirmak-1-seminer-ozeti\/\"><span style=\"color: #3b5163;\"><strong>SELAM\u0130 VARLIK, R\u0130COEUR VE KLAS\u0130KLER\u0130 CANLANDIRMAK 1. SEM\u0130NER \u00d6ZET\u0130<\/strong><\/span><\/a><\/p>\n<p><a href=\"https:\/\/klasikdusunceokulu.com\/index.php\/selami-varlik-ricoeur-ve-klasikleri-canlandirmak-2-seminer-ozeti\/\"><span style=\"color: #3b5163;\"><strong>SELAM\u0130 VARLIK, R\u0130COEUR VE KLAS\u0130KLER\u0130 CANLANDIRMAK 2. SEM\u0130NER \u00d6ZET\u0130<\/strong><\/span><\/a><\/p>\n<p><a href=\"https:\/\/klasikdusunceokulu.com\/index.php\/selami-varlik-ricoeur-ve-klasikleri-canlandirmak-3-seminer-ozeti\/\"><span style=\"color: #3b5163;\"><strong>SELAM\u0130 VARLIK, R\u0130COEUR VE KLAS\u0130KLER\u0130 CANLANDIRMAK 3. SEM\u0130NER \u00d6ZET\u0130<\/strong><\/span><\/a><\/p>\n<p><a href=\"https:\/\/klasikdusunceokulu.com\/index.php\/selami-varlik-ricoeur-ve-klasikleri-canlandirmak-4-seminer-ozeti\/\"><span style=\"color: #3b5163;\"><strong>SELAM\u0130 VARLIK, R\u0130COEUR VE KLAS\u0130KLER\u0130 CANLANDIRMAK 4. SEM\u0130NER \u00d6ZET\u0130<\/strong><\/span><\/a><\/p>\n<p><a href=\"https:\/\/klasikdusunceokulu.com\/index.php\/selami-varlik-ricoeur-ve-klasikleri-canlandirmak-5-seminer-ozeti\/\"><span style=\"color: #3b5163;\"><strong>SELAM\u0130 VARLIK, R\u0130COEUR VE KLAS\u0130KLER\u0130 CANLANDIRMAK 5. SEM\u0130NER \u00d6ZET\u0130<\/strong><\/span><\/a><\/p>\n<p><a href=\"https:\/\/klasikdusunceokulu.com\/index.php\/selami-varlik-ricoeur-ve-klasikleri-canlandirmak-6-seminer-ozeti\/\"><span style=\"color: #3b5163;\"><strong>SELAM\u0130 VARLIK, R\u0130COEUR VE KLAS\u0130KLER\u0130 CANLANDIRMAK 6. SEM\u0130NER \u00d6ZET\u0130<\/strong><\/span><\/a><\/p>\n<p><a href=\"https:\/\/klasikdusunceokulu.com\/index.php\/selami-varlik-ricoeur-ve-klasikleri-canlandirmak-7-seminer-ozeti\/\"><span style=\"color: #3b5163;\"><strong>SELAM\u0130 VARLIK, R\u0130COEUR VE KLAS\u0130KLER\u0130 CANLANDIRMAK 7. SEM\u0130NER \u00d6ZET\u0130<\/strong><\/span><\/a><\/p>\n<p><a href=\"https:\/\/klasikdusunceokulu.com\/index.php\/selami-varlik-ricoeur-ve-klasikleri-canlandirmak-8-seminer-ozeti\/\"><span style=\"color: #3b5163;\"><strong>SELAM\u0130 VARLIK, R\u0130COEUR VE KLAS\u0130KLER\u0130 CANLANDIRMAK 8. SEM\u0130NER \u00d6ZET\u0130<\/strong><\/span><\/a><\/p>\n<p><a href=\"https:\/\/klasikdusunceokulu.com\/index.php\/selami-varlik-ricoeur-ve-klasikleri-canlandirmak-9-seminer-ozeti\/\"><span style=\"color: #3b5163;\"><strong>SELAM\u0130 VARLIK, R\u0130COEUR VE KLAS\u0130KLER\u0130 CANLANDIRMAK 9. SEM\u0130NER \u00d6ZET\u0130<\/strong><\/span><\/a><\/p>\n<p><a href=\"https:\/\/klasikdusunceokulu.com\/index.php\/selami-varlik-ricoeur-ve-klasikleri-canlandirmak-10-seminer-ozeti\/\"><span style=\"color: #3b5163;\"><strong>SELAM\u0130 VARLIK, R\u0130COEUR VE KLAS\u0130KLER\u0130 CANLANDIRMAK 10. SEM\u0130NER \u00d6ZET\u0130<\/strong><\/span><\/a><\/p>\n<p><a href=\"https:\/\/klasikdusunceokulu.com\/index.php\/selami-varlik-ricoeur-ve-klasikleri-canlandirmak-11-seminer-ozeti\/\"><span style=\"color: #3b5163;\"><strong>SELAM\u0130 VARLIK, R\u0130COEUR VE KLAS\u0130KLER\u0130 CANLANDIRMAK 11. SEM\u0130NER \u00d6ZET\u0130<\/strong><\/span><\/a><\/p>\n<p><a href=\"https:\/\/klasikdusunceokulu.com\/index.php\/selami-varlik-ricoeur-ve-klasikleri-canlandirmak-12-seminer-ozeti\/\"><span style=\"color: #3b5163;\"><strong>SELAM\u0130 VARLIK, R\u0130COEUR VE KLAS\u0130KLER\u0130 CANLANDIRMAK 12. SEM\u0130NER \u00d6ZET\u0130<\/strong><\/span><\/a><\/p>\n","protected":false},"excerpt":{"rendered":"<p>SELAM\u0130 VARLIK, R\u0130COEUR VE KLAS\u0130KLER\u0130 CANLANDIRMAK 1. SEM\u0130NER \u00d6ZET\u0130 SELAM\u0130 [&hellip;]<\/p>\n","protected":false},"author":1,"featured_media":0,"parent":0,"menu_order":0,"comment_status":"closed","ping_status":"closed","template":"","meta":{"footnotes":""},"class_list":["post-6946","page","type-page","status-publish","hentry"],"jetpack_sharing_enabled":true,"_links":{"self":[{"href":"https:\/\/klasikdusunceokulu.com\/index.php\/wp-json\/wp\/v2\/pages\/6946","targetHints":{"allow":["GET"]}}],"collection":[{"href":"https:\/\/klasikdusunceokulu.com\/index.php\/wp-json\/wp\/v2\/pages"}],"about":[{"href":"https:\/\/klasikdusunceokulu.com\/index.php\/wp-json\/wp\/v2\/types\/page"}],"author":[{"embeddable":true,"href":"https:\/\/klasikdusunceokulu.com\/index.php\/wp-json\/wp\/v2\/users\/1"}],"replies":[{"embeddable":true,"href":"https:\/\/klasikdusunceokulu.com\/index.php\/wp-json\/wp\/v2\/comments?post=6946"}],"version-history":[{"count":1,"href":"https:\/\/klasikdusunceokulu.com\/index.php\/wp-json\/wp\/v2\/pages\/6946\/revisions"}],"predecessor-version":[{"id":6972,"href":"https:\/\/klasikdusunceokulu.com\/index.php\/wp-json\/wp\/v2\/pages\/6946\/revisions\/6972"}],"wp:attachment":[{"href":"https:\/\/klasikdusunceokulu.com\/index.php\/wp-json\/wp\/v2\/media?parent=6946"}],"curies":[{"name":"wp","href":"https:\/\/api.w.org\/{rel}","templated":true}]}}