{"id":6949,"date":"2025-08-16T14:50:52","date_gmt":"2025-08-16T11:50:52","guid":{"rendered":"https:\/\/klasikdusunceokulu.com\/?page_id=6949"},"modified":"2025-08-16T14:50:52","modified_gmt":"2025-08-16T11:50:52","slug":"selami-varlik-ricoeur-ve-klasikleri-canlandirmak-2-seminer-ozeti","status":"publish","type":"page","link":"https:\/\/klasikdusunceokulu.com\/index.php\/selami-varlik-ricoeur-ve-klasikleri-canlandirmak-2-seminer-ozeti\/","title":{"rendered":"SELAM\u0130 VARLIK, R\u0130COEUR VE KLAS\u0130KLER\u0130 CANLANDIRMAK 2. SEM\u0130NER \u00d6ZET\u0130"},"content":{"rendered":"<p><span style=\"color: #000000;\"><strong>SELAM\u0130 VARLIK, R\u0130COEUR VE KLAS\u0130KLER\u0130 CANLANDIRMAK 2. SEM\u0130NER \u00d6ZET\u0130<\/strong><\/span><\/p>\n<p>&nbsp;<\/p>\n<p><span style=\"color: #000000;\"><strong>SEM\u0130NER\u0130N AMACI VE \u0130\u00c7ER\u0130\u011e\u0130<\/strong><\/span><\/p>\n<p><span style=\"color: #000000;\">Bu seminer, Paul Ricoeur\u2019\u00fcn hermeneutik d\u00fc\u015f\u00fcncesi \u00e7er\u00e7evesinde, felsefi kavramsal dilin ard\u0131ndaki varolu\u015fsal dinamikleri ortaya koymay\u0131 ama\u00e7lar. Selami Varl\u0131k, kavramlar\u0131n sadece soyut ve kuramsal yap\u0131lar olmad\u0131\u011f\u0131n\u0131; ayn\u0131 zamanda insan\u0131n varolu\u015fsal deneyiminden do\u011fdu\u011funu ileri s\u00fcrer. Klasik metinlerdeki kavramsal ifadelerin k\u00f6keninde \u00e7o\u011fu zaman ya\u015famla, \u00f6l\u00fcmle, ac\u0131yla, umutla ilgili temel insan\u00ee tecr\u00fcbeler yer al\u0131r. Seminer, bu nedenle kavramsal dili sadece mant\u0131ksal ya da sistematik bir \u00e7er\u00e7evede de\u011fil, ayn\u0131 zamanda duygusal ve varolu\u015fsal ba\u011flamda da ele al\u0131r. Metinleri yeniden canland\u0131rmak, bu derin k\u00f6kensel ba\u011flar\u0131 g\u00fcn y\u00fcz\u00fcne \u00e7\u0131karmaktan ge\u00e7er.<\/span><\/p>\n<p><span style=\"color: #000000;\"><strong>ANA TEMALAR<\/strong><\/span><\/p>\n<ol>\n<li><span style=\"color: #000000;\"><strong>Kavramlar\u0131n Ya\u015fanm\u0131\u015fl\u0131kla \u0130li\u015fkisi<\/strong><\/span><\/li>\n<\/ol>\n<p><span style=\"color: #000000;\">Ricoeur\u2019e g\u00f6re kavramlar, sadece tan\u0131mlay\u0131c\u0131 de\u011fil, ayn\u0131 zamanda deneyimsel bir temele dayan\u0131r. Felsefi kavramlar, insan\u0131n d\u00fcnyayla kurdu\u011fu varolu\u015fsal ili\u015fkiyi dile getirir.<\/span><\/p>\n<ol start=\"2\">\n<li><span style=\"color: #000000;\"><strong>Dil ve Tecr\u00fcbe Aras\u0131ndaki D\u00f6ng\u00fcsel \u0130li\u015fki<\/strong><\/span><\/li>\n<\/ol>\n<p><span style=\"color: #000000;\">Dil tecr\u00fcbeyi ifade ederken ayn\u0131 zamanda onu bi\u00e7imlendirir. Bu \u00e7er\u00e7evede kavramsal dil, tecr\u00fcbenin hem \u00fcr\u00fcn\u00fc hem de \u00fcreticisidir.<\/span><\/p>\n<ol start=\"3\">\n<li><span style=\"color: #000000;\"><strong>Simgesellik ve Anlat\u0131 Yap\u0131s\u0131<\/strong><\/span><\/li>\n<\/ol>\n<p><span style=\"color: #000000;\">Klasik metinlerde kavramsal d\u00fc\u015f\u00fcnce \u00e7o\u011fu zaman anlat\u0131lar ve imgelerle i\u00e7 i\u00e7edir. Simgesel anlat\u0131m, kavramlar\u0131n soyut yap\u0131s\u0131n\u0131 somut insan\u00ee tecr\u00fcbeyle ili\u015fkilendirir.<\/span><\/p>\n<ol start=\"4\">\n<li><span style=\"color: #000000;\"><strong>Yorumun Varolu\u015fsal Boyutu<\/strong><\/span><\/li>\n<\/ol>\n<p><span style=\"color: #000000;\">Yorum, sadece anlam\u0131 a\u00e7\u0131\u011fa \u00e7\u0131karmakla kalmaz; ayn\u0131 zamanda yorumcunun kendi varolu\u015funu da etkiler. Kavramsal dili anlamak, kendi ya\u015famsal deneyimlerimize d\u00f6nmeyi de gerektirir.<\/span><\/p>\n<ol start=\"5\">\n<li><span style=\"color: #000000;\"><strong>Kavram ve Metafor Aras\u0131ndaki Ge\u00e7i\u015fkenlik<\/strong><\/span><\/li>\n<\/ol>\n<p><span style=\"color: #000000;\">Ricoeur\u2019e g\u00f6re metafor, kavramsalla\u015fman\u0131n \u00f6n a\u015famas\u0131d\u0131r. Bu nedenle kavramsal d\u00fc\u015f\u00fcnce ile \u015fiirsel\/metaforik d\u00fc\u015f\u00fcnce aras\u0131nda s\u00fcrekli bir ge\u00e7i\u015f ve etkile\u015fim vard\u0131r.<\/span><\/p>\n<p><span style=\"color: #000000;\"><strong>SONU\u00c7<\/strong><\/span><\/p>\n<p><span style=\"color: #000000;\">Seminer, felsefi metinlerde yer alan kavramlar\u0131n arkas\u0131ndaki varolu\u015fsal tecr\u00fcbeleri a\u00e7\u0131\u011fa \u00e7\u0131kararak, klasik metinlerin bug\u00fcnk\u00fc okur a\u00e7\u0131s\u0131ndan daha canl\u0131 ve anlaml\u0131 k\u0131l\u0131nabilece\u011fini savunur. Kavramsal dilin, so\u011fuk ve mesafeli bir s\u00f6ylem de\u011fil; insani ac\u0131lar\u0131n, umutlar\u0131n ve aray\u0131\u015flar\u0131n yo\u011funla\u015ft\u0131\u011f\u0131 bir anlam alan\u0131 oldu\u011funu vurgular. Selami Varl\u0131k, Paul Ricoeur\u2019\u00fcn d\u00fc\u015f\u00fcncesini merkeze alarak, yorumcunun metni yeniden anlamland\u0131r\u0131rken ayn\u0131 zamanda kendi varolu\u015fsal k\u00f6kleriyle y\u00fczle\u015fti\u011fini ve klasiklerle kurulan ili\u015fkinin sadece akademik de\u011fil, derinlikli bir insan\u00ee etkile\u015fim oldu\u011funu g\u00f6sterir.<\/span><\/p>\n<p>&nbsp;<\/p>\n<p><span style=\"color: #000000;\"><strong>PURPOSE AND CONTENT OF THE SEMINAR<\/strong><\/span><\/p>\n<p><span style=\"color: #000000;\">This seminar examines the existential foundations behind philosophical conceptual language through the lens of Paul Ricoeur\u2019s hermeneutical philosophy. Selami Varl\u0131k argues that philosophical concepts are not merely abstract intellectual constructions, but are deeply rooted in lived human experience. Classical texts, especially in philosophy, often encode within their conceptual frameworks fundamental existential concerns such as death, suffering, hope, and meaning. Therefore, the seminar contends that to truly \u201crevitalize\u201d classical texts, interpreters must trace the existential origins of the language used, not treating concepts as lifeless labels but as condensed expressions of life-world experiences.<\/span><\/p>\n<p><span style=\"color: #000000;\"><strong>MAIN THEMES<\/strong><\/span><\/p>\n<ol>\n<li><span style=\"color: #000000;\"><strong>The Relationship Between Concepts and Lived Experience<\/strong><\/span><\/li>\n<\/ol>\n<p><span style=\"color: #000000;\">Drawing on Ricoeur, the seminar explores how concepts are not only definitions but responses to human existential realities. A philosophical term often reflects a struggle to articulate fundamental experiences such as loss, justice, or freedom.<\/span><\/p>\n<ol start=\"2\">\n<li><span style=\"color: #000000;\"><strong>The Circular Relationship Between Language and Experience<\/strong><\/span><\/li>\n<\/ol>\n<p><span style=\"color: #000000;\">Language shapes experience as much as it expresses it. Conceptual language emerges from experience, but once formed, it also influences how we perceive and structure that experience.<\/span><\/p>\n<ol start=\"3\">\n<li><span style=\"color: #000000;\"><strong>Symbolism and Narrative Structure<\/strong><\/span><\/li>\n<\/ol>\n<p><span style=\"color: #000000;\">Classical texts frequently mix conceptual discourse with narrative and symbolic expression. This interplay allows abstract ideas to be grounded in concrete human imagery and emotion.<\/span><\/p>\n<ol start=\"4\">\n<li><span style=\"color: #000000;\"><strong>The Existential Dimension of Interpretation<\/strong><\/span><\/li>\n<\/ol>\n<p><span style=\"color: #000000;\">Understanding philosophical language requires more than logical analysis; it calls for an interpretive openness to the lived reality behind the text. The act of interpretation becomes a site of personal reflection and existential involvement.<\/span><\/p>\n<ol start=\"5\">\n<li><span style=\"color: #000000;\"><strong>The Transition Between Metaphor and Concept<\/strong><\/span><\/li>\n<\/ol>\n<p><span style=\"color: #000000;\">According to Ricoeur, metaphor is often a precursor to concept formation. There is a continuous interaction between poetic, metaphorical thought and the formation of philosophical ideas.<\/span><\/p>\n<p><span style=\"color: #000000;\"><strong>CONCLUSION<\/strong><\/span><\/p>\n<p><span style=\"color: #000000;\">This seminar argues that revitalizing classical texts means reconnecting their conceptual language to the existential soil from which it grew. Conceptual language is not cold or detached\u2014it is saturated with human longing, anxiety, and aspiration. Through Ricoeur\u2019s insights, Selami Varl\u0131k shows that the interpreter, in engaging the classical text, is not only deciphering meaning but also encountering their own existential foundations. The relationship with the classics thus becomes more than an academic exercise\u2014it becomes a transformative engagement with the self through language.<\/span><\/p>\n<p>&nbsp;<\/p>\n","protected":false},"excerpt":{"rendered":"<p>SELAM\u0130 VARLIK, R\u0130COEUR VE KLAS\u0130KLER\u0130 CANLANDIRMAK 2. SEM\u0130NER \u00d6ZET\u0130 &nbsp; [&hellip;]<\/p>\n","protected":false},"author":1,"featured_media":0,"parent":0,"menu_order":0,"comment_status":"closed","ping_status":"closed","template":"","meta":{"footnotes":""},"class_list":["post-6949","page","type-page","status-publish","hentry"],"jetpack_sharing_enabled":true,"_links":{"self":[{"href":"https:\/\/klasikdusunceokulu.com\/index.php\/wp-json\/wp\/v2\/pages\/6949","targetHints":{"allow":["GET"]}}],"collection":[{"href":"https:\/\/klasikdusunceokulu.com\/index.php\/wp-json\/wp\/v2\/pages"}],"about":[{"href":"https:\/\/klasikdusunceokulu.com\/index.php\/wp-json\/wp\/v2\/types\/page"}],"author":[{"embeddable":true,"href":"https:\/\/klasikdusunceokulu.com\/index.php\/wp-json\/wp\/v2\/users\/1"}],"replies":[{"embeddable":true,"href":"https:\/\/klasikdusunceokulu.com\/index.php\/wp-json\/wp\/v2\/comments?post=6949"}],"version-history":[{"count":1,"href":"https:\/\/klasikdusunceokulu.com\/index.php\/wp-json\/wp\/v2\/pages\/6949\/revisions"}],"predecessor-version":[{"id":6950,"href":"https:\/\/klasikdusunceokulu.com\/index.php\/wp-json\/wp\/v2\/pages\/6949\/revisions\/6950"}],"wp:attachment":[{"href":"https:\/\/klasikdusunceokulu.com\/index.php\/wp-json\/wp\/v2\/media?parent=6949"}],"curies":[{"name":"wp","href":"https:\/\/api.w.org\/{rel}","templated":true}]}}