{"id":6953,"date":"2025-08-16T14:53:29","date_gmt":"2025-08-16T11:53:29","guid":{"rendered":"https:\/\/klasikdusunceokulu.com\/?page_id=6953"},"modified":"2025-08-16T14:53:29","modified_gmt":"2025-08-16T11:53:29","slug":"selami-varlik-ricoeur-ve-klasikleri-canlandirmak-4-seminer-ozeti","status":"publish","type":"page","link":"https:\/\/klasikdusunceokulu.com\/index.php\/selami-varlik-ricoeur-ve-klasikleri-canlandirmak-4-seminer-ozeti\/","title":{"rendered":"SELAM\u0130 VARLIK, R\u0130COEUR VE KLAS\u0130KLER\u0130 CANLANDIRMAK 4. SEM\u0130NER \u00d6ZET\u0130"},"content":{"rendered":"<p><span style=\"color: #000000;\"><strong>SELAM\u0130 VARLIK, R\u0130COEUR VE KLAS\u0130KLER\u0130 CANLANDIRMAK 4. SEM\u0130NER \u00d6ZET\u0130<\/strong><\/span><\/p>\n<p><span style=\"color: #000000;\"><strong>SEMINER\u0130N AMACI VE \u0130\u00c7ER\u0130\u011e\u0130<\/strong><\/span><\/p>\n<p><span style=\"color: #000000;\">Bu seminerin temel amac\u0131, klasik metinlerin yorumunda &#8220;nesnel anlam&#8221; ile &#8220;a\u015f\u0131r\u0131 yorum&#8221; aras\u0131ndaki s\u0131n\u0131rlar\u0131 Paul Ricoeur\u2019\u00fcn hermeneutik d\u00fc\u015f\u00fcncesi \u00e7er\u00e7evesinde tart\u0131\u015fmakt\u0131r. Selami Varl\u0131k, klasik metinlerin yeniden canland\u0131r\u0131lmas\u0131nda yorumun ka\u00e7\u0131n\u0131lmaz oldu\u011funu ancak bu yorumun keyf\u00eeli\u011fe d\u00f6n\u00fc\u015fmemesi i\u00e7in baz\u0131 ilkesel s\u0131n\u0131rlarla \u00e7evrilmesi gerekti\u011fini savunur. Ricoeur\u2019\u00fcn \u201canlam\u201d ile \u201cyorum\u201d ayr\u0131m\u0131na dayanan yakla\u015f\u0131m\u0131, metnin ta\u015f\u0131d\u0131\u011f\u0131 nesnel yap\u0131y\u0131 ink\u00e2r etmeden, okuyucunun aktif kat\u0131l\u0131m\u0131n\u0131 da g\u00f6z ard\u0131 etmeden yorumun me\u015fruiyet alanlar\u0131n\u0131 belirlemeye imk\u00e2n tan\u0131r. Bu ba\u011flamda seminer, metnin yap\u0131sal b\u00fct\u00fcnl\u00fc\u011f\u00fc ile yorumcunun yarat\u0131c\u0131 katk\u0131s\u0131 aras\u0131nda bir denge kurma gere\u011fini vurgular.<\/span><\/p>\n<p><span style=\"color: #000000;\"><strong>ANA TEMALAR<\/strong><\/span><\/p>\n<ol>\n<li><span style=\"color: #000000;\"><strong>Nesnel Anlam\u0131n Varl\u0131\u011f\u0131 ve \u00d6nemi<\/strong><\/span><\/li>\n<\/ol>\n<p><span style=\"color: #000000;\">Ricoeur\u2019e g\u00f6re metin, yazar\u0131ndan ba\u011f\u0131ms\u0131zla\u015ft\u0131\u011f\u0131nda bile belirli bir anlam yap\u0131s\u0131n\u0131 korur. Bu yap\u0131, yorumcunun her t\u00fcrl\u00fc yorumu yapabilmesini engelleyen bir s\u0131n\u0131r i\u015flevi g\u00f6r\u00fcr.<\/span><\/p>\n<ol start=\"2\">\n<li><span style=\"color: #000000;\"><strong>A\u015f\u0131r\u0131 Yorumun Tehlikeleri<\/strong><\/span><\/li>\n<\/ol>\n<p><span style=\"color: #000000;\">Metnin anlam yap\u0131s\u0131n\u0131 g\u00f6z ard\u0131 eden, onu tamamen okuyucunun niyet ve beklentilerine g\u00f6re \u015fekillendiren yorumlar \u201ca\u015f\u0131r\u0131 yorum\u201d olarak de\u011ferlendirilir. Bu t\u00fcr yakla\u015f\u0131mlar, metni ara\u00e7salla\u015ft\u0131rarak anlam\u0131 keyfile\u015ftirir.<\/span><\/p>\n<ol start=\"3\">\n<li><span style=\"color: #000000;\"><strong>Yorumun Me\u015fruiyet Alan\u0131<\/strong><\/span><\/li>\n<\/ol>\n<p><span style=\"color: #000000;\">Seminerde, yorumun hem metnin i\u00e7sel dinamiklerine hem de tarihsel ba\u011flam\u0131na dayanmas\u0131 gerekti\u011fi ifade edilir. Bu, yorumcuyu hem disipline eder hem de yarat\u0131c\u0131l\u0131\u011f\u0131n\u0131 y\u00f6nlendirir.<\/span><\/p>\n<ol start=\"4\">\n<li><span style=\"color: #000000;\"><strong>Metinle Diyalog Kurmak<\/strong><\/span><\/li>\n<\/ol>\n<p><span style=\"color: #000000;\">Yorum s\u00fcreci, metne kar\u015f\u0131 bir tahakk\u00fcm de\u011fil, onunla bir diyalog kurmakt\u0131r. Okuyucu, metne anlam y\u00fcklemek yerine, metnin y\u00f6nlendirdi\u011fi anlamlar\u0131 ke\u015ffetmeye \u00e7al\u0131\u015fmal\u0131d\u0131r.<\/span><\/p>\n<ol start=\"5\">\n<li><span style=\"color: #000000;\"><strong>Hermeneutik Adalet ve Sorumluluk<\/strong><\/span><\/li>\n<\/ol>\n<p><span style=\"color: #000000;\">Ricoeur\u2019\u00fcn yakla\u015f\u0131m\u0131, yorumun sadece entelekt\u00fcel de\u011fil ayn\u0131 zamanda etik bir faaliyet oldu\u011funu ileri s\u00fcrer. Metne ve geleneksel anlamlara adil davranmak, yorumcunun temel sorumlulu\u011fudur.<\/span><\/p>\n<p><span style=\"color: #000000;\"><strong>SONU\u00c7<\/strong><\/span><\/p>\n<p><span style=\"color: #000000;\">Seminer, klasik metinlerin yorumlanmas\u0131nda s\u0131n\u0131r tan\u0131mayan \u00f6znelcilik ile kat\u0131 metin feti\u015fizmi aras\u0131nda bir denge kurulmas\u0131 gerekti\u011fini savunur. Paul Ricoeur\u2019\u00fcn hermeneutik d\u00fc\u015f\u00fcncesi, bu dengeyi sa\u011flamak i\u00e7in g\u00fc\u00e7l\u00fc bir teorik zemin sunar. Selami Varl\u0131k\u2019a g\u00f6re, yorumcu metnin potansiyel anlam alanlar\u0131n\u0131 a\u00e7\u0131\u011fa \u00e7\u0131karmal\u0131, fakat bunu metnin yap\u0131sal ve tarihsel s\u0131n\u0131rlar\u0131na sayg\u0131 duyarak yapmal\u0131d\u0131r. B\u00f6ylece hem metne sadakat hem de yorum \u00f6zg\u00fcrl\u00fc\u011f\u00fc ayn\u0131 anda m\u00fcmk\u00fcn olur. Bu yakla\u015f\u0131m, klasik metinlerin hem g\u00fcncellik kazanmas\u0131na hem de tahrif edilmeden anla\u015f\u0131lmas\u0131na katk\u0131 sa\u011flar.<\/span><\/p>\n<p>&nbsp;<\/p>\n<p>&nbsp;<\/p>\n<p><span style=\"color: #000000;\"><strong>PURPOSE AND CONTENT OF THE SEMINAR<\/strong><\/span><\/p>\n<p><span style=\"color: #000000;\">This seminar explores the tension between objective meaning and overinterpretation in the reading of classical texts, using Paul Ricoeur\u2019s hermeneutical philosophy as a guiding framework. Selami Varl\u0131k aims to establish interpretive boundaries that protect the integrity of the text while still allowing for creative and contextual engagement. While acknowledging that interpretation is inevitable in any reading process, Varl\u0131k argues that not all interpretations are equally valid. Ricoeur\u2019s distinction between &#8220;meaning&#8221; and &#8220;interpretation&#8221; offers a path to balance: the text maintains a structural coherence that resists arbitrary impositions by the reader, yet simultaneously invites interpretive participation. The seminar ultimately seeks a method of reading that respects both the internal logic of the text and the situatedness of the interpreter.<\/span><\/p>\n<p><span style=\"color: #000000;\"><strong>MAIN THEMES<\/strong><\/span><\/p>\n<ol>\n<li><span style=\"color: #000000;\"><strong>The Reality and Relevance of Objective Meaning<\/strong><\/span><\/li>\n<\/ol>\n<p><span style=\"color: #000000;\">Ricoeur asserts that even after the text is detached from the author, it retains a structured meaning. This objective structure acts as a boundary that limits completely subjective or self-serving readings.<\/span><\/p>\n<ol start=\"2\">\n<li><span style=\"color: #000000;\"><strong>Dangers of Overinterpretation<\/strong><\/span><\/li>\n<\/ol>\n<p><span style=\"color: #000000;\">Interpretations that ignore the textual structure or historical context and project arbitrary meanings onto the text are seen as forms of overinterpretation. Such readings instrumentalize the text rather than illuminate it.<\/span><\/p>\n<ol start=\"3\">\n<li><span style=\"color: #000000;\"><strong>Legitimacy and Limits of Interpretation<\/strong><\/span><\/li>\n<\/ol>\n<p><span style=\"color: #000000;\">The seminar emphasizes that valid interpretation must be grounded in both the internal dynamics of the text and its broader historical or discursive context. This ensures interpretive rigor without suppressing creativity.<\/span><\/p>\n<ol start=\"4\">\n<li><span style=\"color: #000000;\"><strong>Dialogue with the Text<\/strong><\/span><\/li>\n<\/ol>\n<p><span style=\"color: #000000;\">Interpretation is not an act of domination over the text but a dialogical engagement with it. Readers should not impose meaning, but rather allow the text to guide them toward its potential horizons of meaning.<\/span><\/p>\n<ol start=\"5\">\n<li><span style=\"color: #000000;\"><strong>Hermeneutic Justice and Ethical Responsibility<\/strong><\/span><\/li>\n<\/ol>\n<p><span style=\"color: #000000;\">Ricoeur views interpretation as an ethical act. The interpreter has a duty to remain faithful to the text\u2019s complexity and its traditional interpretations, ensuring fairness in the treatment of inherited meaning.<\/span><\/p>\n<p><span style=\"color: #000000;\"><strong>CONCLUSION<\/strong><\/span><\/p>\n<p><span style=\"color: #000000;\">This seminar advocates a middle path between two extremes: total subjectivism, which reduces the text to the reader\u2019s whims, and rigid textualism, which denies the reader\u2019s role altogether. Paul Ricoeur\u2019s hermeneutic theory provides the intellectual framework to mediate this tension. According to Selami Varl\u0131k, classical texts can be revitalized through interpretation, but only when the interpreter acts with fidelity to the text\u2019s structure and sensitivity to its historical embeddedness. Such an approach allows for both interpretive freedom and textual integrity\u2014reviving classical works without distorting them.<\/span><\/p>\n<p>&nbsp;<\/p>\n<p>&nbsp;<\/p>\n","protected":false},"excerpt":{"rendered":"<p>SELAM\u0130 VARLIK, R\u0130COEUR VE KLAS\u0130KLER\u0130 CANLANDIRMAK 4. SEM\u0130NER \u00d6ZET\u0130 SEMINER\u0130N [&hellip;]<\/p>\n","protected":false},"author":1,"featured_media":0,"parent":0,"menu_order":0,"comment_status":"closed","ping_status":"closed","template":"","meta":{"footnotes":""},"class_list":["post-6953","page","type-page","status-publish","hentry"],"jetpack_sharing_enabled":true,"_links":{"self":[{"href":"https:\/\/klasikdusunceokulu.com\/index.php\/wp-json\/wp\/v2\/pages\/6953","targetHints":{"allow":["GET"]}}],"collection":[{"href":"https:\/\/klasikdusunceokulu.com\/index.php\/wp-json\/wp\/v2\/pages"}],"about":[{"href":"https:\/\/klasikdusunceokulu.com\/index.php\/wp-json\/wp\/v2\/types\/page"}],"author":[{"embeddable":true,"href":"https:\/\/klasikdusunceokulu.com\/index.php\/wp-json\/wp\/v2\/users\/1"}],"replies":[{"embeddable":true,"href":"https:\/\/klasikdusunceokulu.com\/index.php\/wp-json\/wp\/v2\/comments?post=6953"}],"version-history":[{"count":1,"href":"https:\/\/klasikdusunceokulu.com\/index.php\/wp-json\/wp\/v2\/pages\/6953\/revisions"}],"predecessor-version":[{"id":6954,"href":"https:\/\/klasikdusunceokulu.com\/index.php\/wp-json\/wp\/v2\/pages\/6953\/revisions\/6954"}],"wp:attachment":[{"href":"https:\/\/klasikdusunceokulu.com\/index.php\/wp-json\/wp\/v2\/media?parent=6953"}],"curies":[{"name":"wp","href":"https:\/\/api.w.org\/{rel}","templated":true}]}}