{"id":6963,"date":"2025-08-16T14:59:11","date_gmt":"2025-08-16T11:59:11","guid":{"rendered":"https:\/\/klasikdusunceokulu.com\/?page_id=6963"},"modified":"2025-08-16T14:59:11","modified_gmt":"2025-08-16T11:59:11","slug":"selami-varlik-ricoeur-ve-klasikleri-canlandirmak-9-seminer-ozeti","status":"publish","type":"page","link":"https:\/\/klasikdusunceokulu.com\/index.php\/selami-varlik-ricoeur-ve-klasikleri-canlandirmak-9-seminer-ozeti\/","title":{"rendered":"SELAM\u0130 VARLIK, R\u0130COEUR VE KLAS\u0130KLER\u0130 CANLANDIRMAK 9. SEM\u0130NER \u00d6ZET\u0130"},"content":{"rendered":"<p><span style=\"color: #000000;\"><strong>SELAM\u0130 VARLIK, R\u0130COEUR VE KLAS\u0130KLER\u0130 CANLANDIRMAK 9. SEM\u0130NER \u00d6ZET\u0130<\/strong><\/span><\/p>\n<p><span style=\"color: #000000;\"><strong>SEM\u0130NER\u0130N AMACI VE \u0130\u00c7ER\u0130\u011e\u0130<\/strong><\/span><\/p>\n<p><span style=\"color: #000000;\">Bu seminerin temel amac\u0131, klasik metinleri \u00e7a\u011fda\u015f bir ba\u011flamda yeniden anlamland\u0131rman\u0131n teorik imkanlar\u0131n\u0131 Paul Ricoeur\u2019\u00fcn yorum kuram\u0131 \u00e7er\u00e7evesinde tart\u0131\u015fmakt\u0131r. Selami Varl\u0131k, klasik metinlerin sadece ge\u00e7mi\u015fe ait donmu\u015f yap\u0131lar olmad\u0131\u011f\u0131n\u0131, aksine dinamik birer anlam potansiyeli ta\u015f\u0131d\u0131\u011f\u0131n\u0131 savunur. Bu dinamiklik, metnin kendi i\u00e7sel hareketlili\u011finden kaynaklan\u0131r. Metinler, yazar\u0131n niyetinden ba\u011f\u0131ms\u0131zla\u015farak otonom bir yap\u0131ya kavu\u015fur ve okura yeniden in\u015fa edilebilir anlam yollar\u0131 sunar. Seminerde, bu yeniden in\u015fa s\u00fcrecinin, hem keyfi yorumlardan ka\u00e7\u0131nan hem de metne sad\u0131k kalan bir &#8220;canland\u0131rma&#8221; faaliyeti oldu\u011fu vurgulan\u0131r.<\/span><\/p>\n<p><span style=\"color: #000000;\"><strong>ANA TEMALAR<\/strong><\/span><\/p>\n<ol>\n<li><span style=\"color: #000000;\"><strong>Metnin \u0130\u00e7sel Hareketlili\u011fi ve Canl\u0131l\u0131\u011f\u0131<\/strong><\/span><\/li>\n<\/ol>\n<p><span style=\"color: #000000;\">Ricoeur\u2019e g\u00f6re metin, bir organizma gibi kendi i\u00e7inde i\u015fleyen bir yap\u0131ya sahiptir. Yazar\u0131n niyetinden ba\u011f\u0131ms\u0131z olarak hareket eden bu yap\u0131, okurun aktif kat\u0131l\u0131m\u0131yla yeni anlamlara y\u00f6nelir.<\/span><\/p>\n<ol start=\"2\">\n<li><span style=\"color: #000000;\"><strong>Hermeneutik Daire ve Par\u00e7a-B\u00fct\u00fcn \u0130li\u015fkisi<\/strong><\/span><\/li>\n<\/ol>\n<p><span style=\"color: #000000;\">Metnin anlam\u0131, par\u00e7alar ve b\u00fct\u00fcn aras\u0131ndaki kar\u015f\u0131l\u0131kl\u0131 etkile\u015fimle \u015fekillenir. Okur, her par\u00e7ada b\u00fct\u00fcn\u00fc yeniden kurgular; bu s\u00fcre\u00e7 ilerledik\u00e7e par\u00e7alara dair anlay\u0131\u015f\u0131 da d\u00f6n\u00fc\u015f\u00fcr.<\/span><\/p>\n<ol start=\"3\">\n<li><span style=\"color: #000000;\"><strong>Temell\u00fck ve Disorientation-Reorientation<\/strong><\/span><\/li>\n<\/ol>\n<p><span style=\"color: #000000;\">Metin, okuru \u015fa\u015f\u0131rtarak onu kendi d\u00fcnyas\u0131ndan \u00e7\u0131kar\u0131r (&#8220;disorientation&#8221;) ve yeni bir anlama y\u00f6nlendirir (&#8220;reorientation&#8221;). Bu s\u00fcre\u00e7, okurun anlam\u0131 metne dayatmas\u0131ndan \u00e7ok, metnin y\u00f6n verdi\u011fi bir anlam\u0131 ke\u015ffetmesi \u015feklinde i\u015fler.<\/span><\/p>\n<ol start=\"4\">\n<li><span style=\"color: #000000;\"><strong>Yorumlama S\u0131n\u0131rlar\u0131 ve A\u015f\u0131r\u0131 Yorum Riski<\/strong><\/span><\/li>\n<\/ol>\n<p><span style=\"color: #000000;\">Yorumun keyfi bir \u015fekilde metne d\u0131\u015fsal anlamlar y\u00fcklemesinin \u00f6n\u00fcne ge\u00e7mek i\u00e7in, metnin i\u00e7sel dinamikleri kadar, tarihsel yorumlama gelenekleri de dikkate al\u0131nmal\u0131d\u0131r.<\/span><\/p>\n<ol start=\"5\">\n<li><span style=\"color: #000000;\"><strong>Sistem ve Sistematiklik Ayr\u0131m\u0131<\/strong><\/span><\/li>\n<\/ol>\n<p><span style=\"color: #000000;\">Varl\u0131k, Ricoeur\u2019\u00fc takip ederek &#8220;sistem&#8221;i dura\u011fan bir yap\u0131, &#8220;sistematiklik&#8221;i ise canl\u0131 ve a\u00e7\u0131k bir yap\u0131land\u0131rma s\u00fcreci olarak ele al\u0131r. Bu ba\u011flamda klasik metinler, sabit sistemler de\u011fil, sistematiklik potansiyeli ta\u015f\u0131yan yap\u0131land\u0131rmalard\u0131r.<\/span><\/p>\n<p><span style=\"color: #000000;\"><strong>SONU\u00c7<\/strong><\/span><\/p>\n<p><span style=\"color: #000000;\">Bu seminer, klasik metinlerin \u00e7a\u011fda\u015f yorumla nas\u0131l canl\u0131 tutulabilece\u011fini, fakat bunun ne \u00f6l\u00e7\u00fcde metnin kendisine sad\u0131k kal\u0131narak yap\u0131labilece\u011fini sorgular. Ricoeur\u2019\u00fcn kuramsal \u00e7er\u00e7evesi do\u011frultusunda geli\u015ftirilen yakla\u015f\u0131m, klasiklerin sadece ge\u00e7mi\u015fe ait de\u011fil, bug\u00fcne ve gelece\u011fe dair anlamlar da ta\u015f\u0131yabilece\u011fini g\u00f6sterir. Ancak bu anlamlar, hem metnin i\u00e7sel yap\u0131s\u0131na sad\u0131k kalmal\u0131, hem de okurun anlam verme eylemini disipline edecek s\u0131n\u0131rlarla belirlenmelidir. B\u00f6ylece yorumlama, metne sadakat ile yarat\u0131c\u0131 anlam \u00fcretimi aras\u0131nda bir denge kurar. Bu ba\u011flamda seminer, \u00f6zellikle \u0130slam felsefesi gibi k\u00f6kl\u00fc geleneklerde klasik metinlerin bug\u00fcnk\u00fc sorunlara cevap verebilecek \u015fekilde nas\u0131l canland\u0131r\u0131labilece\u011fine dair \u00f6zg\u00fcn ve derinlikli bir perspektif sunar.<\/span><\/p>\n<p>&nbsp;<\/p>\n<p><span style=\"color: #000000;\"><strong>PURPOSE AND CONTENT OF THE SEMINAR<\/strong><\/span><\/p>\n<p><span style=\"color: #000000;\">The main purpose of this seminar is to explore how classical texts can be meaningfully reinterpreted and revitalized in a contemporary context through the hermeneutical framework of Paul Ricoeur. Selami Varl\u0131k argues that classical texts are not frozen or static entities of the past, but rather dynamic structures capable of generating new meanings. This vitality stems from what Ricoeur calls the &#8220;inner dynamism&#8221; of the text\u2014its capacity to act like a living organism, independent from the author\u2019s original intention. The seminar investigates how the act of interpretation becomes a creative process of reconfiguration, yet one that must remain faithful to the internal structure and coherence of the text.<\/span><\/p>\n<p><span style=\"color: #000000;\"><strong>MAIN THEMES<\/strong><\/span><\/p>\n<ol>\n<li><span style=\"color: #000000;\"><strong>The Inner Activity of the Text<\/strong><\/span><\/li>\n<\/ol>\n<p><span style=\"color: #000000;\">Ricoeur conceptualizes the text as a living, self-operating system that distances itself from the author\u2019s intent and acquires a form of autonomy. This allows the text to offer multiple interpretive pathways without collapsing into subjective relativism.<\/span><\/p>\n<ol start=\"2\">\n<li><span style=\"color: #000000;\"><strong>Hermeneutic Circle and Part-Whole Dynamics<\/strong><\/span><\/li>\n<\/ol>\n<p><span style=\"color: #000000;\">A central focus of the seminar is the hermeneutic circle\u2014the mutual interplay between parts and the whole of a text. As readers engage with individual sections, they continually revise their understanding of the whole, which in turn reshapes the interpretation of each part.<\/span><\/p>\n<ol start=\"3\">\n<li><span style=\"color: #000000;\"><strong>Appropriation, Disorientation, and Reorientation<\/strong><\/span><\/li>\n<\/ol>\n<p><span style=\"color: #000000;\">Interpretation is not a passive reception but an active appropriation. The reader must first be \u201cdisoriented\u201d by the text\u2014moved out of their conceptual comfort zone\u2014so that the text can then reorient them toward a deeper understanding. This ensures that meaning arises from within the text\u2019s own directionality.<\/span><\/p>\n<ol start=\"4\">\n<li><span style=\"color: #000000;\"><strong>Limits of Interpretation and the Risk of Overinterpretation<\/strong><\/span><\/li>\n<\/ol>\n<p><span style=\"color: #000000;\">While Ricoeur defends innovative readings, he insists that these must arise from the structure and inner activity of the text itself\u2014not from arbitrary projection by the reader. Respect for the tradition of past interpretations helps preserve this balance.<\/span><\/p>\n<ol start=\"5\">\n<li><span style=\"color: #000000;\"><strong>System vs. Systematicity<\/strong><\/span><\/li>\n<\/ol>\n<p><span style=\"color: #000000;\">A distinction is drawn between a fixed \u201csystem\u201d and an evolving \u201csystematicity.\u201d The former refers to a closed theoretical framework; the latter, to a living process of ongoing structural development. Classical texts, then, are not systems to be rigidly preserved, but systematic networks that invite thoughtful extension.<\/span><\/p>\n<p><span style=\"color: #000000;\"><strong>CONCLUSION<\/strong><\/span><\/p>\n<p><span style=\"color: #000000;\">The seminar presents a compelling vision of how classical texts, especially within philosophical and theological traditions, can remain relevant in modern contexts. Ricoeur\u2019s hermeneutics provides a method to engage with these texts creatively yet responsibly\u2014revitalizing their meaning without distorting their integrity. By affirming the text\u2019s internal vitality and dialogical potential, the reader becomes a co-participant in the unfolding of meaning. This dynamic balance between interpretive innovation and textual fidelity offers a nuanced path forward for engaging with intellectual heritage in a living, critical, and transformative manner.<\/span><\/p>\n<p>&nbsp;<\/p>\n","protected":false},"excerpt":{"rendered":"<p>SELAM\u0130 VARLIK, R\u0130COEUR VE KLAS\u0130KLER\u0130 CANLANDIRMAK 9. SEM\u0130NER \u00d6ZET\u0130 SEM\u0130NER\u0130N [&hellip;]<\/p>\n","protected":false},"author":1,"featured_media":0,"parent":0,"menu_order":0,"comment_status":"closed","ping_status":"closed","template":"","meta":{"footnotes":""},"class_list":["post-6963","page","type-page","status-publish","hentry"],"jetpack_sharing_enabled":true,"_links":{"self":[{"href":"https:\/\/klasikdusunceokulu.com\/index.php\/wp-json\/wp\/v2\/pages\/6963","targetHints":{"allow":["GET"]}}],"collection":[{"href":"https:\/\/klasikdusunceokulu.com\/index.php\/wp-json\/wp\/v2\/pages"}],"about":[{"href":"https:\/\/klasikdusunceokulu.com\/index.php\/wp-json\/wp\/v2\/types\/page"}],"author":[{"embeddable":true,"href":"https:\/\/klasikdusunceokulu.com\/index.php\/wp-json\/wp\/v2\/users\/1"}],"replies":[{"embeddable":true,"href":"https:\/\/klasikdusunceokulu.com\/index.php\/wp-json\/wp\/v2\/comments?post=6963"}],"version-history":[{"count":2,"href":"https:\/\/klasikdusunceokulu.com\/index.php\/wp-json\/wp\/v2\/pages\/6963\/revisions"}],"predecessor-version":[{"id":6965,"href":"https:\/\/klasikdusunceokulu.com\/index.php\/wp-json\/wp\/v2\/pages\/6963\/revisions\/6965"}],"wp:attachment":[{"href":"https:\/\/klasikdusunceokulu.com\/index.php\/wp-json\/wp\/v2\/media?parent=6963"}],"curies":[{"name":"wp","href":"https:\/\/api.w.org\/{rel}","templated":true}]}}