{"id":6980,"date":"2025-10-26T21:23:13","date_gmt":"2025-10-26T18:23:13","guid":{"rendered":"https:\/\/klasikdusunceokulu.com\/?page_id=6980"},"modified":"2025-10-26T21:23:13","modified_gmt":"2025-10-26T18:23:13","slug":"arapca-i-seviye-dersleri-2-seminer-ozeti","status":"publish","type":"page","link":"https:\/\/klasikdusunceokulu.com\/index.php\/arapca-i-seviye-dersleri-2-seminer-ozeti\/","title":{"rendered":"ARAP\u00c7A I. SEV\u0130YE DERSLER\u0130 2. SEM\u0130NER \u00d6ZET\u0130"},"content":{"rendered":"<p><span style=\"color: #000000;\"><strong>ARAP\u00c7A I. SEV\u0130YE DERSLER\u0130 2. SEM\u0130NER \u00d6ZET\u0130<\/strong><\/span><\/p>\n<p>&nbsp;<\/p>\n<p><span style=\"color: #000000;\"><strong>Seminerin Amac\u0131 ve \u00d6zeti<\/strong><\/span><\/p>\n<p><span style=\"color: #000000;\">Bu seminerin temel amac\u0131, kat\u0131l\u0131mc\u0131lar\u0131n Arap\u00e7adan T\u00fcrk\u00e7eye ge\u00e7mi\u015f kelimelere dair fark\u0131ndal\u0131k kazanmalar\u0131n\u0131 sa\u011flamak ve bu kelimelerin do\u011fru telaffuzunu Arap\u00e7a foneti\u011fi \u00e7er\u00e7evesinde ele almakt\u0131r. T\u00fcrk\u00e7ede binlerce Arap\u00e7a k\u00f6kenli kelime bulunmakta ve bu durum, Arap\u00e7a \u00f6\u011frenenler i\u00e7in \u00f6nemli bir avantaj te\u015fkil etmektedir. Ancak, bu kelimeler T\u00fcrk\u00e7eye aktar\u0131l\u0131rken fonetik, harf yap\u0131s\u0131 ve telaffuz bak\u0131m\u0131ndan baz\u0131 de\u011fi\u015fimlere u\u011fram\u0131\u015f, bu da \u00f6\u011frencilerin Arap\u00e7a as\u0131ll\u0131 kelimeleri yanl\u0131\u015f telaffuz etmelerine yol a\u00e7m\u0131\u015ft\u0131r.<\/span><\/p>\n<p><span style=\"color: #000000;\"><strong>Ana Temalar<\/strong><\/span><\/p>\n<ol>\n<li><span style=\"color: #000000;\"><strong> Telaffuz ve Harf Kar\u015f\u0131l\u0131klar\u0131<\/strong><\/span><\/li>\n<\/ol>\n<p><span style=\"color: #000000;\">Seminerde, Arap harflerinin T\u00fcrk alfabesindeki kar\u015f\u0131l\u0131klar\u0131 detayl\u0131 bi\u00e7imde incelenmi\u015f ve bu harflerin sesletim farkl\u0131l\u0131klar\u0131na dikkat \u00e7ekilmi\u015ftir. Arap\u00e7adaki &#8220;\u0639&#8221;, &#8220;\u062d&#8221;, &#8220;\u0635&#8221;, &#8220;\u0636&#8221;, &#8220;\u0638&#8221; gibi harflerin T\u00fcrk\u00e7ede birebir kar\u015f\u0131l\u0131\u011f\u0131 olmad\u0131\u011f\u0131ndan dolay\u0131, bu harflerle ba\u015flayan ya da i\u00e7inde ge\u00e7en kelimelerin do\u011fru okunabilmesi i\u00e7in Arap foneti\u011finin \u00f6\u011frenilmesi gerekti\u011fi vurgulanm\u0131\u015ft\u0131r.<\/span><\/p>\n<ol start=\"2\">\n<li><span style=\"color: #000000;\"><strong> S\u00f6zc\u00fck \u00d6rnekleri \u00dczerinden \u0130nceleme<\/strong><\/span><\/li>\n<\/ol>\n<p><span style=\"color: #000000;\">Kat\u0131l\u0131mc\u0131lara, T\u00fcrk\u00e7ede g\u00fcnl\u00fck olarak kullan\u0131lan bir\u00e7ok Arap\u00e7a k\u00f6kenli kelime \u00f6rneklerle sunulmu\u015f, bu kelimelerin Arap\u00e7a yaz\u0131m\u0131 ve do\u011fru telaffuzlar\u0131 \u00fczerinde durulmu\u015ftur. \u00d6rnek olarak &#8220;ihtimal&#8221;, &#8220;istiklal&#8221;, &#8220;elem&#8221;, &#8220;iman&#8221;, &#8220;bariz&#8221;, &#8220;bat\u0131l&#8221;, &#8220;sabit&#8221;, &#8220;cazip&#8221;, &#8220;haber&#8221;, &#8220;delil&#8221;, &#8220;ticaret&#8221;, &#8220;rahmet&#8221;, &#8220;hakikat&#8221; gibi kelimeler hem yaz\u0131l\u0131\u015f hem de sesletim y\u00f6n\u00fcnden kar\u015f\u0131la\u015ft\u0131r\u0131lm\u0131\u015ft\u0131r.<\/span><\/p>\n<ol start=\"3\">\n<li><span style=\"color: #000000;\"><strong> Yuvarlak Te\u2019nin (<\/strong><strong>\u062a\u0627\u0621 <\/strong><strong>\u0645\u0631\u0628\u0648\u0637\u0629) Aktar\u0131m\u0131<\/strong><\/span><\/li>\n<\/ol>\n<p><span style=\"color: #000000;\">Arap\u00e7adaki sonu yuvarlak \u201cte\u201d (t\u00e2 merb\u00fbta) ile biten kelimelerin T\u00fcrk\u00e7eye ge\u00e7i\u015finde iki y\u00f6nl\u00fc bir aktar\u0131m oldu\u011fu g\u00f6zlemlenmi\u015ftir: Baz\u0131 kelimelerde bu harf korunmu\u015f (\u00f6rne\u011fin: \u201cdevlet\u201d, \u201cnimet\u201d, \u201c\u015fikayet\u201d), baz\u0131lar\u0131nda ise T\u00fcrk\u00e7ede d\u00fc\u015f\u00fcr\u00fclm\u00fc\u015f ya da farkl\u0131 sesletimle yer alm\u0131\u015ft\u0131r (\u00f6rne\u011fin: \u201ckaabe\u201d, \u201cnetice\u201d, \u201cidare\u201d). Bu durum semantik anlam\u0131n de\u011fil, yaln\u0131zca sesletim bi\u00e7iminin de\u011fi\u015fti\u011fini g\u00f6stermektedir.<\/span><\/p>\n<ol start=\"4\">\n<li><span style=\"color: #000000;\"><strong> Arap\u00e7a Okuma-Yazma E\u011fitiminin \u00d6nemi<\/strong><\/span><\/li>\n<\/ol>\n<p><span style=\"color: #000000;\">Seminerin sonunda, kat\u0131l\u0131mc\u0131lar\u0131n Arap\u00e7adan gelen kelimeleri do\u011fru okuyabilmeleri i\u00e7in Arap yaz\u0131 sistemini \u00f6\u011frenmelerinin gereklili\u011fi vurgulanm\u0131\u015ft\u0131r. Klasik D\u00fc\u015f\u00fcnce Okulu\u2019nun yaz\u0131 derslerine y\u00f6nlendirme yap\u0131lm\u0131\u015f ve bu e\u011fitimlerin takip edilmesi gerekti\u011fi belirtilmi\u015ftir.<\/span><\/p>\n<p><span style=\"color: #000000;\"><strong>Sonu\u00e7<\/strong><\/span><\/p>\n<p><span style=\"color: #000000;\">Bu seminer, Arap\u00e7a \u00f6\u011frenen bireylerin hem T\u00fcrk\u00e7ede s\u0131k\u00e7a kulland\u0131klar\u0131 kelimelerin Arap\u00e7a k\u00f6kenlerine dair fark\u0131ndal\u0131klar\u0131n\u0131 art\u0131rmakta hem de Arap\u00e7a foneti\u011fe uygun telaffuz becerilerini geli\u015ftirmeye katk\u0131 sunmaktad\u0131r. Arap\u00e7a ile T\u00fcrk\u00e7e aras\u0131ndaki tarihsel ve dilbilimsel etkile\u015fimin sadece s\u00f6zc\u00fck aktar\u0131m\u0131 d\u00fczeyinde de\u011fil, telaffuz ve anlam ta\u015f\u0131ma bi\u00e7imlerinde de kendini g\u00f6sterdi\u011fi ortaya konulmu\u015ftur. Sonu\u00e7 olarak, do\u011fru telaffuz, sa\u011flam bir Arap\u00e7a e\u011fitimiyle m\u00fcmk\u00fcnd\u00fcr ve bu ba\u011flamda klasik kelime hazinemiz modern \u00f6\u011frenme s\u00fcre\u00e7lerine de\u011ferli katk\u0131lar sunmaktad\u0131r.<\/span><\/p>\n<p>&nbsp;<\/p>\n<p><span style=\"color: #000000;\"><strong>Purpose and Overview of the Seminar<\/strong><\/span><\/p>\n<p><span style=\"color: #000000;\">The primary aim of this seminar is to raise students\u2019 awareness of the Arabic-origin words embedded in the Turkish language, and to address their correct pronunciation within the framework of Arabic phonetics. Turkish contains thousands of Arabic loanwords, which gives students of Arabic a significant advantage. However, many of these words have undergone phonetic, structural, and orthographic transformations over time. As a result, learners tend to mispronounce these terms when encountering them in their original Arabic forms.<\/span><\/p>\n<p><span style=\"color: #000000;\"><strong>Main Themes<\/strong><\/span><\/p>\n<ol>\n<li><span style=\"color: #000000;\"><strong> Pronunciation and Letter Equivalents<\/strong><\/span><\/li>\n<\/ol>\n<p><span style=\"color: #000000;\">The seminar explored the correspondences between Arabic and Turkish letters, focusing on how certain Arabic sounds do not have direct equivalents in the Turkish alphabet. Letters such as \u201c\u0639\u201d (\u2018ayn), \u201c\u062d\u201d (\u1e25\u0101\u02be), \u201c\u0635\u201d (\u1e63\u0101d), \u201c\u0636\u201d (\u1e0d\u0101d), and \u201c\u0638\u201d (\u1e93\u0101\u02be) were examined for their unique phonetic features. Emphasis was placed on the necessity of learning Arabic phonology to pronounce words correctly, especially those that have diverged from their Arabic origins in Turkish usage.<\/span><\/p>\n<ol start=\"2\">\n<li><span style=\"color: #000000;\"><strong> Word-by-Word Analysis<\/strong><\/span><\/li>\n<\/ol>\n<p><span style=\"color: #000000;\">Participants were introduced to a wide array of Arabic-derived Turkish vocabulary, along with their Arabic spellings and proper pronunciations. Examples included: <em>ihtimal<\/em>, <em>istiklal<\/em>, <em>elem<\/em>, <em>iman<\/em>, <em>bariz<\/em>, <em>bat\u0131l<\/em>, <em>sabit<\/em>, <em>cazip<\/em>, <em>haber<\/em>, <em>delil<\/em>, <em>ticaret<\/em>, <em>rahmet<\/em>, and <em>hakikat<\/em>. These were analyzed comparatively to reveal patterns of phonetic distortion and adaptation.<\/span><\/p>\n<ol start=\"3\">\n<li><span style=\"color: #000000;\"><strong> Transfer of the Rounded \u201cT\u0101\u201d (T\u0101<\/strong><strong>\u02be Marb<\/strong><strong>\u016b<\/strong><strong>\u1e6da)<\/strong><\/span><\/li>\n<\/ol>\n<p><span style=\"color: #000000;\">A particularly interesting topic was the way the Arabic rounded &#8220;t\u0101&#8221; (\u062a\u0627\u0621 \u0645\u0631\u0628\u0648\u0637\u0629) is transferred into Turkish. In some cases, the final \u201ct\u201d sound is preserved (e.g., <em>devlet<\/em>, <em>nimet<\/em>, <em>\u015fikayet<\/em>), while in others, it is either dropped or altered (e.g., <em>kaabe<\/em>, <em>netice<\/em>, <em>idare<\/em>). This shows that although the semantic content remains, phonetic representations shift due to linguistic and cultural integration processes.<\/span><\/p>\n<ol start=\"4\">\n<li><span style=\"color: #000000;\"><strong> Importance of Learning Arabic Script<\/strong><\/span><\/li>\n<\/ol>\n<p><span style=\"color: #000000;\">The seminar concluded with a strong recommendation for students to learn to read and write Arabic script in order to pronounce Arabic-origin words correctly. Reference was made to the writing workshops offered by the Klasik D\u00fc\u015f\u00fcnce Okulu, as they are essential for mastering the written forms and proper articulation of such vocabulary.<\/span><\/p>\n<p><span style=\"color: #000000;\"><strong>Conclusion<\/strong><\/span><\/p>\n<p><span style=\"color: #000000;\">This seminar highlights the linguistic and historical ties between Arabic and Turkish, revealing how these languages have shaped one another\u2014particularly through the integration of vocabulary. It also underlines the importance of phonological accuracy for learners of Arabic, especially when dealing with familiar words that have been domesticated in Turkish. In sum, reviving the original phonetic integrity of these words through Arabic education enriches both linguistic precision and cultural appreciation.<\/span><\/p>\n<p>&nbsp;<\/p>\n","protected":false},"excerpt":{"rendered":"<p>ARAP\u00c7A I. SEV\u0130YE DERSLER\u0130 2. SEM\u0130NER \u00d6ZET\u0130 &nbsp; Seminerin Amac\u0131 [&hellip;]<\/p>\n","protected":false},"author":1,"featured_media":0,"parent":0,"menu_order":0,"comment_status":"closed","ping_status":"closed","template":"","meta":{"footnotes":""},"class_list":["post-6980","page","type-page","status-publish","hentry"],"jetpack_sharing_enabled":true,"_links":{"self":[{"href":"https:\/\/klasikdusunceokulu.com\/index.php\/wp-json\/wp\/v2\/pages\/6980","targetHints":{"allow":["GET"]}}],"collection":[{"href":"https:\/\/klasikdusunceokulu.com\/index.php\/wp-json\/wp\/v2\/pages"}],"about":[{"href":"https:\/\/klasikdusunceokulu.com\/index.php\/wp-json\/wp\/v2\/types\/page"}],"author":[{"embeddable":true,"href":"https:\/\/klasikdusunceokulu.com\/index.php\/wp-json\/wp\/v2\/users\/1"}],"replies":[{"embeddable":true,"href":"https:\/\/klasikdusunceokulu.com\/index.php\/wp-json\/wp\/v2\/comments?post=6980"}],"version-history":[{"count":1,"href":"https:\/\/klasikdusunceokulu.com\/index.php\/wp-json\/wp\/v2\/pages\/6980\/revisions"}],"predecessor-version":[{"id":6981,"href":"https:\/\/klasikdusunceokulu.com\/index.php\/wp-json\/wp\/v2\/pages\/6980\/revisions\/6981"}],"wp:attachment":[{"href":"https:\/\/klasikdusunceokulu.com\/index.php\/wp-json\/wp\/v2\/media?parent=6980"}],"curies":[{"name":"wp","href":"https:\/\/api.w.org\/{rel}","templated":true}]}}