{"id":6991,"date":"2025-10-26T21:45:38","date_gmt":"2025-10-26T18:45:38","guid":{"rendered":"https:\/\/klasikdusunceokulu.com\/?page_id=6991"},"modified":"2025-10-26T21:45:38","modified_gmt":"2025-10-26T18:45:38","slug":"arapca-i-seviye-dersleri-7-seminer-ozeti","status":"publish","type":"page","link":"https:\/\/klasikdusunceokulu.com\/index.php\/arapca-i-seviye-dersleri-7-seminer-ozeti\/","title":{"rendered":"ARAP\u00c7A I. SEV\u0130YE DERSLER\u0130 7. SEM\u0130NER \u00d6ZET\u0130"},"content":{"rendered":"<p><span style=\"color: #000000;\"><strong>ARAP\u00c7A I. SEV\u0130YE DERSLER\u0130 7. SEM\u0130NER \u00d6ZET\u0130<\/strong><\/span><\/p>\n<p>&nbsp;<\/p>\n<p><span style=\"color: #000000;\"><strong>Seminerin Amac\u0131<\/strong><\/span><\/p>\n<p><span style=\"color: #000000;\">Bu seminerin amac\u0131, Arap\u00e7ada gramatik cinsiyet sisteminin iki temel aya\u011f\u0131ndan biri olan m\u00fcennes (di\u015fil) isimlerin yap\u0131 ve kullan\u0131m \u00f6zelliklerini \u00f6\u011fretmektir. Arap\u00e7an\u0131n dil yap\u0131s\u0131nda her ismin ya m\u00fczekker (eril) ya da m\u00fcennes (di\u015fil) olmas\u0131, c\u00fcmle i\u00e7indeki uyum kurallar\u0131n\u0131 do\u011frudan etkiledi\u011finden, bu seminer \u00f6\u011frencilerin hem dil bilgisel duyarl\u0131l\u0131klar\u0131n\u0131 art\u0131rmak hem de do\u011fru c\u00fcmle in\u015fas\u0131na katk\u0131da bulunmak \u00fczere tasarlanm\u0131\u015ft\u0131r. \u00d6zellikle m\u00fcennesli\u011fin morfolojik i\u015faretleri \u00fczerinden kelime \u00e7\u00f6z\u00fcmleme becerilerinin geli\u015ftirilmesi hedeflenmektedir.<\/span><\/p>\n<p><span style=\"color: #000000;\"><strong>Ana Temalar<\/strong><\/span><\/p>\n<ol>\n<li><span style=\"color: #000000;\"><strong> Arap\u00e7ada Cinsiyet ve Dilbilgisel Uyum<\/strong><\/span><\/li>\n<\/ol>\n<p><span style=\"color: #000000;\">Arap\u00e7ada isimler, yaln\u0131zca anlam d\u00fczleminde de\u011fil, bi\u00e7imsel d\u00fczeyde de cinsiyet kategorilerine ayr\u0131l\u0131r. Bu ayr\u0131m, zamir \u00e7ekimleri, fiil \u00f6zne uyumu ve s\u0131fat tamlamalar\u0131nda zorunlu bi\u00e7imde g\u00f6zetilmelidir. Bu ba\u011flamda m\u00fcenneslik, Arap\u00e7a&#8217;n\u0131n i\u015fleyi\u015finde merkezi bir rol \u00fcstlenir.<\/span><\/p>\n<ol start=\"2\">\n<li><span style=\"color: #000000;\"><strong> M\u00fcennesli\u011fin Ay\u0131r\u0131c\u0131 \u0130\u015fareti: T\u00e2-i Merb\u00fbta<\/strong><\/span><\/li>\n<\/ol>\n<p><span style=\"color: #000000;\">Seminerin temel teorik \u00e7er\u00e7evesini, m\u00fcennesli\u011fin morfolojik g\u00f6stergesi olan \u201ct\u00e2-i merb\u00fbta\u201d (\u0640\u0629) harfi olu\u015fturur. Bu harf, kelime sonuna geldi\u011finde genellikle di\u015fil anlam ta\u015f\u0131r. Harfin biti\u015fik (\u0645\u062b\u0644\u0627\u064b: \u0633\u064e\u064a\u0651\u064e\u0627\u0631\u064e\u0629\u064c) ve ayr\u0131 (\u0645\u062b\u0644\u0627\u064b: \u0637\u064e\u0628\u0650\u064a\u0628\u064e\u0629\u064c) yaz\u0131m \u015fekilleri ile birlikte telaffuz \u00f6zellikleri ayr\u0131nt\u0131l\u0131 bi\u00e7imde incelenmi\u015ftir.<\/span><\/p>\n<ol start=\"3\">\n<li><span style=\"color: #000000;\"><strong> Zengin \u00d6rneklerle Kavramsalla\u015ft\u0131rma<\/strong><\/span><\/li>\n<\/ol>\n<p><span style=\"color: #000000;\">Seminer boyunca sunulan \u00f6rnekler, yaln\u0131zca do\u011fru yap\u0131lar\u0131n tan\u0131t\u0131m\u0131yla s\u0131n\u0131rl\u0131 kalmam\u0131\u015f, ayn\u0131 zamanda istisnai kullan\u0131mlar\u0131 ve \u00f6\u011frencilerin s\u0131kl\u0131kla yan\u0131labilece\u011fi \u00f6rnekleri de kapsam\u0131\u015ft\u0131r. Bu do\u011frultuda \u015fu \u00f6rnekler \u00fczerinden analiz yap\u0131lm\u0131\u015ft\u0131r:<\/span><\/p>\n<ul>\n<li><span style=\"color: #000000;\"><strong>\u062c\u064e\u0646\u0651\u064e\u0629\u064c<\/strong> (cennet)<\/span><\/li>\n<li><span style=\"color: #000000;\"><strong>\u0637\u064e\u0628\u0650\u064a\u0628\u064e\u0629\u064c<\/strong> (kad\u0131n doktor)<\/span><\/li>\n<li><span style=\"color: #000000;\"><strong>\u0633\u064e\u064a\u0651\u064e\u0627\u0631\u064e\u0629\u064c<\/strong> (araba)<\/span><\/li>\n<li><span style=\"color: #000000;\"><strong>\u0642\u0650\u0635\u0651\u064e\u0629\u064c<\/strong> (hik\u00e2ye)<\/span><\/li>\n<li><span style=\"color: #000000;\"><strong>\u0633\u064e\u0627\u0639\u064e\u0629\u064c<\/strong> (saat)<\/span><br \/>\n<span style=\"color: #000000;\">Bu \u00f6rneklerde her biri, kelimenin sonunda yer alan yuvarlak t harfi ile birlikte de\u011ferlendirilmi\u015f ve m\u00fcenneslik olgusunun sesbilimsel ve bi\u00e7imbilimsel y\u00f6nleri b\u00fct\u00fcnc\u00fcl \u015fekilde ele al\u0131nm\u0131\u015ft\u0131r.<\/span><\/li>\n<\/ul>\n<p><span style=\"color: #000000;\"><strong>Sonu\u00e7<\/strong><\/span><\/p>\n<p><span style=\"color: #000000;\">Bu seminer, Arap\u00e7ada cinsiyet kategorilerinin yap\u0131sal belirleyicilerini anlamaya y\u00f6nelik \u00f6nemli bir basama\u011f\u0131 temsil etmektedir. T\u00e2-i merb\u00fbta, \u00f6\u011frencilerin morfolojik d\u00fczeyde kelime tan\u0131ma becerilerinde d\u00f6n\u00fc\u015ft\u00fcr\u00fcc\u00fc bir rol oynamakta; bu sayede dilbilgisel b\u00fct\u00fcnl\u00fck i\u00e7inde d\u00fc\u015f\u00fcnebilme ve c\u00fcmle kurabilme yetileri geli\u015fmektedir. Seminer sonunda \u00f6\u011frencilerin m\u00fcennes isimleri g\u00f6rsel ve fonetik ipu\u00e7lar\u0131yla ay\u0131rt edebilmeleri, Arap\u00e7adaki dilsel fark\u0131ndal\u0131klar\u0131n\u0131n art\u0131r\u0131lmas\u0131na do\u011frudan katk\u0131 sa\u011flam\u0131\u015ft\u0131r.<\/span><\/p>\n<p>&nbsp;<\/p>\n<p><span style=\"color: #000000;\"><strong>Purpose of the Seminar<\/strong><\/span><\/p>\n<p><span style=\"color: #000000;\">The purpose of this seminar is to explore one of the foundational grammatical categories in Arabic: the classification of nouns by gender, with a focus on feminine (mu\u2019annath) nouns. In Arabic, every noun is grammatically assigned a gender\u2014either masculine or feminine\u2014and this distinction has far-reaching consequences in syntax, morphology, and semantics. This session aims to equip students with the analytical tools needed to identify feminine nouns, understand their markers, and apply them correctly within the broader framework of sentence structure and grammatical agreement.<\/span><\/p>\n<p><span style=\"color: #000000;\"><strong>Key Themes<\/strong><\/span><\/p>\n<ol>\n<li><span style=\"color: #000000;\"><strong> Grammatical Gender and Its Structural Role in Arabic<\/strong><\/span><\/li>\n<\/ol>\n<p><span style=\"color: #000000;\">In Arabic, the gender of a noun affects not only its standalone form but also the morphology of associated verbs, adjectives, and pronouns. Feminine nouns require concord in number and gender in all relevant syntactic positions. Thus, recognizing feminine nouns is a prerequisite for grammatical coherence in spoken and written Arabic.<\/span><\/p>\n<ol start=\"2\">\n<li><span style=\"color: #000000;\"><strong> The T\u00e2<\/strong><strong>\u02be Marb<\/strong><strong>\u016b<\/strong><strong>\u1e6da as the Primary Feminine Marker<\/strong><\/span><\/li>\n<\/ol>\n<p><span style=\"color: #000000;\">A central point of the seminar is the t\u00e2\u02be marb\u016b\u1e6da (\u0640\u0629), often referred to as the \u201crounded t,\u201d which is the most consistent morphological indicator of femininity in Arabic nouns. Typically appearing at the end of feminine nouns, this letter may be written either connected or separate depending on the word\u2019s structure. The seminar examines both visual and phonetic aspects of the t\u00e2\u02be marb\u016b\u1e6da, as well as common spelling variations.<\/span><\/p>\n<ol start=\"3\">\n<li><span style=\"color: #000000;\"><strong> Illustrative Examples and Morphological Practice<\/strong><\/span><\/li>\n<\/ol>\n<p><span style=\"color: #000000;\">The seminar uses a wide range of examples to show how the t\u00e2\u02be marb\u016b\u1e6da functions in context:<\/span><\/p>\n<ul>\n<li><span style=\"color: #000000;\"><strong>\u062c\u064e\u0646\u0651\u064e\u0629\u064c<\/strong> (jannah \u2013 paradise)<\/span><\/li>\n<li><span style=\"color: #000000;\"><strong>\u0637\u064e\u0628\u0650\u064a\u0628\u064e\u0629\u064c<\/strong> (\u1e6dab\u012bba \u2013 female doctor)<\/span><\/li>\n<li><span style=\"color: #000000;\"><strong>\u0633\u064e\u064a\u0651\u064e\u0627\u0631\u064e\u0629\u064c<\/strong> (sayy\u0101rah \u2013 car)<\/span><\/li>\n<li><span style=\"color: #000000;\"><strong>\u0642\u0650\u0635\u0651\u064e\u0629\u064c<\/strong> (qi\u1e63\u1e63ah \u2013 story)<\/span><\/li>\n<li><span style=\"color: #000000;\"><strong>\u0633\u064e\u0627\u0639\u064e\u0629\u064c<\/strong> (s\u0101\u02bfah \u2013 clock)<\/span><br \/>\n<span style=\"color: #000000;\">These examples are carefully selected to reflect the diversity of feminine nouns across semantic domains. Each word is analyzed for its phonetic ending, morphological structure, and grammatical behavior. Furthermore, students engage in exercises designed to distinguish feminine from masculine nouns based on formal markers rather than lexical familiarity.<\/span><\/li>\n<\/ul>\n<p><span style=\"color: #000000;\"><strong>Conclusion<\/strong><\/span><\/p>\n<p><span style=\"color: #000000;\">The seminar successfully establishes the t\u00e2\u02be marb\u016b\u1e6da as not merely a graphical feature but a linguistic signal of gender that informs the syntactic behavior of nouns in Arabic. By mastering the recognition of this morphological sign, students significantly enhance their grammatical awareness and ability to produce accurate Arabic sentences. This foundation prepares them to engage more confidently with feminine noun forms in reading, writing, and speech, thereby advancing their overall fluency in Arabic grammar.<\/span><\/p>\n<p>&nbsp;<\/p>\n","protected":false},"excerpt":{"rendered":"<p>ARAP\u00c7A I. SEV\u0130YE DERSLER\u0130 7. SEM\u0130NER \u00d6ZET\u0130 &nbsp; Seminerin Amac\u0131 [&hellip;]<\/p>\n","protected":false},"author":1,"featured_media":0,"parent":0,"menu_order":0,"comment_status":"closed","ping_status":"closed","template":"","meta":{"footnotes":""},"class_list":["post-6991","page","type-page","status-publish","hentry"],"jetpack_sharing_enabled":true,"_links":{"self":[{"href":"https:\/\/klasikdusunceokulu.com\/index.php\/wp-json\/wp\/v2\/pages\/6991","targetHints":{"allow":["GET"]}}],"collection":[{"href":"https:\/\/klasikdusunceokulu.com\/index.php\/wp-json\/wp\/v2\/pages"}],"about":[{"href":"https:\/\/klasikdusunceokulu.com\/index.php\/wp-json\/wp\/v2\/types\/page"}],"author":[{"embeddable":true,"href":"https:\/\/klasikdusunceokulu.com\/index.php\/wp-json\/wp\/v2\/users\/1"}],"replies":[{"embeddable":true,"href":"https:\/\/klasikdusunceokulu.com\/index.php\/wp-json\/wp\/v2\/comments?post=6991"}],"version-history":[{"count":1,"href":"https:\/\/klasikdusunceokulu.com\/index.php\/wp-json\/wp\/v2\/pages\/6991\/revisions"}],"predecessor-version":[{"id":6992,"href":"https:\/\/klasikdusunceokulu.com\/index.php\/wp-json\/wp\/v2\/pages\/6991\/revisions\/6992"}],"wp:attachment":[{"href":"https:\/\/klasikdusunceokulu.com\/index.php\/wp-json\/wp\/v2\/media?parent=6991"}],"curies":[{"name":"wp","href":"https:\/\/api.w.org\/{rel}","templated":true}]}}