{"id":6993,"date":"2025-10-26T21:57:42","date_gmt":"2025-10-26T18:57:42","guid":{"rendered":"https:\/\/klasikdusunceokulu.com\/?page_id=6993"},"modified":"2025-10-26T21:57:42","modified_gmt":"2025-10-26T18:57:42","slug":"arapca-i-seviye-dersleri-8-seminer-ozeti","status":"publish","type":"page","link":"https:\/\/klasikdusunceokulu.com\/index.php\/arapca-i-seviye-dersleri-8-seminer-ozeti\/","title":{"rendered":"ARAP\u00c7A I. SEV\u0130YE DERSLER\u0130 8. SEM\u0130NER \u00d6ZET\u0130"},"content":{"rendered":"<p><span style=\"color: #000000;\"><strong>ARAP\u00c7A I. SEV\u0130YE DERSLER\u0130 8. SEM\u0130NER \u00d6ZET\u0130<\/strong><\/span><\/p>\n<p>&nbsp;<\/p>\n<p><span style=\"color: #000000;\"><strong>Seminerin Amac\u0131<\/strong><\/span><\/p>\n<p><span style=\"color: #000000;\">Bu seminerin temel amac\u0131, Arap\u00e7ada eril (m\u00fczekker) ve di\u015fil (m\u00fcennes) cinsiyet formlar\u0131nda kar\u015f\u0131l\u0131kl\u0131 olarak kullan\u0131lan isimlerin morfolojik yap\u0131lar\u0131n\u0131, kullan\u0131m alanlar\u0131n\u0131 ve anlam ili\u015fkilerini incelemektir. Arap\u00e7ada cinsiyet sadece biyolojik ya da toplumsal bir ayr\u0131m de\u011fil; ayn\u0131 zamanda fiiller, zamirler ve s\u0131fatlarla tam bir gramatik uyum gerektiren bir yap\u0131d\u0131r. Bu ba\u011flamda, bir ismin eril veya di\u015fil formunun do\u011fru bi\u00e7imde belirlenmesi, c\u00fcmlenin anlam\u0131 ve yap\u0131sal do\u011frulu\u011fu a\u00e7\u0131s\u0131ndan belirleyici olmaktad\u0131r.<\/span><\/p>\n<p><span style=\"color: #000000;\"><strong>Ana Temalar<\/strong><\/span><\/p>\n<ol>\n<li><span style=\"color: #000000;\"><strong> Arap\u00e7ada Cinsiyet Kategorileri ve Bi\u00e7imbilimsel Yap\u0131lar<\/strong><\/span><\/li>\n<\/ol>\n<p><span style=\"color: #000000;\">Arap\u00e7ada her isim ya m\u00fczekker ya da m\u00fcennestir. Baz\u0131 kelimeler yaln\u0131zca bir cinsiyetle s\u0131n\u0131rl\u0131 kullan\u0131l\u0131rken, baz\u0131 kelimeler iki ayr\u0131 formda (eril ve di\u015fil) kar\u015f\u0131l\u0131k bulur. Bu \u00e7ift formlu yap\u0131lar genellikle canl\u0131 varl\u0131klar\u0131, meslekleri veya nitelikleri ifade eden s\u00f6zc\u00fcklerde g\u00f6r\u00fcl\u00fcr.<\/span><\/p>\n<ol start=\"2\">\n<li><span style=\"color: #000000;\"><strong> M\u00fczekker Formdan M\u00fcennes Form T\u00fcretimi<\/strong><\/span><\/li>\n<\/ol>\n<p><span style=\"color: #000000;\">Seminerde, m\u00fczekker bir ismin m\u00fcennes forma nas\u0131l d\u00f6n\u00fc\u015ft\u00fc\u011f\u00fc ayr\u0131nt\u0131l\u0131 \u015fekilde ele al\u0131nm\u0131\u015ft\u0131r. Bu d\u00f6n\u00fc\u015f\u00fcm genellikle kelimenin sonuna t\u00e2-i merb\u00fbta (\u0640\u0629) eklenerek ger\u00e7ekle\u015ftirilir. Bu yap\u0131n\u0131n \u00f6rnekler arac\u0131l\u0131\u011f\u0131yla g\u00f6rselle\u015ftirilmesi, \u00f6\u011frencilerin morfolojik sezgilerini geli\u015ftirmeyi ama\u00e7lamaktad\u0131r.<\/span><\/p>\n<ul>\n<li><span style=\"color: #000000;\">\u00d6rnekler:<\/span>\n<ul>\n<li><span style=\"color: #000000;\"><strong>\u0645\u064f\u0647\u064e\u0646\u0652\u062f\u0650\u0633\u064c<\/strong> (m\u00fchendis, eril) \u2192 <strong>\u0645\u064f\u0647\u064e\u0646\u0652\u062f\u0650\u0633\u064e\u0629\u064c<\/strong> (kad\u0131n m\u00fchendis)<\/span><\/li>\n<li><span style=\"color: #000000;\"><strong>\u0645\u064f\u0639\u064e\u0644\u0651\u0650\u0645\u064c<\/strong> (\u00f6\u011fretmen, eril) \u2192 <strong>\u0645\u064f\u0639\u064e\u0644\u0651\u0650\u0645\u064e\u0629\u064c<\/strong> (kad\u0131n \u00f6\u011fretmen)<\/span><\/li>\n<li><span style=\"color: #000000;\"><strong>\u0637\u064e\u0627\u0644\u0650\u0628\u064c<\/strong> (\u00f6\u011frenci, eril) \u2192 <strong>\u0637\u064e\u0627\u0644\u0650\u0628\u064e\u0629\u064c<\/strong> (kad\u0131n \u00f6\u011frenci)<\/span><\/li>\n<li><span style=\"color: #000000;\"><strong>\u0643\u064e\u0628\u0650\u064a\u0631\u064c<\/strong> (b\u00fcy\u00fck, eril) \u2192 <strong>\u0643\u064e\u0628\u0650\u064a\u0631\u064e\u0629\u064c<\/strong> (b\u00fcy\u00fck, di\u015fil)<\/span><\/li>\n<\/ul>\n<\/li>\n<\/ul>\n<ol start=\"3\">\n<li><span style=\"color: #000000;\"><strong> Cinsiyet Farkl\u0131l\u0131\u011f\u0131 G\u00f6steren Anlamda\u015f Kelimeler<\/strong><\/span><\/li>\n<\/ol>\n<p><span style=\"color: #000000;\">Baz\u0131 s\u00f6zc\u00fck \u00e7iftleri ise bi\u00e7imsel de\u011fil, k\u00f6kten farkl\u0131l\u0131k g\u00f6steren iki ayr\u0131 kelime ile eril ve di\u015fil cinsiyetleri ifade eder. Bu durumda t\u00e2-i merb\u00fbta kullan\u0131lmaz. Bu \u00e7iftler genellikle temel varl\u0131k kategorilerindedir:<\/span><\/p>\n<ul>\n<li><span style=\"color: #000000;\"><strong>\u0623\u064e\u0628\u064c<\/strong> (baba) \u2194 <strong>\u0623\u064f\u0645\u0651\u064c<\/strong> (anne)<\/span><\/li>\n<li><span style=\"color: #000000;\"><strong>\u0623\u064e\u062e\u064c<\/strong> (erkek karde\u015f) \u2194 <strong>\u0623\u064f\u062e\u0652\u062a\u064c<\/strong> (k\u0131z karde\u015f)<\/span><\/li>\n<li><span style=\"color: #000000;\"><strong>\u0631\u064e\u062c\u064f\u0644\u064c<\/strong> (adam) \u2194 <strong>\u0627\u0650\u0645\u0652\u0631\u064e\u0623\u064e\u0629\u064c<\/strong> (kad\u0131n)<\/span><\/li>\n<li><span style=\"color: #000000;\"><strong>\u062f\u0650\u064a\u0643\u064c<\/strong> (horoz) \u2194 <strong>\u062f\u064e\u062c\u064e\u0627\u062c\u064e\u0629\u064c<\/strong> (tavuk)<\/span><\/li>\n<li><span style=\"color: #000000;\"><strong>\u062c\u064e\u0645\u064e\u0644\u064c<\/strong> (erkek deve) \u2194 <strong>\u0646\u064e\u0627\u0642\u064e\u0629\u064c<\/strong> (di\u015fi deve)<\/span><\/li>\n<\/ul>\n<p><span style=\"color: #000000;\">Bu \u00f6rnekler, yaln\u0131zca morfolojiye de\u011fil; semantik ayr\u0131mlara da dikkat \u00e7ekmekte, \u00f6\u011frencilerin dilsel duyarl\u0131l\u0131\u011f\u0131n\u0131 artt\u0131rmaktad\u0131r.<\/span><\/p>\n<p><span style=\"color: #000000;\"><strong>Sonu\u00e7<\/strong><\/span><\/p>\n<p><span style=\"color: #000000;\">Bu seminer, Arap\u00e7a&#8217;da cinsiyetli dil yap\u0131s\u0131n\u0131n dinamik do\u011fas\u0131n\u0131 g\u00f6zler \u00f6n\u00fcne sererek, \u00f6\u011frencilerin hem t\u00fcretme sistemini hem de anlam farkl\u0131l\u0131klar\u0131n\u0131 kavramalar\u0131na katk\u0131 sa\u011flam\u0131\u015ft\u0131r. M\u00fcennes formun, \u00e7o\u011fu zaman sistematik bir ekleme ile \u00fcretilebildi\u011fi; ancak baz\u0131 kelimelerde k\u00f6kten de\u011fi\u015fiklikler gerektirdi\u011fi vurgulanm\u0131\u015ft\u0131r. \u00d6\u011frenciler, cinsiyetle ili\u015fkili bi\u00e7imbilimsel kurallar\u0131 \u00f6rneklerle peki\u015ftirerek, Arap\u00e7a c\u00fcmle kurma yeterliliklerini daha bilin\u00e7li ve tutarl\u0131 bir d\u00fczleme ta\u015f\u0131m\u0131\u015flard\u0131r.<\/span><\/p>\n<p>&nbsp;<\/p>\n<p><span style=\"color: #000000;\"><strong>Purpose of the Seminar<\/strong><\/span><\/p>\n<p><span style=\"color: #000000;\">The primary aim of this seminar is to examine the morphological structures, usage patterns, and semantic relations of nouns in Arabic that occur in both masculine (mudhakkar) and feminine (mu\u2019annath) forms. In Arabic, grammatical gender is not a peripheral category\u2014it plays a central syntactic role and directly affects verb conjugations, pronouns, and adjective agreement. Thus, identifying whether a noun is masculine or feminine is essential for constructing grammatically sound and semantically coherent sentences.<\/span><\/p>\n<p><span style=\"color: #000000;\"><strong>Key Themes<\/strong><\/span><\/p>\n<ol>\n<li><span style=\"color: #000000;\"><strong> Gender Categories and Morphological Structures in Arabic<\/strong><\/span><\/li>\n<\/ol>\n<p><span style=\"color: #000000;\">Every noun in Arabic is classified as either masculine or feminine. While some nouns appear only in one gendered form, many\u2014particularly those related to professions, roles, or descriptive attributes\u2014have both masculine and feminine counterparts. The seminar highlights how these dual forms function across sentence structures and how learners can systematically distinguish them.<\/span><\/p>\n<ol start=\"2\">\n<li><span style=\"color: #000000;\"><strong> Derivation of Feminine Forms from Masculine Counterparts<\/strong><\/span><\/li>\n<\/ol>\n<p><span style=\"color: #000000;\">A significant focus of the seminar is on deriving the feminine form by appending the t\u0101\u02be marb\u016b\u1e6da (\u0640\u0629) to the masculine base. This morphological marker is a consistent indicator of femininity in Arabic and is central to both noun recognition and accurate agreement.<\/span><\/p>\n<p><span style=\"color: #000000;\">Examples discussed include:<\/span><\/p>\n<ul>\n<li><span style=\"color: #000000;\"><strong>\u0645\u064f\u0647\u064e\u0646\u0652\u062f\u0650\u0633\u064c<\/strong> (engineer, masculine) \u2192 <strong>\u0645\u064f\u0647\u064e\u0646\u0652\u062f\u0650\u0633\u064e\u0629\u064c<\/strong> (engineer, feminine)<\/span><\/li>\n<li><span style=\"color: #000000;\"><strong>\u0645\u064f\u0639\u064e\u0644\u0650\u0651\u0645\u064c<\/strong> (teacher, masculine) \u2192 <strong>\u0645\u064f\u0639\u064e\u0644\u0650\u0651\u0645\u064e\u0629\u064c<\/strong> (teacher, feminine)<\/span><\/li>\n<li><span style=\"color: #000000;\"><strong>\u0637\u064e\u0627\u0644\u0650\u0628\u064c<\/strong> (student, masculine) \u2192 <strong>\u0637\u064e\u0627\u0644\u0650\u0628\u064e\u0629\u064c<\/strong> (student, feminine)<\/span><\/li>\n<li><span style=\"color: #000000;\"><strong>\u0643\u064e\u0628\u0650\u064a\u0631\u064c<\/strong> (big, masculine) \u2192 <strong>\u0643\u064e\u0628\u0650\u064a\u0631\u064e\u0629\u064c<\/strong> (big, feminine)<\/span><\/li>\n<\/ul>\n<p><span style=\"color: #000000;\">This derivational pattern reinforces students\u2019 morphological awareness and supports productive grammar acquisition.<\/span><\/p>\n<ol start=\"3\">\n<li><span style=\"color: #000000;\"><strong> Semantic Pairs with Distinct Root Forms<\/strong><\/span><\/li>\n<\/ol>\n<p><span style=\"color: #000000;\">The seminar also emphasizes pairs of words where masculine and feminine forms do not follow the morphological derivation rule but instead consist of entirely different lexical items. These cases are frequent in kinship terms, people, and animals:<\/span><\/p>\n<ul>\n<li><span style=\"color: #000000;\"><strong>\u0623\u064e\u0628\u064c<\/strong> (father) \u2194 <strong>\u0623\u064f\u0645\u064c\u0651<\/strong> (mother)<\/span><\/li>\n<li><span style=\"color: #000000;\"><strong>\u0623\u064e\u062e\u064c<\/strong> (brother) \u2194 <strong>\u0623\u064f\u062e\u0652\u062a\u064c<\/strong> (sister)<\/span><\/li>\n<li><span style=\"color: #000000;\"><strong>\u0631\u064e\u062c\u064f\u0644\u064c<\/strong> (man) \u2194 <strong>\u0627\u0650\u0645\u0652\u0631\u064e\u0623\u064e\u0629\u064c<\/strong> (woman)<\/span><\/li>\n<li><span style=\"color: #000000;\"><strong>\u062f\u0650\u064a\u0643\u064c<\/strong> (rooster) \u2194 <strong>\u062f\u064e\u062c\u064e\u0627\u062c\u064e\u0629\u064c<\/strong> (hen)<\/span><\/li>\n<li><span style=\"color: #000000;\"><strong>\u062c\u064e\u0645\u064e\u0644\u064c<\/strong> (male camel) \u2194 <strong>\u0646\u064e\u0627\u0642\u064e\u0629\u064c<\/strong> (female camel)<\/span><\/li>\n<\/ul>\n<p><span style=\"color: #000000;\">Such examples illustrate the limitations of regular derivation and call for semantic and lexical attentiveness.<\/span><\/p>\n<p><span style=\"color: #000000;\"><strong>Conclusion<\/strong><\/span><\/p>\n<p><span style=\"color: #000000;\">This seminar provides learners with a comprehensive understanding of gender morphology in Arabic, particularly how feminine forms are constructed from masculine bases and how certain nouns defy regular morphological expectations. By integrating structural rules with contextual examples, students are encouraged to think beyond memorization and to develop a systematic and intuitive grasp of grammatical gender. Ultimately, this contributes to more accurate reading comprehension and spoken fluency in Arabic.<\/span><\/p>\n<p>&nbsp;<\/p>\n","protected":false},"excerpt":{"rendered":"<p>ARAP\u00c7A I. SEV\u0130YE DERSLER\u0130 8. SEM\u0130NER \u00d6ZET\u0130 &nbsp; Seminerin Amac\u0131 [&hellip;]<\/p>\n","protected":false},"author":1,"featured_media":0,"parent":0,"menu_order":0,"comment_status":"closed","ping_status":"closed","template":"","meta":{"footnotes":""},"class_list":["post-6993","page","type-page","status-publish","hentry"],"jetpack_sharing_enabled":true,"_links":{"self":[{"href":"https:\/\/klasikdusunceokulu.com\/index.php\/wp-json\/wp\/v2\/pages\/6993","targetHints":{"allow":["GET"]}}],"collection":[{"href":"https:\/\/klasikdusunceokulu.com\/index.php\/wp-json\/wp\/v2\/pages"}],"about":[{"href":"https:\/\/klasikdusunceokulu.com\/index.php\/wp-json\/wp\/v2\/types\/page"}],"author":[{"embeddable":true,"href":"https:\/\/klasikdusunceokulu.com\/index.php\/wp-json\/wp\/v2\/users\/1"}],"replies":[{"embeddable":true,"href":"https:\/\/klasikdusunceokulu.com\/index.php\/wp-json\/wp\/v2\/comments?post=6993"}],"version-history":[{"count":1,"href":"https:\/\/klasikdusunceokulu.com\/index.php\/wp-json\/wp\/v2\/pages\/6993\/revisions"}],"predecessor-version":[{"id":6994,"href":"https:\/\/klasikdusunceokulu.com\/index.php\/wp-json\/wp\/v2\/pages\/6993\/revisions\/6994"}],"wp:attachment":[{"href":"https:\/\/klasikdusunceokulu.com\/index.php\/wp-json\/wp\/v2\/media?parent=6993"}],"curies":[{"name":"wp","href":"https:\/\/api.w.org\/{rel}","templated":true}]}}