{"id":7002,"date":"2025-10-26T22:18:16","date_gmt":"2025-10-26T19:18:16","guid":{"rendered":"https:\/\/klasikdusunceokulu.com\/?page_id=7002"},"modified":"2025-10-26T22:18:16","modified_gmt":"2025-10-26T19:18:16","slug":"arapca-i-seviye-dersleri-12-seminer-ozeti","status":"publish","type":"page","link":"https:\/\/klasikdusunceokulu.com\/index.php\/arapca-i-seviye-dersleri-12-seminer-ozeti\/","title":{"rendered":"ARAP\u00c7A I. SEV\u0130YE DERSLER\u0130 12. SEM\u0130NER \u00d6ZET\u0130"},"content":{"rendered":"<p><span style=\"color: #000000;\"><strong>ARAP\u00c7A I. SEV\u0130YE DERSLER\u0130 12. SEM\u0130NER \u00d6ZET\u0130<\/strong><\/span><\/p>\n<p>&nbsp;<\/p>\n<p><span style=\"color: #000000;\"><strong>Seminerin Amac\u0131<\/strong><\/span><\/p>\n<p><span style=\"color: #000000;\">Bu seminerin temel amac\u0131, Arap\u00e7ada kurals\u0131z \u00e7o\u011ful isimler olarak bilinen &#8220;Cem\u00ee Teks\u00eer&#8221; kal\u0131plar\u0131n\u0131 tan\u0131tmak ve \u00f6\u011fretmektir. Kat\u0131l\u0131mc\u0131lara, d\u00fczenli \u00e7o\u011fullar (Cem\u00ee M\u00fczekker S\u00e2lim ve Cem\u00ee M\u00fcennes S\u00e2lim) ile k\u0131yaslama yap\u0131larak kurals\u0131z \u00e7o\u011fullar\u0131n yap\u0131s\u0131, \u00e7e\u015fitleri ve kullan\u0131mlar\u0131 hakk\u0131nda kapsaml\u0131 bir dilsel fark\u0131ndal\u0131k kazand\u0131rmak hedeflenmi\u015ftir. Bu \u00e7er\u00e7evede, \u00f6zellikle \u0623\u064e\u0641\u0652\u0639\u064e\u0627\u0644\u064c (Ef\u02bf\u0101l) ve \u0641\u064f\u0639\u064f\u0648\u0644\u064c (Fu\u02bf\u016bl) vezinlerine odaklan\u0131larak kurals\u0131z \u00e7o\u011ful kal\u0131plar\u0131n\u0131n bi\u00e7imsel \u00f6zellikleri \u00f6rneklerle a\u00e7\u0131klanm\u0131\u015ft\u0131r.<\/span><\/p>\n<p><span style=\"color: #000000;\"><strong>Ana Temalar<\/strong><\/span><\/p>\n<ol>\n<li><span style=\"color: #000000;\"><strong> Cem\u00ee Teks\u00eer\u2019in Tan\u0131m\u0131 ve \u00d6nemi<\/strong><\/span><\/li>\n<\/ol>\n<p><span style=\"color: #000000;\">Cem\u00ee Teks\u00eer (k\u0131r\u0131k \u00e7o\u011ful), Arap\u00e7ada \u00e7o\u011fulla\u015fman\u0131n d\u00fczensiz yollar\u0131n\u0131 ifade eden ve belirli bir kal\u0131ba ba\u011fl\u0131 olmadan olu\u015fturulan \u00e7o\u011ful bi\u00e7imleridir. Seminerde, bu t\u00fcr \u00e7o\u011fullar\u0131n m\u00fcfred (tekil) bi\u00e7imlerin yap\u0131sal d\u00f6n\u00fc\u015f\u00fcmleriyle elde edildi\u011fi; harf ekleme, \u00e7\u0131karma veya hareke de\u011fi\u015fiklikleriyle \u015fekillendi\u011fi vurgulanm\u0131\u015ft\u0131r.<\/span><\/p>\n<ol start=\"2\">\n<li><span style=\"color: #000000;\"><strong> Cem\u00ee S\u00e2lim ile Kar\u015f\u0131la\u015ft\u0131rma<\/strong><\/span><\/li>\n<\/ol>\n<p><span style=\"color: #000000;\">Daha \u00f6nceki derslerde \u00f6\u011frenilen Cem\u00ee M\u00fczekker S\u00e2lim ve Cem\u00ee M\u00fcennes S\u00e2lim yap\u0131lar\u0131 hat\u0131rlat\u0131larak, Cem\u00ee Teks\u00eer\u2019in bu yap\u0131lardan fark\u0131 a\u00e7\u0131klanm\u0131\u015ft\u0131r. \u00d6zellikle, d\u00fczenli \u00e7o\u011fullar\u0131n m\u00fcfred kelimenin bi\u00e7imini korumas\u0131na kar\u015f\u0131n, Cem\u00ee Teks\u00eer kal\u0131plar\u0131n\u0131n m\u00fcfrede m\u00fcdahale ederek bi\u00e7imsel de\u011fi\u015fiklik gerektirdi\u011fi ifade edilmi\u015ftir.<\/span><\/p>\n<ol start=\"3\">\n<li><span style=\"color: #000000;\"><strong> Ef<\/strong><strong>\u02bf<\/strong><strong>\u0101l Kal<\/strong><strong>\u0131b<\/strong><strong>\u0131<\/strong><\/span><\/li>\n<\/ol>\n<p><span style=\"color: #000000;\">Ef\u02bf\u0101l kal\u0131b\u0131, k\u0131r\u0131k \u00e7o\u011ful kal\u0131plar\u0131n\u0131n en yayg\u0131nlar\u0131ndan biridir. Bu kal\u0131pta kelimenin ba\u015f\u0131na hemze eklenir, ikinci veya \u00fc\u00e7\u00fcnc\u00fc harften sonra elif getirilir. \u00d6rnekler:<\/span><\/p>\n<ul>\n<li><span style=\"color: #000000;\"><strong>Kalemun \u2192 Ekl\u00e2m (Kalemler)<\/strong><\/span><\/li>\n<li><span style=\"color: #000000;\"><strong>Nehrun \u2192 Enh\u00e2r (Nehirler)<\/strong><\/span><\/li>\n<li><span style=\"color: #000000;\"><strong>Ruhun \u2192 Erv\u00e2h (Ruhlar)<\/strong><\/span><br \/>\n<span style=\"color: #000000;\">Bu kal\u0131pta kelimenin son harekesi m\u00fcfret bir kelime gibi iraplan\u0131r.<\/span><\/li>\n<\/ul>\n<ol start=\"4\">\n<li><span style=\"color: #000000;\"><strong> Fu<\/strong><strong>\u02bf<\/strong><strong>\u016bl Kal<\/strong><strong>\u0131b<\/strong><strong>\u0131<\/strong><\/span><\/li>\n<\/ol>\n<p><span style=\"color: #000000;\">\u0130kinci kal\u0131p olan Fu\u02bf\u016bl kal\u0131b\u0131nda ise kelimenin ilk iki harfi dammeli yap\u0131l\u0131r ve ikinci harften sonra uzatma harfi olan vav eklenir. \u00d6rnekler:<\/span><\/p>\n<ul>\n<li><span style=\"color: #000000;\"><strong>Kalb\u00fcn \u2192 Kul\u00fbb (Kalpler)<\/strong><\/span><\/li>\n<li><span style=\"color: #000000;\"><strong>\u0130lm\u00fcn \u2192 Ul\u00fbm (\u0130limler)<\/strong><\/span><\/li>\n<li><span style=\"color: #000000;\"><strong>Nefs\u00fcn \u2192 N\u00fcf\u00fbs (Nefisler)<\/strong><\/span><br \/>\n<span style=\"color: #000000;\">Bu kal\u0131pta da belirli ses kurallar\u0131na ba\u011fl\u0131 d\u00f6n\u00fc\u015f\u00fcmler ger\u00e7ekle\u015fir.<\/span><\/li>\n<\/ul>\n<ol start=\"5\">\n<li><span style=\"color: #000000;\"><strong> Ezbere Dayal\u0131 \u00d6\u011frenme Gereklili\u011fi<\/strong><\/span><\/li>\n<\/ol>\n<p><span style=\"color: #000000;\">Cem\u00ee Teks\u00eer kal\u0131plar\u0131n\u0131n d\u00fczensizli\u011fi ve \u00e7oklu\u011fu nedeniyle, hangi kelimenin hangi kal\u0131pta \u00e7o\u011ful yap\u0131laca\u011f\u0131n\u0131n ancak zamanla, pratikle ve ezberle \u00f6\u011frenilebilece\u011fi ifade edilmi\u015ftir. Bu ba\u011flamda seminerin \u00f6\u011fretici yakla\u015f\u0131m\u0131, \u00f6rneklerle peki\u015ftirme ve al\u0131\u015ft\u0131rmalarla uygulama \u00fczerine kurulmu\u015ftur.<\/span><\/p>\n<p><span style=\"color: #000000;\"><strong>Sonu\u00e7<\/strong><\/span><\/p>\n<p><span style=\"color: #000000;\">Bu seminer, Arap\u00e7a\u2019daki kurals\u0131z \u00e7o\u011ful yap\u0131lar\u0131n\u0131n sistematik bir \u015fekilde \u00f6\u011frenilmesini sa\u011flayarak dilin morfolojik derinli\u011fine dair \u00f6nemli bir bak\u0131\u015f a\u00e7\u0131s\u0131 kazand\u0131rm\u0131\u015ft\u0131r. Ef\u02bf\u0101l ve Fu\u02bf\u016bl gibi k\u0131r\u0131k \u00e7o\u011ful kal\u0131plar\u0131n\u0131n tan\u0131t\u0131m\u0131, kat\u0131l\u0131mc\u0131lar\u0131n yaln\u0131zca gramer bilgilerini de\u011fil ayn\u0131 zamanda okudu\u011funu anlama ve do\u011fru \u00e7o\u011ful \u00fcretme becerilerini geli\u015ftirmeyi ama\u00e7lamaktad\u0131r. Seminer sonunda, Cem\u00ee Teks\u00eer\u2019in ezbere dayal\u0131 do\u011fas\u0131 vurgulanarak bu t\u00fcr kelimelere maruz kalman\u0131n \u00f6\u011frenmede belirleyici oldu\u011fu belirtilmi\u015ftir. B\u00f6ylece \u00f6\u011frenciler, hem kurals\u0131z \u00e7o\u011fullar\u0131n bi\u00e7imsel kurallar\u0131n\u0131 hem de Arap\u00e7an\u0131n estetik zenginli\u011fini tan\u0131ma f\u0131rsat\u0131 bulmu\u015ftur.<\/span><\/p>\n<p>&nbsp;<\/p>\n<p><span style=\"color: #000000;\"><strong>Purpose of the Seminar<\/strong><\/span><\/p>\n<p><span style=\"color: #000000;\">The purpose of this seminar is to introduce students to one of the most distinctive features of Arabic morphology: the broken plural system (Jam\u2018 Taks\u012br). Unlike sound plurals, broken plurals involve non-linear internal modifications to the root structure of the singular noun. The seminar focuses specifically on the two high-frequency plural patterns Ef\u2018\u0101l (\u0623\u064e\u0641\u0652\u0639\u064e\u0627\u0644\u064c) and Fu\u2018\u016bl (\u0641\u064f\u0639\u064f\u0648\u0644\u064c), aiming to provide students with structural understanding, recognition skills, and practical usage competence. This foundational knowledge is essential for reading classical texts and for developing a deeper appreciation of the Arabic linguistic system.<\/span><\/p>\n<p><span style=\"color: #000000;\"><strong>Key Themes<\/strong><\/span><\/p>\n<ol>\n<li><span style=\"color: #000000;\"><strong> Definition and Significance of Jam\u2018 Taks\u012br<\/strong><\/span><\/li>\n<\/ol>\n<p><span style=\"color: #000000;\">Broken plurals refer to irregular plural forms in which the singular noun undergoes internal change \u2014 such as the addition, removal, or substitution of letters and vowel markers. These changes are not formulaic and must generally be learned through exposure and memorization. The seminar highlights how broken plurals contrast with sound plurals, which retain the singular form and add external suffixes.<\/span><\/p>\n<ol start=\"2\">\n<li><span style=\"color: #000000;\"><strong> Comparison with Sound Plurals<\/strong><\/span><\/li>\n<\/ol>\n<p><span style=\"color: #000000;\">The session revisits previously covered sound masculine and feminine plurals to underscore the contrast. While sound plurals preserve the root form (e.g., \u0645\u064f\u0639\u064e\u0644\u0651\u0650\u0645 \u2192 \u0645\u064f\u0639\u064e\u0644\u0651\u0650\u0645\u064f\u0648\u0646), broken plurals involve a morphological restructuring that may alter both the pattern and syllabic weight of the word.<\/span><\/p>\n<ol start=\"3\">\n<li><span style=\"color: #000000;\"><strong> Ef\u2018\u0101l Pattern<\/strong><\/span><\/li>\n<\/ol>\n<p><span style=\"color: #000000;\">The Ef\u2018\u0101l pattern is among the most frequently used templates for broken plurals. It typically adds a glottal stop (hamzah) at the beginning and restructures the internal vowels.<\/span><br \/>\n<span style=\"color: #000000;\"><strong>Examples include:<\/strong><\/span><\/p>\n<ul>\n<li><span style=\"color: #000000;\"><strong>\u0642\u064e\u0644\u064e\u0645\u064c<\/strong> \u2192 <strong>\u0623\u064e\u0642\u0652\u0644\u064e\u0627\u0645\u064c<\/strong> (pen \u2192 pens)<\/span><\/li>\n<li><span style=\"color: #000000;\"><strong>\u0646\u064e\u0647\u0652\u0631\u064c<\/strong> \u2192 <strong>\u0623\u064e\u0646\u0652\u0647\u064e\u0627\u0631\u064c<\/strong> (river \u2192 rivers)<\/span><\/li>\n<li><span style=\"color: #000000;\"><strong>\u0631\u064f\u0648\u062d\u064c<\/strong> \u2192 <strong>\u0623\u064e\u0631\u0652\u0648\u064e\u0627\u062d\u064c<\/strong> (soul \u2192 souls)<\/span><\/li>\n<\/ul>\n<p><span style=\"color: #000000;\">These plurals follow typical grammatical inflection rules and behave syntactically like regular nouns.<\/span><\/p>\n<ol start=\"4\">\n<li><span style=\"color: #000000;\"><strong> Fu\u2018\u016bl Pattern<\/strong><\/span><\/li>\n<\/ol>\n<p><span style=\"color: #000000;\">This pattern involves the use of w\u0101w (\u0648) as an internal lengthening element and typically appears in nouns with three root letters.<\/span><br \/>\n<span style=\"color: #000000;\"><strong>Examples include:<\/strong><\/span><\/p>\n<ul>\n<li><span style=\"color: #000000;\"><strong>\u0642\u064e\u0644\u0652\u0628\u064c<\/strong> \u2192 <strong>\u0642\u064f\u0644\u064f\u0648\u0628\u064c<\/strong> (heart \u2192 hearts)<\/span><\/li>\n<li><span style=\"color: #000000;\"><strong>\u0639\u0650\u0644\u0652\u0645\u064c<\/strong> \u2192 <strong>\u0639\u064f\u0644\u064f\u0648\u0645\u064c<\/strong> (knowledge \u2192 sciences)<\/span><\/li>\n<li><span style=\"color: #000000;\"><strong>\u0646\u064e\u0641\u0652\u0633\u064c<\/strong> \u2192 <strong>\u0646\u064f\u0641\u064f\u0648\u0633\u064c<\/strong> (soul \u2192 souls)<\/span><\/li>\n<\/ul>\n<p><span style=\"color: #000000;\">The phonological shift often leads to entirely different word forms, emphasizing the importance of rote familiarity.<\/span><\/p>\n<ol start=\"5\">\n<li><span style=\"color: #000000;\"><strong> Necessity of Memorization<\/strong><\/span><\/li>\n<\/ol>\n<p><span style=\"color: #000000;\">The seminar concludes that broken plurals, due to their irregularity, cannot be derived by rules alone. Mastery comes through systematic exposure, pattern recognition, and active memorization. The session includes guided drills to strengthen recall and promote intuitive recognition in textual analysis.<\/span><\/p>\n<p><span style=\"color: #000000;\"><strong>Conclusion<\/strong><\/span><\/p>\n<p><span style=\"color: #000000;\">This seminar deepens learners\u2019 understanding of non-linear morphological structures in Arabic, particularly through the analysis of the Ef\u2018\u0101l and Fu\u2018\u016bl plural forms. By studying broken plurals, students not only expand their vocabulary but also acquire the morphological sensitivity required to navigate classical texts and complex syntactic environments. While these forms challenge standard paradigms, they also enrich the expressive power of Arabic and reflect its deep-rooted poetic and semantic diversity.<\/span><\/p>\n<p>&nbsp;<\/p>\n","protected":false},"excerpt":{"rendered":"<p>ARAP\u00c7A I. SEV\u0130YE DERSLER\u0130 12. SEM\u0130NER \u00d6ZET\u0130 &nbsp; Seminerin Amac\u0131 [&hellip;]<\/p>\n","protected":false},"author":1,"featured_media":0,"parent":0,"menu_order":0,"comment_status":"closed","ping_status":"closed","template":"","meta":{"footnotes":""},"class_list":["post-7002","page","type-page","status-publish","hentry"],"jetpack_sharing_enabled":true,"_links":{"self":[{"href":"https:\/\/klasikdusunceokulu.com\/index.php\/wp-json\/wp\/v2\/pages\/7002","targetHints":{"allow":["GET"]}}],"collection":[{"href":"https:\/\/klasikdusunceokulu.com\/index.php\/wp-json\/wp\/v2\/pages"}],"about":[{"href":"https:\/\/klasikdusunceokulu.com\/index.php\/wp-json\/wp\/v2\/types\/page"}],"author":[{"embeddable":true,"href":"https:\/\/klasikdusunceokulu.com\/index.php\/wp-json\/wp\/v2\/users\/1"}],"replies":[{"embeddable":true,"href":"https:\/\/klasikdusunceokulu.com\/index.php\/wp-json\/wp\/v2\/comments?post=7002"}],"version-history":[{"count":1,"href":"https:\/\/klasikdusunceokulu.com\/index.php\/wp-json\/wp\/v2\/pages\/7002\/revisions"}],"predecessor-version":[{"id":7003,"href":"https:\/\/klasikdusunceokulu.com\/index.php\/wp-json\/wp\/v2\/pages\/7002\/revisions\/7003"}],"wp:attachment":[{"href":"https:\/\/klasikdusunceokulu.com\/index.php\/wp-json\/wp\/v2\/media?parent=7002"}],"curies":[{"name":"wp","href":"https:\/\/api.w.org\/{rel}","templated":true}]}}